{"id":17,"date":"2023-10-25T13:08:43","date_gmt":"2023-10-25T13:08:43","guid":{"rendered":"https:\/\/meniconbloom.com\/de-at\/?page_id=17"},"modified":"2024-10-02T16:13:45","modified_gmt":"2024-10-02T16:13:45","slug":"menicon-bloom-night","status":"publish","type":"page","link":"https:\/\/meniconbloom.com\/de-at\/professionals\/menicon-bloom-night\/","title":{"rendered":"Menicon Bloom Night: Orthokeratologie-Linse f\u00fcr Myopie Management"},"content":{"rendered":"<section id=\"section-49-38\" class=\" ct-section\" style=\"background-image:url(http:\/\/meniconbloom.com\/de\/wp-content\/uploads\/2023\/07\/Menicon-Bloom-Night-1.png);background-size: cover;\" ><div class=\"ct-section-inner-wrap\"><h1 id=\"headline-50-38\" class=\"ct-headline\">Menicon Bloom Night\u2122 Linsen als wirksame Versorgung w\u00e4hrend des Schlafs.<\/h1><\/div><\/section><section id=\"section-13-38\" class=\" ct-section\" ><div class=\"ct-section-inner-wrap\"><div id=\"new_columns-14-38\" class=\"ct-new-columns\" ><div id=\"div_block-15-38\" class=\"ct-div-block\" ><h2 id=\"headline-38-38\" class=\"ct-headline\">Menicon Bloom Night\u2122<\/h2><div id=\"_rich_text-17-38\" class=\"oxy-rich-text\" ><p>Bei der Versorgung mit Menicon Bloom Night<sup>TM<\/sup> wird \u00fcber Nacht eine speziell entwickelte orthokeratologische Kontaktlinse aus dem extrem sauerstoffdurchl\u00e4ssigen Menicon Z Material getragen. Dieses garantiert eine optimale Sauerstoffversorgung der Hornhaut f\u00fcr ein komfortables und sicheres Linsentragen.<sup> 1\u20135<\/sup><\/p><p>Menicon Bloom Night\u2122 Linsen verlangsamen die axiale Verl\u00e4ngerung des Auges um 0,28 mm (43 %) nach 2 Jahren Linsentragen. <sup>6\u20138<\/sup><\/p><p>Die Linsen sind in zwei verschiedenen Designs erh\u00e4ltlich: Menicon Bloom Night\u2122 und Menicon Bloom Night\u2122 Toric. Beide Linsendesigns k\u00f6nnen eine Myopie von bis zu -4.00dpt korrigieren, wobei die Menicon Bloom Night\u2122 Toric aufgrund des peri-torischen Designs, das eine stabile Zentrierung garantiert, zus\u00e4tzliche Optionen f\u00fcr die Korrektur von h\u00f6heren Hornhautastigmatismen bietet.<\/p><\/div><\/div><div id=\"div_block-16-38\" class=\"ct-div-block\" ><img decoding=\"async\"  id=\"image-18-38\" alt=\"\" src=\"https:\/\/meniconbloom.com\/de-at\/wp-content\/uploads\/sites\/26\/2023\/07\/Menicon-Bloom-Night-2-1.png\" class=\"ct-image\" srcset-disabled=\"https:\/\/meniconbloom.com\/de-at\/wp-content\/uploads\/sites\/26\/2023\/07\/Menicon-Bloom-Night-2-1.png 558w, https:\/\/meniconbloom.com\/de-at\/wp-content\/uploads\/sites\/26\/2023\/07\/Menicon-Bloom-Night-2-1-300x300.png 300w, https:\/\/meniconbloom.com\/de-at\/wp-content\/uploads\/sites\/26\/2023\/07\/Menicon-Bloom-Night-2-1-150x150.png 150w\" sizes=\"(max-width: 558px) 100vw, 558px\" \/><\/div><\/div><\/div><\/section><section id=\"section-51-38\" class=\" ct-section\" ><div class=\"ct-section-inner-wrap\"><div id=\"div_block-52-38\" class=\"ct-div-block\" ><div id=\"fancy_icon-53-38\" class=\"ct-fancy-icon\" ><svg id=\"svg-fancy_icon-53-38\"><use xlink:href=\"#FontAwesomeicon-quote-left\"><\/use><\/svg><\/div><h2 id=\"headline-54-38\" class=\"ct-headline\">F\u00fcr die Kinder ist es wie Magie,&nbsp;<br>f\u00fcr die Erwachsenen ist es Wissenschaft.<br><\/h2><div id=\"fancy_icon-55-38\" class=\"ct-fancy-icon\" ><svg id=\"svg-fancy_icon-55-38\"><use xlink:href=\"#FontAwesomeicon-quote-right\"><\/use><\/svg><\/div><\/div><\/div><\/section><section id=\"section-22-38\" class=\" ct-section\" ><div class=\"ct-section-inner-wrap\"><div id=\"new_columns-23-38\" class=\"ct-new-columns\" ><div id=\"div_block-24-38\" class=\"ct-div-block\" ><h2 id=\"headline-25-38\" class=\"ct-headline\">Alles was Sie brauchen, um eine sichere und wirksame Versorgung der Myopie anzubieten.<\/h2><div id=\"_rich_text-26-38\" class=\"oxy-rich-text\" ><p>Wenn Sie sich f\u00fcr Menicon Bloom\u2122 interessieren, wenden Sie sich an uns.<\/p><\/div><\/div><div id=\"div_block-27-38\" class=\"ct-div-block\" ><a id=\"link_button-28-38\" class=\"ct-link-button\" href=\"http:\/\/\"   >Kontakt<\/a><\/div><\/div><\/div><\/section><section id=\"section-29-38\" class=\" ct-section\" ><div class=\"ct-section-inner-wrap\"><div id=\"new_columns-30-38\" class=\"ct-new-columns\" ><div id=\"div_block-31-38\" class=\"ct-div-block\" ><img decoding=\"async\"  id=\"image-33-38\" alt=\"\" src=\"https:\/\/meniconbloom.com\/de-at\/wp-content\/uploads\/sites\/26\/2023\/07\/Menicon-Bloom-Night-3.png\" class=\"ct-image\" srcset-disabled=\"https:\/\/meniconbloom.com\/de-at\/wp-content\/uploads\/sites\/26\/2023\/07\/Menicon-Bloom-Night-3.png 1000w, https:\/\/meniconbloom.com\/de-at\/wp-content\/uploads\/sites\/26\/2023\/07\/Menicon-Bloom-Night-3-296x300.png 296w, https:\/\/meniconbloom.com\/de-at\/wp-content\/uploads\/sites\/26\/2023\/07\/Menicon-Bloom-Night-3-768x778.png 768w\" sizes=\"(max-width: 1000px) 100vw, 1000px\" \/><\/div><div id=\"div_block-32-38\" class=\"ct-div-block\" ><h2 id=\"headline-34-38\" class=\"ct-headline\">Kontaktlinsenpflege<\/h2><div id=\"_rich_text-35-38\" class=\"oxy-rich-text\" ><p>Menicon Bloom Care&trade; ist die Multifunktionsl&ouml;sung f&uuml;r Menicon Bloom Night&trade; Linsen, die nachweislich gegen ein breites Spektrum an pathogenen Keimen wirkt.<sup> 14-16<\/sup><\/p>\n<p>Die L&ouml;sung ist in einer speziellen Flasche aus einem besonderen Material, die f&uuml;r Kinder einfach zu halten und zusammenzudr&uuml;cken ist. F&uuml;r die Flasche von Menicon Bloom Care&trade; wird deutlich weniger Kunststoff verwendet, ganz im Sinne des <a href=\"https:\/\/www.menicon.com\/corporate\/sdg\" target=\"_blank\" rel=\"noopener\">Engagements von Menicon f&uuml;r eine nachhaltige Entwicklung.&nbsp;<\/a><\/p>\n<p>Gleichzeitig sollte f&uuml;r ein sicheres und angenehmes Tragen der Linsen regelm&auml;&szlig;ig Menicon Bloom Progent&trade; verwendet werden: Ein hervorragender Proteinentferner, Desinfektionsmittel und intensiver Reiniger<sup>17<\/sup>&nbsp;einem.<\/p><\/div><\/div><\/div><\/div><\/section><section id=\"section-40-38\" class=\" ct-section\" ><div class=\"ct-section-inner-wrap\"><div id=\"new_columns-41-38\" class=\"ct-new-columns\" ><div id=\"div_block-42-38\" class=\"ct-div-block\" ><h2 id=\"headline-43-38\" class=\"ct-headline\">Alles, was Sie brauchen, um eine sichere und wirksame Myopiekontrolle anzubieten.<\/h2><div id=\"_rich_text-44-38\" class=\"oxy-rich-text\" ><p>Wenn Sie sich f\u00fcr Menicon Bloom\u2122 interessieren, wenden Sie sich bitte an uns.<\/p><\/div><\/div><div id=\"div_block-45-38\" class=\"ct-div-block\" ><a id=\"link_button-46-38\" class=\"ct-link-button\" href=\"http:\/\/\"   >Kontakt<\/a><\/div><\/div><\/div><\/section><section id=\"section-56-38\" class=\" ct-section\" ><div class=\"ct-section-inner-wrap\"><div id=\"_toggle-57-38\" class=\"oxy-toggle toggle-6463 toggle-6463-expanded\"  data-oxy-toggle-initial-state=\"closed\" data-oxy-toggle-active-class=\"toggle-6463-expanded\" >\n\t\t\t<div class='oxy-expand-collapse-icon' href='#'><\/div>\n\t\t\t<div class='oxy-toggle-content'>\n                <h6 id=\"headline-58-38\" class=\"ct-headline\">QUELLEN<\/h6>\t\t\t<\/div>\n\t\t<\/div><div id=\"div_block-59-38\" class=\"ct-div-block\" ><div id=\"_rich_text-60-38\" class=\"oxy-rich-text \" ><p>\u00a0<\/p><ol><li>Ladage PM, Yamamoto K, Ren DH, et al. Effects of rigid and soft contact lens daily wear on corneal epithelium, tear lactate dehydrogenase, and bacterial binding to exfoliated epithelial cells.\u00a0 2001;108(7):1279-1288. doi:<a href=\"http:\/\/10.1016\/s0161-6420(01)00639-x\">10.1016\/s0161-6420(01)00639-x<\/a><\/li><li>Morgan PB, Maldonado-Codina C, Efron N. Comfort response to rigid and soft hyper-transmissible contact lenses used for continuous wear.\u00a0Eye Contact Lens. 2003;29(1 Suppl):S127-S194. doi:<a href=\"http:\/\/10.1097\/00140068-200301001-00034\">10.1097\/00140068-200301001-00034<\/a><\/li><li>Maldonado-Codina C, Morgan PB, Efron N, Efron S. Comparative clinical performance of rigid versus soft hyper Dk contact lenses used for continuous wear.\u00a0Optom Vis Sci. 2005;82(6):536-548. doi:<a href=\"http:\/\/10.1097\/00006324-200506000-00018\">10.1097\/00006324-200506000-00018<\/a><\/li><li>Morgan PB, Efron N, Maldonado-Codina C, Efron S. Adverse events and discontinuations with rigid and soft hyper Dk contact lenses used for continuous wear.\u00a0Optom Vis Sci. 2005;82(6):528-535. doi:<a href=\"http:\/\/10.1097\/01.opx.0000168588.63897.0f\">10.1097\/01.opx.0000168588.63897.0f<\/a><\/li><li>Albright RA, Venuti BD, Ichijima H, Nyunt AK, Cavanagh HD. Postmarket surveillance of Menicon Z rigid gas-permeable contact lenses for up to 30 days continuous wear in the United States.\u00a0Eye Contact Lens. 2010;36(5):241-244. doi:<a href=\"http:\/\/10.1097\/ICL.0b013e3181efa61b\">10.1097\/ICL.0b013e3181efa61b<\/a><\/li><li>Cho P, Cheung SW. Retardation of myopia in orthokeratology (ROMIO) study: a 2-year randomized clinical trial.\u00a0Invest Ophthalmol Vis Sci. 2012;53(11):7077-7085. doi:<a href=\"http:\/\/10.1167\/iovs.12-10565\">10.1167\/iovs.12-10565<\/a><\/li><li>Santodomingo-Rubido J, Villa-Collar C, Gilmartin B, Guti\u00e9rrez-Ortega R. Myopia control with orthokeratology contact lenses in Spain: refractive and biometric changes.\u00a0Invest Ophthalmol Vis Sci. 2012;53(8):5060-5065. doi:<a href=\"http:\/\/10.1167\/iovs.11-8005\">10.1167\/iovs.11-8005<\/a><\/li><li>Chen C, Cheung SW, Cho P. Myopia control using toric orthokeratology (TO-SEE study).\u00a0Invest Ophthalmol Vis Sci. 2013;54(10):6510-6517. doi:<a href=\"http:\/\/10.1167\/iovs.13-12527\">10.1167\/iovs.13-12527<\/a><\/li><\/ol><\/div><\/div><\/div><\/section>            <div tabindex=\"-1\" class=\"oxy-modal-backdrop center \"\n                style=\"background-color: rgba(0,0,0,0.5);\"\n                data-trigger=\"user_clicks_element\"                data-trigger-selector=\"#link_button-28-38\"                data-trigger-time=\"5\"                data-trigger-time-unit=\"seconds\"                data-close-automatically=\"no\"                data-close-after-time=\"10\"                data-close-after-time-unit=\"seconds\"                data-trigger_scroll_amount=\"50\"                data-trigger_scroll_direction=\"down\"\t            data-scroll_to_selector=\"\"\t            data-time_inactive=\"60\"\t            data-time-inactive-unit=\"seconds\"\t            data-number_of_clicks=\"3\"\t            data-close_on_esc=\"on\"\t            data-number_of_page_views=\"3\"                data-close-after-form-submit=\"no\"                data-open-again=\"always_show\"                data-open-again-after-days=\"3\"            >\n\n                <div id=\"modal-61-38\" class=\"ct-modal\" ><a id=\"link-62-38\" class=\"ct-link oxy-close-modal\" href=\"http:\/\/\" target=\"_self\"  ><div id=\"fancy_icon-63-38\" class=\"ct-fancy-icon\" ><svg id=\"svg-fancy_icon-63-38\"><use xlink:href=\"#FontAwesomeicon-close\"><\/use><\/svg><\/div><\/a><div id=\"code_block-64-38\" class=\"ct-code-block\" ><iframe loading=\"lazy\" src=\"https:\/\/menicon.us10.list-manage.com\/subscribe?u=590f43d19a8cfde3dd8abb7e2&id=ef2dc13b2e\" width=\"100%\" height=\"100%\" style=\"border:none;\"><\/iframe>\n<\/div><\/div>\n            <\/div>\n                    <div tabindex=\"-1\" class=\"oxy-modal-backdrop center \"\n                style=\"background-color: rgba(0,0,0,0.5);\"\n                data-trigger=\"user_clicks_element\"                data-trigger-selector=\"#link_button-46-38\"                data-trigger-time=\"5\"                data-trigger-time-unit=\"seconds\"                data-close-automatically=\"no\"                data-close-after-time=\"10\"                data-close-after-time-unit=\"seconds\"                data-trigger_scroll_amount=\"50\"                data-trigger_scroll_direction=\"down\"\t            data-scroll_to_selector=\"\"\t            data-time_inactive=\"60\"\t            data-time-inactive-unit=\"seconds\"\t            data-number_of_clicks=\"3\"\t            data-close_on_esc=\"on\"\t            data-number_of_page_views=\"3\"                data-close-after-form-submit=\"no\"                data-open-again=\"always_show\"                data-open-again-after-days=\"3\"            >\n\n                <div id=\"modal-73-38\" class=\"ct-modal\" ><a id=\"link-74-38\" class=\"ct-link oxy-close-modal\" href=\"http:\/\/\" target=\"_self\"  ><div id=\"fancy_icon-75-38\" class=\"ct-fancy-icon\" ><svg id=\"svg-fancy_icon-75-38\"><use xlink:href=\"#FontAwesomeicon-close\"><\/use><\/svg><\/div><\/a><div id=\"code_block-76-38\" class=\"ct-code-block\" ><iframe loading=\"lazy\" src=\"https:\/\/menicon.us10.list-manage.com\/subscribe?u=590f43d19a8cfde3dd8abb7e2&id=ef2dc13b2e\" width=\"100%\" height=\"100%\" style=\"border:none;\"><\/iframe>\n<\/div><\/div>\n            <\/div>\n        ","protected":false},"excerpt":{"rendered":"","protected":false},"author":1,"featured_media":0,"parent":15,"menu_order":12,"comment_status":"closed","ping_status":"closed","template":"","meta":{"_acf_changed":false,"footnotes":""},"class_list":["post-17","page","type-page","status-publish","hentry"],"acf":[],"_links":{"self":[{"href":"https:\/\/meniconbloom.com\/de-at\/wp-json\/wp\/v2\/pages\/17","targetHints":{"allow":["GET"]}}],"collection":[{"href":"https:\/\/meniconbloom.com\/de-at\/wp-json\/wp\/v2\/pages"}],"about":[{"href":"https:\/\/meniconbloom.com\/de-at\/wp-json\/wp\/v2\/types\/page"}],"author":[{"embeddable":true,"href":"https:\/\/meniconbloom.com\/de-at\/wp-json\/wp\/v2\/users\/1"}],"replies":[{"embeddable":true,"href":"https:\/\/meniconbloom.com\/de-at\/wp-json\/wp\/v2\/comments?post=17"}],"version-history":[{"count":3,"href":"https:\/\/meniconbloom.com\/de-at\/wp-json\/wp\/v2\/pages\/17\/revisions"}],"predecessor-version":[{"id":424,"href":"https:\/\/meniconbloom.com\/de-at\/wp-json\/wp\/v2\/pages\/17\/revisions\/424"}],"up":[{"embeddable":true,"href":"https:\/\/meniconbloom.com\/de-at\/wp-json\/wp\/v2\/pages\/15"}],"wp:attachment":[{"href":"https:\/\/meniconbloom.com\/de-at\/wp-json\/wp\/v2\/media?parent=17"}],"curies":[{"name":"wp","href":"https:\/\/api.w.org\/{rel}","templated":true}]}}