{"id":19,"date":"2023-10-25T13:09:26","date_gmt":"2023-10-25T13:09:26","guid":{"rendered":"https:\/\/meniconbloom.com\/de-at\/?page_id=19"},"modified":"2024-10-02T16:14:05","modified_gmt":"2024-10-02T16:14:05","slug":"menicon-bloom-day","status":"publish","type":"page","link":"https:\/\/meniconbloom.com\/de-at\/professionals\/menicon-bloom-day\/","title":{"rendered":"Menicon Bloom Day: weiche Tageslinse f\u00fcr Myopie Management"},"content":{"rendered":"<section id=\"section-2-40\" class=\" ct-section\" style=\"background-image:url(http:\/\/meniconbloom.com\/de\/wp-content\/uploads\/2023\/07\/Menicon-Bloom-Day-1.png);background-size: cover;\" ><div class=\"ct-section-inner-wrap\"><h1 id=\"headline-3-40\" class=\"ct-headline\">Menicon Bloom Day\u2122 <br>Die weichen Tageslinsen<br><\/h1><\/div><\/section><section id=\"section-4-40\" class=\" ct-section\" ><div class=\"ct-section-inner-wrap\"><div id=\"div_block-47-40\" class=\"ct-div-block\" ><h2 id=\"headline-46-40\" class=\"ct-headline\">Menicon Bloom Day\u2122<\/h2><div id=\"_rich_text-5-40\" class=\"oxy-rich-text\" ><p>Inspiriert von modernster Kameraoptik, verf\u00fcgen Menicon Bloom Day<sup>TM<\/sup> Linsen dank exklusiver <strong>Neurofocus Optics\u00ae<\/strong> Technologie \u00fcber eine erweiterte Tiefensch\u00e4rfe, die einen flie\u00dfenden \u00dcbergang der Brechkraft zwischen dem zentralen Bereich, der f\u00fcr eine scharfe Fernsicht sorgt, und dem peripheren Bereich, der Plusst\u00e4rke erzeugt, erm\u00f6glicht.<\/p><\/div><\/div><div id=\"code_block-53-40\" class=\"ct-code-block\" ><video controls width=\"100%\">\n  <source src=\"\/de-at\/wp-content\/uploads\/sites\/26\/2024\/08\/MBD_edof_pinhole.mp4\">\n<\/video><\/div><div id=\"new_columns-7-40\" class=\"ct-new-columns\" ><div id=\"div_block-8-40\" class=\"ct-div-block\" ><div id=\"_rich_text-12-40\" class=\"oxy-rich-text\" ><p>Menicon Bloom Day<sup>TM<\/sup> Linsen sind mit einem universellen Design gefertigt, das eine <strong>schnelle, kontinuierliche und ununterbrochene Progression der Plusst&auml;rke<\/strong> bietet. So betr&auml;gt die Linsenst&auml;rke am Rand der Pupille eines Kindes, die auf 5 mm gesch&auml;tzt wird, etwa +6,00\/+8,00 dpt an relativer Plusst&auml;rke, die vom Zentrum der Linse aus in 5-Mikrometer-Schritten zunimmt<sup>1,2<\/sup>. Dies f&uuml;hrt zu einem signifikanten peripheren myopen Defokus, der im Vergleich zu anderen multifokalen Kontaktlinsendesigns eine klinisch relevante Wirksamkeit bei der Versorgung von Myopie bietet.<sup> 3-6<\/sup><\/p>\n<p>Es hat sich gezeigt, dass hohe Additionen zu einer signifikanten relativen myopen Verschiebung der peripheren Refraktion gegen&uuml;ber der zentralen Refraktion f&uuml;hren.<sup> 7<\/sup><\/p><\/div><\/div><div id=\"div_block-9-40\" class=\"ct-div-block\" ><div id=\"div_block-61-40\" class=\"ct-div-block\" ><img decoding=\"async\"  id=\"image-62-40\" alt=\"\" src=\"https:\/\/meniconbloom.com\/de-at\/wp-content\/uploads\/sites\/26\/2023\/10\/MBD-new-image-3.png\" class=\"ct-image\" srcset-disabled=\"https:\/\/meniconbloom.com\/de-at\/wp-content\/uploads\/sites\/26\/2023\/10\/MBD-new-image-3.png 1574w, https:\/\/meniconbloom.com\/de-at\/wp-content\/uploads\/sites\/26\/2023\/10\/MBD-new-image-3-300x250.png 300w, https:\/\/meniconbloom.com\/de-at\/wp-content\/uploads\/sites\/26\/2023\/10\/MBD-new-image-3-1024x854.png 1024w, https:\/\/meniconbloom.com\/de-at\/wp-content\/uploads\/sites\/26\/2023\/10\/MBD-new-image-3-768x641.png 768w, https:\/\/meniconbloom.com\/de-at\/wp-content\/uploads\/sites\/26\/2023\/10\/MBD-new-image-3-1536x1281.png 1536w\" sizes=\"(max-width: 1574px) 100vw, 1574px\" \/><div id=\"_rich_text-65-40\" class=\"oxy-rich-text\" ><p>Das In-vitro-St\u00e4rkenprofil des Menicon Bloom Day<sup>TM <\/sup>Wellenfrontfehlers und die optische Leistung wurden mit einem Single-Pass-Aberrometer mit dem Shack-Hartmann-Wellenfrontsensor h\u00f6chster Aufl\u00f6sung von Wavefront Dynamics gemessen.<\/p><\/div><\/div><div id=\"div_block-66-40\" class=\"ct-div-block\" ><img decoding=\"async\"  id=\"image-67-40\" alt=\"\" src=\"https:\/\/meniconbloom.com\/de-at\/wp-content\/uploads\/sites\/26\/2023\/10\/MBD-new-image-4.png\" class=\"ct-image\" srcset-disabled=\"https:\/\/meniconbloom.com\/de-at\/wp-content\/uploads\/sites\/26\/2023\/10\/MBD-new-image-4.png 1574w, https:\/\/meniconbloom.com\/de-at\/wp-content\/uploads\/sites\/26\/2023\/10\/MBD-new-image-4-300x250.png 300w, https:\/\/meniconbloom.com\/de-at\/wp-content\/uploads\/sites\/26\/2023\/10\/MBD-new-image-4-1024x854.png 1024w, https:\/\/meniconbloom.com\/de-at\/wp-content\/uploads\/sites\/26\/2023\/10\/MBD-new-image-4-768x641.png 768w, https:\/\/meniconbloom.com\/de-at\/wp-content\/uploads\/sites\/26\/2023\/10\/MBD-new-image-4-1536x1281.png 1536w\" sizes=\"(max-width: 1574px) 100vw, 1574px\" \/><div id=\"_rich_text-68-40\" class=\"oxy-rich-text\" ><p>Das St&auml;rkenprofil ist stark asph&auml;risch und kann durch mehrere Grade von sph&auml;rischen Aberrationen dargestellt werden. Das hohe Ma&szlig; an sph&auml;rischen Aberrationen ist f&uuml;r die erweiterte Tiefensch&auml;rfe im Bildraum verantwortlich.<\/p>\n<p>&nbsp;<\/p><\/div><\/div><\/div><\/div><div id=\"new_columns-69-19\" class=\"ct-new-columns\" ><div id=\"div_block-70-19\" class=\"ct-div-block\" ><img decoding=\"async\"  id=\"image-73-19\" alt=\"\" src=\"https:\/\/meniconbloom.com\/de-at\/wp-content\/uploads\/sites\/26\/2024\/08\/2_GE.png\" class=\"ct-image\" srcset-disabled=\"https:\/\/meniconbloom.com\/de-at\/wp-content\/uploads\/sites\/26\/2024\/08\/2_GE.png 2160w, https:\/\/meniconbloom.com\/de-at\/wp-content\/uploads\/sites\/26\/2024\/08\/2_GE-300x300.png 300w, https:\/\/meniconbloom.com\/de-at\/wp-content\/uploads\/sites\/26\/2024\/08\/2_GE-1024x1024.png 1024w, https:\/\/meniconbloom.com\/de-at\/wp-content\/uploads\/sites\/26\/2024\/08\/2_GE-150x150.png 150w, https:\/\/meniconbloom.com\/de-at\/wp-content\/uploads\/sites\/26\/2024\/08\/2_GE-768x768.png 768w, https:\/\/meniconbloom.com\/de-at\/wp-content\/uploads\/sites\/26\/2024\/08\/2_GE-1536x1536.png 1536w, https:\/\/meniconbloom.com\/de-at\/wp-content\/uploads\/sites\/26\/2024\/08\/2_GE-2048x2048.png 2048w\" sizes=\"(max-width: 2160px) 100vw, 2160px\" \/><\/div><div id=\"div_block-71-19\" class=\"ct-div-block\" ><img decoding=\"async\"  id=\"image-74-19\" alt=\"\" src=\"https:\/\/meniconbloom.com\/de-at\/wp-content\/uploads\/sites\/26\/2024\/08\/7_GE.png\" class=\"ct-image\" srcset-disabled=\"https:\/\/meniconbloom.com\/de-at\/wp-content\/uploads\/sites\/26\/2024\/08\/7_GE.png 2160w, https:\/\/meniconbloom.com\/de-at\/wp-content\/uploads\/sites\/26\/2024\/08\/7_GE-300x300.png 300w, https:\/\/meniconbloom.com\/de-at\/wp-content\/uploads\/sites\/26\/2024\/08\/7_GE-1024x1024.png 1024w, https:\/\/meniconbloom.com\/de-at\/wp-content\/uploads\/sites\/26\/2024\/08\/7_GE-150x150.png 150w, https:\/\/meniconbloom.com\/de-at\/wp-content\/uploads\/sites\/26\/2024\/08\/7_GE-768x768.png 768w, https:\/\/meniconbloom.com\/de-at\/wp-content\/uploads\/sites\/26\/2024\/08\/7_GE-1536x1536.png 1536w, https:\/\/meniconbloom.com\/de-at\/wp-content\/uploads\/sites\/26\/2024\/08\/7_GE-2048x2048.png 2048w\" sizes=\"(max-width: 2160px) 100vw, 2160px\" \/><\/div><\/div><div id=\"text_block-75-19\" class=\"ct-text-block\" >W\u00e4hrend der Protect-Studie wurden die Menicon Bloom Day\u2122 Linsen 11-12 Stunden pro Tag getragen; die Tragezeit war h\u00f6her als im Studienprotokoll angegeben, das 10 Stunden pro Tag und sechs Tage pro Woche vorsah.<\/div><img decoding=\"async\"  id=\"image-72-19\" alt=\"\" src=\"https:\/\/meniconbloom.com\/de-at\/wp-content\/uploads\/sites\/26\/2024\/10\/GERMAN.png\" class=\"ct-image\" srcset-disabled=\"https:\/\/meniconbloom.com\/de-at\/wp-content\/uploads\/sites\/26\/2024\/10\/GERMAN.png 6000w, https:\/\/meniconbloom.com\/de-at\/wp-content\/uploads\/sites\/26\/2024\/10\/GERMAN-300x169.png 300w, https:\/\/meniconbloom.com\/de-at\/wp-content\/uploads\/sites\/26\/2024\/10\/GERMAN-1024x576.png 1024w, https:\/\/meniconbloom.com\/de-at\/wp-content\/uploads\/sites\/26\/2024\/10\/GERMAN-768x432.png 768w, https:\/\/meniconbloom.com\/de-at\/wp-content\/uploads\/sites\/26\/2024\/10\/GERMAN-1536x864.png 1536w, https:\/\/meniconbloom.com\/de-at\/wp-content\/uploads\/sites\/26\/2024\/10\/GERMAN-2048x1152.png 2048w\" sizes=\"(max-width: 6000px) 100vw, 6000px\" \/><\/div><\/section><section id=\"section-29-40\" class=\" ct-section\" ><div class=\"ct-section-inner-wrap\"><div id=\"div_block-30-40\" class=\"ct-div-block\" ><div id=\"fancy_icon-31-40\" class=\"ct-fancy-icon\" ><svg id=\"svg-fancy_icon-31-40\"><use xlink:href=\"#FontAwesomeicon-quote-left\"><\/use><\/svg><\/div><h2 id=\"headline-32-40\" class=\"ct-headline\">F\u00fcr Kinder ist es wie Magie,&nbsp;<br>f\u00fcr Erwachsene ist es Wissenschaft.<br><\/h2><div id=\"fancy_icon-33-40\" class=\"ct-fancy-icon\" ><svg id=\"svg-fancy_icon-33-40\"><use xlink:href=\"#FontAwesomeicon-quote-right\"><\/use><\/svg><\/div><\/div><\/div><\/section><section id=\"section-43-40\" class=\" ct-section\" ><div class=\"ct-section-inner-wrap\"><img decoding=\"async\"  id=\"image-45-40\" alt=\"\" src=\"https:\/\/meniconbloom.com\/de-at\/wp-content\/uploads\/sites\/26\/2023\/07\/Menicon-Bloom-Day-1.png\" class=\"ct-image\" srcset-disabled=\"https:\/\/meniconbloom.com\/de-at\/wp-content\/uploads\/sites\/26\/2023\/07\/Menicon-Bloom-Day-1.png 1920w, https:\/\/meniconbloom.com\/de-at\/wp-content\/uploads\/sites\/26\/2023\/07\/Menicon-Bloom-Day-1-300x180.png 300w, https:\/\/meniconbloom.com\/de-at\/wp-content\/uploads\/sites\/26\/2023\/07\/Menicon-Bloom-Day-1-1024x614.png 1024w, https:\/\/meniconbloom.com\/de-at\/wp-content\/uploads\/sites\/26\/2023\/07\/Menicon-Bloom-Day-1-768x461.png 768w, https:\/\/meniconbloom.com\/de-at\/wp-content\/uploads\/sites\/26\/2023\/07\/Menicon-Bloom-Day-1-1536x922.png 1536w\" sizes=\"(max-width: 1920px) 100vw, 1920px\" \/><\/div><\/section><section id=\"section-34-40\" class=\" ct-section\" ><div class=\"ct-section-inner-wrap\"><div id=\"new_columns-35-40\" class=\"ct-new-columns\" ><div id=\"div_block-36-40\" class=\"ct-div-block\" ><h2 id=\"headline-37-40\" class=\"ct-headline\">Alles was Sie brauchen, um eine sichere und wirksame Myopiekontrolle anzubieten.<\/h2><div id=\"_rich_text-38-40\" class=\"oxy-rich-text\" ><p>Wenn Sie sich f\u00fcr Menicon Bloom\u2122 interessieren, wenden Sie sich bitte an uns.<\/p><\/div><\/div><div id=\"div_block-39-40\" class=\"ct-div-block\" ><a id=\"link_button-40-40\" class=\"ct-link-button\" href=\"http:\/\/\"   >Kontakt<\/a><\/div><\/div><\/div><\/section><section id=\"section-48-40\" class=\" ct-section\" ><div class=\"ct-section-inner-wrap\"><div id=\"_toggle-49-40\" class=\"oxy-toggle toggle-6463 toggle-6463-expanded\"  data-oxy-toggle-initial-state=\"closed\" data-oxy-toggle-active-class=\"toggle-6463-expanded\" >\n\t\t\t<div class='oxy-expand-collapse-icon' href='#'><\/div>\n\t\t\t<div class='oxy-toggle-content'>\n                <h6 id=\"headline-50-40\" class=\"ct-headline\">QUELLEN<\/h6>\t\t\t<\/div>\n\t\t<\/div><div id=\"div_block-51-40\" class=\"ct-div-block\" ><div id=\"_rich_text-52-40\" class=\"oxy-rich-text \" ><p>&nbsp;<\/p>\n<ol>\n<li>Cooper J, O'Connor B, Aller T, Dillehay SM, Weibel K, Benoit D. Reduction of myopic progression using a multifocal soft contact lens: a retrospective cohort study.&nbsp;Clin Ophthalmol. 2022;16:2145-2155. doi:<a href=\"http:\/\/10.2147\/OPTH.S370041\">10.2147\/OPTH.S370041<\/a><\/li>\n<li>Tuan KA, Dillehay SM, a Randomized Controlled Trial for Myopia Progression Control Using Catenary Power Profile Contact Lenses: 12-month Effectiveness and Safety. Investigative Ophthalmology &amp; Visual Science, 2024;65(7):2697<\/li>\n<li>Gifford KL, Richdale K, Kang P, et al. IMI - Clinical management guidelines report.&nbsp;Invest Ophthalmol Vis Sci. 2019;60(3):M184-M203. doi:<a href=\"http:\/\/10.1167\/iovs.18-25977\">10.1167\/iovs.18-25977<\/a><\/li>\n<li>Smith EL 3rd. Optical treatment strategies to slow myopia progression: effects of the visual extent of the optical treatment zone.&nbsp;Exp Eye Res. 2013;114:77-88. doi:<a href=\"http:\/\/10.1016\/j.exer.2012.11.019\">10.1016\/j.exer.2012.11.019<\/a><\/li>\n<li>Lee R, Achenbach P, Schwiegerling J. Instantaneous power profiles vs sagittal power profiles of various center distance multifocal lenses. Optom Vis Sci. 2019;96:E-abstract 195249.<\/li>\n<li>Yu Z, Zhong A, Zhao X, Li D, Duan J. Efficacy and safety of different add power soft contact lenses on myopia progression in children: a systematic review and meta-analysis.&nbsp;Ophthalmic Res. 2022;65(4):398-416. doi:<a href=\"http:\/\/10.1159\/000523675\">10.1159\/000523675<\/a><\/li>\n<li>Lopes-Ferreira D, Ribeiro C, Neves H, et al. Peripheral refraction with dominant design multifocal contact lenses in young myopes. J Optom. 2013;6(2):85-94. doi:<a href=\"https:\/\/doi.org\/10.1016%2Fj.optom.2013.01.001\" target=\"_blank\" rel=\"noopener noreferrer\">10.1016\/j.optom.2013.01.001<\/a><\/li>\n<\/ol><\/div><\/div><\/div><\/section>            <div tabindex=\"-1\" class=\"oxy-modal-backdrop center \"\n                style=\"background-color: rgba(0,0,0,0.5);\"\n                data-trigger=\"user_clicks_element\"                data-trigger-selector=\"#link_button-40-40\"                data-trigger-time=\"5\"                data-trigger-time-unit=\"seconds\"                data-close-automatically=\"no\"                data-close-after-time=\"10\"                data-close-after-time-unit=\"seconds\"                data-trigger_scroll_amount=\"50\"                data-trigger_scroll_direction=\"down\"\t            data-scroll_to_selector=\"\"\t            data-time_inactive=\"60\"\t            data-time-inactive-unit=\"seconds\"\t            data-number_of_clicks=\"3\"\t            data-close_on_esc=\"on\"\t            data-number_of_page_views=\"3\"                data-close-after-form-submit=\"no\"                data-open-again=\"always_show\"                data-open-again-after-days=\"3\"            >\n\n                <div id=\"modal-54-40\" class=\"ct-modal\" ><a id=\"link-55-40\" class=\"ct-link oxy-close-modal\" href=\"http:\/\/\" target=\"_self\"  ><div id=\"fancy_icon-56-40\" class=\"ct-fancy-icon\" ><svg id=\"svg-fancy_icon-56-40\"><use xlink:href=\"#FontAwesomeicon-close\"><\/use><\/svg><\/div><\/a><div id=\"code_block-57-40\" class=\"ct-code-block\" ><iframe loading=\"lazy\" src=\"https:\/\/menicon.us10.list-manage.com\/subscribe?u=590f43d19a8cfde3dd8abb7e2&id=ef2dc13b2e\" width=\"100%\" height=\"100%\" style=\"border:none;\"><\/iframe>\n<\/div><\/div>\n            <\/div>\n        ","protected":false},"excerpt":{"rendered":"","protected":false},"author":1,"featured_media":0,"parent":15,"menu_order":14,"comment_status":"closed","ping_status":"closed","template":"","meta":{"_acf_changed":false,"footnotes":""},"class_list":["post-19","page","type-page","status-publish","hentry"],"acf":[],"_links":{"self":[{"href":"https:\/\/meniconbloom.com\/de-at\/wp-json\/wp\/v2\/pages\/19","targetHints":{"allow":["GET"]}}],"collection":[{"href":"https:\/\/meniconbloom.com\/de-at\/wp-json\/wp\/v2\/pages"}],"about":[{"href":"https:\/\/meniconbloom.com\/de-at\/wp-json\/wp\/v2\/types\/page"}],"author":[{"embeddable":true,"href":"https:\/\/meniconbloom.com\/de-at\/wp-json\/wp\/v2\/users\/1"}],"replies":[{"embeddable":true,"href":"https:\/\/meniconbloom.com\/de-at\/wp-json\/wp\/v2\/comments?post=19"}],"version-history":[{"count":4,"href":"https:\/\/meniconbloom.com\/de-at\/wp-json\/wp\/v2\/pages\/19\/revisions"}],"predecessor-version":[{"id":459,"href":"https:\/\/meniconbloom.com\/de-at\/wp-json\/wp\/v2\/pages\/19\/revisions\/459"}],"up":[{"embeddable":true,"href":"https:\/\/meniconbloom.com\/de-at\/wp-json\/wp\/v2\/pages\/15"}],"wp:attachment":[{"href":"https:\/\/meniconbloom.com\/de-at\/wp-json\/wp\/v2\/media?parent=19"}],"curies":[{"name":"wp","href":"https:\/\/api.w.org\/{rel}","templated":true}]}}