{"id":27,"date":"2023-10-25T13:12:49","date_gmt":"2023-10-25T13:12:49","guid":{"rendered":"https:\/\/meniconbloom.com\/de-at\/?page_id=27"},"modified":"2024-10-02T16:15:37","modified_gmt":"2024-10-02T16:15:37","slug":"menicon-bloom-night-patient","status":"publish","type":"page","link":"https:\/\/meniconbloom.com\/de-at\/patients\/menicon-bloom-night-patient\/","title":{"rendered":"Menicon Bloom Night f\u00fcr Myope: Orthokeratologie f\u00fcr Myopie Management"},"content":{"rendered":"<section id=\"section-2-93\" class=\" ct-section\" style=\"background-image:url(http:\/\/meniconbloom.com\/de\/wp-content\/uploads\/2023\/07\/NIGHT-BACKGROUND.png);background-size: cover;\" ><div class=\"ct-section-inner-wrap\"><h1 id=\"headline-11-93\" class=\"ct-headline\">Menicon Bloom Night\u2122<\/h1><h2 id=\"headline-3-93\" class=\"ct-headline\">Tags\u00fcber ohne Brille oder Kontaktlinsen&nbsp;<br>scharf sehen? <br><\/h2><\/div><\/section><section id=\"section-4-93\" class=\" ct-section\" ><div class=\"ct-section-inner-wrap\"><div id=\"new_columns-5-93\" class=\"ct-new-columns\" ><div id=\"div_block-6-93\" class=\"ct-div-block\" ><h2 id=\"headline-9-93\" class=\"ct-headline\">Menicon Bloom Night\u2122<br><\/h2><div id=\"_rich_text-10-93\" class=\"oxy-rich-text\" ><p>Menicon Bloom Night\u2122 Linsen helfen gegen fortschreitende Myopie und korrigieren au\u00dferdem den Sehfehler.<\/p><p>Durch das Tragen der Linsen w\u00e4hrend des Schlafs wird die \u00e4u\u00dfere Schicht der Hornhaut sanft ver\u00e4ndert. Durch die ver\u00e4nderte Form der Hornhaut verbessert sich die Bildsch\u00e4rfe auf der Netzhaut - das Wachstum des Auges wird verlangsamt, was wiederum das Ausma\u00df der Myopie dauerhaft minimiert. Dank dieser Versorgung ist die Myopie also nicht mehr so stark ausgepr\u00e4gt. Au\u00dferdem sorgen die Linsen daf\u00fcr, dass \u00fcber den ganzen Tag ohne Brille oder Kontaktlinsen eine klare Sicht gew\u00e4hrleistet ist!<\/p><p>Sobald der Spezialist die Linsen angepasst hat, m\u00fcssen diese sechs Monate lang jede Nacht getragen werden. Keine Sorge, die Menicon Bloom\u2122 App erinnert an den Linsenwechsel!<\/p><p class=\"p1\">\u00a0<\/p><\/div><\/div><div id=\"div_block-7-93\" class=\"ct-div-block\" ><img decoding=\"async\"  id=\"image-8-93\" alt=\"Menicon Bloom Night\" src=\"https:\/\/meniconbloom.com\/de-at\/wp-content\/uploads\/sites\/26\/2023\/07\/Menicon-Bloom-Night-Patient-1.png\" class=\"ct-image\" srcset-disabled=\"https:\/\/meniconbloom.com\/de-at\/wp-content\/uploads\/sites\/26\/2023\/07\/Menicon-Bloom-Night-Patient-1.png 1000w, https:\/\/meniconbloom.com\/de-at\/wp-content\/uploads\/sites\/26\/2023\/07\/Menicon-Bloom-Night-Patient-1-300x300.png 300w, https:\/\/meniconbloom.com\/de-at\/wp-content\/uploads\/sites\/26\/2023\/07\/Menicon-Bloom-Night-Patient-1-150x150.png 150w, https:\/\/meniconbloom.com\/de-at\/wp-content\/uploads\/sites\/26\/2023\/07\/Menicon-Bloom-Night-Patient-1-768x768.png 768w\" sizes=\"(max-width: 1000px) 100vw, 1000px\" \/><\/div><\/div><div id=\"new_columns-28-93\" class=\"ct-new-columns\" ><div id=\"div_block-29-93\" class=\"ct-div-block\" ><h3 id=\"headline-31-93\" class=\"ct-headline heading-chantal\">Vorteil der&nbsp;<br>Menicon Bloom Night\u2122 Linsen<\/h3><\/div><div id=\"div_block-30-93\" class=\"ct-div-block\" ><div id=\"div_block-35-93\" class=\"ct-div-block\" ><img decoding=\"async\"  id=\"image-32-93\" alt=\"\" src=\"https:\/\/meniconbloom.com\/de-at\/wp-content\/uploads\/sites\/26\/2023\/08\/safeeffective.png\" class=\"ct-image\" srcset-disabled=\"https:\/\/meniconbloom.com\/de-at\/wp-content\/uploads\/sites\/26\/2023\/08\/safeeffective.png 693w, https:\/\/meniconbloom.com\/de-at\/wp-content\/uploads\/sites\/26\/2023\/08\/safeeffective-300x298.png 300w, https:\/\/meniconbloom.com\/de-at\/wp-content\/uploads\/sites\/26\/2023\/08\/safeeffective-150x150.png 150w\" sizes=\"(max-width: 693px) 100vw, 693px\" \/><div id=\"_rich_text-33-93\" class=\"oxy-rich-text\" ><p>Sichere<sup>1-4<\/sup>\u00a0und wirksame<sup>5-7<\/sup> Versorgung der Kurzsichtigkeit.<\/p><\/div><\/div><div id=\"div_block-37-93\" class=\"ct-div-block\" ><img decoding=\"async\"  id=\"image-38-93\" alt=\"\" src=\"https:\/\/meniconbloom.com\/de-at\/wp-content\/uploads\/sites\/26\/2023\/08\/clearvision.png\" class=\"ct-image\" srcset-disabled=\"https:\/\/meniconbloom.com\/de-at\/wp-content\/uploads\/sites\/26\/2023\/08\/clearvision.png 834w, https:\/\/meniconbloom.com\/de-at\/wp-content\/uploads\/sites\/26\/2023\/08\/clearvision-300x164.png 300w, https:\/\/meniconbloom.com\/de-at\/wp-content\/uploads\/sites\/26\/2023\/08\/clearvision-768x419.png 768w\" sizes=\"(max-width: 834px) 100vw, 834px\" \/><div id=\"_rich_text-39-93\" class=\"oxy-rich-text\" ><p>Tags\u00fcber klare Sicht ohne Sehhilfe<sup>8<\/sup>.<\/p><\/div><\/div><div id=\"div_block-40-93\" class=\"ct-div-block\" ><img decoding=\"async\"  id=\"image-41-93\" alt=\"\" src=\"https:\/\/meniconbloom.com\/de-at\/wp-content\/uploads\/sites\/26\/2023\/08\/QoL.png\" class=\"ct-image\" srcset-disabled=\"https:\/\/meniconbloom.com\/de-at\/wp-content\/uploads\/sites\/26\/2023\/08\/QoL.png 834w, https:\/\/meniconbloom.com\/de-at\/wp-content\/uploads\/sites\/26\/2023\/08\/QoL-300x247.png 300w, https:\/\/meniconbloom.com\/de-at\/wp-content\/uploads\/sites\/26\/2023\/08\/QoL-768x634.png 768w\" sizes=\"(max-width: 834px) 100vw, 834px\" \/><div id=\"_rich_text-42-93\" class=\"oxy-rich-text\" ><p>Verbesserte Lebensqualit\u00e4t<sup>9<\/sup>.<\/p><\/div><\/div><div id=\"div_block-43-93\" class=\"ct-div-block\" ><img decoding=\"async\"  id=\"image-44-93\" alt=\"\" src=\"https:\/\/meniconbloom.com\/de-at\/wp-content\/uploads\/sites\/26\/2023\/08\/athome.png\" class=\"ct-image\" srcset-disabled=\"https:\/\/meniconbloom.com\/de-at\/wp-content\/uploads\/sites\/26\/2023\/08\/athome.png 735w, https:\/\/meniconbloom.com\/de-at\/wp-content\/uploads\/sites\/26\/2023\/08\/athome-300x281.png 300w\" sizes=\"(max-width: 735px) 100vw, 735px\" \/><div id=\"_rich_text-45-93\" class=\"oxy-rich-text\" ><p>Leicht in die t\u00e4gliche Routine zu integrieren: Die Linsen werden immer in einer sicheren, gewohnten Umgebung verwendet: zu Hause. Kurz vor dem Schlafengehen werden die Linsen auf- und nach dem Aufwachen wieder abgesetzt.<\/p><\/div><\/div><\/div><\/div><img decoding=\"async\"  id=\"image-19-93\" alt=\"\" src=\"https:\/\/meniconbloom.com\/de-at\/wp-content\/uploads\/sites\/26\/2023\/07\/Menicon-Bloom-Night-Patient-2.png\" class=\"ct-image\" srcset-disabled=\"https:\/\/meniconbloom.com\/de-at\/wp-content\/uploads\/sites\/26\/2023\/07\/Menicon-Bloom-Night-Patient-2.png 1920w, https:\/\/meniconbloom.com\/de-at\/wp-content\/uploads\/sites\/26\/2023\/07\/Menicon-Bloom-Night-Patient-2-300x125.png 300w, https:\/\/meniconbloom.com\/de-at\/wp-content\/uploads\/sites\/26\/2023\/07\/Menicon-Bloom-Night-Patient-2-1024x427.png 1024w, https:\/\/meniconbloom.com\/de-at\/wp-content\/uploads\/sites\/26\/2023\/07\/Menicon-Bloom-Night-Patient-2-768x320.png 768w, https:\/\/meniconbloom.com\/de-at\/wp-content\/uploads\/sites\/26\/2023\/07\/Menicon-Bloom-Night-Patient-2-1536x640.png 1536w\" sizes=\"(max-width: 1920px) 100vw, 1920px\" \/><\/div><\/section><section id=\"section-50-93\" class=\" ct-section\" ><div class=\"ct-section-inner-wrap\"><div id=\"div_block-54-93\" class=\"ct-div-block\" ><h2 id=\"headline-51-93\" class=\"ct-headline\">Pflege<\/h2><div id=\"_rich_text-52-93\" class=\"oxy-rich-text\" ><p>Die Linsen jede Nacht zu tragen ist ebenso wichtig wie sie regelm\u00e4\u00dfig zu pflegen. Menicon Bloom\u2122 beinhaltet die passenden Pflegeprodukte, um die Linsen optimal reinigen zu k\u00f6nnen:<\/p><\/div><\/div><div id=\"new_columns-56-93\" class=\"ct-new-columns\" ><div id=\"div_block-57-93\" class=\"ct-div-block\" ><img decoding=\"async\"  id=\"image-59-93\" alt=\"\" src=\"https:\/\/meniconbloom.com\/de-at\/wp-content\/uploads\/sites\/26\/2023\/07\/Menicon-Bloom-Night-3.png\" class=\"ct-image\" srcset-disabled=\"https:\/\/meniconbloom.com\/de-at\/wp-content\/uploads\/sites\/26\/2023\/07\/Menicon-Bloom-Night-3.png 1000w, https:\/\/meniconbloom.com\/de-at\/wp-content\/uploads\/sites\/26\/2023\/07\/Menicon-Bloom-Night-3-296x300.png 296w, https:\/\/meniconbloom.com\/de-at\/wp-content\/uploads\/sites\/26\/2023\/07\/Menicon-Bloom-Night-3-768x778.png 768w\" sizes=\"(max-width: 1000px) 100vw, 1000px\" \/><\/div><div id=\"div_block-58-93\" class=\"ct-div-block\" ><div id=\"div_block-83-93\" class=\"ct-div-block\" ><h3 id=\"headline-60-93\" class=\"ct-headline\">Menicon Bloom Care\u2122<\/h3><div id=\"_rich_text-61-93\" class=\"oxy-rich-text\" ><p>Menicon Bloom Care\u2122 ist die Multifunktionsl\u00f6sung f\u00fcr die Menicon Bloom Night\u2122 Linsen. Sie ist t\u00e4glich zu verwenden und wirkt nachweislich gegen ein breites Spektrum an Krankheitserregern und Mikroorganismen.<sup> 10-12<\/sup><\/p><p>Au\u00dferdem ist die L\u00f6sung in einer speziellen Flaschenform aus einem besonderen Material, das f\u00fcr Kinder einfach zu halten und leicht zusammenzudr\u00fccken ist. Bei der Herstellung der Flasche wird au\u00dferdem deutlich weniger Kunststoff verwendet, ganz im Sinne des <a href=\"https:\/\/www.menicon.com\/corporate\/aboutus\/sdg\/\" target=\"_blank\" rel=\"noopener\">Engagements von Menicon f\u00fcr eine nachhaltige Entwicklung\u00a0<\/a><\/p><\/div><\/div><div id=\"div_block-85-93\" class=\"ct-div-block\" ><h3 id=\"headline-68-93\" class=\"ct-headline\">Menicon Bloom Progent\u2122<\/h3><div id=\"_rich_text-72-93\" class=\"oxy-rich-text\" ><p>Gleichzeitig sollte f\u00fcr ein sicheres und angenehmes Tragen der Linsen regelm\u00e4\u00dfig Menicon Bloom Progent\u2122 verwendet werden.<\/p><p>Das ist ein hervorragender Proteinentferner und Intensivreiniger sowie das beste Desinfektionsmittel \u2013 also Reinigung, Desinfektion und Pflege in einem.<sup>13<\/sup>. Die Anwendung ist sehr einfach, dank Farbcodes und vorgegebener Dosierung.<\/p><\/div><\/div><\/div><\/div><div id=\"_rich_text-73-93\" class=\"oxy-rich-text\" ><p>Menicon Bloom Night\u2122, Menicon Bloom Care\u2122 und Menicon Bloom Progent\u2122 sind Teil des Menicon Bloom<sup>TM<\/sup> Myopiekontroll-Management Systems. F\u00fcr weitere Informationen wenden Sie sich bitte an Ihren Spezialisten.<\/p><\/div><\/div><\/section><section id=\"section-78-93\" class=\" ct-section\" ><div class=\"ct-section-inner-wrap\"><div id=\"_toggle-79-93\" class=\"oxy-toggle toggle-6463 toggle-6463-expanded\"  data-oxy-toggle-initial-state=\"closed\" data-oxy-toggle-active-class=\"toggle-6463-expanded\" >\n\t\t\t<div class='oxy-expand-collapse-icon' href='#'><\/div>\n\t\t\t<div class='oxy-toggle-content'>\n                <h6 id=\"headline-80-93\" class=\"ct-headline\">QUELLEN<\/h6>\t\t\t<\/div>\n\t\t<\/div><div id=\"div_block-81-93\" class=\"ct-div-block\" ><div id=\"_rich_text-82-93\" class=\"oxy-rich-text \" ><p>\u00a0<\/p><ol><li>Liu YM, Xie P. The safety of orthokeratology--a systematic review.\u00a0Eye Contact Lens. 2016;42(1):35-42. doi:<a href=\"http:\/\/10.1097\/ICL.0000000000000219\">10.1097\/ICL.0000000000000219<\/a><\/li><li>Bullimore MA, Sinnott LT, Jones-Jordan LA. The risk of microbial keratitis with overnight corneal reshaping lenses.\u00a0Optom Vis Sci. 2013;90(9):937-944. doi:<a href=\"http:\/\/10.1097\/OPX.0b013e31829cac92\">10.1097\/OPX.0b013e31829cac92<\/a><\/li><li>Bullimore MA, Mirsayafov DS, Khurai AR, et al. Pediatric microbial keratitis with overnight orthokeratology in russia.\u00a0Eye Contact Lens. 2021;47(7):420-425. doi:<a href=\"http:\/\/10.1097\/ICL.0000000000000801\">10.1097\/ICL.0000000000000801<\/a><\/li><li>Hiraoka T, Sekine Y, Okamoto F, Mihashi T, Oshika T. Safety and efficacy following 10-years of overnight orthokeratology for myopia control.\u00a0Ophthalmic Physiol Opt. 2018;38(3):281-289. doi:<a href=\"http:\/\/10.1111\/opo.12460\">10.1111\/opo.12460<\/a><\/li><li>Cho P, Cheung SW. Retardation of myopia in orthokeratology (ROMIO) study: a 2-year randomized clinical trial.\u00a0Invest Ophthalmol Vis Sci. 2012;53(11):7077-7085. doi:<a href=\"http:\/\/10.1167\/iovs.12-10565\">10.1167\/iovs.12-10565<\/a><\/li><li>Santodomingo-Rubido J, Villa-Collar C, Gilmartin B, Guti\u00e9rrez-Ortega R. Myopia control with orthokeratology contact lenses in Spain: refractive and biometric changes.\u00a0Invest Ophthalmol Vis Sci. 2012;53(8):5060-5065. doi:<a href=\"http:\/\/10.1167\/iovs.11-8005\">10.1167\/iovs.11-8005<\/a><\/li><li>Chen C, Cheung SW, Cho P. Myopia control using toric orthokeratology (TO-SEE study).\u00a0Invest Ophthalmol Vis Sci. 2013;54(10):6510-6517. doi:10.1167\/iovs.13-12527<\/li><li>Ouzzani M, Mekki MB, Chiali S, Kail F, Chahed L. Practice of orthokeratology in Algeria: a retrospective study.\u00a0J Optom. 2021;14(2):176-182. doi:<a href=\"http:\/\/10.1167\/iovs.13-12527\">10.1016\/j.optom.2020.05.003<\/a><\/li><li>Walline JJ, Jones LA, Sinnott L, et al. Randomized trial of the effect of contact lens wear on self-perception in children.\u00a0Optom Vis Sci. 2009;86(3):222-232. doi:<a href=\"http:\/\/10.1097\/OPX.0b013e3181971985\">10.1097\/OPX.0b013e3181971985<\/a><\/li><li>Boost M, Cho P, Lai S. Efficacy of multipurpose solutions for rigid gas permeable lenses.\u00a0Ophthalmic Physiol Opt. 2006;26(5):468-475. doi:<a href=\"http:\/\/10.1111\/j.1475-1313.2006.00398.x\">10.1111\/j.1475-1313.2006.00398.x<\/a><\/li><li>Choy CK, Cho P, Boost MV. Cytotoxicity of rigid gas-permeable lens care solutions.\u00a0Clin Exp Optom. 2013;96(5):467-471. doi:<a href=\"http:\/\/10.1111\/cxo.12039\">10.1111\/cxo.12039<\/a><\/li><li>Shi GS, Boost MV, Cho P. Does the presence of QAC genes in staphylococci affect the efficacy of disinfecting solutions used by orthokeratology lens wearers?.\u00a0Br J Ophthalmol. 2016;100(5):708-712. doi:<a href=\"http:\/\/10.1136\/bjophthalmol-2015-307811\">10.1136\/bjophthalmol-2015-307811<\/a><\/li><li>Hiraoka T, Yoshimitsu M, Santodomingo-Rubido J, Kondo H, Oshika T. A novel quantitative evaluation of deposits adhered to worn orthokeratology contact lenses.\u00a0Jpn J Ophthalmol. 2021;65(6):855-863. doi:<a href=\"http:\/\/10.1007\/s10384-021-00873-1\">10.1007\/s10384-021-00873-1<\/a><\/li><\/ol><\/div><\/div><\/div><\/section>","protected":false},"excerpt":{"rendered":"","protected":false},"author":1,"featured_media":0,"parent":25,"menu_order":21,"comment_status":"closed","ping_status":"closed","template":"","meta":{"_acf_changed":false,"footnotes":""},"class_list":["post-27","page","type-page","status-publish","hentry"],"acf":[],"_links":{"self":[{"href":"https:\/\/meniconbloom.com\/de-at\/wp-json\/wp\/v2\/pages\/27","targetHints":{"allow":["GET"]}}],"collection":[{"href":"https:\/\/meniconbloom.com\/de-at\/wp-json\/wp\/v2\/pages"}],"about":[{"href":"https:\/\/meniconbloom.com\/de-at\/wp-json\/wp\/v2\/types\/page"}],"author":[{"embeddable":true,"href":"https:\/\/meniconbloom.com\/de-at\/wp-json\/wp\/v2\/users\/1"}],"replies":[{"embeddable":true,"href":"https:\/\/meniconbloom.com\/de-at\/wp-json\/wp\/v2\/comments?post=27"}],"version-history":[{"count":2,"href":"https:\/\/meniconbloom.com\/de-at\/wp-json\/wp\/v2\/pages\/27\/revisions"}],"predecessor-version":[{"id":391,"href":"https:\/\/meniconbloom.com\/de-at\/wp-json\/wp\/v2\/pages\/27\/revisions\/391"}],"up":[{"embeddable":true,"href":"https:\/\/meniconbloom.com\/de-at\/wp-json\/wp\/v2\/pages\/25"}],"wp:attachment":[{"href":"https:\/\/meniconbloom.com\/de-at\/wp-json\/wp\/v2\/media?parent=27"}],"curies":[{"name":"wp","href":"https:\/\/api.w.org\/{rel}","templated":true}]}}