{"id":319,"date":"2023-10-30T19:45:49","date_gmt":"2023-10-30T19:45:49","guid":{"rendered":"https:\/\/meniconbloom.com\/de-at\/?page_id=319"},"modified":"2024-10-02T16:13:04","modified_gmt":"2024-10-02T16:13:04","slug":"home","status":"publish","type":"page","link":"https:\/\/meniconbloom.com\/de-at\/","title":{"rendered":"Home"},"content":{"rendered":"<section id=\"section-2-25\" class=\" ct-section\" style=\"background-image:url(http:\/\/meniconbloom.com\/de\/wp-content\/uploads\/2023\/08\/Menicon-Bloom-homepage-cover.png);background-size: cover;\" ><div class=\"ct-section-inner-wrap\"><div id=\"div_block-4-25\" class=\"ct-div-block\" ><h1 id=\"headline-6-25\" class=\"ct-headline\">Willkommen in&nbsp;<br>der Welt von <br>&nbsp;<span id=\"span-97-25\" class=\"ct-span heading-chantal\" >MENICON BLOOM\u2122<\/span><\/h1><div id=\"div_block-9-25\" class=\"ct-div-block\" ><a id=\"link_button-10-25\" class=\"ct-link-button\" href=\"\/de-at\/patients\/\"   >Betroffene<\/a><a id=\"link_button-11-25\" class=\"ct-link-button\" href=\"\/de-at\/professionals\/\"   >Spezialisten<\/a><\/div><\/div><\/div><\/section><section id=\"section-14-25\" class=\" ct-section\" style=\"background-image:url(http:\/\/meniconbloom.com\/de\/wp-content\/uploads\/2023\/07\/NIGHT-BACKGROUND.png);background-size: cover;\" ><div class=\"ct-section-inner-wrap\"><div id=\"div_block-17-25\" class=\"ct-div-block\" ><h2 id=\"headline-15-25\" class=\"ct-headline\">Menicon Bloom\u2122 ist ein ganzheitlicher Versorgungsplan zur Behandlung von Myopie mit Kontaktlinsen.<\/h2><div id=\"_rich_text-16-25\" class=\"oxy-rich-text\" ><p>Myopie (Kurzsichtigkeit) ist ein Sehfehler (Brechungsfehler), bei dem man in der Ferne unscharf sieht (z.B. beim Fernsehen, auf einer Schultafel oder bei Verkehrsschildern). Das Sehverm\u00f6gen in der N\u00e4he bleibt normalerweise erhalten (z.B. beim Lesen, der Benutzung von Tablets und Handys).<\/p><\/div><div id=\"_rich_text-75-25\" class=\"oxy-rich-text\" ><p>Hier erfahren Sie, warum Kurzsichtigkeit ein so wichtiges Thema ist.<\/p><\/div><\/div><\/div><\/section><section id=\"section-39-25\" class=\" ct-section\" ><div class=\"ct-section-inner-wrap\"><div id=\"div_block-42-25\" class=\"ct-div-block\" ><h2 id=\"headline-40-25\" class=\"ct-headline\">H\u00e4ufigkeit und Ursachen von Kurzsichtigkeit<\/h2><div id=\"_rich_text-41-25\" class=\"oxy-rich-text\" ><p>Bis 2050 werden voraussichtlich fast 50 % der Weltbev\u00f6lkerung einen gewissen Grad an Kurzsichtigkeit entwickeln.<sup>1<\/sup><\/p><\/div><\/div><div id=\"new_columns-44-25\" class=\"ct-new-columns\" ><div id=\"div_block-45-25\" class=\"ct-div-block\" ><img decoding=\"async\"  id=\"image-48-25\" alt=\"\" src=\"https:\/\/meniconbloom.com\/de-at\/wp-content\/uploads\/sites\/26\/2023\/12\/ICONS-01.png\" class=\"ct-image\" srcset-disabled=\"https:\/\/meniconbloom.com\/de-at\/wp-content\/uploads\/sites\/26\/2023\/12\/ICONS-01.png 667w, https:\/\/meniconbloom.com\/de-at\/wp-content\/uploads\/sites\/26\/2023\/12\/ICONS-01-300x300.png 300w, https:\/\/meniconbloom.com\/de-at\/wp-content\/uploads\/sites\/26\/2023\/12\/ICONS-01-150x150.png 150w\" sizes=\"(max-width: 667px) 100vw, 667px\" \/><div id=\"div_block-92-25\" class=\"ct-div-block\" ><h3 id=\"headline-49-25\" class=\"ct-headline\">T\u00c4TIGKEIT IN DER N\u00c4HE<\/h3><div id=\"_rich_text-50-25\" class=\"oxy-rich-text\" ><p>Kurzsichtigkeit steht im Zusammenhang mit der zunehmenden Dauer von Arbeiten in kurzer Distanz.<sup>2<\/sup><\/p><p>Heutzutage sind Kinder schon in jungem Alter vielen Besch\u00e4ftigungen in geringer Entfernung ausgesetzt, wodurch sich das Risiko f\u00fcr Kurzsichtigkeit erh\u00f6ht. Eine zeitliche Begrenzung der Arbeiten im Nahbereich ist deshalb immer sinnvoll.<\/p><\/div><\/div><\/div><div id=\"div_block-46-25\" class=\"ct-div-block\" ><img decoding=\"async\"  id=\"image-51-25\" alt=\"\" src=\"https:\/\/meniconbloom.com\/de-at\/wp-content\/uploads\/sites\/26\/2023\/12\/ICONS-03.png\" class=\"ct-image\" srcset-disabled=\"https:\/\/meniconbloom.com\/de-at\/wp-content\/uploads\/sites\/26\/2023\/12\/ICONS-03.png 667w, https:\/\/meniconbloom.com\/de-at\/wp-content\/uploads\/sites\/26\/2023\/12\/ICONS-03-300x300.png 300w, https:\/\/meniconbloom.com\/de-at\/wp-content\/uploads\/sites\/26\/2023\/12\/ICONS-03-150x150.png 150w\" sizes=\"(max-width: 667px) 100vw, 667px\" \/><div id=\"div_block-94-25\" class=\"ct-div-block\" ><h3 id=\"headline-52-25\" class=\"ct-headline\">GENETIK<\/h3><div id=\"_rich_text-53-25\" class=\"oxy-rich-text\" ><p>Kursichtigkeit kann genetisch veranlagt sein.<sup> 3<\/sup> Wenn ein Elternteil kurzsichtig ist, erh\u00f6ht sich das Risiko, dass das Kind eine Myopie entwickelt um das 3-fache. Bei zwei kurzsichtigen Eltern kann sich das Risiko um das 6-fache erh\u00f6hen.<\/p><p>Auch die ethnische Zugeh\u00f6rigkeit kann ein Risikofaktor sein, wobei asiatische Augen mit einem schnelleren Anstieg der Myopie in Verbindung gebracht werden.<sup> 4<\/sup><\/p><\/div><\/div><\/div><div id=\"div_block-47-25\" class=\"ct-div-block\" ><img decoding=\"async\"  id=\"image-54-25\" alt=\"\" src=\"https:\/\/meniconbloom.com\/de-at\/wp-content\/uploads\/sites\/26\/2023\/12\/ICONS-02.png\" class=\"ct-image\" srcset-disabled=\"https:\/\/meniconbloom.com\/de-at\/wp-content\/uploads\/sites\/26\/2023\/12\/ICONS-02.png 667w, https:\/\/meniconbloom.com\/de-at\/wp-content\/uploads\/sites\/26\/2023\/12\/ICONS-02-300x300.png 300w, https:\/\/meniconbloom.com\/de-at\/wp-content\/uploads\/sites\/26\/2023\/12\/ICONS-02-150x150.png 150w\" sizes=\"(max-width: 667px) 100vw, 667px\" \/><div id=\"div_block-96-25\" class=\"ct-div-block\" ><h3 id=\"headline-55-25\" class=\"ct-headline\">ZEIT IM FREIEN<\/h3><div id=\"_rich_text-56-25\" class=\"oxy-rich-text\" ><p>Untersuchungen haben ergeben<sup>5<\/sup>, dass die Wahrscheinlichkeit, dass ein Kind Kurzsichtigkeit entwickelt geringer ist, wenn es mehr Zeit im Freien verbringt. Dies ist m\u00f6glicherweise auf die Lichtverh\u00e4ltnisse zur\u00fcckzuf\u00fchren, die im Vergleich zum Aufenthalt in geschlossenen R\u00e4umen drau\u00dfen g\u00fcnstiger sind. Mehr Zeit im Freien zu verbringen ist also durchaus angebracht.<\/p><\/div><\/div><\/div><\/div><\/div><\/section><section id=\"section-57-25\" class=\" ct-section\" style=\"background-image:url(http:\/\/meniconbloom.com\/de\/wp-content\/uploads\/2023\/07\/DAY-BACKGROUND.png);background-size: cover;\" ><div class=\"ct-section-inner-wrap\"><h2 id=\"headline-61-25\" class=\"ct-headline\">Wieso ist das wichtig?<\/h2><div id=\"new_columns-58-25\" class=\"ct-new-columns\" ><div id=\"div_block-59-25\" class=\"ct-div-block\" ><div id=\"_rich_text-63-25\" class=\"oxy-rich-text\" ><p>Kurzsichtigkeit nimmt in der Regel im Laufe der Kindheit zu, bei j\u00fcngeren Kindern sogar schneller.<sup> 6\u00a0<\/sup><\/p><p>Starke Myopie kann das Risiko f\u00fcr schwere Augenerkrankungen im Erwachsenenalter erh\u00f6hen.<sup> 7\u00a0<\/sup><\/p><\/div><\/div><div id=\"div_block-60-25\" class=\"ct-div-block\" ><div id=\"_rich_text-64-25\" class=\"oxy-rich-text\" ><ul><li>Myopische Makuladegeneration<\/li><li>Netzhautabl\u00f6sung<\/li><li>Gr\u00fcner Star (Glaukom)<\/li><li>Grauer Star (Katarakt)<\/li><\/ul><\/div><\/div><\/div><\/div><\/section><section id=\"section-65-25\" class=\" ct-section\" style=\"background-image:url(https:\/\/meniconbloom.com\/wp-content\/uploads\/2023\/07\/Background.png);background-size: cover;\" ><div class=\"ct-section-inner-wrap\"><div id=\"new_columns-67-25\" class=\"ct-new-columns\" ><div id=\"div_block-68-25\" class=\"ct-div-block\" ><img decoding=\"async\"  id=\"image-72-25\" alt=\"\" src=\"https:\/\/meniconbloom.com\/de-at\/wp-content\/uploads\/sites\/26\/2023\/08\/menicon-bloom-lineup_updated-2.png\" class=\"ct-image\" srcset-disabled=\"https:\/\/meniconbloom.com\/de-at\/wp-content\/uploads\/sites\/26\/2023\/08\/menicon-bloom-lineup_updated-2.png 1000w, https:\/\/meniconbloom.com\/de-at\/wp-content\/uploads\/sites\/26\/2023\/08\/menicon-bloom-lineup_updated-2-300x212.png 300w, https:\/\/meniconbloom.com\/de-at\/wp-content\/uploads\/sites\/26\/2023\/08\/menicon-bloom-lineup_updated-2-768x543.png 768w\" sizes=\"(max-width: 1000px) 100vw, 1000px\" \/><\/div><div id=\"div_block-69-25\" class=\"ct-div-block\" ><h2 id=\"headline-70-25\" class=\"ct-headline\">Myopie Management mit Menicon Bloom\u2122<\/h2><div id=\"_rich_text-71-25\" class=\"oxy-rich-text\" ><p>Menicon Bloom<sup>TM<\/sup> ist ein ganzheitlicher Ansatz f\u00fcr die Behandlung von Kurzsichtigkeit.<\/p><p class=\"p1\">Das Programm wurde sorgf\u00e4ltig entwickelt, um Augenspezialisten weltweit eine Vielzahl hochwertiger, offiziell zertifizierter Werkzeuge zur Bek\u00e4mpfung der progredienten Myopie zur Verf\u00fcgung zu stellen.<\/p><\/div><\/div><\/div><\/div><\/section><section id=\"section-78-25\" class=\" ct-section\" ><div class=\"ct-section-inner-wrap\"><div id=\"div_block-79-25\" class=\"ct-div-block\" ><h2 id=\"headline-80-25\" class=\"ct-headline\">Erfahren Sie mehr \u00fcber Menicon Bloom\u2122<\/h2><div id=\"_rich_text-81-25\" class=\"oxy-rich-text\" ><p>Mehr dazu erfahren Sie auf den Seiten f\u00fcr Spezialisten und Betroffene.<\/p><\/div><div id=\"div_block-82-25\" class=\"ct-div-block\" ><div id=\"div_block-83-25\" class=\"ct-div-block\" ><a id=\"link_button-84-25\" class=\"ct-link-button\" href=\"\/de-at\/patients\/\"   >Betroffene<\/a><\/div><div id=\"div_block-85-25\" class=\"ct-div-block\" ><a id=\"link_button-86-25\" class=\"ct-link-button\" href=\"\/de-at\/professionals\/\"   >Spezialisten<\/a><\/div><\/div><\/div><\/div><\/section><section id=\"section-87-25\" class=\" ct-section\" ><div class=\"ct-section-inner-wrap\"><div id=\"_toggle-88-25\" class=\"oxy-toggle toggle-6463 toggle-6463-expanded\"  data-oxy-toggle-initial-state=\"closed\" data-oxy-toggle-active-class=\"toggle-6463-expanded\" >\n\t\t\t<div class='oxy-expand-collapse-icon' href='#'><\/div>\n\t\t\t<div class='oxy-toggle-content'>\n                <h6 id=\"headline-89-25\" class=\"ct-headline\">QUELLEN<\/h6>\t\t\t<\/div>\n\t\t<\/div><div id=\"div_block-90-25\" class=\"ct-div-block\" ><div id=\"_rich_text-91-25\" class=\"oxy-rich-text \" ><ol><li>Holden BA, Fricke TR, Wilson DA, et al. Global Prevalence of myopia and high myopia and temporal trends from 2000 through 2050.\u00a0Ophthalmology. 2016;123(5):1036-1042. doi:<a href=\"http:\/\/10.1016\/j.ophtha.2016.01.006\">10.1016\/j.ophtha.2016.01.006<\/a><\/li><li>Huang HM, Chang DS, Wu PC. The association between near work activities and myopia in children-a systematic review and meta-analysis.\u00a0PLoS One. 2015;10(10):e0140419. doi:<a href=\"http:\/\/10.1371\/journal.pone.0140419\">10.1371\/journal.pone.0140419<\/a><\/li><li>Zhang X, Qu X, Zhou X. Association between parental myopia and the risk of myopia in a child.\u00a0Exp Ther Med. 2015;9(6):2420-2428. doi:<a href=\"http:\/\/10.3892\/etm.2015.2415\">10.3892\/etm.2015.2415<\/a><\/li><li>Luong TQ, Shu YH, Modjtahedi BS, et al. Racial and ethnic differences in myopia progression in a large, diverse cohort of pediatric patients.\u00a0Invest Ophthalmol Vis Sci. 2020;61(13):20. doi:<a href=\"http:\/\/10.1167\/iovs.61.13.20\">10.1167\/iovs.61.13.20<\/a><\/li><li>Jonas JB, Ang M, Cho P, et al. IMI Prevention of myopia and its progression.\u00a0Invest Ophthalmol Vis Sci. 2021;62(5):6. doi:<a href=\"http:\/\/10.1167\/iovs.62.5.6\">10.1167\/iovs.62.5.6<\/a><\/li><li>Tricard D, Marillet S, Ingrand P, Bullimore MA, Bourne RRA, Leveziel N. Progression of myopia in children and teenagers: a nationwide longitudinal study.\u00a0Br J Ophthalmol. 2022;106(8):1104-1109. doi:<a href=\"http:\/\/10.1136\/bjophthalmol-2020-318256\">10.1136\/bjophthalmol-2020-318256<\/a><\/li><li>Flitcroft DI. The complex interactions of retinal, optical and environmental factors in myopia aetiology. Prog Retin Eye Res. 2012;31(6):622-660. doi:<a href=\"http:\/\/10.1016\/j.preteyeres.2012.06.004\">10.1016\/j.preteyeres.2012.06.004<\/a><\/li><\/ol><\/div><\/div><\/div><\/section>","protected":false},"excerpt":{"rendered":"","protected":false},"author":1,"featured_media":0,"parent":0,"menu_order":0,"comment_status":"closed","ping_status":"closed","template":"","meta":{"_acf_changed":false,"footnotes":""},"class_list":["post-319","page","type-page","status-publish","hentry"],"acf":[],"_links":{"self":[{"href":"https:\/\/meniconbloom.com\/de-at\/wp-json\/wp\/v2\/pages\/319","targetHints":{"allow":["GET"]}}],"collection":[{"href":"https:\/\/meniconbloom.com\/de-at\/wp-json\/wp\/v2\/pages"}],"about":[{"href":"https:\/\/meniconbloom.com\/de-at\/wp-json\/wp\/v2\/types\/page"}],"author":[{"embeddable":true,"href":"https:\/\/meniconbloom.com\/de-at\/wp-json\/wp\/v2\/users\/1"}],"replies":[{"embeddable":true,"href":"https:\/\/meniconbloom.com\/de-at\/wp-json\/wp\/v2\/comments?post=319"}],"version-history":[{"count":4,"href":"https:\/\/meniconbloom.com\/de-at\/wp-json\/wp\/v2\/pages\/319\/revisions"}],"predecessor-version":[{"id":402,"href":"https:\/\/meniconbloom.com\/de-at\/wp-json\/wp\/v2\/pages\/319\/revisions\/402"}],"wp:attachment":[{"href":"https:\/\/meniconbloom.com\/de-at\/wp-json\/wp\/v2\/media?parent=319"}],"curies":[{"name":"wp","href":"https:\/\/api.w.org\/{rel}","templated":true}]}}