{"id":34,"date":"2023-10-25T13:15:09","date_gmt":"2023-10-25T13:15:09","guid":{"rendered":"https:\/\/meniconbloom.com\/de-at\/?page_id=34"},"modified":"2024-10-02T16:16:47","modified_gmt":"2024-10-02T16:16:47","slug":"faq","status":"publish","type":"page","link":"https:\/\/meniconbloom.com\/de-at\/faq\/","title":{"rendered":"FAQ"},"content":{"rendered":"<section id=\"section-3-13\" class=\" ct-section ct-section-with-shape-divider\" ><div class=\"ct-section-inner-wrap\"><h1 id=\"headline-4-13\" class=\"ct-headline\">FAQ<\/h1>\n\t\t<div id=\"-shape-divider-5-13\" class=\"oxy-shape-divider \" >        \n        <div class=\"oxy_shape_divider\" >\n            <svg  data-name=\"Layer 1\" xmlns=\"http:\/\/www.w3.org\/2000\/svg\" viewBox=\"0 0 1200 120\" preserveAspectRatio=\"none\" fill=\"currentColor\"><path  d=\"M600,112.77C268.63,112.77,0,65.52,0,7.23V120H1200V7.23C1200,65.52,931.37,112.77,600,112.77Z\" class=\"shape-fill\" fill-opacity=\"1\"><\/path><\/svg>        <\/div>\n\n        <\/div>\n\n\t\t<\/div><\/section><section id=\"section-7-13\" class=\" ct-section\" ><div class=\"ct-section-inner-wrap\"><div id=\"div_block-76-13\" class=\"ct-div-block oxel_accordion\" ><div id=\"code_block-77-13\" class=\"ct-code-block\" ><!-- --><\/div><button id=\"div_block-78-13\" class=\"ct-div-block oxel_accordion__row\"  aria-expanded=\"false\"><div id=\"div_block-79-13\" class=\"ct-div-block oxel_accordion__row_left\" ><div id=\"text_block-126-13\" class=\"ct-text-block oxel_accordion__row__bumber\" >1<\/div><div id=\"text_block-81-13\" class=\"ct-text-block oxel_accordion__row__label\" >Wieso sollten Sie sich f\u00fcr Menicon Bloom\u2122 entscheiden?<\/div><\/div><div id=\"fancy_icon-82-13\" class=\"ct-fancy-icon oxel_accordion__icon\" ><svg id=\"svg-fancy_icon-82-13\"><use xlink:href=\"#FontAwesomeicon-caret-down\"><\/use><\/svg><\/div><\/button><div id=\"div_block-83-13\" class=\"ct-div-block oxel_accordion__content oxel_accordion__content__hidden\" ><div id=\"div_block-84-13\" class=\"ct-div-block\" ><div id=\"_rich_text-103-13\" class=\"oxy-rich-text\" ><ul>\n<li>Die Wissenschaft belegt, dass Myopie nicht nur korrigiert, sondern auch beeinflusst werden kann.<\/li>\n<li>Es handelt sich um ein umfassendes Konzept, das nicht nur die Linsen, sondern auch gro\u00dfartige digitale Tools einschlie\u00dft, die alle Beteiligten unterst\u00fctzen.<\/li>\n<li>Es gibt zwei verschiedene Arten von Linsen, Nacht- und Tageslinsen, um den verschiedenen Bed\u00fcrfnissen gerecht zu werden.<\/li>\n<li>Bei der Entwicklung der Linsen wurde speziell an die Zielgruppe der Kinder gedacht.<\/li>\n<\/ul><\/div><\/div><\/div><button id=\"div_block-86-13\" class=\"ct-div-block oxel_accordion__row\"  aria-expanded=\"false\"><div id=\"div_block-87-13\" class=\"ct-div-block oxel_accordion__row_left\" ><div id=\"text_block-128-13\" class=\"ct-text-block oxel_accordion__row__bumber\" >2<\/div><div id=\"text_block-89-13\" class=\"ct-text-block oxel_accordion__row__label\" >Welche wissenschaftlichen Fakten belegen die Wirksamkeit der Menicon Bloom\u2122 Linsen?<\/div><\/div><div id=\"fancy_icon-90-13\" class=\"ct-fancy-icon oxel_accordion__icon\" ><svg id=\"svg-fancy_icon-90-13\"><use xlink:href=\"#FontAwesomeicon-caret-down\"><\/use><\/svg><\/div><\/button><div id=\"div_block-91-13\" class=\"ct-div-block oxel_accordion__content oxel_accordion__content__hidden\" ><div id=\"div_block-92-13\" class=\"ct-div-block\" ><div id=\"_rich_text-104-13\" class=\"oxy-rich-text\" ><p>Menicon Bloom Night\u2122<\/p><ol><li>Cho P, Cheung SW. Retardation of myopia in Orthokeratology (ROMIO) study: a 2-year randomized clinical trial. Invest Ophthalmol Vis Sci. 2012 Oct 11;53(11):7077-85. doi:<\/li><li><span class=\"identifier doi\"><a class=\"id-link\" href=\"https:\/\/doi.org\/10.1167\/iovs.12-10565\" target=\"_blank\" rel=\"noopener\" data-ga-category=\"full_text\" data-ga-action=\"DOI\">10.1167\/iovs.12-10565<\/a><\/span><\/li><li>Santodomingo-Rubido J, Villa-Collar C, Gilmartin B, Guti\u00e9rrez-Ortega R. Myopia control with orthokeratology contact lenses in Spain: refractive and biometric changes. Invest Ophthalmol Vis Sci. 2012 Jul 31;53(8):5060-5.doi:<span class=\"identifier doi\"><a class=\"id-link\" href=\"https:\/\/doi.org\/10.1167\/iovs.11-8005\" target=\"_blank\" rel=\"noopener\" data-ga-category=\"full_text\" data-ga-action=\"DOI\">10.1167\/iovs.11-8005<\/a><\/span><\/li><li>Chen C, Cheung SW, Cho P. Myopia control using toric orthokeratology (TO-SEE study). Invest Ophthalmol Vis Sci. 2013 Oct 3;54(10):6510-7.doi:<span class=\"identifier doi\"><a class=\"id-link\" href=\"https:\/\/doi.org\/10.1167\/iovs.13-12527\" target=\"_blank\" rel=\"noopener\" data-ga-category=\"full_text\" data-ga-action=\"DOI\">10.1167\/iovs.13-12527<\/a><\/span><\/li><li>Lau JK, Vincent SJ, Cheung SW, Cho P. Higher-Order Aberrations and Axial Elongation in Myopic Children Treated With Orthokeratology. Invest Ophthalmol Vis Sci. 2020 Feb 7;61(2):22. doi:<span class=\"identifier doi\"><a class=\"id-link\" href=\"https:\/\/doi.org\/10.1167\/iovs.61.2.22\" target=\"_blank\" rel=\"noopener\" data-ga-category=\"full_text\" data-ga-action=\"DOI\">10.1167\/iovs.61.2.22<\/a><\/span><\/li><\/ol><p><br \/>Menicon Bloom Day\u2122<\/p><ol><li>Cooper J, O'Connor B, Aller T, Dillehay SM, Weibel K, Benoit D. Reduction of Myopic Progression Using a Multifocal Soft Contact Lens: A Retrospective Cohort Study. Clin Ophthalmol. 2022 Jul 4;16:2145-2155.doi:<span class=\"identifier doi\"><a class=\"id-link\" href=\"https:\/\/doi.org\/10.2147\/opth.s370041\" target=\"_blank\" rel=\"noopener\" data-ga-category=\"full_text\" data-ga-action=\"DOI\">10.2147\/OPTH.S370041<\/a><\/span><\/li><li>Visioneering Technologies Inc. The naturalvue multifocal power profile. Available <a href=\"https:\/\/vtivision.com\/wp-content\/uploads\/2020\/05\/MKTNVMWEQ1r0_NVMF_PowerProfileWeb_FNL.pdf\" target=\"_blank\" rel=\"noopener\">here<\/a> (accessed October 5, 2023)<\/li><li>Cooper J, O\u02bcConnor B, Watanabe R, Fuerst R, Berger S, Eisenberg N, Dillehay SM. Case Series Analysis of Myopic Progression Control With a Unique Extended Depth of Focus Multifocal Contact Lens. Eye Contact Lens. 2018 Sep;44(5):e16-e24. doi:<span class=\"identifier doi\"><a class=\"id-link\" href=\"https:\/\/doi.org\/10.1097\/icl.0000000000000440\" target=\"_blank\" rel=\"noopener\" data-ga-category=\"full_text\" data-ga-action=\"DOI\">10.1097\/ICL.0000000000000440<\/a><\/span><br \/><br \/><\/li><\/ol><\/div><\/div><\/div><button id=\"div_block-94-13\" class=\"ct-div-block oxel_accordion__row\"  aria-expanded=\"false\"><div id=\"div_block-95-13\" class=\"ct-div-block oxel_accordion__row_left\" ><div id=\"text_block-130-13\" class=\"ct-text-block oxel_accordion__row__bumber\" >3<\/div><div id=\"text_block-97-13\" class=\"ct-text-block oxel_accordion__row__label\" >Was ist Myopie und warum spielt sie eine wichtige Rolle?<\/div><\/div><div id=\"fancy_icon-98-13\" class=\"ct-fancy-icon oxel_accordion__icon\" ><svg id=\"svg-fancy_icon-98-13\"><use xlink:href=\"#FontAwesomeicon-caret-down\"><\/use><\/svg><\/div><\/button><div id=\"div_block-99-13\" class=\"ct-div-block oxel_accordion__content oxel_accordion__content__hidden\" ><div id=\"div_block-100-13\" class=\"ct-div-block\" ><div id=\"_rich_text-105-13\" class=\"oxy-rich-text\" ><p>Myopie ist ein Sehfehler, durch den man Objekte in der Ferne verschwommen sieht. Dies kann sich negativ auf die Lebensqualit\u00e4t des Betroffenen auswirken.<\/p><p>Bei Kindern nimmt die Kurzsichtigkeit h\u00e4ufig zu und ihr rasches Fortschreiten kann zu einem \u00fcberm\u00e4\u00dfigen Wachstum des Auges f\u00fchren. Dadurch erh\u00f6ht sich das Risiko ernsthafter Augenerkrankungen wie Glaukom, myopische Makulopathie sowie Glask\u00f6rper- und Netzhautabl\u00f6sungen, die zum Verlust der Sehkraft f\u00fchren k\u00f6nnen.<\/p><p>Geeignete Therapien mit dem Ziel, die Zunahme der Myopie zu mindern und somit starke Kurzsichtigkeit zu verhindern, k\u00f6nnten Millionen von Menschen zugutekommen.<\/p><\/div><\/div><\/div><button id=\"div_block-106-13\" class=\"ct-div-block oxel_accordion__row\"  aria-expanded=\"false\"><div id=\"div_block-107-13\" class=\"ct-div-block oxel_accordion__row_left\" ><div id=\"text_block-132-13\" class=\"ct-text-block oxel_accordion__row__bumber\" >4<\/div><div id=\"text_block-109-13\" class=\"ct-text-block oxel_accordion__row__label\" >Was ist Myopie Management?<\/div><\/div><div id=\"fancy_icon-110-13\" class=\"ct-fancy-icon oxel_accordion__icon\" ><svg id=\"svg-fancy_icon-110-13\"><use xlink:href=\"#FontAwesomeicon-caret-down\"><\/use><\/svg><\/div><\/button><div id=\"div_block-111-13\" class=\"ct-div-block oxel_accordion__content oxel_accordion__content__hidden\" ><div id=\"div_block-112-13\" class=\"ct-div-block\" ><div id=\"_rich_text-113-13\" class=\"oxy-rich-text\" ><p class=\"p1\">Der Begriff \u201eMyopie Management\u201c wird von optometrischen Fachgremien und anderen Organisationen weltweit verwendet, um klinische Ans\u00e4tze zu beschreiben, mit deren Hilfe Augenspezialisten den akuten Refraktionsfehler eines Fehlsichtigen (d. h. die Korrektur der Myopie) und das Fortschreiten der Myopie langfristig verbessern (d. h. das Fortschreiten der Myopie und das axiale L\u00e4ngenwachstum des Auges mindern).<\/p><\/div><\/div><\/div><button id=\"div_block-115-13\" class=\"ct-div-block oxel_accordion__row\"  aria-expanded=\"false\"><div id=\"div_block-116-13\" class=\"ct-div-block oxel_accordion__row_left\" ><div id=\"text_block-124-13\" class=\"ct-text-block oxel_accordion__row__bumber\" >5<\/div><div id=\"text_block-118-13\" class=\"ct-text-block oxel_accordion__row__label\" >Optionen im Myopie Management<\/div><\/div><div id=\"fancy_icon-119-13\" class=\"ct-fancy-icon oxel_accordion__icon\" ><svg id=\"svg-fancy_icon-119-13\"><use xlink:href=\"#FontAwesomeicon-caret-down\"><\/use><\/svg><\/div><\/button><div id=\"div_block-120-13\" class=\"ct-div-block oxel_accordion__content oxel_accordion__content__hidden\" ><div id=\"div_block-121-13\" class=\"ct-div-block\" ><div id=\"_rich_text-122-13\" class=\"oxy-rich-text\" ><ul><li>Vermehrte Aktivit\u00e4ten im Freien k\u00f6nnen das Auftreten von Kurzsichtigkeit verhindern oder verz\u00f6gern.<\/li><li>Folgende Optionen k\u00f6nnen das Fortschreiten der Myopie verlangsamen:\u00a0<ul><li>Spezielle Kontaktlinsen-Designs<ul><li>Orthokeratologie (OK)<\/li><li>Multifokale Designs<\/li><\/ul><\/li><li>Medikamente<\/li><li>Spezielle Brillengl\u00e4ser<\/li><\/ul><\/li><\/ul><\/div><\/div><\/div><\/div><\/div><\/section><section id=\"section-17-13\" class=\" ct-section\" ><div class=\"ct-section-inner-wrap\"><div id=\"new_columns-18-13\" class=\"ct-new-columns\" ><div id=\"div_block-19-13\" class=\"ct-div-block\" ><h2 id=\"headline-20-13\" class=\"ct-headline\">Menicon Bloom\u2122: Alles, was Sie brauchen, um eine sichere und wirksame Myopiekontrolle anzubieten.<\/h2><div id=\"_rich_text-21-13\" class=\"oxy-rich-text\" ><p>Wenn Sie sich f\u00fcr Menicon Bloom\u2122 interessieren, wenden Sie sich bitte an Ihre Menicon L\u00e4nderorganisation oder f\u00fcllen Sie das Kontaktformular aus.<\/p><\/div><\/div><div id=\"div_block-22-13\" class=\"ct-div-block\" ><a id=\"link_button-23-13\" class=\"ct-link-button\" href=\"http:\/\/\" target=\"_self\"  >Kontakt<\/a><\/div><\/div><\/div><\/section>            <div tabindex=\"-1\" class=\"oxy-modal-backdrop center \"\n                style=\"background-color: rgba(0,0,0,0.5);\"\n                data-trigger=\"user_clicks_element\"                data-trigger-selector=\"#link_button-23-13\"                data-trigger-time=\"5\"                data-trigger-time-unit=\"seconds\"                data-close-automatically=\"no\"                data-close-after-time=\"10\"                data-close-after-time-unit=\"seconds\"                data-trigger_scroll_amount=\"50\"                data-trigger_scroll_direction=\"down\"\t            data-scroll_to_selector=\"\"\t            data-time_inactive=\"60\"\t            data-time-inactive-unit=\"seconds\"\t            data-number_of_clicks=\"3\"\t            data-close_on_esc=\"on\"\t            data-number_of_page_views=\"3\"                data-close-after-form-submit=\"no\"                data-open-again=\"always_show\"                data-open-again-after-days=\"3\"            >\n\n                <div id=\"modal-133-13\" class=\"ct-modal\" ><a id=\"link-134-13\" class=\"ct-link oxy-close-modal\" href=\"http:\/\/\" target=\"_self\"  ><div id=\"fancy_icon-135-13\" class=\"ct-fancy-icon\" ><svg id=\"svg-fancy_icon-135-13\"><use xlink:href=\"#FontAwesomeicon-close\"><\/use><\/svg><\/div><\/a><div id=\"code_block-136-13\" class=\"ct-code-block\" ><iframe loading=\"lazy\" src=\"https:\/\/menicon.us10.list-manage.com\/subscribe?u=590f43d19a8cfde3dd8abb7e2&id=ef2dc13b2e\" width=\"100%\" height=\"100%\" style=\"border:none;\"><\/iframe>\n<\/div><\/div>\n            <\/div>\n        ","protected":false},"excerpt":{"rendered":"","protected":false},"author":1,"featured_media":0,"parent":0,"menu_order":30,"comment_status":"closed","ping_status":"closed","template":"","meta":{"_acf_changed":false,"footnotes":""},"class_list":["post-34","page","type-page","status-publish","hentry"],"acf":[],"_links":{"self":[{"href":"https:\/\/meniconbloom.com\/de-at\/wp-json\/wp\/v2\/pages\/34","targetHints":{"allow":["GET"]}}],"collection":[{"href":"https:\/\/meniconbloom.com\/de-at\/wp-json\/wp\/v2\/pages"}],"about":[{"href":"https:\/\/meniconbloom.com\/de-at\/wp-json\/wp\/v2\/types\/page"}],"author":[{"embeddable":true,"href":"https:\/\/meniconbloom.com\/de-at\/wp-json\/wp\/v2\/users\/1"}],"replies":[{"embeddable":true,"href":"https:\/\/meniconbloom.com\/de-at\/wp-json\/wp\/v2\/comments?post=34"}],"version-history":[{"count":2,"href":"https:\/\/meniconbloom.com\/de-at\/wp-json\/wp\/v2\/pages\/34\/revisions"}],"predecessor-version":[{"id":395,"href":"https:\/\/meniconbloom.com\/de-at\/wp-json\/wp\/v2\/pages\/34\/revisions\/395"}],"wp:attachment":[{"href":"https:\/\/meniconbloom.com\/de-at\/wp-json\/wp\/v2\/media?parent=34"}],"curies":[{"name":"wp","href":"https:\/\/api.w.org\/{rel}","templated":true}]}}