{"id":15,"date":"2023-10-25T13:08:01","date_gmt":"2023-10-25T13:08:01","guid":{"rendered":"https:\/\/meniconbloom.com\/de-ch\/?page_id=15"},"modified":"2024-10-02T16:06:06","modified_gmt":"2024-10-02T16:06:06","slug":"professionals","status":"publish","type":"page","link":"https:\/\/meniconbloom.com\/de-ch\/professionals\/","title":{"rendered":"Menicon Bloom f\u00fcr Spezialisten"},"content":{"rendered":"<section id=\"section-2-36\" class=\" ct-section\" style=\"background-image:url(http:\/\/meniconbloom.com\/de\/wp-content\/uploads\/2023\/08\/Menicon-Bloom-professional-cover.png);background-size: cover;\" ><div class=\"ct-section-inner-wrap\"><div id=\"div_block-85-36\" class=\"ct-div-block\" ><h1 id=\"headline-83-36\" class=\"ct-headline\">Menicon Bloom\u2122<\/h1><h2 id=\"headline-81-36\" class=\"ct-headline\">Wenn ein Kind klar sehen kann, sind ihm keine Grenzen gesetzt.\n<\/h2><\/div><\/div><\/section><section id=\"section-8-36\" class=\" ct-section\" ><div class=\"ct-section-inner-wrap\"><div id=\"div_block-11-36\" class=\"ct-div-block\" ><img decoding=\"async\"  id=\"image-9-36\" alt=\"\" src=\"https:\/\/meniconbloom.com\/de-ch\/wp-content\/uploads\/sites\/24\/2023\/07\/02.-Myopia-Menicon-Bloom-MB-Logo-PNG-Master-version-20191016.png\" class=\"ct-image\" srcset-disabled=\"https:\/\/meniconbloom.com\/de-ch\/wp-content\/uploads\/sites\/24\/2023\/07\/02.-Myopia-Menicon-Bloom-MB-Logo-PNG-Master-version-20191016.png 552w, https:\/\/meniconbloom.com\/de-ch\/wp-content\/uploads\/sites\/24\/2023\/07\/02.-Myopia-Menicon-Bloom-MB-Logo-PNG-Master-version-20191016-300x96.png 300w\" sizes=\"(max-width: 552px) 100vw, 552px\" \/><div id=\"_rich_text-10-36\" class=\"oxy-rich-text\" ><p>Als Kontaktlinsenspezialist wollen Sie hochwertige Dienstleistungen anbieten? Menicon hat im Zuge seines permanenten Engagements f&uuml;r die Versorgung und Behandlung von Myopie einen umfassenden&nbsp;Versorgungsansatz entwickelt, um die Entwicklung der Myopie zu mindern: <strong>Menicon Bloom<sup>TM<\/sup><\/strong> .<\/p><\/div><\/div><div id=\"code_block-160-36\" class=\"ct-code-block\" ><video controls width=\"100%\">\n  <source src=\"\/wp-content\/uploads\/2023\/07\/01.-Myopia-Menicon-Bloom-BB2B-Menicon-Bloom-Concept-Full-lineup-Master-version-20210427-1.mp4\">\n<\/video><\/div><div id=\"_rich_text-15-36\" class=\"oxy-rich-text\" ><p>Menicon Bloom&trade; ist unser innovatives Programm f&uuml;r die Versorgung von Myopie. Wir m&ouml;chten Ihnen helfen, Ihre Ziele mit Menicon Bloom&trade; zu erreichen und betrachten diese Herausforderung als eine gemeinsame Reise.<\/p>\n<p>Menicon Bloom&trade; verf&uuml;gt &uuml;ber <strong>digitale Tools<\/strong> zur Verwaltung jedes einzelnen Kindes mit Kurzsichtigkeit: Menicon Bloom&trade; Easyfit f&uuml;r die Spezialisten und die Menicon Bloom&trade; App f&uuml;r die Kinder und deren Eltern. Dar&uuml;ber hinaus gibt es <strong>zwei Arten von CE-zertifizierten Kontaktlinsen<\/strong>, Menicon Bloom Night&trade; und Menicon Bloom Day&trade;, sowie die Linsenpflegeprodukte Menicon Bloom Care&trade; und Menicon Bloom Progent&trade;.<\/p><\/div><a id=\"link_button-166-36\" class=\"ct-link-button\" href=\"\/de-ch\/wp-content\/uploads\/sites\/24\/2024\/03\/whitepaper-meniconbloom_207_1662653001.pdf\" target=\"_blank\"  >White Paper herunterladen<\/a><\/div><\/section><section id=\"section-72-36\" class=\" ct-section\" ><div class=\"ct-section-inner-wrap\"><div id=\"new_columns-73-36\" class=\"ct-new-columns\" ><div id=\"div_block-74-36\" class=\"ct-div-block\" ><h2 id=\"headline-75-36\" class=\"ct-headline\">Alles was Sie brauchen, um eine sichere und wirksame Versorgung der Myopie anzubieten.<\/h2><div id=\"_rich_text-76-36\" class=\"oxy-rich-text\" ><p>Wenn Sie sich f\u00fcr Menicon Bloom\u2122 interessieren, wenden Sie sich bitte an uns.<\/p><\/div><\/div><div id=\"div_block-77-36\" class=\"ct-div-block\" ><a id=\"link_button-78-36\" class=\"ct-link-button\" href=\"http:\/\/\"   >Kontakt<\/a><\/div><\/div><\/div><\/section><section id=\"section-17-36\" class=\" ct-section\" ><div class=\"ct-section-inner-wrap\"><h2 id=\"headline-24-36\" class=\"ct-headline\">Wie funktioniert das?<\/h2><div id=\"new_columns-105-36\" class=\"ct-new-columns\" ><div id=\"div_block-106-36\" class=\"ct-div-block\" ><img decoding=\"async\"  id=\"image-30-36\" alt=\"Menicon Bloom Esyfit\" src=\"https:\/\/meniconbloom.com\/de-ch\/wp-content\/uploads\/sites\/24\/2023\/07\/Menicon-Bloom-2.png\" class=\"ct-image\" srcset-disabled=\"https:\/\/meniconbloom.com\/de-ch\/wp-content\/uploads\/sites\/24\/2023\/07\/Menicon-Bloom-2.png 500w, https:\/\/meniconbloom.com\/de-ch\/wp-content\/uploads\/sites\/24\/2023\/07\/Menicon-Bloom-2-300x274.png 300w\" sizes=\"(max-width: 500px) 100vw, 500px\" \/><\/div><div id=\"div_block-107-36\" class=\"ct-div-block\" ><h3 id=\"headline-135-36\" class=\"ct-headline\">Menicon Bloom\u2122 Easyfit<\/h3><div id=\"_rich_text-31-36\" class=\"oxy-rich-text\" ><p>als cloudbasiertes System hilft Ihnen, Fall individuell zu analysieren, die richtigen Linsen zu bestimmen, sie anzupassen, die empfohlenen Nachuntersuchungen bei Kindern durchzuf&uuml;hren sowie die Fortschritte im Blick zu haben.<\/p><\/div><a id=\"link_button-38-36\" class=\"ct-link-button\" href=\"\/de-ch\/professionals\/menicon-bloom-easyfit\/\"   >Mehr erfahren<\/a><\/div><\/div><div id=\"new_columns-111-36\" class=\"ct-new-columns\" ><div id=\"div_block-112-36\" class=\"ct-div-block\" ><h3 id=\"headline-137-36\" class=\"ct-headline\">Menicon Bloom\u2122 App<\/h3><div id=\"_rich_text-33-36\" class=\"oxy-rich-text\" ><p>Unterst\u00fctzung f\u00fcr die Kinder und deren Eltern, vereinfachte Abl\u00e4ufe in Ihrem Alltag. Mit der Menicon Bloom\u2122 App k\u00f6nnen Sie den Kindern und deren Eltern verschiedene Hilfsmittel zur Verf\u00fcgung stellen, u.a. kinderfreundliche Videoanleitungen zur Handhabung und Pflege der Linsen. Au\u00dferdem dient die App der Nachverfolgung aller Fortschritte der Myopiekontrolle und dem Umgang mit Linsen mittels kurzer Befragungen. Dar\u00fcber hinaus k\u00f6nnen Nachrichten gesendet und empfangen werden.<\/p><\/div><a id=\"link_button-41-36\" class=\"ct-link-button\" href=\"\/de-ch\/professionals\/menicon-bloom-app\/\"   >Mehr erfahren<\/a><\/div><div id=\"div_block-113-36\" class=\"ct-div-block\" ><img decoding=\"async\"  id=\"image-32-36\" alt=\"Menicon Bloom app\" src=\"https:\/\/meniconbloom.com\/de-ch\/wp-content\/uploads\/sites\/24\/2023\/07\/Menicon-Bloom-3-2.png\" class=\"ct-image\" srcset-disabled=\"https:\/\/meniconbloom.com\/de-ch\/wp-content\/uploads\/sites\/24\/2023\/07\/Menicon-Bloom-3-2.png 1001w, https:\/\/meniconbloom.com\/de-ch\/wp-content\/uploads\/sites\/24\/2023\/07\/Menicon-Bloom-3-2-300x300.png 300w, https:\/\/meniconbloom.com\/de-ch\/wp-content\/uploads\/sites\/24\/2023\/07\/Menicon-Bloom-3-2-150x150.png 150w, https:\/\/meniconbloom.com\/de-ch\/wp-content\/uploads\/sites\/24\/2023\/07\/Menicon-Bloom-3-2-768x768.png 768w\" sizes=\"(max-width: 1001px) 100vw, 1001px\" \/><\/div><\/div><div id=\"new_columns-117-36\" class=\"ct-new-columns\" ><div id=\"div_block-118-36\" class=\"ct-div-block\" ><img decoding=\"async\"  id=\"image-34-36\" alt=\"Menicon Bloom Night\" src=\"https:\/\/meniconbloom.com\/de-ch\/wp-content\/uploads\/sites\/24\/2023\/07\/Menicon-Bloom-4.png\" class=\"ct-image\" srcset-disabled=\"https:\/\/meniconbloom.com\/de-ch\/wp-content\/uploads\/sites\/24\/2023\/07\/Menicon-Bloom-4.png 500w, https:\/\/meniconbloom.com\/de-ch\/wp-content\/uploads\/sites\/24\/2023\/07\/Menicon-Bloom-4-300x300.png 300w, https:\/\/meniconbloom.com\/de-ch\/wp-content\/uploads\/sites\/24\/2023\/07\/Menicon-Bloom-4-150x150.png 150w\" sizes=\"(max-width: 500px) 100vw, 500px\" \/><\/div><div id=\"div_block-119-36\" class=\"ct-div-block\" ><h3 id=\"headline-140-36\" class=\"ct-headline\">Menicon Bloom Night\u2122<\/h3><div id=\"_rich_text-35-36\" class=\"oxy-rich-text\" ><p>Menicon Bloom Night\u2122 ist unsere Versorgungsoption f\u00fcr die Nacht. Eine speziell entwickelte Orthokeratologielinse zur Myopiekontrolle und f\u00fcr die Korrektur der Kurzsichtigkeit, inkl. der dazugeh\u00f6rigen Pflegeprodukte: Menicon Bloom Care\u2122 und Menicon Bloom Progent\u2122.<\/p><\/div><a id=\"link_button-44-36\" class=\"ct-link-button\" href=\"\/de-ch\/professionals\/menicon-bloom-night\/\"   >Mehr erfahren<\/a><\/div><\/div><div id=\"new_columns-148-36\" class=\"ct-new-columns\" ><div id=\"div_block-149-36\" class=\"ct-div-block\" ><h3 id=\"headline-143-36\" class=\"ct-headline\">Menicon Bloom Day\u2122<\/h3><div id=\"_rich_text-37-36\" class=\"oxy-rich-text\" ><p>ist die Versorgungsoption f&uuml;r den t&auml;glichen Wechsel. Das Design der weichen Tageskontaktlinse wurde speziell entwickelt, um einen Defokus auf der peripheren Netzhaut zu erzielen und so die Myopie zu regulieren.<\/p>\n<p>&nbsp;<\/p><\/div><a id=\"link_button-66-36\" class=\"ct-link-button\" href=\"\/de-ch\/professionals\/menicon-bloom-day\/\"   >Mehr erfahren<\/a><\/div><div id=\"div_block-150-36\" class=\"ct-div-block\" ><img decoding=\"async\"  id=\"image-36-36\" alt=\"Menicon Bloom Day\" src=\"https:\/\/meniconbloom.com\/de-ch\/wp-content\/uploads\/sites\/24\/2023\/07\/Menicon-Bloom-5-2.png\" class=\"ct-image\" srcset-disabled=\"https:\/\/meniconbloom.com\/de-ch\/wp-content\/uploads\/sites\/24\/2023\/07\/Menicon-Bloom-5-2.png 500w, https:\/\/meniconbloom.com\/de-ch\/wp-content\/uploads\/sites\/24\/2023\/07\/Menicon-Bloom-5-2-300x300.png 300w, https:\/\/meniconbloom.com\/de-ch\/wp-content\/uploads\/sites\/24\/2023\/07\/Menicon-Bloom-5-2-150x150.png 150w\" sizes=\"(max-width: 500px) 100vw, 500px\" \/><\/div><\/div><\/div><\/section><section id=\"section-151-36\" class=\" ct-section\" ><div class=\"ct-section-inner-wrap\"><div id=\"div_block-152-36\" class=\"ct-div-block\" ><h2 id=\"headline-153-36\" class=\"ct-headline\">Menicon Bloom\u2122, ein umfassendes Konzept zur Versorgung von Myopie<\/h2><div id=\"_rich_text-154-36\" class=\"oxy-rich-text\" ><p>Wenn Sie sich f\u00fcr Menicon Bloom\u2122 interessieren, wenden Sie sich bitte an uns.<\/p><\/div><div id=\"div_block-155-36\" class=\"ct-div-block\" ><div id=\"div_block-156-36\" class=\"ct-div-block\" ><a id=\"link_button-157-36\" class=\"ct-link-button\" href=\"http:\/\/\"   >Kontakt<\/a><\/div><div id=\"div_block-158-36\" class=\"ct-div-block\" ><a id=\"link_button-159-36\" class=\"ct-link-button\" href=\"\/de-ch\/wp-content\/uploads\/sites\/24\/2024\/03\/MSBBLOOMDE_Menicon-Bloom_Produktbroschure_web.pdf\" target=\"_blank\"  >Informationen herunterladen<\/a><\/div><\/div><\/div><\/div><\/section>            <div tabindex=\"-1\" class=\"oxy-modal-backdrop center \"\n                style=\"background-color: rgba(0,0,0,0.5);\"\n                data-trigger=\"user_clicks_element\"                data-trigger-selector=\"#link_button-78-36\"                data-trigger-time=\"5\"                data-trigger-time-unit=\"seconds\"                data-close-automatically=\"no\"                data-close-after-time=\"10\"                data-close-after-time-unit=\"seconds\"                data-trigger_scroll_amount=\"50\"                data-trigger_scroll_direction=\"down\"\t            data-scroll_to_selector=\"\"\t            data-time_inactive=\"60\"\t            data-time-inactive-unit=\"seconds\"\t            data-number_of_clicks=\"3\"\t            data-close_on_esc=\"on\"\t            data-number_of_page_views=\"3\"                data-close-after-form-submit=\"no\"                data-open-again=\"always_show\"                data-open-again-after-days=\"3\"            >\n\n                <div id=\"modal-162-36\" class=\"ct-modal\" ><a id=\"link-163-36\" class=\"ct-link oxy-close-modal\" href=\"http:\/\/\" target=\"_self\"  ><div id=\"fancy_icon-164-36\" class=\"ct-fancy-icon\" ><svg id=\"svg-fancy_icon-164-36\"><use xlink:href=\"#FontAwesomeicon-close\"><\/use><\/svg><\/div><\/a><div id=\"code_block-165-36\" class=\"ct-code-block\" ><iframe loading=\"lazy\" src=\"https:\/\/menicon.us10.list-manage.com\/subscribe?u=590f43d19a8cfde3dd8abb7e2&id=ef2dc13b2e\" width=\"100%\" height=\"100%\" style=\"border:none;\"><\/iframe>\n<\/div><\/div>\n            <\/div>\n                    <div tabindex=\"-1\" class=\"oxy-modal-backdrop center \"\n                style=\"background-color: rgba(0,0,0,0.5);\"\n                data-trigger=\"user_clicks_element\"                data-trigger-selector=\"#link_button-157-36\"                data-trigger-time=\"5\"                data-trigger-time-unit=\"seconds\"                data-close-automatically=\"no\"                data-close-after-time=\"10\"                data-close-after-time-unit=\"seconds\"                data-trigger_scroll_amount=\"50\"                data-trigger_scroll_direction=\"down\"\t            data-scroll_to_selector=\"\"\t            data-time_inactive=\"60\"\t            data-time-inactive-unit=\"seconds\"\t            data-number_of_clicks=\"3\"\t            data-close_on_esc=\"on\"\t            data-number_of_page_views=\"3\"                data-close-after-form-submit=\"no\"                data-open-again=\"always_show\"                data-open-again-after-days=\"3\"            >\n\n                <div id=\"modal-167-36\" class=\"ct-modal\" ><a id=\"link-168-36\" class=\"ct-link oxy-close-modal\" href=\"http:\/\/\" target=\"_self\"  ><div id=\"fancy_icon-169-36\" class=\"ct-fancy-icon\" ><svg id=\"svg-fancy_icon-169-36\"><use xlink:href=\"#FontAwesomeicon-close\"><\/use><\/svg><\/div><\/a><div id=\"code_block-170-36\" class=\"ct-code-block\" ><iframe loading=\"lazy\" src=\"https:\/\/menicon.us10.list-manage.com\/subscribe?u=590f43d19a8cfde3dd8abb7e2&id=ef2dc13b2e\" width=\"100%\" height=\"100%\" style=\"border:none;\"><\/iframe>\n<\/div><\/div>\n            <\/div>\n        ","protected":false},"excerpt":{"rendered":"","protected":false},"author":1,"featured_media":0,"parent":0,"menu_order":10,"comment_status":"closed","ping_status":"closed","template":"","meta":{"_acf_changed":false,"footnotes":""},"class_list":["post-15","page","type-page","status-publish","hentry"],"acf":[],"_links":{"self":[{"href":"https:\/\/meniconbloom.com\/de-ch\/wp-json\/wp\/v2\/pages\/15","targetHints":{"allow":["GET"]}}],"collection":[{"href":"https:\/\/meniconbloom.com\/de-ch\/wp-json\/wp\/v2\/pages"}],"about":[{"href":"https:\/\/meniconbloom.com\/de-ch\/wp-json\/wp\/v2\/types\/page"}],"author":[{"embeddable":true,"href":"https:\/\/meniconbloom.com\/de-ch\/wp-json\/wp\/v2\/users\/1"}],"replies":[{"embeddable":true,"href":"https:\/\/meniconbloom.com\/de-ch\/wp-json\/wp\/v2\/comments?post=15"}],"version-history":[{"count":7,"href":"https:\/\/meniconbloom.com\/de-ch\/wp-json\/wp\/v2\/pages\/15\/revisions"}],"predecessor-version":[{"id":440,"href":"https:\/\/meniconbloom.com\/de-ch\/wp-json\/wp\/v2\/pages\/15\/revisions\/440"}],"wp:attachment":[{"href":"https:\/\/meniconbloom.com\/de-ch\/wp-json\/wp\/v2\/media?parent=15"}],"curies":[{"name":"wp","href":"https:\/\/api.w.org\/{rel}","templated":true}]}}