{"id":25,"date":"2023-10-25T13:11:58","date_gmt":"2023-10-25T13:11:58","guid":{"rendered":"https:\/\/meniconbloom.com\/de-ch\/?page_id=25"},"modified":"2024-10-02T16:07:52","modified_gmt":"2024-10-02T16:07:52","slug":"patients","status":"publish","type":"page","link":"https:\/\/meniconbloom.com\/de-ch\/patients\/","title":{"rendered":"Menicon Bloom f\u00fcr Betroffene"},"content":{"rendered":"<section id=\"section-2-11\" class=\" ct-section\" style=\"background-image: linear-gradient(90deg, rgba(0,0,0,0.4), rgba(0,0,0,0)), url(http:\/\/meniconbloom.com\/de\/wp-content\/uploads\/2023\/07\/Menicon-Bloom-patient-1.png);background-size:auto,  cover;\" ><div class=\"ct-section-inner-wrap\"><div id=\"div_block-11-11\" class=\"ct-div-block\" ><h1 id=\"headline-3-11\" class=\"ct-headline\">Menicon Bloom\u2122<br><\/h1><h2 id=\"headline-5-11\" class=\"ct-headline\">Wir haben Spitzentechnologie eingesetzt, damit der Traum vom klaren Sehen bei Kindern mit Kurzsichtigkeit wahr wird.&nbsp;<br><\/h2><\/div><\/div><\/section><section id=\"section-13-11\" class=\" ct-section\" ><div class=\"ct-section-inner-wrap\"><div id=\"div_block-16-11\" class=\"ct-div-block\" ><img decoding=\"async\"  id=\"image-14-11\" alt=\"\" src=\"https:\/\/meniconbloom.com\/de-ch\/wp-content\/uploads\/sites\/24\/2023\/07\/02.-Myopia-Menicon-Bloom-MB-Logo-PNG-Master-version-20191016.png\" class=\"ct-image\" srcset-disabled=\"https:\/\/meniconbloom.com\/de-ch\/wp-content\/uploads\/sites\/24\/2023\/07\/02.-Myopia-Menicon-Bloom-MB-Logo-PNG-Master-version-20191016.png 552w, https:\/\/meniconbloom.com\/de-ch\/wp-content\/uploads\/sites\/24\/2023\/07\/02.-Myopia-Menicon-Bloom-MB-Logo-PNG-Master-version-20191016-300x96.png 300w\" sizes=\"(max-width: 552px) 100vw, 552px\" \/><div id=\"_rich_text-15-11\" class=\"oxy-rich-text\" ><p>Menicon Bloom\u2122 ist ein innovatives Versorgungskonzept f\u00fcr Kurzsichtigkeit bei Kindern. Wir m\u00f6chten es so einfach wie m\u00f6glich machen, dass Kontaktlinsen ganz selbstverst\u00e4ndlich in den Alltag integriert werden.<\/p><\/div><\/div><img decoding=\"async\"  id=\"image-18-11\" alt=\"\" src=\"https:\/\/meniconbloom.com\/de-ch\/wp-content\/uploads\/sites\/24\/2023\/07\/Menicon-Bloom-patient-2.png\" class=\"ct-image\" srcset-disabled=\"https:\/\/meniconbloom.com\/de-ch\/wp-content\/uploads\/sites\/24\/2023\/07\/Menicon-Bloom-patient-2.png 1920w, https:\/\/meniconbloom.com\/de-ch\/wp-content\/uploads\/sites\/24\/2023\/07\/Menicon-Bloom-patient-2-300x300.png 300w, https:\/\/meniconbloom.com\/de-ch\/wp-content\/uploads\/sites\/24\/2023\/07\/Menicon-Bloom-patient-2-1024x1024.png 1024w, https:\/\/meniconbloom.com\/de-ch\/wp-content\/uploads\/sites\/24\/2023\/07\/Menicon-Bloom-patient-2-150x150.png 150w, https:\/\/meniconbloom.com\/de-ch\/wp-content\/uploads\/sites\/24\/2023\/07\/Menicon-Bloom-patient-2-768x768.png 768w, https:\/\/meniconbloom.com\/de-ch\/wp-content\/uploads\/sites\/24\/2023\/07\/Menicon-Bloom-patient-2-1536x1536.png 1536w\" sizes=\"(max-width: 1920px) 100vw, 1920px\" \/><div id=\"div_block-89-11\" class=\"ct-div-block\" ><h2 id=\"headline-87-11\" class=\"ct-headline\">Das Fortschreiten der Kurzsichtigkeit durch gezielte Intervention verlangsamen<\/h2><div id=\"_rich_text-19-11\" class=\"oxy-rich-text\" ><p>Die Myopie in den Griff bekommen und zwar durch das Verlangsamen des Augenl&auml;ngenwachstums. Genau das wollen wir mit Menicon Bloom&trade;&nbsp;erreichen.<\/p>\n<p>Dieses System wurde entwickelt, um Myopie sicher und wirksam zu kontrollieren. Menicon Bloom&trade; wirkt aber nicht nur der Entwicklung der Kurzsichtigkeit entgegen, sondern korrigiert auch die bereits bestehende Myopie, damit Ihr Kind tags&uuml;ber gut sehen kann.<\/p><\/div><\/div><\/div><\/section><section id=\"section-86-11\" class=\" ct-section\" ><div class=\"ct-section-inner-wrap\"><div id=\"div_block-61-11\" class=\"ct-div-block\" ><h2 id=\"headline-33-11\" class=\"ct-headline\">Das Angebot von Menicon Bloom\u2122<\/h2><div id=\"_rich_text-60-11\" class=\"oxy-rich-text\" ><p>Ihr Spezialist wird Ihnen anhand von graphischen Darstellungen zeigen, warum die Intervention bei einer Myopie so wichtig ist. Anschlie\u00dfend erkl\u00e4rt er Ihnen, wie genau Menicon Bloom<sup>TM<\/sup> Ihrem Kind helfen kann.<\/p><\/div><\/div><div id=\"new_columns-35-11\" class=\"ct-new-columns\" ><div id=\"div_block-36-11\" class=\"ct-div-block\" ><div id=\"div_block-44-11\" class=\"ct-div-block\" ><h3 id=\"headline-41-11\" class=\"ct-headline\">Menicon Bloom\u2122 App<\/h3><div id=\"_rich_text-43-11\" class=\"oxy-rich-text\" ><p>Die Menicon Bloom&trade;&nbsp;App ist der digitale Begleiter zwischen den Terminen.<\/p>\n<p>&nbsp;<\/p><\/div><\/div><div id=\"div_block-56-11\" class=\"ct-div-block\" ><h3 id=\"headline-57-11\" class=\"ct-headline\">Menicon Bloom Day\u2122<\/h3><div id=\"_rich_text-58-11\" class=\"oxy-rich-text\" ><p>Menicon Bloom Day\u2122 ist die weiche Kontaktlinsen-Variante, die man tags\u00fcber tragen und jeden Tag wechseln kann. So einfach kann es sein!<\/p><\/div><\/div><\/div><div id=\"div_block-37-11\" class=\"ct-div-block\" ><img decoding=\"async\"  id=\"image-39-11\" alt=\"\" src=\"https:\/\/meniconbloom.com\/de-ch\/wp-content\/uploads\/sites\/24\/2023\/08\/menicon-bloom-lineup_updated.png\" class=\"ct-image\" srcset-disabled=\"https:\/\/meniconbloom.com\/de-ch\/wp-content\/uploads\/sites\/24\/2023\/08\/menicon-bloom-lineup_updated.png 500w, https:\/\/meniconbloom.com\/de-ch\/wp-content\/uploads\/sites\/24\/2023\/08\/menicon-bloom-lineup_updated-300x212.png 300w\" sizes=\"(max-width: 500px) 100vw, 500px\" \/><\/div><div id=\"div_block-38-11\" class=\"ct-div-block\" ><div id=\"div_block-46-11\" class=\"ct-div-block\" ><h3 id=\"headline-47-11\" class=\"ct-headline\">Menicon Bloom Night\u2122<\/h3><div id=\"_rich_text-48-11\" class=\"oxy-rich-text\" ><p>Menicon Bloom Night\u2122 sind Nachtlinsen, die w\u00e4hrend des Schlafens getragen werden und die nach dem Abnehmen f\u00fcr klare Sicht den ganzen Tag sorgen!<\/p><\/div><\/div><div id=\"div_block-52-11\" class=\"ct-div-block\" ><h3 id=\"headline-53-11\" class=\"ct-headline\">Pflege<\/h3><div id=\"_rich_text-54-11\" class=\"oxy-rich-text\" ><p>Menicon Bloom Care\u2122 &amp; Menicon Bloom Progent\u2122 sind Pflegeprodukte, die die Menicon Bloom Night\u2122 Linsen sauber halten.<\/p><\/div><\/div><\/div><\/div><\/div><\/section><section id=\"section-20-11\" class=\" ct-section\" ><div class=\"ct-section-inner-wrap\"><div id=\"new_columns-21-11\" class=\"ct-new-columns\" ><div id=\"div_block-22-11\" class=\"ct-div-block\" ><h2 id=\"headline-23-11\" class=\"ct-headline\">WOLLEN SIE MEHR ERFAHREN?<br>Hier k\u00f6nnen Sie sich Informationen zu Menicon Bloom\u2122 herunterladen.<br><\/h2><div id=\"_rich_text-24-11\" class=\"oxy-rich-text\" ><p>F\u00fcr weitere Informationen wenden Sie sich bitte an Ihren Spezialisten.<\/p><\/div><\/div><div id=\"div_block-25-11\" class=\"ct-div-block\" ><a id=\"link_button-26-11\" class=\"ct-link-button\" href=\"\/de-ch\/wp-content\/uploads\/sites\/24\/2024\/03\/MSEVBLODE_MB-Broschuere_web.pdf\" target=\"_blank\"  >Informationen herunterladen<\/a><\/div><\/div><\/div><\/section>","protected":false},"excerpt":{"rendered":"","protected":false},"author":1,"featured_media":0,"parent":0,"menu_order":20,"comment_status":"closed","ping_status":"closed","template":"","meta":{"_acf_changed":false,"footnotes":""},"class_list":["post-25","page","type-page","status-publish","hentry"],"acf":[],"_links":{"self":[{"href":"https:\/\/meniconbloom.com\/de-ch\/wp-json\/wp\/v2\/pages\/25","targetHints":{"allow":["GET"]}}],"collection":[{"href":"https:\/\/meniconbloom.com\/de-ch\/wp-json\/wp\/v2\/pages"}],"about":[{"href":"https:\/\/meniconbloom.com\/de-ch\/wp-json\/wp\/v2\/types\/page"}],"author":[{"embeddable":true,"href":"https:\/\/meniconbloom.com\/de-ch\/wp-json\/wp\/v2\/users\/1"}],"replies":[{"embeddable":true,"href":"https:\/\/meniconbloom.com\/de-ch\/wp-json\/wp\/v2\/comments?post=25"}],"version-history":[{"count":5,"href":"https:\/\/meniconbloom.com\/de-ch\/wp-json\/wp\/v2\/pages\/25\/revisions"}],"predecessor-version":[{"id":432,"href":"https:\/\/meniconbloom.com\/de-ch\/wp-json\/wp\/v2\/pages\/25\/revisions\/432"}],"wp:attachment":[{"href":"https:\/\/meniconbloom.com\/de-ch\/wp-json\/wp\/v2\/media?parent=25"}],"curies":[{"name":"wp","href":"https:\/\/api.w.org\/{rel}","templated":true}]}}