{"id":21,"date":"2023-10-25T13:10:09","date_gmt":"2023-10-25T13:10:09","guid":{"rendered":"https:\/\/meniconbloom.com\/de\/?page_id=21"},"modified":"2024-10-02T15:46:59","modified_gmt":"2024-10-02T15:46:59","slug":"menicon-bloom-easyfit","status":"publish","type":"page","link":"https:\/\/meniconbloom.com\/de\/professionals\/menicon-bloom-easyfit\/","title":{"rendered":"Menicon Bloom Easyfit: Linsenberechnung, Anpass-Support und Nachsorge"},"content":{"rendered":"<section id=\"section-62-214\" class=\"oxy-video-background ct-section\" ><div class='oxy-video-container'><video autoplay loop playsinline muted><source src='https:\/\/meniconbloom.com\/de\/wp-content\/uploads\/2023\/09\/MB-EF-VIDEO_website3.mp4'><\/video><div class='oxy-video-overlay'><\/div><\/div><div class=\"ct-section-inner-wrap\"><h1 id=\"headline-63-214\" class=\"ct-headline\">Menicon Bloom\u2122 Easyfit<\/h1><\/div><\/section><section id=\"section-22-42\" class=\" ct-section\" ><div class=\"ct-section-inner-wrap\"><div id=\"div_block-58-42\" class=\"ct-div-block\" ><h2 id=\"headline-54-42\" class=\"ct-headline\">Menicon Bloom\u2122 Easyfit, Ihr digitaler Begleiter.<\/h2><div id=\"_rich_text-4-42\" class=\"oxy-rich-text\" ><p>Menicon Bloom\u2122 Easyfit ist eine benutzerfreundliche, cloudbasierte Software zur Anpassung von Kontaktlinsen und zum Monitoring des Verlaufs, die f\u00fcr den <strong>Einsatz im professionellen Bereich<\/strong> entwickelt wurde.<\/p><\/div><\/div><img decoding=\"async\"  id=\"image-64-214\" alt=\"\" src=\"https:\/\/meniconbloom.com\/de\/wp-content\/uploads\/sites\/15\/2023\/09\/FireFly-RGB-300.png\" class=\"ct-image\" srcset-disabled=\"https:\/\/meniconbloom.com\/de\/wp-content\/uploads\/sites\/15\/2023\/09\/FireFly-RGB-300.png 500w, https:\/\/meniconbloom.com\/de\/wp-content\/uploads\/sites\/15\/2023\/09\/FireFly-RGB-300-212x300.png 212w\" sizes=\"(max-width: 500px) 100vw, 500px\" \/><div id=\"new_columns-24-42\" class=\"ct-new-columns\" ><div id=\"div_block-25-42\" class=\"ct-div-block\" ><img decoding=\"async\"  id=\"image-27-42\" alt=\"\" src=\"https:\/\/meniconbloom.com\/de\/wp-content\/uploads\/sites\/15\/2023\/07\/Menicon-Bloom-Easyfit-1.png\" class=\"ct-image\" srcset-disabled=\"https:\/\/meniconbloom.com\/de\/wp-content\/uploads\/sites\/15\/2023\/07\/Menicon-Bloom-Easyfit-1.png 1310w, https:\/\/meniconbloom.com\/de\/wp-content\/uploads\/sites\/15\/2023\/07\/Menicon-Bloom-Easyfit-1-300x183.png 300w, https:\/\/meniconbloom.com\/de\/wp-content\/uploads\/sites\/15\/2023\/07\/Menicon-Bloom-Easyfit-1-1024x624.png 1024w, https:\/\/meniconbloom.com\/de\/wp-content\/uploads\/sites\/15\/2023\/07\/Menicon-Bloom-Easyfit-1-768x468.png 768w\" sizes=\"(max-width: 1310px) 100vw, 1310px\" \/><\/div><div id=\"div_block-26-42\" class=\"ct-div-block\" ><h3 id=\"headline-29-42\" class=\"ct-headline\">Myopie Prognose<\/h3><div id=\"_rich_text-28-42\" class=\"oxy-rich-text\" ><p>Mit diesem Tool k\u00f6nnen Sie pr\u00fcfen, wie gut die Versorgung das Fortschreiten der Myopie verlangsamt. Dank der einfachen graphischen Darstellung k\u00f6nnen Sie das direkt mit dem Kind und dessen Eltern teilen, damit alle die Vorteile der Versorgung mit Menicon Bloom\u2122 verstehen. Au\u00dferdem erhalten Sie einen Hinweis mit einigen wissenschaftlichen Daten zu den potenziellen Risiken einer starken Myopie, um das Gespr\u00e4ch \u00fcber die Notwendigkeit einer Versorgung zu unterf\u00fcttern.<\/p><\/div><\/div><\/div><div id=\"new_columns-31-42\" class=\"ct-new-columns\" ><div id=\"div_block-32-42\" class=\"ct-div-block\" ><h3 id=\"headline-34-42\" class=\"ct-headline\">Die Berechnung der Linsen&nbsp;ist dank&nbsp;<br>Menicon Bloom Easyfit\u2122 ganz einfach.<\/h3><div id=\"_rich_text-35-42\" class=\"oxy-rich-text\" ><p>Menicon Bloom\u2122 Easyfit f\u00fchrt die Linsenberechnung f\u00fcr Sie durch. Mit der Auswahl der Refraktion und der Topographien berechnet es die passenden Menicon Bloom Night<sup>TM<\/sup> Linsen oder es nutzt die Refraktion und Keratometrie-Werte f\u00fcr die Berechnung der Menicon Bloom Day<sup>TM<\/sup> Linsen.<\/p><p>Mit dieser empirischen Berechnung kann Zeit gespart und z.B. die Verwendung von Anpass-S\u00e4tzen vermieden werden.<\/p><\/div><\/div><div id=\"div_block-33-42\" class=\"ct-div-block\" ><img decoding=\"async\"  id=\"image-37-42\" alt=\"\" src=\"https:\/\/meniconbloom.com\/de\/wp-content\/uploads\/sites\/15\/2023\/07\/Menicon-Bloom-Easyfit-2.png\" class=\"ct-image\" srcset-disabled=\"https:\/\/meniconbloom.com\/de\/wp-content\/uploads\/sites\/15\/2023\/07\/Menicon-Bloom-Easyfit-2.png 1000w, https:\/\/meniconbloom.com\/de\/wp-content\/uploads\/sites\/15\/2023\/07\/Menicon-Bloom-Easyfit-2-300x180.png 300w, https:\/\/meniconbloom.com\/de\/wp-content\/uploads\/sites\/15\/2023\/07\/Menicon-Bloom-Easyfit-2-768x461.png 768w\" sizes=\"(max-width: 1000px) 100vw, 1000px\" \/><\/div><\/div><div id=\"new_columns-38-42\" class=\"ct-new-columns\" ><div id=\"div_block-39-42\" class=\"ct-div-block\" ><img decoding=\"async\"  id=\"image-45-42\" alt=\"Menicon Bloom Easyfit\" src=\"https:\/\/meniconbloom.com\/de\/wp-content\/uploads\/sites\/15\/2023\/07\/Menicon-Bloom-Easyfit-3.png\" class=\"ct-image\" srcset-disabled=\"https:\/\/meniconbloom.com\/de\/wp-content\/uploads\/sites\/15\/2023\/07\/Menicon-Bloom-Easyfit-3.png 1000w, https:\/\/meniconbloom.com\/de\/wp-content\/uploads\/sites\/15\/2023\/07\/Menicon-Bloom-Easyfit-3-300x180.png 300w, https:\/\/meniconbloom.com\/de\/wp-content\/uploads\/sites\/15\/2023\/07\/Menicon-Bloom-Easyfit-3-768x461.png 768w\" sizes=\"(max-width: 1000px) 100vw, 1000px\" \/><\/div><div id=\"div_block-40-42\" class=\"ct-div-block\" ><h3 id=\"headline-41-42\" class=\"ct-headline\">Bewertung des Versorgungsverlaufs<\/h3><div id=\"_rich_text-42-42\" class=\"oxy-rich-text\" ><p>Menicon Bloom\u2122 Easyfit bietet zwei verschiedene Abl\u00e4ufe: <strong>Gef\u00fchrt oder Schnell<\/strong>.<\/p><p>Ganz gleich, f\u00fcr welche Option Sie sich entscheiden, Menicon Bloom\u2122 Easyfit hilft Ihnen bei der Linsenberechnung und -bewertung. Zus\u00e4tzlich unterst\u00fctzt Sie der gef\u00fchrte Ablauf mit Kontrollabl\u00e4ufen f\u00fcr Menicon Bloom Night\u2122 und Menicon Bloom Day\u2122, bei denen alle wichtigen Informationen erfasst werden k\u00f6nnen.<\/p><\/div><\/div><\/div><\/div><\/section><section id=\"section-46-42\" class=\" ct-section\" ><div class=\"ct-section-inner-wrap\"><div id=\"new_columns-47-42\" class=\"ct-new-columns\" ><div id=\"div_block-48-42\" class=\"ct-div-block\" ><h2 id=\"headline-49-42\" class=\"ct-headline\">Menicon Bloom\u2122 Easyfit: Ihr digitaler Begleiter f\u00fcr das Myopie Management mit Menicon Bloom\u2122.<br><\/h2><div id=\"_rich_text-50-42\" class=\"oxy-rich-text\" ><p>Wenn Sie sich f\u00fcr Menicon Bloom\u2122 interessieren, wenden Sie sich bitte an uns.<\/p><\/div><\/div><div id=\"div_block-51-42\" class=\"ct-div-block\" ><a id=\"link_button-52-42\" class=\"ct-link-button\" href=\"http:\/\/\"   >Kontakt<\/a><\/div><\/div><\/div><\/section>            <div tabindex=\"-1\" class=\"oxy-modal-backdrop center \"\n                style=\"background-color: rgba(0,0,0,0.5);\"\n                data-trigger=\"user_clicks_element\"                data-trigger-selector=\"#link_button-52-42\"                data-trigger-time=\"5\"                data-trigger-time-unit=\"seconds\"                data-close-automatically=\"no\"                data-close-after-time=\"10\"                data-close-after-time-unit=\"seconds\"                data-trigger_scroll_amount=\"50\"                data-trigger_scroll_direction=\"down\"\t            data-scroll_to_selector=\"\"\t            data-time_inactive=\"60\"\t            data-time-inactive-unit=\"seconds\"\t            data-number_of_clicks=\"3\"\t            data-close_on_esc=\"on\"\t            data-number_of_page_views=\"3\"                data-close-after-form-submit=\"no\"                data-open-again=\"always_show\"                data-open-again-after-days=\"3\"            >\n\n                <div id=\"modal-65-42\" class=\"ct-modal\" ><a id=\"link-66-42\" class=\"ct-link oxy-close-modal\" href=\"http:\/\/\" target=\"_self\"  ><div id=\"fancy_icon-67-42\" class=\"ct-fancy-icon\" ><svg id=\"svg-fancy_icon-67-42\"><use xlink:href=\"#FontAwesomeicon-close\"><\/use><\/svg><\/div><\/a><div id=\"code_block-68-42\" class=\"ct-code-block\" ><iframe loading=\"lazy\" src=\"https:\/\/menicon.us10.list-manage.com\/subscribe?u=590f43d19a8cfde3dd8abb7e2&id=ef2dc13b2e\" width=\"100%\" height=\"100%\" style=\"border:none;\"><\/iframe>\n<\/div><\/div>\n            <\/div>\n        ","protected":false},"excerpt":{"rendered":"","protected":false},"author":1,"featured_media":0,"parent":15,"menu_order":14,"comment_status":"closed","ping_status":"closed","template":"","meta":{"_acf_changed":false,"footnotes":""},"class_list":["post-21","page","type-page","status-publish","hentry"],"acf":[],"_links":{"self":[{"href":"https:\/\/meniconbloom.com\/de\/wp-json\/wp\/v2\/pages\/21","targetHints":{"allow":["GET"]}}],"collection":[{"href":"https:\/\/meniconbloom.com\/de\/wp-json\/wp\/v2\/pages"}],"about":[{"href":"https:\/\/meniconbloom.com\/de\/wp-json\/wp\/v2\/types\/page"}],"author":[{"embeddable":true,"href":"https:\/\/meniconbloom.com\/de\/wp-json\/wp\/v2\/users\/1"}],"replies":[{"embeddable":true,"href":"https:\/\/meniconbloom.com\/de\/wp-json\/wp\/v2\/comments?post=21"}],"version-history":[{"count":2,"href":"https:\/\/meniconbloom.com\/de\/wp-json\/wp\/v2\/pages\/21\/revisions"}],"predecessor-version":[{"id":387,"href":"https:\/\/meniconbloom.com\/de\/wp-json\/wp\/v2\/pages\/21\/revisions\/387"}],"up":[{"embeddable":true,"href":"https:\/\/meniconbloom.com\/de\/wp-json\/wp\/v2\/pages\/15"}],"wp:attachment":[{"href":"https:\/\/meniconbloom.com\/de\/wp-json\/wp\/v2\/media?parent=21"}],"curies":[{"name":"wp","href":"https:\/\/api.w.org\/{rel}","templated":true}]}}