{"id":23,"date":"2023-10-25T13:11:19","date_gmt":"2023-10-25T13:11:19","guid":{"rendered":"https:\/\/meniconbloom.com\/de\/?page_id=23"},"modified":"2024-10-02T15:47:19","modified_gmt":"2024-10-02T15:47:19","slug":"menicon-bloom-app","status":"publish","type":"page","link":"https:\/\/meniconbloom.com\/de\/professionals\/menicon-bloom-app\/","title":{"rendered":"Menicon Bloom App: bleiben Sie mit Ihren Tr\u00e4gern zwischen den Besuchen in Kontakt"},"content":{"rendered":"<section id=\"section-43-44\" class=\" ct-section ct-section-with-shape-divider\" ><div class=\"ct-section-inner-wrap\"><h1 id=\"headline-44-44\" class=\"ct-headline\">Menicon Bloom\u2122 App<\/h1>\n\t\t<div id=\"-shape-divider-45-44\" class=\"oxy-shape-divider \" >        \n        <div class=\"oxy_shape_divider\" >\n            <svg  data-name=\"Layer 1\" xmlns=\"http:\/\/www.w3.org\/2000\/svg\" viewBox=\"0 0 1200 120\" preserveAspectRatio=\"none\" fill=\"currentColor\"><path  d=\"M600,112.77C268.63,112.77,0,65.52,0,7.23V120H1200V7.23C1200,65.52,931.37,112.77,600,112.77Z\" class=\"shape-fill\" fill-opacity=\"1\"><\/path><\/svg>        <\/div>\n\n        <\/div>\n\n\t\t<\/div><\/section><section id=\"section-6-44\" class=\" ct-section\" ><div class=\"ct-section-inner-wrap\"><div id=\"div_block-42-44\" class=\"ct-div-block\" ><h2 id=\"headline-12-44\" class=\"ct-headline\">Unterst\u00fctzung f\u00fcr die Kinder und deren Eltern,&nbsp;<br>vereinfachte Abl\u00e4ufe in Ihrem Alltag.<\/h2><div id=\"_rich_text-4-44\" class=\"oxy-rich-text\" ><p>Manchmal ist es nicht leicht zu erfahren, wie es den Kindern zwischen Besuchen mit ihren Linsen ergeht.<\/p><p><strong>Wissen sie wirklich noch, ob sich der Tragekomfort verbessert oder verschlechtert hat?<\/strong><\/p><p><strong>Erinnern sie sich \u00fcberhaupt, ob es beim Umgang mit den Linsen irgendwelche Probleme gab?<\/strong><\/p><p><strong>Und wie sieht es mit dem Sehverm\u00f6gen aus? K\u00f6nnen sie beurteilen, ob es immer gut war?<\/strong><\/p><\/div><\/div><div id=\"new_columns-7-44\" class=\"ct-new-columns\" ><div id=\"div_block-8-44\" class=\"ct-div-block\" ><img decoding=\"async\"  id=\"image-27-44\" alt=\"\" src=\"https:\/\/meniconbloom.com\/de\/wp-content\/uploads\/sites\/15\/2023\/07\/Menicon-Blom-Easyfit-video-1.gif\" class=\"ct-image\" srcset-disabled=\"\" sizes=\"(max-width: 500px) 100vw, 500px\" \/><\/div><div id=\"div_block-9-44\" class=\"ct-div-block\" ><h3 id=\"headline-10-44\" class=\"ct-headline\">Erkennen und vorbeugen<\/h3><div id=\"_rich_text-11-44\" class=\"oxy-rich-text\" ><p>Mit der Menicon Bloom<sup>TM<\/sup> App bleiben Sie zwischen den Terminen auf dem Laufenden.<\/p><p>Mit dieser praktischen App erreichen Sie die Kinder und deren Eltern mit <strong>kurzen Fragen<\/strong> rund um die Linsen.<\/p><p>Die Befragungen sind kurz, klar und einfach mit Smileys zu beantworten. Das dauert nur wenige Minuten.<\/p><p class=\"p1\">Und das Beste ist,\u00a0dass die App mit Ihrem Menicon Bloom\u2122 Easyfit verbunden ist. Die Ergebnisse werden sofort nach Abschluss der Befragung im System aufgef\u00fchrt.<\/p><\/div><\/div><\/div><div id=\"new_columns-15-44\" class=\"ct-new-columns\" ><div id=\"div_block-16-44\" class=\"ct-div-block\" ><h3 id=\"headline-18-44\" class=\"ct-headline\">Tipps stets f\u00fcr die Kinder und deren Eltern griffbereit<\/h3><div id=\"_rich_text-19-44\" class=\"oxy-rich-text\" ><p>Manchmal ist es nicht einfach sicherzustellen, dass die Linsentr\u00e4ger die von Ihnen gegebenen Hinweise zur Handhabung und Pflege der Linsen auch befolgt haben. Die Menicon Bloom App bietet ein Kapitel mit <strong>Tipps<\/strong>, in dem <strong>kurze, kindgerechte Videos<\/strong> abgerufen werden k\u00f6nnen und all diese Anweisungen erl\u00e4utert werden. Jederzeit griffbereit!<\/p><p>Nach sechs Monaten wird au\u00dferdem eine <strong>Erinnerung<\/strong> an einen Termin zum Austausch der Kontaktlinsen geschickt.<\/p><\/div><\/div><div id=\"div_block-17-44\" class=\"ct-div-block\" ><img decoding=\"async\"  id=\"image-32-44\" alt=\"\" src=\"https:\/\/meniconbloom.com\/de\/wp-content\/uploads\/sites\/15\/2023\/07\/Menicon-Blom-Easyfit-video-2.gif\" class=\"ct-image\" srcset-disabled=\"\" sizes=\"(max-width: 500px) 100vw, 500px\" \/><\/div><\/div><div id=\"new_columns-21-44\" class=\"ct-new-columns\" ><div id=\"div_block-22-44\" class=\"ct-div-block\" ><img decoding=\"async\"  id=\"image-33-44\" alt=\"\" src=\"https:\/\/meniconbloom.com\/de\/wp-content\/uploads\/sites\/15\/2023\/07\/Menicon-Blom-Easyfit-video-3.gif\" class=\"ct-image\" srcset-disabled=\"\" sizes=\"(max-width: 500px) 100vw, 500px\" \/><\/div><div id=\"div_block-23-44\" class=\"ct-div-block\" ><h3 id=\"headline-25-44\" class=\"ct-headline\">Kommunikation als Schl\u00fcssel zum Erfolg<\/h3><div id=\"_rich_text-26-44\" class=\"oxy-rich-text\" ><p>Nicht zuletzt verf\u00fcgt die Menicon Bloom\u2122 App auch \u00fcber eine Nachrichtenfunktion. Da sie mit Ihrem Menicon Bloom\u2122 Easyfit verkn\u00fcpft ist, k\u00f6nnen Sie den Kindern Nachrichten \u00fcber die App senden, z. B. eine Erinnerung an den n\u00e4chsten Termin. Umgekehrt k\u00f6nnen die Kinder\/Eltern \u00fcber die App ihre Fragen an Sie stellen.<\/p><\/div><\/div><\/div><\/div><\/section><section id=\"section-34-44\" class=\" ct-section\" ><div class=\"ct-section-inner-wrap\"><div id=\"new_columns-35-44\" class=\"ct-new-columns\" ><div id=\"div_block-36-44\" class=\"ct-div-block\" ><h2 id=\"headline-37-44\" class=\"ct-headline\">Die Menicon Bloom\u2122 App - f\u00fcr zus\u00e4tzliche Sicherheit.<\/h2><div id=\"_rich_text-38-44\" class=\"oxy-rich-text\" ><p>Wenn Sie sich f\u00fcr Menicon Bloom\u2122 interessieren, wenden Sie sich bitte an uns.<\/p><\/div><\/div><div id=\"div_block-39-44\" class=\"ct-div-block\" ><a id=\"link_button-40-44\" class=\"ct-link-button\" href=\"http:\/\/\"   >Kontakt<\/a><\/div><\/div><\/div><\/section>            <div tabindex=\"-1\" class=\"oxy-modal-backdrop center \"\n                style=\"background-color: rgba(0,0,0,0.5);\"\n                data-trigger=\"user_clicks_element\"                data-trigger-selector=\"#link_button-40-44\"                data-trigger-time=\"5\"                data-trigger-time-unit=\"seconds\"                data-close-automatically=\"no\"                data-close-after-time=\"10\"                data-close-after-time-unit=\"seconds\"                data-trigger_scroll_amount=\"50\"                data-trigger_scroll_direction=\"down\"\t            data-scroll_to_selector=\"\"\t            data-time_inactive=\"60\"\t            data-time-inactive-unit=\"seconds\"\t            data-number_of_clicks=\"3\"\t            data-close_on_esc=\"on\"\t            data-number_of_page_views=\"3\"                data-close-after-form-submit=\"no\"                data-open-again=\"always_show\"                data-open-again-after-days=\"3\"            >\n\n                <div id=\"modal-46-44\" class=\"ct-modal\" ><a id=\"link-47-44\" class=\"ct-link oxy-close-modal\" href=\"http:\/\/\" target=\"_self\"  ><div id=\"fancy_icon-48-44\" class=\"ct-fancy-icon\" ><svg id=\"svg-fancy_icon-48-44\"><use xlink:href=\"#FontAwesomeicon-close\"><\/use><\/svg><\/div><\/a><div id=\"code_block-49-44\" class=\"ct-code-block\" ><iframe loading=\"lazy\" src=\"https:\/\/menicon.us10.list-manage.com\/subscribe?u=590f43d19a8cfde3dd8abb7e2&id=ef2dc13b2e\" width=\"100%\" height=\"100%\" style=\"border:none;\"><\/iframe>\n<\/div><\/div>\n            <\/div>\n        ","protected":false},"excerpt":{"rendered":"","protected":false},"author":1,"featured_media":0,"parent":15,"menu_order":15,"comment_status":"closed","ping_status":"closed","template":"","meta":{"_acf_changed":false,"footnotes":""},"class_list":["post-23","page","type-page","status-publish","hentry"],"acf":[],"_links":{"self":[{"href":"https:\/\/meniconbloom.com\/de\/wp-json\/wp\/v2\/pages\/23","targetHints":{"allow":["GET"]}}],"collection":[{"href":"https:\/\/meniconbloom.com\/de\/wp-json\/wp\/v2\/pages"}],"about":[{"href":"https:\/\/meniconbloom.com\/de\/wp-json\/wp\/v2\/types\/page"}],"author":[{"embeddable":true,"href":"https:\/\/meniconbloom.com\/de\/wp-json\/wp\/v2\/users\/1"}],"replies":[{"embeddable":true,"href":"https:\/\/meniconbloom.com\/de\/wp-json\/wp\/v2\/comments?post=23"}],"version-history":[{"count":2,"href":"https:\/\/meniconbloom.com\/de\/wp-json\/wp\/v2\/pages\/23\/revisions"}],"predecessor-version":[{"id":388,"href":"https:\/\/meniconbloom.com\/de\/wp-json\/wp\/v2\/pages\/23\/revisions\/388"}],"up":[{"embeddable":true,"href":"https:\/\/meniconbloom.com\/de\/wp-json\/wp\/v2\/pages\/15"}],"wp:attachment":[{"href":"https:\/\/meniconbloom.com\/de\/wp-json\/wp\/v2\/media?parent=23"}],"curies":[{"name":"wp","href":"https:\/\/api.w.org\/{rel}","templated":true}]}}