{"id":15,"date":"2023-10-25T13:08:01","date_gmt":"2023-10-25T13:08:01","guid":{"rendered":"https:\/\/meniconbloom.com\/es\/?page_id=15"},"modified":"2024-10-02T15:59:22","modified_gmt":"2024-10-02T15:59:22","slug":"professionals","status":"publish","type":"page","link":"https:\/\/meniconbloom.com\/es\/professionals\/","title":{"rendered":"Menicon Bloom para profesionales"},"content":{"rendered":"<section id=\"section-2-36\" class=\" ct-section\" style=\"background-image:url(https:\/\/meniconbloom.com\/es\/wp-content\/uploads\/2023\/08\/Menicon-Bloom-professional-cover.png);background-size: cover;\" ><div class=\"ct-section-inner-wrap\"><div id=\"div_block-85-36\" class=\"ct-div-block\" ><h1 id=\"headline-83-36\" class=\"ct-headline\">Menicon Bloom\u2122<\/h1><h2 id=\"headline-81-36\" class=\"ct-headline\">Cuando un\/a ni\u00f1o\/a ve bien, todo es posible<\/h2><\/div><\/div><\/section><section id=\"section-8-36\" class=\" ct-section\" ><div class=\"ct-section-inner-wrap\"><div id=\"div_block-11-36\" class=\"ct-div-block\" ><img decoding=\"async\"  id=\"image-9-36\" alt=\"\" src=\"https:\/\/meniconbloom.com\/es\/wp-content\/uploads\/sites\/21\/2023\/07\/02.-Myopia-Menicon-Bloom-MB-Logo-PNG-Master-version-20191016.png\" class=\"ct-image\" srcset-disabled=\"https:\/\/meniconbloom.com\/es\/wp-content\/uploads\/sites\/21\/2023\/07\/02.-Myopia-Menicon-Bloom-MB-Logo-PNG-Master-version-20191016.png 552w, https:\/\/meniconbloom.com\/es\/wp-content\/uploads\/sites\/21\/2023\/07\/02.-Myopia-Menicon-Bloom-MB-Logo-PNG-Master-version-20191016-300x96.png 300w\" sizes=\"(max-width: 552px) 100vw, 552px\" \/><div id=\"_rich_text-10-36\" class=\"oxy-rich-text\" ><p>Como profesional de la visi\u00f3n, quieres ofrecer servicios de alta calidad. En Menicon, gracias a nuestro compromiso continuo con la gesti\u00f3n de la miop\u00eda, hemos desarrollado el <strong>Sistema Integral de Control de la Miop\u00eda Menicon Bloom<sup>TM<\/sup><\/strong>\u00a0para ayudarte a hacer frente a la epidemia de la miop\u00eda con un enfoque hol\u00edstico. Un entorno que no deja de actualizarse.\u00a0<\/p><\/div><\/div><div id=\"code_block-160-36\" class=\"ct-code-block\" ><video controls width=\"100%\">\n  <source src=\"\/wp-content\/uploads\/2023\/07\/01.-Myopia-Menicon-Bloom-BB2B-Menicon-Bloom-Concept-Full-lineup-Master-version-20210427-1.mp4\">\n<\/video><\/div><div id=\"_rich_text-15-36\" class=\"oxy-rich-text\" ><p>Menicon Bloom\u2122 es nuestra oferta completa e innovadora para la gesti\u00f3n de la miop\u00eda. Nuestra prioridad es ayudarte a alcanzar tus objetivos con Menicon Bloom\u2122 y entendemos esta experiencia como un reto com\u00fan a largo plazo.<\/p><p>Menicon Bloom\u2122 incluye\u00a0<strong>herramientas digitales<\/strong>\u00a0para gestionar a cada paciente miope: Menicon Bloom\u2122 Easyfit, para uso profesional, y la aplicaci\u00f3n Menicon Bloom\u2122, para pacientes. Adem\u00e1s, ofrece\u00a0<strong>dos tipos de lentes de contacto aprobadas por la CE,<\/strong> Menicon Bloom Night\u2122 y Menicon Bloom Day\u2122, y productos para el cuidado de las lentes, Menicon Bloom Care\u2122 y Menicon Bloom Progent\u2122.<\/p><\/div><a id=\"link_button-166-36\" class=\"ct-link-button\" href=\"\/es\/wp-content\/uploads\/sites\/21\/2024\/02\/MeniconBloom_whitepaper_WEB_2022May_ES_DIGITAL.pdf\" target=\"_blank\"  >Descargar el Libro Blanco<\/a><\/div><\/section><section id=\"section-72-36\" class=\" ct-section\" ><div class=\"ct-section-inner-wrap\"><div id=\"new_columns-73-36\" class=\"ct-new-columns\" ><div id=\"div_block-74-36\" class=\"ct-div-block\" ><h2 id=\"headline-75-36\" class=\"ct-headline\">Todo lo que necesitas para ofrecer un control de la miop\u00eda de forma segura y eficaz.<\/h2><div id=\"_rich_text-76-36\" class=\"oxy-rich-text\" ><p>Si quieres convertirte en un especialista en Menicon Bloom\u2122, por favor, ponte en contacto con nosotros.<\/p><\/div><\/div><div id=\"div_block-77-36\" class=\"ct-div-block\" ><a id=\"link_button-78-36\" class=\"ct-link-button\" href=\"http:\/\/\"   >Contacto<\/a><\/div><\/div><\/div><\/section><section id=\"section-17-36\" class=\" ct-section\" ><div class=\"ct-section-inner-wrap\"><h2 id=\"headline-24-36\" class=\"ct-headline\">\u00bfC\u00f3mo funciona?<\/h2><div id=\"new_columns-105-36\" class=\"ct-new-columns\" ><div id=\"div_block-106-36\" class=\"ct-div-block\" ><img decoding=\"async\"  id=\"image-30-36\" alt=\"Menicon Bloom Esyfit\" src=\"https:\/\/meniconbloom.com\/es\/wp-content\/uploads\/sites\/21\/2023\/07\/Menicon-Bloom-2.png\" class=\"ct-image\" srcset-disabled=\"https:\/\/meniconbloom.com\/es\/wp-content\/uploads\/sites\/21\/2023\/07\/Menicon-Bloom-2.png 500w, https:\/\/meniconbloom.com\/es\/wp-content\/uploads\/sites\/21\/2023\/07\/Menicon-Bloom-2-300x274.png 300w\" sizes=\"(max-width: 500px) 100vw, 500px\" \/><\/div><div id=\"div_block-107-36\" class=\"ct-div-block\" ><h3 id=\"headline-135-36\" class=\"ct-headline\">Menicon Bloom\u2122 Easyfit<\/h3><div id=\"_rich_text-31-36\" class=\"oxy-rich-text\" ><p>Menicon Bloom\u2122 Easyfit\u00a0 es un asistente digital para tratamientos de control de la miop\u00eda. Menicon Bloom\u2122 Easyfit te guiar\u00e1 en el an\u00e1lisis de cada caso, calcular\u00e1 cu\u00e1les son las lentes m\u00e1s adecuadas, te asistir\u00e1 durante la adaptaci\u00f3n, sugerir\u00e1 las visitas de seguimiento recomendadas para tus pacientes y controlar\u00e1 el efecto del tratamiento.<\/p><\/div><a id=\"link_button-38-36\" class=\"ct-link-button\" href=\"\/es\/professionals\/menicon-bloom-easyfit\/\"   >M\u00e1s informaci\u00f3n<\/a><\/div><\/div><div id=\"new_columns-111-36\" class=\"ct-new-columns\" ><div id=\"div_block-112-36\" class=\"ct-div-block\" ><h3 id=\"headline-137-36\" class=\"ct-headline\">App Menicon Bloom\u2122<\/h3><div id=\"_rich_text-33-36\" class=\"oxy-rich-text\" ><p>Ayuda a tus pacientes, optimiza tu labor. <br \/>La app Menicon Bloom\u2122 ofrecer\u00e1 a tus pacientes varias herramientas, como instrucciones de v\u00eddeos adecuados para los ni\u00f1os, y realizar\u00e1 un seguimiento del tratamiento y las lentes por medio de cuestionarios breves, adem\u00e1s de permitir el env\u00edo y recepci\u00f3n de mensajes.<\/p><\/div><a id=\"link_button-41-36\" class=\"ct-link-button\" href=\"\/es\/professionals\/menicon-bloom-app\/\"   >Learn more<\/a><\/div><div id=\"div_block-113-36\" class=\"ct-div-block\" ><img decoding=\"async\"  id=\"image-32-36\" alt=\"Menicon Bloom app\" src=\"https:\/\/meniconbloom.com\/es\/wp-content\/uploads\/sites\/21\/2023\/07\/Menicon-Bloom-3-2.png\" class=\"ct-image\" srcset-disabled=\"https:\/\/meniconbloom.com\/es\/wp-content\/uploads\/sites\/21\/2023\/07\/Menicon-Bloom-3-2.png 1001w, https:\/\/meniconbloom.com\/es\/wp-content\/uploads\/sites\/21\/2023\/07\/Menicon-Bloom-3-2-300x300.png 300w, https:\/\/meniconbloom.com\/es\/wp-content\/uploads\/sites\/21\/2023\/07\/Menicon-Bloom-3-2-150x150.png 150w, https:\/\/meniconbloom.com\/es\/wp-content\/uploads\/sites\/21\/2023\/07\/Menicon-Bloom-3-2-768x768.png 768w\" sizes=\"(max-width: 1001px) 100vw, 1001px\" \/><\/div><\/div><div id=\"new_columns-117-36\" class=\"ct-new-columns\" ><div id=\"div_block-118-36\" class=\"ct-div-block\" ><img decoding=\"async\"  id=\"image-34-36\" alt=\"Menicon Bloom Night\" src=\"https:\/\/meniconbloom.com\/es\/wp-content\/uploads\/sites\/21\/2023\/07\/Menicon-Bloom-4.png\" class=\"ct-image\" srcset-disabled=\"https:\/\/meniconbloom.com\/es\/wp-content\/uploads\/sites\/21\/2023\/07\/Menicon-Bloom-4.png 500w, https:\/\/meniconbloom.com\/es\/wp-content\/uploads\/sites\/21\/2023\/07\/Menicon-Bloom-4-300x300.png 300w, https:\/\/meniconbloom.com\/es\/wp-content\/uploads\/sites\/21\/2023\/07\/Menicon-Bloom-4-150x150.png 150w\" sizes=\"(max-width: 500px) 100vw, 500px\" \/><\/div><div id=\"div_block-119-36\" class=\"ct-div-block\" ><h3 id=\"headline-140-36\" class=\"ct-headline\">Menicon Bloom Night\u2122<\/h3><div id=\"_rich_text-35-36\" class=\"oxy-rich-text\" ><p>Menicon Bloom Night\u2122 es nuestra opci\u00f3n de tratamiento nocturno. Una lente de ortoqueratolog\u00eda dise\u00f1ada espec\u00edficamente para el manejo y correcci\u00f3n de la miop\u00eda con sus propias soluciones de mantenimiento recomendadas: Menicon Bloom Care\u2122 y Menicon Bloom Progent\u2122.<\/p><\/div><a id=\"link_button-44-36\" class=\"ct-link-button\" href=\"\/es\/professionals\/menicon-bloom-night\/\"   >M\u00e1s informaci\u00f3n<\/a><\/div><\/div><div id=\"new_columns-148-36\" class=\"ct-new-columns\" ><div id=\"div_block-149-36\" class=\"ct-div-block\" ><h3 id=\"headline-143-36\" class=\"ct-headline\">Menicon Bloom Day\u2122<\/h3><div id=\"_rich_text-37-36\" class=\"oxy-rich-text\" ><p>Nuestra opci\u00f3n de tratamiento con lente de contacto diaria es Menicon Bloom Day\u2122. Su dise\u00f1o se ha desarrollado cuidadosamente para imponer el desenfoque mi\u00f3pico en la retina perif\u00e9rica con el objetivo de gestionar la miop\u00eda.<\/p><\/div><a id=\"link_button-66-36\" class=\"ct-link-button\" href=\"\/es\/professionals\/menicon-bloom-day\/\"   >M\u00e1s informaci\u00f3n<\/a><\/div><div id=\"div_block-150-36\" class=\"ct-div-block\" ><img decoding=\"async\"  id=\"image-36-36\" alt=\"Menicon Bloom Day\" src=\"https:\/\/meniconbloom.com\/es\/wp-content\/uploads\/sites\/21\/2023\/07\/Menicon-Bloom-5-2.png\" class=\"ct-image\" srcset-disabled=\"https:\/\/meniconbloom.com\/es\/wp-content\/uploads\/sites\/21\/2023\/07\/Menicon-Bloom-5-2.png 500w, https:\/\/meniconbloom.com\/es\/wp-content\/uploads\/sites\/21\/2023\/07\/Menicon-Bloom-5-2-300x300.png 300w, https:\/\/meniconbloom.com\/es\/wp-content\/uploads\/sites\/21\/2023\/07\/Menicon-Bloom-5-2-150x150.png 150w\" sizes=\"(max-width: 500px) 100vw, 500px\" \/><\/div><\/div><\/div><\/section><section id=\"section-151-36\" class=\" ct-section\" ><div class=\"ct-section-inner-wrap\"><div id=\"div_block-152-36\" class=\"ct-div-block\" ><h2 id=\"headline-153-36\" class=\"ct-headline\">Menicon Bloom\u2122, una oferta completa para la gesti\u00f3n de la miop\u00eda.<\/h2><div id=\"_rich_text-154-36\" class=\"oxy-rich-text\" ><p>Si quieres convertirte en un especialista en Menicon Bloom\u2122, por favor, ponte en contacto con nosotros.<\/p><\/div><div id=\"div_block-155-36\" class=\"ct-div-block\" ><div id=\"div_block-156-36\" class=\"ct-div-block\" ><a id=\"link_button-157-36\" class=\"ct-link-button\" href=\"http:\/\/\"   >Contacto<\/a><\/div><div id=\"div_block-158-36\" class=\"ct-div-block\" ><a id=\"link_button-159-36\" class=\"ct-link-button\" href=\"\/es\/wp-content\/uploads\/sites\/21\/2024\/02\/PR-000592-2137-MENI-Menicon-Bloom-Launch-Campaign_B2B_ProductBrochure_V2AW-ES.pdf\" target=\"_blank\"  >Descarga el cat\u00e1logo<\/a><\/div><\/div><\/div><\/div><\/section>            <div tabindex=\"-1\" class=\"oxy-modal-backdrop center \"\n                style=\"background-color: rgba(0,0,0,0.5);\"\n                data-trigger=\"user_clicks_element\"                data-trigger-selector=\"#link_button-78-36\"                data-trigger-time=\"5\"                data-trigger-time-unit=\"seconds\"                data-close-automatically=\"no\"                data-close-after-time=\"10\"                data-close-after-time-unit=\"seconds\"                data-trigger_scroll_amount=\"50\"                data-trigger_scroll_direction=\"down\"\t            data-scroll_to_selector=\"\"\t            data-time_inactive=\"60\"\t            data-time-inactive-unit=\"seconds\"\t            data-number_of_clicks=\"3\"\t            data-close_on_esc=\"on\"\t            data-number_of_page_views=\"3\"                data-close-after-form-submit=\"no\"                data-open-again=\"always_show\"                data-open-again-after-days=\"3\"            >\n\n                <div id=\"modal-162-36\" class=\"ct-modal\" ><a id=\"link-163-36\" class=\"ct-link oxy-close-modal\" href=\"http:\/\/\" target=\"_self\"  ><div id=\"fancy_icon-164-36\" class=\"ct-fancy-icon\" ><svg id=\"svg-fancy_icon-164-36\"><use xlink:href=\"#FontAwesomeicon-close\"><\/use><\/svg><\/div><\/a><div id=\"code_block-165-36\" class=\"ct-code-block\" ><iframe loading=\"lazy\" src=\"https:\/\/us11.list-manage.com\/contact-form?u=304b8f850d4bd013d68898a51&form_id=df2db6981f9c86050652d7096302d686\" width=\"100%\" height=\"100%\" style=\"border:none;\"><\/iframe>\n<\/div><\/div>\n            <\/div>\n                    <div tabindex=\"-1\" class=\"oxy-modal-backdrop center \"\n                style=\"background-color: rgba(0,0,0,0.5);\"\n                data-trigger=\"user_clicks_element\"                data-trigger-selector=\"#link_button-157-36\"                data-trigger-time=\"5\"                data-trigger-time-unit=\"seconds\"                data-close-automatically=\"no\"                data-close-after-time=\"10\"                data-close-after-time-unit=\"seconds\"                data-trigger_scroll_amount=\"50\"                data-trigger_scroll_direction=\"down\"\t            data-scroll_to_selector=\"\"\t            data-time_inactive=\"60\"\t            data-time-inactive-unit=\"seconds\"\t            data-number_of_clicks=\"3\"\t            data-close_on_esc=\"on\"\t            data-number_of_page_views=\"3\"                data-close-after-form-submit=\"no\"                data-open-again=\"always_show\"                data-open-again-after-days=\"3\"            >\n\n                <div id=\"modal-167-36\" class=\"ct-modal\" ><a id=\"link-168-36\" class=\"ct-link oxy-close-modal\" href=\"http:\/\/\" target=\"_self\"  ><div id=\"fancy_icon-169-36\" class=\"ct-fancy-icon\" ><svg id=\"svg-fancy_icon-169-36\"><use xlink:href=\"#FontAwesomeicon-close\"><\/use><\/svg><\/div><\/a><div id=\"code_block-170-36\" class=\"ct-code-block\" ><iframe loading=\"lazy\" src=\"https:\/\/us11.list-manage.com\/contact-form?u=304b8f850d4bd013d68898a51&form_id=df2db6981f9c86050652d7096302d686\" width=\"100%\" height=\"100%\" style=\"border:none;\"><\/iframe>\n<\/div><\/div>\n            <\/div>\n        ","protected":false},"excerpt":{"rendered":"","protected":false},"author":1,"featured_media":0,"parent":0,"menu_order":10,"comment_status":"closed","ping_status":"closed","template":"","meta":{"_acf_changed":false,"footnotes":""},"class_list":["post-15","page","type-page","status-publish","hentry"],"acf":[],"_links":{"self":[{"href":"https:\/\/meniconbloom.com\/es\/wp-json\/wp\/v2\/pages\/15","targetHints":{"allow":["GET"]}}],"collection":[{"href":"https:\/\/meniconbloom.com\/es\/wp-json\/wp\/v2\/pages"}],"about":[{"href":"https:\/\/meniconbloom.com\/es\/wp-json\/wp\/v2\/types\/page"}],"author":[{"embeddable":true,"href":"https:\/\/meniconbloom.com\/es\/wp-json\/wp\/v2\/users\/1"}],"replies":[{"embeddable":true,"href":"https:\/\/meniconbloom.com\/es\/wp-json\/wp\/v2\/comments?post=15"}],"version-history":[{"count":4,"href":"https:\/\/meniconbloom.com\/es\/wp-json\/wp\/v2\/pages\/15\/revisions"}],"predecessor-version":[{"id":435,"href":"https:\/\/meniconbloom.com\/es\/wp-json\/wp\/v2\/pages\/15\/revisions\/435"}],"wp:attachment":[{"href":"https:\/\/meniconbloom.com\/es\/wp-json\/wp\/v2\/media?parent=15"}],"curies":[{"name":"wp","href":"https:\/\/api.w.org\/{rel}","templated":true}]}}