{"id":17,"date":"2023-10-25T13:08:43","date_gmt":"2023-10-25T13:08:43","guid":{"rendered":"https:\/\/meniconbloom.com\/es\/?page_id=17"},"modified":"2024-10-02T15:59:43","modified_gmt":"2024-10-02T15:59:43","slug":"menicon-bloom-night","status":"publish","type":"page","link":"https:\/\/meniconbloom.com\/es\/professionals\/menicon-bloom-night\/","title":{"rendered":"Menicon Bloom Night: lentes de ortoqueratolog\u00eda para la gesti\u00f3n de la miop\u00eda"},"content":{"rendered":"<section id=\"section-49-38\" class=\" ct-section\" style=\"background-image:url(https:\/\/meniconbloom.com\/es\/wp-content\/uploads\/2023\/07\/Menicon-Bloom-Night-1.png);background-size: cover;\" ><div class=\"ct-section-inner-wrap\"><h1 id=\"headline-50-38\" class=\"ct-headline\">Las lentes&nbsp;Menicon Bloom Night\u2122 <br>tratan su miop\u00eda mientras duermen<br><\/h1><\/div><\/section><section id=\"section-13-38\" class=\" ct-section\" ><div class=\"ct-section-inner-wrap\"><div id=\"new_columns-14-38\" class=\"ct-new-columns\" ><div id=\"div_block-15-38\" class=\"ct-div-block\" ><h2 id=\"headline-38-38\" class=\"ct-headline\">Menicon Bloom Night\u2122<\/h2><div id=\"_rich_text-17-38\" class=\"oxy-rich-text\" ><p>El tratamiento con Menicon Bloom Night\u2122 consiste en usar durante la noche unas lentes de contacto de ortoqueratolog\u00eda dise\u00f1adas especialmente y fabricadas en un material ultra-permeable al ox\u00edgeno, Menicon Z, que garantiza una correcta oxigenaci\u00f3n corneal y un uso de las lentes c\u00f3modo y seguro .<sup>1\u20135<\/sup><\/p><p><span class=\"ui-provider ed blf blg blh bli blj blk bll blm bln blo blp blq blr bls blt blu blv blw blx bly blz bma bmb bmc bmd bme bmf bmg bmh bmi bmj bmk bml bmm\" dir=\"ltr\">Tras dos a\u00f1os de uso, las lentes Menicon Bloom Night\u2122 reducen la progresi\u00f3n de la miop\u00eda (longitud axial) en 0.28mm (43%)<\/span>.<sup>6-8<\/sup><\/p><p>Estas lentes est\u00e1n disponibles en dos dise\u00f1os distintos: Menicon Bloom Night\u2122 y Menicon Bloom Night\u2122 Toric. Ambos dise\u00f1os pueden corregir hasta -4,00 D de miop\u00eda, pero Menicon Bloom Night\u2122 Toric tambi\u00e9n ofrece la opci\u00f3n de corregir niveles m\u00e1s elevados de astigmatismo corneal y refractivo.<\/p><\/div><\/div><div id=\"div_block-16-38\" class=\"ct-div-block\" ><img decoding=\"async\"  id=\"image-18-38\" alt=\"\" src=\"https:\/\/meniconbloom.com\/es\/wp-content\/uploads\/sites\/21\/2023\/07\/Menicon-Bloom-Night-2-1.png\" class=\"ct-image\" srcset-disabled=\"https:\/\/meniconbloom.com\/es\/wp-content\/uploads\/sites\/21\/2023\/07\/Menicon-Bloom-Night-2-1.png 558w, https:\/\/meniconbloom.com\/es\/wp-content\/uploads\/sites\/21\/2023\/07\/Menicon-Bloom-Night-2-1-300x300.png 300w, https:\/\/meniconbloom.com\/es\/wp-content\/uploads\/sites\/21\/2023\/07\/Menicon-Bloom-Night-2-1-150x150.png 150w\" sizes=\"(max-width: 558px) 100vw, 558px\" \/><\/div><\/div><\/div><\/section><section id=\"section-51-38\" class=\" ct-section\" ><div class=\"ct-section-inner-wrap\"><div id=\"div_block-52-38\" class=\"ct-div-block\" ><div id=\"fancy_icon-53-38\" class=\"ct-fancy-icon\" ><svg id=\"svg-fancy_icon-53-38\"><use xlink:href=\"#FontAwesomeicon-quote-left\"><\/use><\/svg><\/div><h2 id=\"headline-54-38\" class=\"ct-headline\">Magia para ni\u00f1os,<br>ciencia para adultos<br><\/h2><div id=\"fancy_icon-55-38\" class=\"ct-fancy-icon\" ><svg id=\"svg-fancy_icon-55-38\"><use xlink:href=\"#FontAwesomeicon-quote-right\"><\/use><\/svg><\/div><\/div><\/div><\/section><section id=\"section-22-38\" class=\" ct-section\" ><div class=\"ct-section-inner-wrap\"><div id=\"new_columns-23-38\" class=\"ct-new-columns\" ><div id=\"div_block-24-38\" class=\"ct-div-block\" ><h2 id=\"headline-25-38\" class=\"ct-headline\">Todo lo que necesitas para ofrecer un control de la miop\u00eda de forma segura y eficaz.<\/h2><div id=\"_rich_text-26-38\" class=\"oxy-rich-text\" ><p>Si quieres convertirte en un especialista en Menicon Bloom\u2122, por favor, ponte en contacto con nosotros.\u00a0<\/p><\/div><\/div><div id=\"div_block-27-38\" class=\"ct-div-block\" ><a id=\"link_button-28-38\" class=\"ct-link-button\" href=\"http:\/\/\"   >Contacto<\/a><\/div><\/div><\/div><\/section><section id=\"section-29-38\" class=\" ct-section\" ><div class=\"ct-section-inner-wrap\"><div id=\"new_columns-30-38\" class=\"ct-new-columns\" ><div id=\"div_block-31-38\" class=\"ct-div-block\" ><img decoding=\"async\"  id=\"image-33-38\" alt=\"\" src=\"https:\/\/meniconbloom.com\/es\/wp-content\/uploads\/sites\/21\/2023\/07\/Menicon-Bloom-Night-3.png\" class=\"ct-image\" srcset-disabled=\"https:\/\/meniconbloom.com\/es\/wp-content\/uploads\/sites\/21\/2023\/07\/Menicon-Bloom-Night-3.png 1000w, https:\/\/meniconbloom.com\/es\/wp-content\/uploads\/sites\/21\/2023\/07\/Menicon-Bloom-Night-3-296x300.png 296w, https:\/\/meniconbloom.com\/es\/wp-content\/uploads\/sites\/21\/2023\/07\/Menicon-Bloom-Night-3-768x778.png 768w\" sizes=\"(max-width: 1000px) 100vw, 1000px\" \/><\/div><div id=\"div_block-32-38\" class=\"ct-div-block\" ><h2 id=\"headline-34-38\" class=\"ct-headline\">Cuidado de las lentes<\/h2><div id=\"_rich_text-35-38\" class=\"oxy-rich-text\" ><p>Las soluciones de mantenimiento recomendadas para las lentes de contacto Menicon Bloom Night\u2122 son Menicon Bloom Care\u2122 y Menicon Bloom Progent\u2122. Menicon Bloom Care\u2122 es una soluci\u00f3n multiusos con un amplio rango demostrado de desinfecci\u00f3n contra microorganismos pat\u00f3genos<sup>14\u201316<\/sup>. La soluci\u00f3n se presenta en un envase con una forma \u00fanica y un material que permitir\u00e1 a los ni\u00f1os sujetarlo y presionarlo f\u00e1cilmente. Menicon Bloom Care\u2122 tambi\u00e9n est\u00e1 fabricado con mucho menos pl\u00e1stico, en consonancia con el compromiso de Menicon y sus\u00a0 <a href=\"https:\/\/www.menicon.com\/corporate\/sdg\" target=\"_blank\" rel=\"noopener\">objetivos de desarrollo sostenible<\/a>. Adem\u00e1s, para garantizar un uso c\u00f3modo y seguro de las lentes, se recomienda emplear regularmente Menicon Bloom Progent\u2122, un eliminador de prote\u00ednas, desinfectante y limpiador intensivo<sup>17<\/sup>, en combinaci\u00f3n con Menicon Bloom Care\u2122.<\/p><\/div><\/div><\/div><\/div><\/section><section id=\"section-40-38\" class=\" ct-section\" ><div class=\"ct-section-inner-wrap\"><div id=\"new_columns-41-38\" class=\"ct-new-columns\" ><div id=\"div_block-42-38\" class=\"ct-div-block\" ><h2 id=\"headline-43-38\" class=\"ct-headline\">Todo lo que necesitas para ofrecer un control de la miop\u00eda de forma segura y eficaz.<\/h2><div id=\"_rich_text-44-38\" class=\"oxy-rich-text\" ><p>Si quieres convertirte en un especialista en Menicon Bloom\u2122, por favor, ponte en contacto con nosotros.<\/p><\/div><\/div><div id=\"div_block-45-38\" class=\"ct-div-block\" ><a id=\"link_button-46-38\" class=\"ct-link-button\" href=\"http:\/\/\"   >Contacto<\/a><\/div><\/div><\/div><\/section><section id=\"section-56-38\" class=\" ct-section\" ><div class=\"ct-section-inner-wrap\"><div id=\"_toggle-57-38\" class=\"oxy-toggle toggle-6463 toggle-6463-expanded\"  data-oxy-toggle-initial-state=\"closed\" data-oxy-toggle-active-class=\"toggle-6463-expanded\" >\n\t\t\t<div class='oxy-expand-collapse-icon' href='#'><\/div>\n\t\t\t<div class='oxy-toggle-content'>\n                <h6 id=\"headline-58-38\" class=\"ct-headline\">Referencias<\/h6>\t\t\t<\/div>\n\t\t<\/div><div id=\"div_block-59-38\" class=\"ct-div-block\" ><div id=\"_rich_text-60-38\" class=\"oxy-rich-text \" ><p>\u00a0<\/p><ol><li>Ladage PM, Yamamoto K, Ren DH, et al. Effects of rigid and soft contact lens daily wear on corneal epithelium, tear lactate dehydrogenase, and bacterial binding to exfoliated epithelial cells.\u00a0 2001;108(7):1279-1288. doi:<a href=\"http:\/\/10.1016\/s0161-6420(01)00639-x\">10.1016\/s0161-6420(01)00639-x<\/a><\/li><li>Morgan PB, Maldonado-Codina C, Efron N. Comfort response to rigid and soft hyper-transmissible contact lenses used for continuous wear.\u00a0Eye Contact Lens. 2003;29(1 Suppl):S127-S194. doi:<a href=\"http:\/\/10.1097\/00140068-200301001-00034\">10.1097\/00140068-200301001-00034<\/a><\/li><li>Maldonado-Codina C, Morgan PB, Efron N, Efron S. Comparative clinical performance of rigid versus soft hyper Dk contact lenses used for continuous wear.\u00a0Optom Vis Sci. 2005;82(6):536-548. doi:<a href=\"http:\/\/10.1097\/00006324-200506000-00018\">10.1097\/00006324-200506000-00018<\/a><\/li><li>Morgan PB, Efron N, Maldonado-Codina C, Efron S. Adverse events and discontinuations with rigid and soft hyper Dk contact lenses used for continuous wear.\u00a0Optom Vis Sci. 2005;82(6):528-535. doi:<a href=\"http:\/\/10.1097\/01.opx.0000168588.63897.0f\">10.1097\/01.opx.0000168588.63897.0f<\/a><\/li><li>Albright RA, Venuti BD, Ichijima H, Nyunt AK, Cavanagh HD. Postmarket surveillance of Menicon Z rigid gas-permeable contact lenses for up to 30 days continuous wear in the United States.\u00a0Eye Contact Lens. 2010;36(5):241-244. doi:<a href=\"http:\/\/10.1097\/ICL.0b013e3181efa61b\">10.1097\/ICL.0b013e3181efa61b<\/a><\/li><li>Cho P, Cheung SW. Retardation of myopia in orthokeratology (ROMIO) study: a 2-year randomized clinical trial.\u00a0Invest Ophthalmol Vis Sci. 2012;53(11):7077-7085. doi:<a href=\"http:\/\/10.1167\/iovs.12-10565\">10.1167\/iovs.12-10565<\/a><\/li><li>Santodomingo-Rubido J, Villa-Collar C, Gilmartin B, Guti\u00e9rrez-Ortega R. Myopia control with orthokeratology contact lenses in Spain: refractive and biometric changes.\u00a0Invest Ophthalmol Vis Sci. 2012;53(8):5060-5065. doi:<a href=\"http:\/\/10.1167\/iovs.11-8005\">10.1167\/iovs.11-8005<\/a><\/li><li>Chen C, Cheung SW, Cho P. Myopia control using toric orthokeratology (TO-SEE study).\u00a0Invest Ophthalmol Vis Sci. 2013;54(10):6510-6517. doi:<a href=\"http:\/\/10.1167\/iovs.13-12527\">10.1167\/iovs.13-12527<\/a><\/li><\/ol><\/div><\/div><\/div><\/section>            <div tabindex=\"-1\" class=\"oxy-modal-backdrop center \"\n                style=\"background-color: rgba(0,0,0,0.5);\"\n                data-trigger=\"user_clicks_element\"                data-trigger-selector=\"#link_button-28-38\"                data-trigger-time=\"5\"                data-trigger-time-unit=\"seconds\"                data-close-automatically=\"no\"                data-close-after-time=\"10\"                data-close-after-time-unit=\"seconds\"                data-trigger_scroll_amount=\"50\"                data-trigger_scroll_direction=\"down\"\t            data-scroll_to_selector=\"\"\t            data-time_inactive=\"60\"\t            data-time-inactive-unit=\"seconds\"\t            data-number_of_clicks=\"3\"\t            data-close_on_esc=\"on\"\t            data-number_of_page_views=\"3\"                data-close-after-form-submit=\"no\"                data-open-again=\"always_show\"                data-open-again-after-days=\"3\"            >\n\n                <div id=\"modal-61-38\" class=\"ct-modal\" ><a id=\"link-62-38\" class=\"ct-link oxy-close-modal\" href=\"http:\/\/\" target=\"_self\"  ><div id=\"fancy_icon-63-38\" class=\"ct-fancy-icon\" ><svg id=\"svg-fancy_icon-63-38\"><use xlink:href=\"#FontAwesomeicon-close\"><\/use><\/svg><\/div><\/a><div id=\"code_block-64-38\" class=\"ct-code-block\" ><iframe loading=\"lazy\" src=\"https:\/\/us11.list-manage.com\/contact-form?u=304b8f850d4bd013d68898a51&form_id=df2db6981f9c86050652d7096302d686\" width=\"100%\" height=\"100%\" style=\"border:none;\"><\/iframe>\n<\/div><\/div>\n            <\/div>\n                    <div tabindex=\"-1\" class=\"oxy-modal-backdrop center \"\n                style=\"background-color: rgba(0,0,0,0.5);\"\n                data-trigger=\"user_clicks_element\"                data-trigger-selector=\"#link_button-46-38\"                data-trigger-time=\"5\"                data-trigger-time-unit=\"seconds\"                data-close-automatically=\"no\"                data-close-after-time=\"10\"                data-close-after-time-unit=\"seconds\"                data-trigger_scroll_amount=\"50\"                data-trigger_scroll_direction=\"down\"\t            data-scroll_to_selector=\"\"\t            data-time_inactive=\"60\"\t            data-time-inactive-unit=\"seconds\"\t            data-number_of_clicks=\"3\"\t            data-close_on_esc=\"on\"\t            data-number_of_page_views=\"3\"                data-close-after-form-submit=\"no\"                data-open-again=\"always_show\"                data-open-again-after-days=\"3\"            >\n\n                <div id=\"modal-73-38\" class=\"ct-modal\" ><a id=\"link-74-38\" class=\"ct-link oxy-close-modal\" href=\"http:\/\/\" target=\"_self\"  ><div id=\"fancy_icon-75-38\" class=\"ct-fancy-icon\" ><svg id=\"svg-fancy_icon-75-38\"><use xlink:href=\"#FontAwesomeicon-close\"><\/use><\/svg><\/div><\/a><div id=\"code_block-76-38\" class=\"ct-code-block\" ><iframe loading=\"lazy\" src=\"https:\/\/us11.list-manage.com\/contact-form?u=304b8f850d4bd013d68898a51&form_id=df2db6981f9c86050652d7096302d686\" width=\"100%\" height=\"100%\" style=\"border:none;\"><\/iframe>\n<\/div><\/div>\n            <\/div>\n        ","protected":false},"excerpt":{"rendered":"","protected":false},"author":1,"featured_media":0,"parent":15,"menu_order":12,"comment_status":"closed","ping_status":"closed","template":"","meta":{"_acf_changed":false,"footnotes":""},"class_list":["post-17","page","type-page","status-publish","hentry"],"acf":[],"_links":{"self":[{"href":"https:\/\/meniconbloom.com\/es\/wp-json\/wp\/v2\/pages\/17","targetHints":{"allow":["GET"]}}],"collection":[{"href":"https:\/\/meniconbloom.com\/es\/wp-json\/wp\/v2\/pages"}],"about":[{"href":"https:\/\/meniconbloom.com\/es\/wp-json\/wp\/v2\/types\/page"}],"author":[{"embeddable":true,"href":"https:\/\/meniconbloom.com\/es\/wp-json\/wp\/v2\/users\/1"}],"replies":[{"embeddable":true,"href":"https:\/\/meniconbloom.com\/es\/wp-json\/wp\/v2\/comments?post=17"}],"version-history":[{"count":2,"href":"https:\/\/meniconbloom.com\/es\/wp-json\/wp\/v2\/pages\/17\/revisions"}],"predecessor-version":[{"id":403,"href":"https:\/\/meniconbloom.com\/es\/wp-json\/wp\/v2\/pages\/17\/revisions\/403"}],"up":[{"embeddable":true,"href":"https:\/\/meniconbloom.com\/es\/wp-json\/wp\/v2\/pages\/15"}],"wp:attachment":[{"href":"https:\/\/meniconbloom.com\/es\/wp-json\/wp\/v2\/media?parent=17"}],"curies":[{"name":"wp","href":"https:\/\/api.w.org\/{rel}","templated":true}]}}