{"id":19,"date":"2023-10-25T13:09:26","date_gmt":"2023-10-25T13:09:26","guid":{"rendered":"https:\/\/meniconbloom.com\/es\/?page_id=19"},"modified":"2024-10-08T14:09:45","modified_gmt":"2024-10-08T14:09:45","slug":"menicon-bloom-day","status":"publish","type":"page","link":"https:\/\/meniconbloom.com\/es\/professionals\/menicon-bloom-day\/","title":{"rendered":"Menicon Bloom Day: lente de contacto blanda diaria para la gesti\u00f3n de la miop\u00eda"},"content":{"rendered":"<section id=\"section-2-40\" class=\" ct-section\" style=\"background-image:url(https:\/\/meniconbloom.com\/es\/wp-content\/uploads\/2023\/07\/Menicon-Bloom-Day-1.png);background-size: cover;\" ><div class=\"ct-section-inner-wrap\"><h1 id=\"headline-3-40\" class=\"ct-headline\">Lentes Menicon Bloom Day\u2122&nbsp;<br>Tu opci\u00f3n de lente blanda diaria<\/h1><\/div><\/section><section id=\"section-4-40\" class=\" ct-section\" ><div class=\"ct-section-inner-wrap\"><div id=\"div_block-47-40\" class=\"ct-div-block\" ><h2 id=\"headline-46-40\" class=\"ct-headline\">Menicon Bloom Day\u2122<\/h2><div id=\"_rich_text-5-40\" class=\"oxy-rich-text\" ><p>Inspirada en la \u00f3ptica avanzada de las c\u00e1maras, Menicon Bloom Day<sup>TM<\/sup>,\u00a0con su tecnolog\u00eda exclusiva\u00a0<strong>Neurofocus Optics<sup>\u00ae<\/sup><\/strong><strong>,<\/strong>\u00a0emplea un dise\u00f1o de profundidad de foco ampliada para ofrecer una suave transici\u00f3n en el poder refractivo de la zona central que ofrece una visi\u00f3n n\u00edtida a distancia a la zona perif\u00e9rica que genera una potencia positiva relativa.<\/p><\/div><\/div><div id=\"code_block-53-40\" class=\"ct-code-block\" ><video controls width=\"100%\">\n  <source src=\"\/es\/wp-content\/uploads\/sites\/21\/2024\/08\/MBD_edof_pinhole.mp4\">\n<\/video><\/div><div id=\"new_columns-7-40\" class=\"ct-new-columns\" ><div id=\"div_block-8-40\" class=\"ct-div-block\" ><div id=\"_rich_text-12-40\" class=\"oxy-rich-text\" ><table style=\"height: 386px;\" width=\"412\"><tbody><tr><td width=\"322\"><p>La lente Menicon Bloom Day<sup>TM<\/sup>\u00a0cuenta con un dise\u00f1o universal destinado a optimizar su eficacia de adaptaci\u00f3n, con una\u00a0<strong>progresi\u00f3n r\u00e1pida, continua e ininterrumpida en potencia positiva.<\/strong> Como tal, la potencia de la lente al borde de la pupila del ni\u00f1o\/a, estimada en 5 mm, ser\u00eda de unas +6,00\/+8,00 D de potencia positiva relativa, creciendo en pasos de 5 micras desde el centro del dise\u00f1o de la lente<sup>1,2<\/sup>. Esto genera un desenfoque mi\u00f3pico perif\u00e9rico significativo que ofrece niveles cl\u00ednicamente relevantes de eficacia en el control de la miop\u00eda en comparaci\u00f3n con otros dise\u00f1os de lentes de contacto multifocales de visi\u00f3n centro-lejos.<sup>3-6<\/sup><\/p><p>Se ha demostrado que la elevada potencia positiva genera un desenfoque mi\u00f3pico relativo en la refracci\u00f3n perif\u00e9rica con relaci\u00f3n a la refracci\u00f3n central.<sup>7<\/sup><\/p><\/td><\/tr><\/tbody><\/table><p>\u00a0<\/p><p>\u00a0<\/p><\/div><\/div><div id=\"div_block-9-40\" class=\"ct-div-block\" ><div id=\"div_block-61-40\" class=\"ct-div-block\" ><img decoding=\"async\"  id=\"image-62-40\" alt=\"\" src=\"https:\/\/meniconbloom.com\/es\/wp-content\/uploads\/sites\/21\/2023\/10\/MBD-new-image-3.png\" class=\"ct-image\" srcset-disabled=\"https:\/\/meniconbloom.com\/es\/wp-content\/uploads\/sites\/21\/2023\/10\/MBD-new-image-3.png 1574w, https:\/\/meniconbloom.com\/es\/wp-content\/uploads\/sites\/21\/2023\/10\/MBD-new-image-3-300x250.png 300w, https:\/\/meniconbloom.com\/es\/wp-content\/uploads\/sites\/21\/2023\/10\/MBD-new-image-3-1024x854.png 1024w, https:\/\/meniconbloom.com\/es\/wp-content\/uploads\/sites\/21\/2023\/10\/MBD-new-image-3-768x641.png 768w, https:\/\/meniconbloom.com\/es\/wp-content\/uploads\/sites\/21\/2023\/10\/MBD-new-image-3-1536x1281.png 1536w\" sizes=\"(max-width: 1574px) 100vw, 1574px\" \/><div id=\"_rich_text-65-40\" class=\"oxy-rich-text\" ><p>El mapa de perfil de potencia in vitro de la aberraci\u00f3n del frente de onda y la potencia \u00f3ptica de Menicon\u00a0Bloom Day<sup>TM<\/sup> se midi\u00f3 usando un aberr\u00f3metro de un solo paso con el sensor de frente de fonda de mayor resoluci\u00f3n de tipo Shack-Hartmann de Wavefront Dynamics.<\/p><\/div><\/div><div id=\"div_block-66-40\" class=\"ct-div-block\" ><img decoding=\"async\"  id=\"image-67-40\" alt=\"\" src=\"https:\/\/meniconbloom.com\/es\/wp-content\/uploads\/sites\/21\/2023\/10\/MBD-new-image-4.png\" class=\"ct-image\" srcset-disabled=\"https:\/\/meniconbloom.com\/es\/wp-content\/uploads\/sites\/21\/2023\/10\/MBD-new-image-4.png 1574w, https:\/\/meniconbloom.com\/es\/wp-content\/uploads\/sites\/21\/2023\/10\/MBD-new-image-4-300x250.png 300w, https:\/\/meniconbloom.com\/es\/wp-content\/uploads\/sites\/21\/2023\/10\/MBD-new-image-4-1024x854.png 1024w, https:\/\/meniconbloom.com\/es\/wp-content\/uploads\/sites\/21\/2023\/10\/MBD-new-image-4-768x641.png 768w, https:\/\/meniconbloom.com\/es\/wp-content\/uploads\/sites\/21\/2023\/10\/MBD-new-image-4-1536x1281.png 1536w\" sizes=\"(max-width: 1574px) 100vw, 1574px\" \/><div id=\"_rich_text-68-40\" class=\"oxy-rich-text\" ><p>El perfil catenario de potencia es altamente asf\u00e9rico y puede representarse con aberraciones esf\u00e9ricas de m\u00faltiples \u00f3rdenes. La gran magnitud de aberraciones esf\u00e9ricas es responsable de la profundidad de foco ampliada en el espacio imagen.\u00a0<\/p><\/div><\/div><\/div><\/div><div id=\"new_columns-69-19\" class=\"ct-new-columns\" ><div id=\"div_block-70-19\" class=\"ct-div-block\" ><img decoding=\"async\"  id=\"image-74-19\" alt=\"\" src=\"https:\/\/meniconbloom.com\/es\/wp-content\/uploads\/sites\/21\/2024\/08\/4_ES.png\" class=\"ct-image\" srcset-disabled=\"https:\/\/meniconbloom.com\/es\/wp-content\/uploads\/sites\/21\/2024\/08\/4_ES.png 2160w, https:\/\/meniconbloom.com\/es\/wp-content\/uploads\/sites\/21\/2024\/08\/4_ES-300x300.png 300w, https:\/\/meniconbloom.com\/es\/wp-content\/uploads\/sites\/21\/2024\/08\/4_ES-1024x1024.png 1024w, https:\/\/meniconbloom.com\/es\/wp-content\/uploads\/sites\/21\/2024\/08\/4_ES-150x150.png 150w, https:\/\/meniconbloom.com\/es\/wp-content\/uploads\/sites\/21\/2024\/08\/4_ES-768x768.png 768w, https:\/\/meniconbloom.com\/es\/wp-content\/uploads\/sites\/21\/2024\/08\/4_ES-1536x1536.png 1536w, https:\/\/meniconbloom.com\/es\/wp-content\/uploads\/sites\/21\/2024\/08\/4_ES-2048x2048.png 2048w\" sizes=\"(max-width: 2160px) 100vw, 2160px\" \/><\/div><div id=\"div_block-71-19\" class=\"ct-div-block\" ><img decoding=\"async\"  id=\"image-75-19\" alt=\"\" src=\"https:\/\/meniconbloom.com\/es\/wp-content\/uploads\/sites\/21\/2024\/08\/9_ES.png\" class=\"ct-image\" srcset-disabled=\"https:\/\/meniconbloom.com\/es\/wp-content\/uploads\/sites\/21\/2024\/08\/9_ES.png 2160w, https:\/\/meniconbloom.com\/es\/wp-content\/uploads\/sites\/21\/2024\/08\/9_ES-300x300.png 300w, https:\/\/meniconbloom.com\/es\/wp-content\/uploads\/sites\/21\/2024\/08\/9_ES-1024x1024.png 1024w, https:\/\/meniconbloom.com\/es\/wp-content\/uploads\/sites\/21\/2024\/08\/9_ES-150x150.png 150w, https:\/\/meniconbloom.com\/es\/wp-content\/uploads\/sites\/21\/2024\/08\/9_ES-768x768.png 768w, https:\/\/meniconbloom.com\/es\/wp-content\/uploads\/sites\/21\/2024\/08\/9_ES-1536x1536.png 1536w, https:\/\/meniconbloom.com\/es\/wp-content\/uploads\/sites\/21\/2024\/08\/9_ES-2048x2048.png 2048w\" sizes=\"(max-width: 2160px) 100vw, 2160px\" \/><\/div><\/div><div id=\"text_block-76-19\" class=\"ct-text-block\" >Durante el estudio Protect, las lentes Menicon Bloom Day\u2122 se usaron entre 11 y 12 horas al d\u00eda; el tiempo de uso fue superior&nbsp;<br>en comparaci\u00f3n con el protocolo del estudio, que indicaba 10 horas al d\u00eda y seis d\u00edas a la semana.<\/div><img decoding=\"async\"  id=\"image-73-19\" alt=\"\" src=\"https:\/\/meniconbloom.com\/es\/wp-content\/uploads\/sites\/21\/2024\/10\/SPANISH.png\" class=\"ct-image\" srcset-disabled=\"https:\/\/meniconbloom.com\/es\/wp-content\/uploads\/sites\/21\/2024\/10\/SPANISH.png 6000w, https:\/\/meniconbloom.com\/es\/wp-content\/uploads\/sites\/21\/2024\/10\/SPANISH-300x169.png 300w, https:\/\/meniconbloom.com\/es\/wp-content\/uploads\/sites\/21\/2024\/10\/SPANISH-1024x576.png 1024w, https:\/\/meniconbloom.com\/es\/wp-content\/uploads\/sites\/21\/2024\/10\/SPANISH-768x432.png 768w, https:\/\/meniconbloom.com\/es\/wp-content\/uploads\/sites\/21\/2024\/10\/SPANISH-1536x864.png 1536w, https:\/\/meniconbloom.com\/es\/wp-content\/uploads\/sites\/21\/2024\/10\/SPANISH-2048x1152.png 2048w\" sizes=\"(max-width: 6000px) 100vw, 6000px\" \/><\/div><\/section><section id=\"section-29-40\" class=\" ct-section\" ><div class=\"ct-section-inner-wrap\"><div id=\"div_block-30-40\" class=\"ct-div-block\" ><div id=\"fancy_icon-31-40\" class=\"ct-fancy-icon\" ><svg id=\"svg-fancy_icon-31-40\"><use xlink:href=\"#FontAwesomeicon-quote-left\"><\/use><\/svg><\/div><h2 id=\"headline-32-40\" class=\"ct-headline\">MAGIA PARA NI\u00d1OS,&nbsp;<br>CIENCIA PARA ADULTOS<\/h2><div id=\"fancy_icon-33-40\" class=\"ct-fancy-icon\" ><svg id=\"svg-fancy_icon-33-40\"><use xlink:href=\"#FontAwesomeicon-quote-right\"><\/use><\/svg><\/div><\/div><\/div><\/section><section id=\"section-43-40\" class=\" ct-section\" ><div class=\"ct-section-inner-wrap\"><img decoding=\"async\"  id=\"image-45-40\" alt=\"\" src=\"https:\/\/meniconbloom.com\/es\/wp-content\/uploads\/sites\/21\/2023\/07\/Menicon-Bloom-Day-1.png\" class=\"ct-image\" srcset-disabled=\"https:\/\/meniconbloom.com\/es\/wp-content\/uploads\/sites\/21\/2023\/07\/Menicon-Bloom-Day-1.png 1920w, https:\/\/meniconbloom.com\/es\/wp-content\/uploads\/sites\/21\/2023\/07\/Menicon-Bloom-Day-1-300x180.png 300w, https:\/\/meniconbloom.com\/es\/wp-content\/uploads\/sites\/21\/2023\/07\/Menicon-Bloom-Day-1-1024x614.png 1024w, https:\/\/meniconbloom.com\/es\/wp-content\/uploads\/sites\/21\/2023\/07\/Menicon-Bloom-Day-1-768x461.png 768w, https:\/\/meniconbloom.com\/es\/wp-content\/uploads\/sites\/21\/2023\/07\/Menicon-Bloom-Day-1-1536x922.png 1536w\" sizes=\"(max-width: 1920px) 100vw, 1920px\" \/><\/div><\/section><section id=\"section-34-40\" class=\" ct-section\" ><div class=\"ct-section-inner-wrap\"><div id=\"new_columns-35-40\" class=\"ct-new-columns\" ><div id=\"div_block-36-40\" class=\"ct-div-block\" ><h2 id=\"headline-37-40\" class=\"ct-headline\">Todo lo que necesitas para ofrecer un control de la miop\u00eda de forma segura y eficaz.<\/h2><div id=\"_rich_text-38-40\" class=\"oxy-rich-text\" ><p>Si quieres convertirte en un especialista en Menicon Bloom\u2122, por favor, ponte en contacto con nosotros.<\/p><\/div><\/div><div id=\"div_block-39-40\" class=\"ct-div-block\" ><a id=\"link_button-40-40\" class=\"ct-link-button\" href=\"http:\/\/\"   >Conctacto<\/a><\/div><\/div><\/div><\/section><section id=\"section-48-40\" class=\" ct-section\" ><div class=\"ct-section-inner-wrap\"><div id=\"_toggle-49-40\" class=\"oxy-toggle toggle-6463 toggle-6463-expanded\"  data-oxy-toggle-initial-state=\"closed\" data-oxy-toggle-active-class=\"toggle-6463-expanded\" >\n\t\t\t<div class='oxy-expand-collapse-icon' href='#'><\/div>\n\t\t\t<div class='oxy-toggle-content'>\n                <h6 id=\"headline-50-40\" class=\"ct-headline\">Referencias<\/h6>\t\t\t<\/div>\n\t\t<\/div><div id=\"div_block-51-40\" class=\"ct-div-block\" ><div id=\"_rich_text-52-40\" class=\"oxy-rich-text \" ><p>&nbsp;<\/p>\n<ol>\n<li>Cooper J, O'Connor B, Aller T, Dillehay SM, Weibel K, Benoit D. Reduction of myopic progression using a multifocal soft contact lens: a retrospective cohort study.&nbsp;Clin Ophthalmol. 2022;16:2145-2155. doi:<a href=\"http:\/\/10.2147\/OPTH.S370041\">10.2147\/OPTH.S370041<\/a><\/li>\n<li>Tuan KA, Dillehay SM, a Randomized Controlled Trial for Myopia Progression Control Using Catenary Power Profile Contact Lenses: 12-month Effectiveness and Safety. Investigative Ophthalmology &amp; Visual Science, 2024;65(7):2697<\/li>\n<li>Gifford KL, Richdale K, Kang P, et al. IMI - Clinical management guidelines report.&nbsp;Invest Ophthalmol Vis Sci. 2019;60(3):M184-M203. doi:<a href=\"http:\/\/10.1167\/iovs.18-25977\">10.1167\/iovs.18-25977<\/a><\/li>\n<li>Smith EL 3rd. Optical treatment strategies to slow myopia progression: effects of the visual extent of the optical treatment zone.&nbsp;Exp Eye Res. 2013;114:77-88. doi:<a href=\"http:\/\/10.1016\/j.exer.2012.11.019\">10.1016\/j.exer.2012.11.019<\/a><\/li>\n<li>Lee R, Achenbach P, Schwiegerling J. Instantaneous power profiles vs sagittal power profiles of various center distance multifocal lenses. Optom Vis Sci. 2019;96:E-abstract 195249.<\/li>\n<li>Yu Z, Zhong A, Zhao X, Li D, Duan J. Efficacy and safety of different add power soft contact lenses on myopia progression in children: a systematic review and meta-analysis.&nbsp;Ophthalmic Res. 2022;65(4):398-416. doi:<a href=\"http:\/\/10.1159\/000523675\">10.1159\/000523675<\/a><\/li>\n<li>Lopes-Ferreira D, Ribeiro C, Neves H, et al. Peripheral refraction with dominant design multifocal contact lenses in young myopes. J Optom. 2013;6(2):85-94. doi:<a href=\"https:\/\/doi.org\/10.1016%2Fj.optom.2013.01.001\" target=\"_blank\" rel=\"noopener noreferrer\">10.1016\/j.optom.2013.01.001<\/a><\/li>\n<\/ol><\/div><\/div><\/div><\/section>            <div tabindex=\"-1\" class=\"oxy-modal-backdrop center \"\n                style=\"background-color: rgba(0,0,0,0.5);\"\n                data-trigger=\"user_clicks_element\"                data-trigger-selector=\"#link_button-40-40\"                data-trigger-time=\"5\"                data-trigger-time-unit=\"seconds\"                data-close-automatically=\"no\"                data-close-after-time=\"10\"                data-close-after-time-unit=\"seconds\"                data-trigger_scroll_amount=\"50\"                data-trigger_scroll_direction=\"down\"\t            data-scroll_to_selector=\"\"\t            data-time_inactive=\"60\"\t            data-time-inactive-unit=\"seconds\"\t            data-number_of_clicks=\"3\"\t            data-close_on_esc=\"on\"\t            data-number_of_page_views=\"3\"                data-close-after-form-submit=\"no\"                data-open-again=\"always_show\"                data-open-again-after-days=\"3\"            >\n\n                <div id=\"modal-54-40\" class=\"ct-modal\" ><a id=\"link-55-40\" class=\"ct-link oxy-close-modal\" href=\"http:\/\/\" target=\"_self\"  ><div id=\"fancy_icon-56-40\" class=\"ct-fancy-icon\" ><svg id=\"svg-fancy_icon-56-40\"><use xlink:href=\"#FontAwesomeicon-close\"><\/use><\/svg><\/div><\/a><div id=\"code_block-57-40\" class=\"ct-code-block\" ><iframe loading=\"lazy\" src=\"https:\/\/us11.list-manage.com\/contact-form?u=304b8f850d4bd013d68898a51&form_id=df2db6981f9c86050652d7096302d686\" width=\"100%\" height=\"100%\" style=\"border:none;\"><\/iframe>\n<\/div><\/div>\n            <\/div>\n        ","protected":false},"excerpt":{"rendered":"","protected":false},"author":1,"featured_media":0,"parent":15,"menu_order":14,"comment_status":"closed","ping_status":"closed","template":"","meta":{"_acf_changed":false,"footnotes":""},"class_list":["post-19","page","type-page","status-publish","hentry"],"acf":[],"_links":{"self":[{"href":"https:\/\/meniconbloom.com\/es\/wp-json\/wp\/v2\/pages\/19","targetHints":{"allow":["GET"]}}],"collection":[{"href":"https:\/\/meniconbloom.com\/es\/wp-json\/wp\/v2\/pages"}],"about":[{"href":"https:\/\/meniconbloom.com\/es\/wp-json\/wp\/v2\/types\/page"}],"author":[{"embeddable":true,"href":"https:\/\/meniconbloom.com\/es\/wp-json\/wp\/v2\/users\/1"}],"replies":[{"embeddable":true,"href":"https:\/\/meniconbloom.com\/es\/wp-json\/wp\/v2\/comments?post=19"}],"version-history":[{"count":4,"href":"https:\/\/meniconbloom.com\/es\/wp-json\/wp\/v2\/pages\/19\/revisions"}],"predecessor-version":[{"id":464,"href":"https:\/\/meniconbloom.com\/es\/wp-json\/wp\/v2\/pages\/19\/revisions\/464"}],"up":[{"embeddable":true,"href":"https:\/\/meniconbloom.com\/es\/wp-json\/wp\/v2\/pages\/15"}],"wp:attachment":[{"href":"https:\/\/meniconbloom.com\/es\/wp-json\/wp\/v2\/media?parent=19"}],"curies":[{"name":"wp","href":"https:\/\/api.w.org\/{rel}","templated":true}]}}