{"id":21,"date":"2023-10-25T13:10:09","date_gmt":"2023-10-25T13:10:09","guid":{"rendered":"https:\/\/meniconbloom.com\/es\/?page_id=21"},"modified":"2024-10-02T16:00:22","modified_gmt":"2024-10-02T16:00:22","slug":"menicon-bloom-easyfit","status":"publish","type":"page","link":"https:\/\/meniconbloom.com\/es\/professionals\/menicon-bloom-easyfit\/","title":{"rendered":"Menicon Bloom Easyfit: c\u00e1lculo de lentes, asistente de adaptaci\u00f3n y de seguimiento de los pacientes."},"content":{"rendered":"<section id=\"section-62-214\" class=\"oxy-video-background ct-section\" ><div class='oxy-video-container'><video autoplay loop playsinline muted><source src='https:\/\/meniconbloom.com\/es\/wp-content\/uploads\/2023\/09\/MB-EF-VIDEO_website3.mp4'><\/video><div class='oxy-video-overlay'><\/div><\/div><div class=\"ct-section-inner-wrap\"><h1 id=\"headline-63-214\" class=\"ct-headline\">Menicon Bloom\u2122 Easyfit<\/h1><\/div><\/section><section id=\"section-22-42\" class=\" ct-section\" ><div class=\"ct-section-inner-wrap\"><div id=\"div_block-58-42\" class=\"ct-div-block\" ><h2 id=\"headline-54-42\" class=\"ct-headline\">Menicon Bloom\u2122 Easyfit,&nbsp;<br>tu asistente digital<\/h2><div id=\"_rich_text-4-42\" class=\"oxy-rich-text\" ><p>Menicon Bloom\u2122 Easyfit es un software <em>cloud based <\/em>de <strong>uso profesional<\/strong> muy f\u00e1cil de usar. Te asiste en la adaptaci\u00f3n y seguimiento de los casos adaptados con las lentes Menicon Bloom\u2122.<\/p><\/div><\/div><img decoding=\"async\"  id=\"image-64-214\" alt=\"\" src=\"https:\/\/meniconbloom.com\/es\/wp-content\/uploads\/sites\/21\/2023\/09\/FireFly-RGB-300.png\" class=\"ct-image\" srcset-disabled=\"https:\/\/meniconbloom.com\/es\/wp-content\/uploads\/sites\/21\/2023\/09\/FireFly-RGB-300.png 500w, https:\/\/meniconbloom.com\/es\/wp-content\/uploads\/sites\/21\/2023\/09\/FireFly-RGB-300-212x300.png 212w\" sizes=\"(max-width: 500px) 100vw, 500px\" \/><div id=\"new_columns-24-42\" class=\"ct-new-columns\" ><div id=\"div_block-25-42\" class=\"ct-div-block\" ><img decoding=\"async\"  id=\"image-27-42\" alt=\"\" src=\"https:\/\/meniconbloom.com\/es\/wp-content\/uploads\/sites\/21\/2023\/07\/Menicon-Bloom-Easyfit-1.png\" class=\"ct-image\" srcset-disabled=\"https:\/\/meniconbloom.com\/es\/wp-content\/uploads\/sites\/21\/2023\/07\/Menicon-Bloom-Easyfit-1.png 1310w, https:\/\/meniconbloom.com\/es\/wp-content\/uploads\/sites\/21\/2023\/07\/Menicon-Bloom-Easyfit-1-300x183.png 300w, https:\/\/meniconbloom.com\/es\/wp-content\/uploads\/sites\/21\/2023\/07\/Menicon-Bloom-Easyfit-1-1024x624.png 1024w, https:\/\/meniconbloom.com\/es\/wp-content\/uploads\/sites\/21\/2023\/07\/Menicon-Bloom-Easyfit-1-768x468.png 768w\" sizes=\"(max-width: 1310px) 100vw, 1310px\" \/><\/div><div id=\"div_block-26-42\" class=\"ct-div-block\" ><h3 id=\"headline-29-42\" class=\"ct-headline\">Pron\u00f3stico de la miop\u00eda<\/h3><div id=\"_rich_text-28-42\" class=\"oxy-rich-text\" ><p>Esta herramienta te permite comprobar c\u00f3mo el tratamiento est\u00e1 reduciendo la progresi\u00f3n de la miop\u00eda. La sencillez del gr\u00e1fico te permitir\u00e1 compartirlo en directo con los familiares del paciente para que puedan comprender los beneficios de iniciar un tratamiento Menicon Bloom\u2122. Adem\u00e1s, dispondr\u00e1s de una leyenda con algunos datos cient\u00edficos sobre los posibles riesgos de la miop\u00eda elevada que te ayudar\u00e1 a continuar la conversaci\u00f3n sobre la oferta de tratamiento.<\/p><\/div><\/div><\/div><div id=\"new_columns-31-42\" class=\"ct-new-columns\" ><div id=\"div_block-32-42\" class=\"ct-div-block\" ><h3 id=\"headline-34-42\" class=\"ct-headline\">El c\u00e1lculo de las lentes se simplifica <br>con Menicon Bloom\u2122 Easyfit<br><\/h3><div id=\"_rich_text-35-42\" class=\"oxy-rich-text\" ><p>Menicon Bloom\u2122 Easyfit realiza el c\u00e1lculo de las lentes para ti. Utilizar\u00e1 los resultados de topograf\u00eda y refracci\u00f3n para seleccionar las lentes Menicon Bloom Night\u2122 m\u00e1s adecuadas o los de refracci\u00f3n para seleccionar las lentes Menicon Bloom Day\u2122.<\/p><p>Este c\u00e1lculo emp\u00edrico te permitir\u00e1 ahorrar tiempo e impide el uso de una caja de pruebas de ortoqueratolog\u00eda.<\/p><\/div><\/div><div id=\"div_block-33-42\" class=\"ct-div-block\" ><img decoding=\"async\"  id=\"image-37-42\" alt=\"\" src=\"https:\/\/meniconbloom.com\/es\/wp-content\/uploads\/sites\/21\/2023\/07\/Menicon-Bloom-Easyfit-2.png\" class=\"ct-image\" srcset-disabled=\"https:\/\/meniconbloom.com\/es\/wp-content\/uploads\/sites\/21\/2023\/07\/Menicon-Bloom-Easyfit-2.png 1000w, https:\/\/meniconbloom.com\/es\/wp-content\/uploads\/sites\/21\/2023\/07\/Menicon-Bloom-Easyfit-2-300x180.png 300w, https:\/\/meniconbloom.com\/es\/wp-content\/uploads\/sites\/21\/2023\/07\/Menicon-Bloom-Easyfit-2-768x461.png 768w\" sizes=\"(max-width: 1000px) 100vw, 1000px\" \/><\/div><\/div><div id=\"new_columns-38-42\" class=\"ct-new-columns\" ><div id=\"div_block-39-42\" class=\"ct-div-block\" ><img decoding=\"async\"  id=\"image-45-42\" alt=\"Menicon Bloom Easyfit\" src=\"https:\/\/meniconbloom.com\/es\/wp-content\/uploads\/sites\/21\/2023\/07\/Menicon-Bloom-Easyfit-3.png\" class=\"ct-image\" srcset-disabled=\"https:\/\/meniconbloom.com\/es\/wp-content\/uploads\/sites\/21\/2023\/07\/Menicon-Bloom-Easyfit-3.png 1000w, https:\/\/meniconbloom.com\/es\/wp-content\/uploads\/sites\/21\/2023\/07\/Menicon-Bloom-Easyfit-3-300x180.png 300w, https:\/\/meniconbloom.com\/es\/wp-content\/uploads\/sites\/21\/2023\/07\/Menicon-Bloom-Easyfit-3-768x461.png 768w\" sizes=\"(max-width: 1000px) 100vw, 1000px\" \/><\/div><div id=\"div_block-40-42\" class=\"ct-div-block\" ><h3 id=\"headline-41-42\" class=\"ct-headline\">Evaluaci\u00f3n de rendimiento de las lentes<\/h3><div id=\"_rich_text-42-42\" class=\"oxy-rich-text\" ><p>Menicon Bloom\u2122 Easyfit ofrece dos flujos de trabajo distintos:\u00a0<strong>Guiado y R\u00e1pido.<\/strong><\/p><p>No importa la opci\u00f3n que elijas. Menicon Bloom\u2122 Easyfit te ayudar\u00e1 con el c\u00e1lculo y la evaluaci\u00f3n de las lentes. Adem\u00e1s, la visitas guiadas te ayudar\u00e1n con los protocolos espec\u00edficos para las lentes Menicon Bloom Night\u2122 y Menicon Bloom Day\u2122, en las que pueden recopilarse todos los datos importantes.<\/p><\/div><\/div><\/div><\/div><\/section><section id=\"section-46-42\" class=\" ct-section\" ><div class=\"ct-section-inner-wrap\"><div id=\"new_columns-47-42\" class=\"ct-new-columns\" ><div id=\"div_block-48-42\" class=\"ct-div-block\" ><h2 id=\"headline-49-42\" class=\"ct-headline\">Menicon Bloom\u2122 Easyfit: tu asistente digital para los tratamientos de gesti\u00f3n de la miop\u00eda con Menicon Bloom\u2122.<\/h2><div id=\"_rich_text-50-42\" class=\"oxy-rich-text\" ><p>Si quieres convertirte en un especialista en Menicon Bloom\u2122, por favor, ponte en contacto con nosotros.<\/p><\/div><\/div><div id=\"div_block-51-42\" class=\"ct-div-block\" ><a id=\"link_button-52-42\" class=\"ct-link-button\" href=\"http:\/\/\"   >Contacto<\/a><\/div><\/div><\/div><\/section>            <div tabindex=\"-1\" class=\"oxy-modal-backdrop center \"\n                style=\"background-color: rgba(0,0,0,0.5);\"\n                data-trigger=\"user_clicks_element\"                data-trigger-selector=\"#link_button-52-42\"                data-trigger-time=\"5\"                data-trigger-time-unit=\"seconds\"                data-close-automatically=\"no\"                data-close-after-time=\"10\"                data-close-after-time-unit=\"seconds\"                data-trigger_scroll_amount=\"50\"                data-trigger_scroll_direction=\"down\"\t            data-scroll_to_selector=\"\"\t            data-time_inactive=\"60\"\t            data-time-inactive-unit=\"seconds\"\t            data-number_of_clicks=\"3\"\t            data-close_on_esc=\"on\"\t            data-number_of_page_views=\"3\"                data-close-after-form-submit=\"no\"                data-open-again=\"always_show\"                data-open-again-after-days=\"3\"            >\n\n                <div id=\"modal-65-42\" class=\"ct-modal\" ><a id=\"link-66-42\" class=\"ct-link oxy-close-modal\" href=\"http:\/\/\" target=\"_self\"  ><div id=\"fancy_icon-67-42\" class=\"ct-fancy-icon\" ><svg id=\"svg-fancy_icon-67-42\"><use xlink:href=\"#FontAwesomeicon-close\"><\/use><\/svg><\/div><\/a><div id=\"code_block-68-42\" class=\"ct-code-block\" ><iframe loading=\"lazy\" src=\"https:\/\/us11.list-manage.com\/contact-form?u=304b8f850d4bd013d68898a51&form_id=df2db6981f9c86050652d7096302d686\" width=\"100%\" height=\"100%\" style=\"border:none;\"><\/iframe>\n<\/div><\/div>\n            <\/div>\n        ","protected":false},"excerpt":{"rendered":"","protected":false},"author":1,"featured_media":0,"parent":15,"menu_order":14,"comment_status":"closed","ping_status":"closed","template":"","meta":{"_acf_changed":false,"footnotes":""},"class_list":["post-21","page","type-page","status-publish","hentry"],"acf":[],"_links":{"self":[{"href":"https:\/\/meniconbloom.com\/es\/wp-json\/wp\/v2\/pages\/21","targetHints":{"allow":["GET"]}}],"collection":[{"href":"https:\/\/meniconbloom.com\/es\/wp-json\/wp\/v2\/pages"}],"about":[{"href":"https:\/\/meniconbloom.com\/es\/wp-json\/wp\/v2\/types\/page"}],"author":[{"embeddable":true,"href":"https:\/\/meniconbloom.com\/es\/wp-json\/wp\/v2\/users\/1"}],"replies":[{"embeddable":true,"href":"https:\/\/meniconbloom.com\/es\/wp-json\/wp\/v2\/comments?post=21"}],"version-history":[{"count":2,"href":"https:\/\/meniconbloom.com\/es\/wp-json\/wp\/v2\/pages\/21\/revisions"}],"predecessor-version":[{"id":405,"href":"https:\/\/meniconbloom.com\/es\/wp-json\/wp\/v2\/pages\/21\/revisions\/405"}],"up":[{"embeddable":true,"href":"https:\/\/meniconbloom.com\/es\/wp-json\/wp\/v2\/pages\/15"}],"wp:attachment":[{"href":"https:\/\/meniconbloom.com\/es\/wp-json\/wp\/v2\/media?parent=21"}],"curies":[{"name":"wp","href":"https:\/\/api.w.org\/{rel}","templated":true}]}}