{"id":23,"date":"2023-10-25T13:11:19","date_gmt":"2023-10-25T13:11:19","guid":{"rendered":"https:\/\/meniconbloom.com\/es\/?page_id=23"},"modified":"2024-10-02T16:00:47","modified_gmt":"2024-10-02T16:00:47","slug":"menicon-bloom-app","status":"publish","type":"page","link":"https:\/\/meniconbloom.com\/es\/professionals\/menicon-bloom-app\/","title":{"rendered":"Menicon Bloom app: haz seguimiento de tus pacientes entre visitas"},"content":{"rendered":"<section id=\"section-43-44\" class=\" ct-section ct-section-with-shape-divider\" ><div class=\"ct-section-inner-wrap\"><h1 id=\"headline-44-44\" class=\"ct-headline\">Menicon Bloom\u2122 app<\/h1>\n\t\t<div id=\"-shape-divider-45-44\" class=\"oxy-shape-divider \" >        \n        <div class=\"oxy_shape_divider\" >\n            <svg  data-name=\"Layer 1\" xmlns=\"http:\/\/www.w3.org\/2000\/svg\" viewBox=\"0 0 1200 120\" preserveAspectRatio=\"none\" fill=\"currentColor\"><path  d=\"M600,112.77C268.63,112.77,0,65.52,0,7.23V120H1200V7.23C1200,65.52,931.37,112.77,600,112.77Z\" class=\"shape-fill\" fill-opacity=\"1\"><\/path><\/svg>        <\/div>\n\n        <\/div>\n\n\t\t<\/div><\/section><section id=\"section-6-44\" class=\" ct-section\" ><div class=\"ct-section-inner-wrap\"><div id=\"div_block-42-44\" class=\"ct-div-block\" ><h2 id=\"headline-12-44\" class=\"ct-headline\">Ayuda a tus pacientes, optimiza tu labor<\/h2><div id=\"_rich_text-4-44\" class=\"oxy-rich-text\" ><p>La aplicaci\u00f3n Menicon Bloom\u2122\u00a0te ayuda a mantener el contacto con tus pacientes. A veces es dif\u00edcil saber c\u00f3mo les ha ido el tratamiento a tus pacientes entre visita y visita.<\/p><p><strong>\u00bfDe verdad recuerdan si la comodidad ha aumentado o disminuido?<br \/>\u00bfRecuerdan si han tenido alg\u00fan problema con la manipulaci\u00f3n de las lentes?<br \/>\u00bfY qu\u00e9 pasa con la visi\u00f3n? \u00bfSon capaces de decir si siempre ha sido buena?<br \/><\/strong><\/p><\/div><\/div><div id=\"new_columns-7-44\" class=\"ct-new-columns\" ><div id=\"div_block-8-44\" class=\"ct-div-block\" ><img decoding=\"async\"  id=\"image-27-44\" alt=\"\" src=\"https:\/\/meniconbloom.com\/es\/wp-content\/uploads\/sites\/21\/2023\/07\/Menicon-Blom-Easyfit-video-1.gif\" class=\"ct-image\" srcset-disabled=\"\" sizes=\"(max-width: 500px) 100vw, 500px\" \/><\/div><div id=\"div_block-9-44\" class=\"ct-div-block\" ><h3 id=\"headline-10-44\" class=\"ct-headline\">Identificar y prevenir<\/h3><div id=\"_rich_text-11-44\" class=\"oxy-rich-text\" ><p>La aplicaci\u00f3n Menicon Bloom\u2122 te ayuda a realizar un seguimiento de tus pacientes entre visita y visita.<\/p><p>Esta aplicaci\u00f3n m\u00f3vil realizar\u00e1 a tus pacientes <strong>cuestionarios breves<\/strong> en consonancia con su tratamiento.\u00a0<\/p><p>Los cuestionarios son breves, claros y f\u00e1ciles de responder con divertidos <em>smileys.<\/em> El paciente no tardar\u00e1 m\u00e1s de dos minutos en responder a las preguntas (con la ayuda de un familiar si es necesario).<\/p><p>Y lo mejor es que la aplicaci\u00f3n est\u00e1 vinculada a tu Menicon Bloom\u2122 Easyfit. Los resultados se actualizan inmediatamente en el historial de los pacientes en cuanto finalizan el cuestionario.<\/p><\/div><\/div><\/div><div id=\"new_columns-15-44\" class=\"ct-new-columns\" ><div id=\"div_block-16-44\" class=\"ct-div-block\" ><h3 id=\"headline-18-44\" class=\"ct-headline\">Las instrucciones siempre al alcance de tus pacientes<\/h3><div id=\"_rich_text-19-44\" class=\"oxy-rich-text\" ><p>Sabemos que a veces tambi\u00e9n es dif\u00edcil asegurarse de que los pacientes hayan prestado atenci\u00f3n a las instrucciones de manipulaci\u00f3n y cuidado de las lentes que les has facilitado.<br \/>La aplicaci\u00f3n Menicon Bloom\u2122 incluye un apartado\u00a0de <strong>Consejos<\/strong> desde el cual los pacientes pueden acceder a\u00a0<strong>animaciones breves y adecuadas para ni\u00f1os<\/strong> donde se revisan todas las instrucciones. Las pueden ver tantas veces como sea necesario.<\/p><p>Y adem\u00e1s enviar\u00e1 un\u00a0<strong>recordatorio<\/strong> cuando hayan transcurrido seis meses de uso de las lentes para programar una visita contigo y sustituirlas.<\/p><\/div><\/div><div id=\"div_block-17-44\" class=\"ct-div-block\" ><img decoding=\"async\"  id=\"image-32-44\" alt=\"\" src=\"https:\/\/meniconbloom.com\/es\/wp-content\/uploads\/sites\/21\/2023\/07\/Menicon-Blom-Easyfit-video-2.gif\" class=\"ct-image\" srcset-disabled=\"\" sizes=\"(max-width: 500px) 100vw, 500px\" \/><\/div><\/div><div id=\"new_columns-21-44\" class=\"ct-new-columns\" ><div id=\"div_block-22-44\" class=\"ct-div-block\" ><img decoding=\"async\"  id=\"image-33-44\" alt=\"\" src=\"https:\/\/meniconbloom.com\/es\/wp-content\/uploads\/sites\/21\/2023\/07\/Menicon-Blom-Easyfit-video-3.gif\" class=\"ct-image\" srcset-disabled=\"\" sizes=\"(max-width: 500px) 100vw, 500px\" \/><\/div><div id=\"div_block-23-44\" class=\"ct-div-block\" ><h3 id=\"headline-25-44\" class=\"ct-headline\">La comunicaci\u00f3n, parte clave del \u00e9xito<\/h3><div id=\"_rich_text-26-44\" class=\"oxy-rich-text\" ><p>Por \u00faltimo, pero no menos importante, la aplicaci\u00f3n Menicon Bloom\u2122 dispone de una funci\u00f3n de mensajer\u00eda. Como est\u00e1 vinculada a Menicon Bloom\u2122 Easyfit, podr\u00e1s enviar mensajes a la aplicaci\u00f3n de tus pacientes, como por ejemplo recordatorios de pr\u00f3ximas visitas, y ellos podr\u00e1n escribirte si les surge cualquier consulta.<\/p><\/div><\/div><\/div><\/div><\/section><section id=\"section-34-44\" class=\" ct-section\" ><div class=\"ct-section-inner-wrap\"><div id=\"new_columns-35-44\" class=\"ct-new-columns\" ><div id=\"div_block-36-44\" class=\"ct-div-block\" ><h2 id=\"headline-37-44\" class=\"ct-headline\">Aplicaci\u00f3n Menicon Bloom\u2122: para una mayor tranquilidad<\/h2><div id=\"_rich_text-38-44\" class=\"oxy-rich-text\" ><p>Si quieres convertirte en un especialista en Menicon Bloom\u2122, por favor, ponte en contacto con nosotros.<\/p><\/div><\/div><div id=\"div_block-39-44\" class=\"ct-div-block\" ><a id=\"link_button-40-44\" class=\"ct-link-button\" href=\"http:\/\/\"   >Contacto<br><\/a><\/div><\/div><\/div><\/section>            <div tabindex=\"-1\" class=\"oxy-modal-backdrop center \"\n                style=\"background-color: rgba(0,0,0,0.5);\"\n                data-trigger=\"user_clicks_element\"                data-trigger-selector=\"#link_button-40-44\"                data-trigger-time=\"5\"                data-trigger-time-unit=\"seconds\"                data-close-automatically=\"no\"                data-close-after-time=\"10\"                data-close-after-time-unit=\"seconds\"                data-trigger_scroll_amount=\"50\"                data-trigger_scroll_direction=\"down\"\t            data-scroll_to_selector=\"\"\t            data-time_inactive=\"60\"\t            data-time-inactive-unit=\"seconds\"\t            data-number_of_clicks=\"3\"\t            data-close_on_esc=\"on\"\t            data-number_of_page_views=\"3\"                data-close-after-form-submit=\"no\"                data-open-again=\"always_show\"                data-open-again-after-days=\"3\"            >\n\n                <div id=\"modal-46-44\" class=\"ct-modal\" ><a id=\"link-47-44\" class=\"ct-link oxy-close-modal\" href=\"http:\/\/\" target=\"_self\"  ><div id=\"fancy_icon-48-44\" class=\"ct-fancy-icon\" ><svg id=\"svg-fancy_icon-48-44\"><use xlink:href=\"#FontAwesomeicon-close\"><\/use><\/svg><\/div><\/a><div id=\"code_block-49-44\" class=\"ct-code-block\" ><iframe loading=\"lazy\" src=\"https:\/\/us11.list-manage.com\/contact-form?u=304b8f850d4bd013d68898a51&form_id=df2db6981f9c86050652d7096302d686\" width=\"100%\" height=\"100%\" style=\"border:none;\"><\/iframe>\n<\/div><\/div>\n            <\/div>\n        ","protected":false},"excerpt":{"rendered":"","protected":false},"author":1,"featured_media":0,"parent":15,"menu_order":15,"comment_status":"closed","ping_status":"closed","template":"","meta":{"_acf_changed":false,"footnotes":""},"class_list":["post-23","page","type-page","status-publish","hentry"],"acf":[],"_links":{"self":[{"href":"https:\/\/meniconbloom.com\/es\/wp-json\/wp\/v2\/pages\/23","targetHints":{"allow":["GET"]}}],"collection":[{"href":"https:\/\/meniconbloom.com\/es\/wp-json\/wp\/v2\/pages"}],"about":[{"href":"https:\/\/meniconbloom.com\/es\/wp-json\/wp\/v2\/types\/page"}],"author":[{"embeddable":true,"href":"https:\/\/meniconbloom.com\/es\/wp-json\/wp\/v2\/users\/1"}],"replies":[{"embeddable":true,"href":"https:\/\/meniconbloom.com\/es\/wp-json\/wp\/v2\/comments?post=23"}],"version-history":[{"count":2,"href":"https:\/\/meniconbloom.com\/es\/wp-json\/wp\/v2\/pages\/23\/revisions"}],"predecessor-version":[{"id":406,"href":"https:\/\/meniconbloom.com\/es\/wp-json\/wp\/v2\/pages\/23\/revisions\/406"}],"up":[{"embeddable":true,"href":"https:\/\/meniconbloom.com\/es\/wp-json\/wp\/v2\/pages\/15"}],"wp:attachment":[{"href":"https:\/\/meniconbloom.com\/es\/wp-json\/wp\/v2\/media?parent=23"}],"curies":[{"name":"wp","href":"https:\/\/api.w.org\/{rel}","templated":true}]}}