{"id":25,"date":"2023-10-25T13:11:58","date_gmt":"2023-10-25T13:11:58","guid":{"rendered":"https:\/\/meniconbloom.com\/es\/?page_id=25"},"modified":"2024-10-02T16:01:10","modified_gmt":"2024-10-02T16:01:10","slug":"patients","status":"publish","type":"page","link":"https:\/\/meniconbloom.com\/es\/patients\/","title":{"rendered":"Menicon Bloom para Pacientes"},"content":{"rendered":"<section id=\"section-2-11\" class=\" ct-section\" style=\"background-image: linear-gradient(90deg, rgba(0,0,0,0.4), rgba(0,0,0,0)), url(https:\/\/meniconbloom.com\/es\/wp-content\/uploads\/2023\/07\/Menicon-Bloom-patient-1.png);background-size:auto,  cover;\" ><div class=\"ct-section-inner-wrap\"><div id=\"div_block-11-11\" class=\"ct-div-block\" ><h1 id=\"headline-3-11\" class=\"ct-headline\">Menicon Bloom\u2122<br><\/h1><h2 id=\"headline-5-11\" class=\"ct-headline\"> Hemos imaginado un mundo donde los ni\u00f1os con miop\u00eda pueden ver con claridad\u2026<br>y hemos utilizado nuestra tecnolog\u00eda avanzada para crearlo.<\/h2><\/div><\/div><\/section><section id=\"section-13-11\" class=\" ct-section\" ><div class=\"ct-section-inner-wrap\"><div id=\"div_block-16-11\" class=\"ct-div-block\" ><img decoding=\"async\"  id=\"image-14-11\" alt=\"\" src=\"https:\/\/meniconbloom.com\/es\/wp-content\/uploads\/sites\/21\/2023\/07\/02.-Myopia-Menicon-Bloom-MB-Logo-PNG-Master-version-20191016.png\" class=\"ct-image\" srcset-disabled=\"https:\/\/meniconbloom.com\/es\/wp-content\/uploads\/sites\/21\/2023\/07\/02.-Myopia-Menicon-Bloom-MB-Logo-PNG-Master-version-20191016.png 552w, https:\/\/meniconbloom.com\/es\/wp-content\/uploads\/sites\/21\/2023\/07\/02.-Myopia-Menicon-Bloom-MB-Logo-PNG-Master-version-20191016-300x96.png 300w\" sizes=\"(max-width: 552px) 100vw, 552px\" \/><div id=\"_rich_text-15-11\" class=\"oxy-rich-text\" ><p>Menicon Bloom\u2122 es nuestro plan de tratamiento innovador para la miop\u00eda infantil. Queremos que te resulte incre\u00edblemente f\u00e1cil incorporar nuestras lentes <br \/>a las rutinas diurnas o nocturnas de tus hijos.<\/p><\/div><\/div><img decoding=\"async\"  id=\"image-18-11\" alt=\"\" src=\"https:\/\/meniconbloom.com\/es\/wp-content\/uploads\/sites\/21\/2023\/07\/Menicon-Bloom-patient-2.png\" class=\"ct-image\" srcset-disabled=\"https:\/\/meniconbloom.com\/es\/wp-content\/uploads\/sites\/21\/2023\/07\/Menicon-Bloom-patient-2.png 1920w, https:\/\/meniconbloom.com\/es\/wp-content\/uploads\/sites\/21\/2023\/07\/Menicon-Bloom-patient-2-300x300.png 300w, https:\/\/meniconbloom.com\/es\/wp-content\/uploads\/sites\/21\/2023\/07\/Menicon-Bloom-patient-2-1024x1024.png 1024w, https:\/\/meniconbloom.com\/es\/wp-content\/uploads\/sites\/21\/2023\/07\/Menicon-Bloom-patient-2-150x150.png 150w, https:\/\/meniconbloom.com\/es\/wp-content\/uploads\/sites\/21\/2023\/07\/Menicon-Bloom-patient-2-768x768.png 768w, https:\/\/meniconbloom.com\/es\/wp-content\/uploads\/sites\/21\/2023\/07\/Menicon-Bloom-patient-2-1536x1536.png 1536w\" sizes=\"(max-width: 1920px) 100vw, 1920px\" \/><div id=\"div_block-89-11\" class=\"ct-div-block\" ><h2 id=\"headline-87-11\" class=\"ct-headline\">Reducci\u00f3n de la progresi\u00f3n de la miop\u00eda&nbsp;<\/h2><div id=\"_rich_text-19-11\" class=\"oxy-rich-text\" ><p>Mantener la miop\u00eda bajo control \u2014reduciendo el crecimiento del ojo\u2014 es justo lo que pretendemos con el plan de tratamiento Menicon Bloom\u2122.<\/p><p><br \/>Este plan de tratamiento se ha desarrollado para permitir una aplicaci\u00f3n segura y eficaz del control de la miop\u00eda. No obstante, adem\u00e1s de abordar el desarrollo de la miop\u00eda, el plan de tratamiento Menicon Bloom\u2122 tambi\u00e9n corrige la miop\u00eda que ya tienes para que puedas ver con claridad durante el d\u00eda.<\/p><\/div><\/div><\/div><\/section><section id=\"section-86-11\" class=\" ct-section\" ><div class=\"ct-section-inner-wrap\"><div id=\"div_block-61-11\" class=\"ct-div-block\" ><h2 id=\"headline-33-11\" class=\"ct-headline\">\u00bfQu\u00e9 incluye Menicon Bloom\u2122?<\/h2><div id=\"_rich_text-60-11\" class=\"oxy-rich-text\" ><p>Tu profesional de la visi\u00f3n te ense\u00f1ar\u00e1 varios gr\u00e1ficos sencillos para que entiendas por qu\u00e9, teniendo en cuenta tu caso, la gesti\u00f3n de la miop\u00eda es importante. Despu\u00e9s te presentar\u00e1 los beneficios de Menicon Bloom\u2122.<\/p><\/div><\/div><div id=\"new_columns-35-11\" class=\"ct-new-columns\" ><div id=\"div_block-36-11\" class=\"ct-div-block\" ><div id=\"div_block-44-11\" class=\"ct-div-block\" ><h3 id=\"headline-41-11\" class=\"ct-headline\">App Menicon Bloom\u2122<\/h3><div id=\"_rich_text-43-11\" class=\"oxy-rich-text\" ><p>La aplicaci\u00f3n Menicon Bloom\u2122 quiere acompa\u00f1arte entre visita y visita.<\/p><\/div><\/div><div id=\"div_block-56-11\" class=\"ct-div-block\" ><h3 id=\"headline-57-11\" class=\"ct-headline\">Menicon Bloom Day\u2122<\/h3><div id=\"_rich_text-58-11\" class=\"oxy-rich-text\" ><p>Menicon Bloom Day\u2122 es la opci\u00f3n de lente blanda para llevar durante el d\u00eda y de reemplazo diario. \u00a1As\u00ed de f\u00e1cil!<\/p><p>\u00a0<\/p><\/div><\/div><\/div><div id=\"div_block-37-11\" class=\"ct-div-block\" ><img decoding=\"async\"  id=\"image-39-11\" alt=\"\" src=\"https:\/\/meniconbloom.com\/es\/wp-content\/uploads\/sites\/21\/2023\/08\/menicon-bloom-lineup_updated.png\" class=\"ct-image\" srcset-disabled=\"https:\/\/meniconbloom.com\/es\/wp-content\/uploads\/sites\/21\/2023\/08\/menicon-bloom-lineup_updated.png 500w, https:\/\/meniconbloom.com\/es\/wp-content\/uploads\/sites\/21\/2023\/08\/menicon-bloom-lineup_updated-300x212.png 300w\" sizes=\"(max-width: 500px) 100vw, 500px\" \/><\/div><div id=\"div_block-38-11\" class=\"ct-div-block\" ><div id=\"div_block-46-11\" class=\"ct-div-block\" ><h3 id=\"headline-47-11\" class=\"ct-headline\">Menicon Bloom Night\u2122<\/h3><div id=\"_rich_text-48-11\" class=\"oxy-rich-text\" ><p>Menicon Bloom Night\u2122 son las lentes\u00a0que llevas mientras duermes y te permiten ver con claridad cuando te las quitas por la ma\u00f1ana.<\/p><\/div><\/div><div id=\"div_block-52-11\" class=\"ct-div-block\" ><h3 id=\"headline-53-11\" class=\"ct-headline\">Cuidado de las lentes<\/h3><div id=\"_rich_text-54-11\" class=\"oxy-rich-text\" ><p>Menicon Bloom Care\u2122 y Menicon Bloom Progent\u2122 son las soluciones de mantenimiento para la limpieza de tus lentes Menicon Bloom Night\u2122.<\/p><\/div><\/div><\/div><\/div><\/div><\/section><section id=\"section-20-11\" class=\" ct-section\" ><div class=\"ct-section-inner-wrap\"><div id=\"new_columns-21-11\" class=\"ct-new-columns\" ><div id=\"div_block-22-11\" class=\"ct-div-block\" ><h2 id=\"headline-23-11\" class=\"ct-headline\">\u00bfQUIERES M\u00c1S INFORMACI\u00d3N?<br>Descarga el cat\u00e1logo Menicon Bloom\u2122<br><\/h2><div id=\"_rich_text-24-11\" class=\"oxy-rich-text\" ><p>Para obtener m\u00e1s informaci\u00f3n, ponte en contacto con tu profesional de la visi\u00f3n.<\/p><\/div><\/div><div id=\"div_block-25-11\" class=\"ct-div-block\" ><a id=\"link_button-26-11\" class=\"ct-link-button\" href=\"\/es\/wp-content\/uploads\/sites\/21\/2024\/02\/Menicon-Menicon-Bloom-B2C-Brochure-ES-V1-20230620-PRINT.pdf\" target=\"_blank\"  >Descarga el cat\u00e1logo<\/a><\/div><\/div><\/div><\/section>","protected":false},"excerpt":{"rendered":"","protected":false},"author":1,"featured_media":0,"parent":0,"menu_order":20,"comment_status":"closed","ping_status":"closed","template":"","meta":{"_acf_changed":false,"footnotes":""},"class_list":["post-25","page","type-page","status-publish","hentry"],"acf":[],"_links":{"self":[{"href":"https:\/\/meniconbloom.com\/es\/wp-json\/wp\/v2\/pages\/25","targetHints":{"allow":["GET"]}}],"collection":[{"href":"https:\/\/meniconbloom.com\/es\/wp-json\/wp\/v2\/pages"}],"about":[{"href":"https:\/\/meniconbloom.com\/es\/wp-json\/wp\/v2\/types\/page"}],"author":[{"embeddable":true,"href":"https:\/\/meniconbloom.com\/es\/wp-json\/wp\/v2\/users\/1"}],"replies":[{"embeddable":true,"href":"https:\/\/meniconbloom.com\/es\/wp-json\/wp\/v2\/comments?post=25"}],"version-history":[{"count":3,"href":"https:\/\/meniconbloom.com\/es\/wp-json\/wp\/v2\/pages\/25\/revisions"}],"predecessor-version":[{"id":408,"href":"https:\/\/meniconbloom.com\/es\/wp-json\/wp\/v2\/pages\/25\/revisions\/408"}],"wp:attachment":[{"href":"https:\/\/meniconbloom.com\/es\/wp-json\/wp\/v2\/media?parent=25"}],"curies":[{"name":"wp","href":"https:\/\/api.w.org\/{rel}","templated":true}]}}