{"id":27,"date":"2023-10-25T13:12:49","date_gmt":"2023-10-25T13:12:49","guid":{"rendered":"https:\/\/meniconbloom.com\/es\/?page_id=27"},"modified":"2024-10-02T16:01:27","modified_gmt":"2024-10-02T16:01:27","slug":"menicon-bloom-night-patient","status":"publish","type":"page","link":"https:\/\/meniconbloom.com\/es\/patients\/menicon-bloom-night-patient\/","title":{"rendered":"Menicon Bloom Night para pacientes con miop\u00eda: ortoqueratolog\u00eda para gestion de la miop\u00eda"},"content":{"rendered":"<section id=\"section-2-93\" class=\" ct-section\" style=\"background-image:url(https:\/\/meniconbloom.com\/es\/wp-content\/uploads\/2023\/07\/NIGHT-BACKGROUND.png);background-size: cover;\" ><div class=\"ct-section-inner-wrap\"><h1 id=\"headline-11-93\" class=\"ct-headline\">Menicon Bloom Night\u2122<\/h1><h2 id=\"headline-3-93\" class=\"ct-headline\">Imagina poder prescindir de correcci\u00f3n&nbsp;<br>cuando est\u00e1s despierto\/a<br><\/h2><\/div><\/section><section id=\"section-4-93\" class=\" ct-section\" ><div class=\"ct-section-inner-wrap\"><div id=\"new_columns-5-93\" class=\"ct-new-columns\" ><div id=\"div_block-6-93\" class=\"ct-div-block\" ><h2 id=\"headline-9-93\" class=\"ct-headline\">Menicon Bloom Night\u2122<br><\/h2><div id=\"_rich_text-10-93\" class=\"oxy-rich-text\" ><p>Las lentes Menicon Bloom Night\u2122 ayudan a reducir la progresi\u00f3n de la miop\u00eda y corrigen tu visi\u00f3n al mismo tiempo.<\/p><p>Llevas las lentes mientras duermes y las lentes moldean lentamente la capa m\u00e1s externa de la c\u00f3rnea. Esta nueva forma de la c\u00f3rnea afecta al enfoque de las im\u00e1genes en la retina y contribuye a ralentizar el crecimiento del ojo, reduciendo as\u00ed el desarrollo de la miop\u00eda. Por tanto, este tratamiento implica que ya no tendr\u00e1s tanta miop\u00eda como tendr\u00edas si no utilizaras Menicon Bloom Night\u2122. Adem\u00e1s, tambi\u00e9n implica que podr\u00e1s ver con claridad durante el d\u00eda sin necesidad de llevar gafas ni lentes de contacto.<\/p><p class=\"p1\">Cuando tu profesional de la visi\u00f3n te adapte las lentes, las llevar\u00e1s cada noche durante seis meses. La aplicaci\u00f3n Menicon Bloom\u2122 te enviar\u00e1 un recordatorio para sustituirlas. \u00a1No tienes que preocuparte de nada!<\/p><\/div><\/div><div id=\"div_block-7-93\" class=\"ct-div-block\" ><img decoding=\"async\"  id=\"image-8-93\" alt=\"Menicon Bloom Night\" src=\"https:\/\/meniconbloom.com\/es\/wp-content\/uploads\/sites\/21\/2023\/07\/Menicon-Bloom-Night-Patient-1.png\" class=\"ct-image\" srcset-disabled=\"https:\/\/meniconbloom.com\/es\/wp-content\/uploads\/sites\/21\/2023\/07\/Menicon-Bloom-Night-Patient-1.png 1000w, https:\/\/meniconbloom.com\/es\/wp-content\/uploads\/sites\/21\/2023\/07\/Menicon-Bloom-Night-Patient-1-300x300.png 300w, https:\/\/meniconbloom.com\/es\/wp-content\/uploads\/sites\/21\/2023\/07\/Menicon-Bloom-Night-Patient-1-150x150.png 150w, https:\/\/meniconbloom.com\/es\/wp-content\/uploads\/sites\/21\/2023\/07\/Menicon-Bloom-Night-Patient-1-768x768.png 768w\" sizes=\"(max-width: 1000px) 100vw, 1000px\" \/><\/div><\/div><div id=\"new_columns-28-93\" class=\"ct-new-columns\" ><div id=\"div_block-29-93\" class=\"ct-div-block\" ><h3 id=\"headline-31-93\" class=\"ct-headline heading-chantal\">beneficios&nbsp;<br>de las lentes&nbsp;<br>Menicon Bloom Night\u2122&nbsp;<\/h3><\/div><div id=\"div_block-30-93\" class=\"ct-div-block\" ><div id=\"div_block-35-93\" class=\"ct-div-block\" ><img decoding=\"async\"  id=\"image-32-93\" alt=\"\" src=\"https:\/\/meniconbloom.com\/es\/wp-content\/uploads\/sites\/21\/2023\/08\/safeeffective.png\" class=\"ct-image\" srcset-disabled=\"https:\/\/meniconbloom.com\/es\/wp-content\/uploads\/sites\/21\/2023\/08\/safeeffective.png 693w, https:\/\/meniconbloom.com\/es\/wp-content\/uploads\/sites\/21\/2023\/08\/safeeffective-300x298.png 300w, https:\/\/meniconbloom.com\/es\/wp-content\/uploads\/sites\/21\/2023\/08\/safeeffective-150x150.png 150w\" sizes=\"(max-width: 693px) 100vw, 693px\" \/><div id=\"_rich_text-33-93\" class=\"oxy-rich-text\" ><p>Aplicaci\u00f3n segura<sup>1-4<\/sup>\u00a0y eficaz<sup>5-7<\/sup> para el manejo de la miop\u00eda.<\/p><\/div><\/div><div id=\"div_block-37-93\" class=\"ct-div-block\" ><img decoding=\"async\"  id=\"image-38-93\" alt=\"\" src=\"https:\/\/meniconbloom.com\/es\/wp-content\/uploads\/sites\/21\/2023\/08\/clearvision.png\" class=\"ct-image\" srcset-disabled=\"https:\/\/meniconbloom.com\/es\/wp-content\/uploads\/sites\/21\/2023\/08\/clearvision.png 834w, https:\/\/meniconbloom.com\/es\/wp-content\/uploads\/sites\/21\/2023\/08\/clearvision-300x164.png 300w, https:\/\/meniconbloom.com\/es\/wp-content\/uploads\/sites\/21\/2023\/08\/clearvision-768x419.png 768w\" sizes=\"(max-width: 834px) 100vw, 834px\" \/><div id=\"_rich_text-39-93\" class=\"oxy-rich-text\" ><p>Visi\u00f3n clara durante el d\u00eda sin necesidad de correcci\u00f3n<sup>8<\/sup>.<\/p><\/div><\/div><div id=\"div_block-40-93\" class=\"ct-div-block\" ><img decoding=\"async\"  id=\"image-41-93\" alt=\"\" src=\"https:\/\/meniconbloom.com\/es\/wp-content\/uploads\/sites\/21\/2023\/08\/QoL.png\" class=\"ct-image\" srcset-disabled=\"https:\/\/meniconbloom.com\/es\/wp-content\/uploads\/sites\/21\/2023\/08\/QoL.png 834w, https:\/\/meniconbloom.com\/es\/wp-content\/uploads\/sites\/21\/2023\/08\/QoL-300x247.png 300w, https:\/\/meniconbloom.com\/es\/wp-content\/uploads\/sites\/21\/2023\/08\/QoL-768x634.png 768w\" sizes=\"(max-width: 834px) 100vw, 834px\" \/><div id=\"_rich_text-42-93\" class=\"oxy-rich-text\" ><p>Calidad de vida mejorada en lo que a visi\u00f3n se refiere<sup>9<\/sup>.<\/p><\/div><\/div><div id=\"div_block-43-93\" class=\"ct-div-block\" ><img decoding=\"async\"  id=\"image-44-93\" alt=\"\" src=\"https:\/\/meniconbloom.com\/es\/wp-content\/uploads\/sites\/21\/2023\/08\/athome.png\" class=\"ct-image\" srcset-disabled=\"https:\/\/meniconbloom.com\/es\/wp-content\/uploads\/sites\/21\/2023\/08\/athome.png 735w, https:\/\/meniconbloom.com\/es\/wp-content\/uploads\/sites\/21\/2023\/08\/athome-300x281.png 300w\" sizes=\"(max-width: 735px) 100vw, 735px\" \/><div id=\"_rich_text-45-93\" class=\"oxy-rich-text\" ><p>Integraci\u00f3n sencilla en las rutinas diarias: las lentes se manipular\u00e1n siempre en un entorno seguro y tranquilo: en casa. P\u00f3ntelas de noche, justo antes de acostarte, y qu\u00edtatelas cuando te levantes.<\/p><\/div><\/div><\/div><\/div><img decoding=\"async\"  id=\"image-19-93\" alt=\"\" src=\"https:\/\/meniconbloom.com\/es\/wp-content\/uploads\/sites\/21\/2023\/07\/Menicon-Bloom-Night-Patient-2.png\" class=\"ct-image\" srcset-disabled=\"https:\/\/meniconbloom.com\/es\/wp-content\/uploads\/sites\/21\/2023\/07\/Menicon-Bloom-Night-Patient-2.png 1920w, https:\/\/meniconbloom.com\/es\/wp-content\/uploads\/sites\/21\/2023\/07\/Menicon-Bloom-Night-Patient-2-300x125.png 300w, https:\/\/meniconbloom.com\/es\/wp-content\/uploads\/sites\/21\/2023\/07\/Menicon-Bloom-Night-Patient-2-1024x427.png 1024w, https:\/\/meniconbloom.com\/es\/wp-content\/uploads\/sites\/21\/2023\/07\/Menicon-Bloom-Night-Patient-2-768x320.png 768w, https:\/\/meniconbloom.com\/es\/wp-content\/uploads\/sites\/21\/2023\/07\/Menicon-Bloom-Night-Patient-2-1536x640.png 1536w\" sizes=\"(max-width: 1920px) 100vw, 1920px\" \/><\/div><\/section><section id=\"section-50-93\" class=\" ct-section\" ><div class=\"ct-section-inner-wrap\"><div id=\"div_block-54-93\" class=\"ct-div-block\" ><h2 id=\"headline-51-93\" class=\"ct-headline\">Cuidado de las lentes<\/h2><div id=\"_rich_text-52-93\" class=\"oxy-rich-text\" ><p>Es tan importante llevar las lentes cada noche como mantenerlas en buenas condiciones. El sistema Menicon Bloom\u2122 incluye las soluciones de cuidado de lentes destinadas a garantizar que dispones de todo lo necesario para un buen mantenimiento de las mismas.<\/p><\/div><\/div><div id=\"new_columns-56-93\" class=\"ct-new-columns\" ><div id=\"div_block-57-93\" class=\"ct-div-block\" ><img decoding=\"async\"  id=\"image-59-93\" alt=\"\" src=\"https:\/\/meniconbloom.com\/es\/wp-content\/uploads\/sites\/21\/2023\/07\/Menicon-Bloom-Night-3.png\" class=\"ct-image\" srcset-disabled=\"https:\/\/meniconbloom.com\/es\/wp-content\/uploads\/sites\/21\/2023\/07\/Menicon-Bloom-Night-3.png 1000w, https:\/\/meniconbloom.com\/es\/wp-content\/uploads\/sites\/21\/2023\/07\/Menicon-Bloom-Night-3-296x300.png 296w, https:\/\/meniconbloom.com\/es\/wp-content\/uploads\/sites\/21\/2023\/07\/Menicon-Bloom-Night-3-768x778.png 768w\" sizes=\"(max-width: 1000px) 100vw, 1000px\" \/><\/div><div id=\"div_block-58-93\" class=\"ct-div-block\" ><div id=\"div_block-83-93\" class=\"ct-div-block\" ><h3 id=\"headline-60-93\" class=\"ct-headline\">Menicon Bloom Care\u2122<\/h3><div id=\"_rich_text-61-93\" class=\"oxy-rich-text\" ><p>Menicon Bloom Care\u2122 es la soluci\u00f3n multiusos para tus lentes Menicon Bloom Night\u2122. Se usa a diario y ha demostrado que es capaz de ofrecer un amplio rango de desinfecci\u00f3n contra los microorganismos pat\u00f3genos.<sup>10-12<\/sup><\/p><p>Adem\u00e1s, la soluci\u00f3n se presenta en un envase con una forma \u00fanica y un material que permitir\u00e1 a los ni\u00f1os sostenerlo y presionarlo f\u00e1cilmente. Es m\u00e1s, est\u00e1 fabricada\u00a0con mucho menos pl\u00e1stico, en consonancia con el compromiso de Menicon con sus <a href=\"https:\/\/www.menicon.com\/corporate\/aboutus\/sdg\/\" target=\"_blank\" rel=\"noopener\">objetivos de desarrollo sostenible.<\/a><\/p><\/div><\/div><div id=\"div_block-85-93\" class=\"ct-div-block\" ><h3 id=\"headline-68-93\" class=\"ct-headline\">Menicon Bloom Progent\u2122<\/h3><div id=\"_rich_text-72-93\" class=\"oxy-rich-text\" ><p>Asimismo, utilizar\u00e1s Menicon Bloom Progent\u2122 para garantizar un uso seguro y c\u00f3modo de las lentes.<\/p><p>Se trata de nuestro limpiador intensivo, desinfectante y eliminador de prote\u00ednas<sup>13<\/sup>. Es muy f\u00e1cil de usar gracias a su c\u00f3digo de colores y formato monodosis.<\/p><\/div><\/div><\/div><\/div><div id=\"_rich_text-73-93\" class=\"oxy-rich-text\" ><p>Menicon Bloom Night\u2122, Menicon Bloom Care\u2122 y Menicon Bloom Progent\u2122 forman parte del sistema de Control de la Miop\u00eda Menicon Bloom<sup>TM<\/sup>. Para obtener m\u00e1s informaci\u00f3n, ponte en contacto con tu profesional de la visi\u00f3n.<\/p><\/div><\/div><\/section><section id=\"section-78-93\" class=\" ct-section\" ><div class=\"ct-section-inner-wrap\"><div id=\"_toggle-79-93\" class=\"oxy-toggle toggle-6463 toggle-6463-expanded\"  data-oxy-toggle-initial-state=\"closed\" data-oxy-toggle-active-class=\"toggle-6463-expanded\" >\n\t\t\t<div class='oxy-expand-collapse-icon' href='#'><\/div>\n\t\t\t<div class='oxy-toggle-content'>\n                <h6 id=\"headline-80-93\" class=\"ct-headline\">Referencias<\/h6>\t\t\t<\/div>\n\t\t<\/div><div id=\"div_block-81-93\" class=\"ct-div-block\" ><div id=\"_rich_text-82-93\" class=\"oxy-rich-text \" ><p>\u00a0<\/p><ol><li>Liu YM, Xie P. The safety of orthokeratology--a systematic review.\u00a0Eye Contact Lens. 2016;42(1):35-42. doi:<a href=\"http:\/\/10.1097\/ICL.0000000000000219\">10.1097\/ICL.0000000000000219<\/a><\/li><li>Bullimore MA, Sinnott LT, Jones-Jordan LA. The risk of microbial keratitis with overnight corneal reshaping lenses.\u00a0Optom Vis Sci. 2013;90(9):937-944. doi:<a href=\"http:\/\/10.1097\/OPX.0b013e31829cac92\">10.1097\/OPX.0b013e31829cac92<\/a><\/li><li>Bullimore MA, Mirsayafov DS, Khurai AR, et al. Pediatric microbial keratitis with overnight orthokeratology in russia.\u00a0Eye Contact Lens. 2021;47(7):420-425. doi:<a href=\"http:\/\/10.1097\/ICL.0000000000000801\">10.1097\/ICL.0000000000000801<\/a><\/li><li>Hiraoka T, Sekine Y, Okamoto F, Mihashi T, Oshika T. Safety and efficacy following 10-years of overnight orthokeratology for myopia control.\u00a0Ophthalmic Physiol Opt. 2018;38(3):281-289. doi:<a href=\"http:\/\/10.1111\/opo.12460\">10.1111\/opo.12460<\/a><\/li><li>Cho P, Cheung SW. Retardation of myopia in orthokeratology (ROMIO) study: a 2-year randomized clinical trial.\u00a0Invest Ophthalmol Vis Sci. 2012;53(11):7077-7085. doi:<a href=\"http:\/\/10.1167\/iovs.12-10565\">10.1167\/iovs.12-10565<\/a><\/li><li>Santodomingo-Rubido J, Villa-Collar C, Gilmartin B, Guti\u00e9rrez-Ortega R. Myopia control with orthokeratology contact lenses in Spain: refractive and biometric changes.\u00a0Invest Ophthalmol Vis Sci. 2012;53(8):5060-5065. doi:<a href=\"http:\/\/10.1167\/iovs.11-8005\">10.1167\/iovs.11-8005<\/a><\/li><li>Chen C, Cheung SW, Cho P. Myopia control using toric orthokeratology (TO-SEE study).\u00a0Invest Ophthalmol Vis Sci. 2013;54(10):6510-6517. doi:10.1167\/iovs.13-12527<\/li><li>Ouzzani M, Mekki MB, Chiali S, Kail F, Chahed L. Practice of orthokeratology in Algeria: a retrospective study.\u00a0J Optom. 2021;14(2):176-182. doi:<a href=\"http:\/\/10.1167\/iovs.13-12527\">10.1016\/j.optom.2020.05.003<\/a><\/li><li>Walline JJ, Jones LA, Sinnott L, et al. Randomized trial of the effect of contact lens wear on self-perception in children.\u00a0Optom Vis Sci. 2009;86(3):222-232. doi:<a href=\"http:\/\/10.1097\/OPX.0b013e3181971985\">10.1097\/OPX.0b013e3181971985<\/a><\/li><li>Boost M, Cho P, Lai S. Efficacy of multipurpose solutions for rigid gas permeable lenses.\u00a0Ophthalmic Physiol Opt. 2006;26(5):468-475. doi:<a href=\"http:\/\/10.1111\/j.1475-1313.2006.00398.x\">10.1111\/j.1475-1313.2006.00398.x<\/a><\/li><li>Choy CK, Cho P, Boost MV. Cytotoxicity of rigid gas-permeable lens care solutions.\u00a0Clin Exp Optom. 2013;96(5):467-471. doi:<a href=\"http:\/\/10.1111\/cxo.12039\">10.1111\/cxo.12039<\/a><\/li><li>Shi GS, Boost MV, Cho P. Does the presence of QAC genes in staphylococci affect the efficacy of disinfecting solutions used by orthokeratology lens wearers?.\u00a0Br J Ophthalmol. 2016;100(5):708-712. doi:<a href=\"http:\/\/10.1136\/bjophthalmol-2015-307811\">10.1136\/bjophthalmol-2015-307811<\/a><\/li><li>Hiraoka T, Yoshimitsu M, Santodomingo-Rubido J, Kondo H, Oshika T. A novel quantitative evaluation of deposits adhered to worn orthokeratology contact lenses.\u00a0Jpn J Ophthalmol. 2021;65(6):855-863. doi:<a href=\"http:\/\/10.1007\/s10384-021-00873-1\">10.1007\/s10384-021-00873-1<\/a><\/li><\/ol><\/div><\/div><\/div><\/section>","protected":false},"excerpt":{"rendered":"","protected":false},"author":1,"featured_media":0,"parent":25,"menu_order":21,"comment_status":"closed","ping_status":"closed","template":"","meta":{"_acf_changed":false,"footnotes":""},"class_list":["post-27","page","type-page","status-publish","hentry"],"acf":[],"_links":{"self":[{"href":"https:\/\/meniconbloom.com\/es\/wp-json\/wp\/v2\/pages\/27","targetHints":{"allow":["GET"]}}],"collection":[{"href":"https:\/\/meniconbloom.com\/es\/wp-json\/wp\/v2\/pages"}],"about":[{"href":"https:\/\/meniconbloom.com\/es\/wp-json\/wp\/v2\/types\/page"}],"author":[{"embeddable":true,"href":"https:\/\/meniconbloom.com\/es\/wp-json\/wp\/v2\/users\/1"}],"replies":[{"embeddable":true,"href":"https:\/\/meniconbloom.com\/es\/wp-json\/wp\/v2\/comments?post=27"}],"version-history":[{"count":2,"href":"https:\/\/meniconbloom.com\/es\/wp-json\/wp\/v2\/pages\/27\/revisions"}],"predecessor-version":[{"id":409,"href":"https:\/\/meniconbloom.com\/es\/wp-json\/wp\/v2\/pages\/27\/revisions\/409"}],"up":[{"embeddable":true,"href":"https:\/\/meniconbloom.com\/es\/wp-json\/wp\/v2\/pages\/25"}],"wp:attachment":[{"href":"https:\/\/meniconbloom.com\/es\/wp-json\/wp\/v2\/media?parent=27"}],"curies":[{"name":"wp","href":"https:\/\/api.w.org\/{rel}","templated":true}]}}