{"id":29,"date":"2023-10-25T13:13:39","date_gmt":"2023-10-25T13:13:39","guid":{"rendered":"https:\/\/meniconbloom.com\/es\/?page_id=29"},"modified":"2024-10-02T16:01:46","modified_gmt":"2024-10-02T16:01:46","slug":"menicon-bloom-day-patient","status":"publish","type":"page","link":"https:\/\/meniconbloom.com\/es\/patients\/menicon-bloom-day-patient\/","title":{"rendered":"Menicon Bloom Day: lente de contacto blanda diaria para la gesti\u00f3n de la miop\u00eda"},"content":{"rendered":"<section id=\"section-2-95\" class=\" ct-section\" style=\"background-image:url(https:\/\/meniconbloom.com\/es\/wp-content\/uploads\/2023\/07\/DAY-BACKGROUND.png);background-size: cover;\" ><div class=\"ct-section-inner-wrap\"><h1 id=\"headline-3-95\" class=\"ct-headline\">Menicon Bloom Day\u2122<\/h1><h2 id=\"headline-4-95\" class=\"ct-headline\">Tu opci\u00f3n de lente blanda para gesti\u00f3n y correcci\u00f3n de la miop\u00eda<\/h2><\/div><\/section><section id=\"section-7-95\" class=\" ct-section\" ><div class=\"ct-section-inner-wrap\"><div id=\"new_columns-8-95\" class=\"ct-new-columns\" ><div id=\"div_block-9-95\" class=\"ct-div-block\" ><h2 id=\"headline-11-95\" class=\"ct-headline\">Menicon Bloom Day\u2122<\/h2><div id=\"_rich_text-12-95\" class=\"oxy-rich-text\" ><p>Menicon Bloom Day\u2122 es una lente de contacto blanda que llevas durante el d\u00eda y sustituyes a diario. Por eso, Menicon Bloom Day\u2122 es superhigi\u00e9nica y no presenta complicaciones. Ni siquiera necesitar\u00e1s una soluci\u00f3n para el cuidado de las lentes.<\/p><p>Menicon Bloom Day\u2122 cuenta con un dise\u00f1o exclusivo patentado que reduce el crecimiento del ojo. La lente modifica la forma en que la luz entra en el ojo y afecta al enfoque de la imagen en la retina. De esta forma se limita el crecimiento del ojo y se reduce el desarrollo de la miop\u00eda.<br \/>Las lentes Menicon Bloom Day\u2122 tambi\u00e9n corrigen la visi\u00f3n para ofrecerte una visi\u00f3n perfecta mientras las llevas.<\/p><\/div><\/div><div id=\"div_block-10-95\" class=\"ct-div-block\" ><img decoding=\"async\"  id=\"image-13-95\" alt=\"\" src=\"https:\/\/meniconbloom.com\/es\/wp-content\/uploads\/sites\/21\/2023\/07\/Menicon-Bloom-Day-Patient-2.png\" class=\"ct-image\" srcset-disabled=\"https:\/\/meniconbloom.com\/es\/wp-content\/uploads\/sites\/21\/2023\/07\/Menicon-Bloom-Day-Patient-2.png 1000w, https:\/\/meniconbloom.com\/es\/wp-content\/uploads\/sites\/21\/2023\/07\/Menicon-Bloom-Day-Patient-2-300x300.png 300w, https:\/\/meniconbloom.com\/es\/wp-content\/uploads\/sites\/21\/2023\/07\/Menicon-Bloom-Day-Patient-2-150x150.png 150w, https:\/\/meniconbloom.com\/es\/wp-content\/uploads\/sites\/21\/2023\/07\/Menicon-Bloom-Day-Patient-2-768x768.png 768w\" sizes=\"(max-width: 1000px) 100vw, 1000px\" \/><\/div><\/div><img decoding=\"async\"  id=\"image-33-95\" alt=\"\" src=\"https:\/\/meniconbloom.com\/es\/wp-content\/uploads\/sites\/21\/2023\/07\/Menicon-Bloom-Day-Patient-1.png\" class=\"ct-image\" srcset-disabled=\"https:\/\/meniconbloom.com\/es\/wp-content\/uploads\/sites\/21\/2023\/07\/Menicon-Bloom-Day-Patient-1.png 1920w, https:\/\/meniconbloom.com\/es\/wp-content\/uploads\/sites\/21\/2023\/07\/Menicon-Bloom-Day-Patient-1-300x125.png 300w, https:\/\/meniconbloom.com\/es\/wp-content\/uploads\/sites\/21\/2023\/07\/Menicon-Bloom-Day-Patient-1-1024x427.png 1024w, https:\/\/meniconbloom.com\/es\/wp-content\/uploads\/sites\/21\/2023\/07\/Menicon-Bloom-Day-Patient-1-768x320.png 768w, https:\/\/meniconbloom.com\/es\/wp-content\/uploads\/sites\/21\/2023\/07\/Menicon-Bloom-Day-Patient-1-1536x640.png 1536w\" sizes=\"(max-width: 1920px) 100vw, 1920px\" \/><div id=\"new_columns-14-95\" class=\"ct-new-columns\" ><div id=\"div_block-15-95\" class=\"ct-div-block\" ><h3 id=\"headline-17-95\" class=\"ct-headline heading-chantal\">beneficios<br>de las lentes<br>&nbsp;Menicon Bloom Day\u2122<\/h3><\/div><div id=\"div_block-16-95\" class=\"ct-div-block\" ><div id=\"div_block-20-95\" class=\"ct-div-block\" ><img decoding=\"async\"  id=\"image-18-95\" alt=\"\" src=\"https:\/\/meniconbloom.com\/es\/wp-content\/uploads\/sites\/21\/2023\/08\/safeeffective.png\" class=\"ct-image\" srcset-disabled=\"https:\/\/meniconbloom.com\/es\/wp-content\/uploads\/sites\/21\/2023\/08\/safeeffective.png 693w, https:\/\/meniconbloom.com\/es\/wp-content\/uploads\/sites\/21\/2023\/08\/safeeffective-300x298.png 300w, https:\/\/meniconbloom.com\/es\/wp-content\/uploads\/sites\/21\/2023\/08\/safeeffective-150x150.png 150w\" sizes=\"(max-width: 693px) 100vw, 693px\" \/><div id=\"_rich_text-19-95\" class=\"oxy-rich-text\" ><p>Aplicaci\u00f3n segura<sup>1-2<\/sup>\u00a0y eficaz<sup>3<\/sup>\u00a0para el control de la miop\u00eda.<\/p><\/div><\/div><div id=\"div_block-28-95\" class=\"ct-div-block\" ><img decoding=\"async\"  id=\"image-29-95\" alt=\"\" src=\"https:\/\/meniconbloom.com\/es\/wp-content\/uploads\/sites\/21\/2023\/08\/clearvision.png\" class=\"ct-image\" srcset-disabled=\"https:\/\/meniconbloom.com\/es\/wp-content\/uploads\/sites\/21\/2023\/08\/clearvision.png 834w, https:\/\/meniconbloom.com\/es\/wp-content\/uploads\/sites\/21\/2023\/08\/clearvision-300x164.png 300w, https:\/\/meniconbloom.com\/es\/wp-content\/uploads\/sites\/21\/2023\/08\/clearvision-768x419.png 768w\" sizes=\"(max-width: 834px) 100vw, 834px\" \/><div id=\"_rich_text-30-95\" class=\"oxy-rich-text\" ><p>Visi\u00f3n clara durante el d\u00eda gracias al dise\u00f1o de las lentes<sup>4<\/sup>.<\/p><\/div><\/div><div id=\"div_block-25-95\" class=\"ct-div-block\" ><img decoding=\"async\"  id=\"image-26-95\" alt=\"\" src=\"https:\/\/meniconbloom.com\/es\/wp-content\/uploads\/sites\/21\/2023\/08\/QoL.png\" class=\"ct-image\" srcset-disabled=\"https:\/\/meniconbloom.com\/es\/wp-content\/uploads\/sites\/21\/2023\/08\/QoL.png 834w, https:\/\/meniconbloom.com\/es\/wp-content\/uploads\/sites\/21\/2023\/08\/QoL-300x247.png 300w, https:\/\/meniconbloom.com\/es\/wp-content\/uploads\/sites\/21\/2023\/08\/QoL-768x634.png 768w\" sizes=\"(max-width: 834px) 100vw, 834px\" \/><div id=\"_rich_text-27-95\" class=\"oxy-rich-text\" ><p>Calidad de vida mejorada en lo que a visi\u00f3n se refiere<sup>5<\/sup>.<\/p><\/div><\/div><div id=\"div_block-22-95\" class=\"ct-div-block\" ><img decoding=\"async\"  id=\"image-23-95\" alt=\"\" src=\"https:\/\/meniconbloom.com\/es\/wp-content\/uploads\/sites\/21\/2023\/08\/athome.png\" class=\"ct-image\" srcset-disabled=\"https:\/\/meniconbloom.com\/es\/wp-content\/uploads\/sites\/21\/2023\/08\/athome.png 735w, https:\/\/meniconbloom.com\/es\/wp-content\/uploads\/sites\/21\/2023\/08\/athome-300x281.png 300w\" sizes=\"(max-width: 735px) 100vw, 735px\" \/><div id=\"_rich_text-24-95\" class=\"oxy-rich-text\" ><p>Integraci\u00f3n sencilla en las rutinas diarias: las lentes se manipular\u00e1n siempre en un entorno seguro y tranquilo: en casa. Te las pones cuando te levantas y te las quitas por la noche.<\/p><\/div><\/div><\/div><\/div><div id=\"_rich_text-35-95\" class=\"oxy-rich-text\" ><p>Menicon Bloom Day\u2122 forma parte del Sistema de Gesti\u00f3n del Control de la Miop\u00eda Menicon Bloom<sup>TM<\/sup>. Para obtener m\u00e1s informaci\u00f3n, ponte en contacto con tu profesional de la visi\u00f3n.<\/p><\/div><\/div><\/section><section id=\"section-38-95\" class=\" ct-section\" ><div class=\"ct-section-inner-wrap\"><div id=\"_toggle-39-95\" class=\"oxy-toggle toggle-6463 toggle-6463-expanded\"  data-oxy-toggle-initial-state=\"closed\" data-oxy-toggle-active-class=\"toggle-6463-expanded\" >\n\t\t\t<div class='oxy-expand-collapse-icon' href='#'><\/div>\n\t\t\t<div class='oxy-toggle-content'>\n                <h6 id=\"headline-40-95\" class=\"ct-headline\">Referencias<\/h6>\t\t\t<\/div>\n\t\t<\/div><div id=\"div_block-41-95\" class=\"ct-div-block\" ><div id=\"_rich_text-42-95\" class=\"oxy-rich-text \" ><p>\u00a0<\/p><ol><li>Cheng X, Brennan NA, Toubouti Y, Greenaway NL. Safety of soft contact lenses in children: retrospective review of six randomized controlled trials of myopia control.\u00a0Acta Ophthalmol. 2020;98(3):e346-e351. doi:<a href=\"http:\/\/10.1111\/aos.14283\">10.1111\/aos.14283<\/a><\/li><li>Bullimore MA. The safety of soft contact lenses in children.\u00a0Optom Vis Sci. 2017;94(6):638-646. doi:<a href=\"http:\/\/10.1097\/OPX.0000000000001078\">10.1097\/OPX.0000000000001078<\/a><\/li><li>Cooper J, O'Connor B, Aller T, Dillehay SM, Weibel K, Benoit D. Reduction of myopic progression using a multifocal soft contact lens: a retrospective cohort study.\u00a0Clin Ophthalmol. 2022;16:2145-2155. doi:<a href=\"http:\/\/10.2147\/OPTH.S370041\">10.2147\/OPTH.S370041<\/a><\/li><li>Miller J, Long B, Dillehay S. Children\u2019s evaluation of a unique myopia progression control lens design. Optom Vis Sci. 2013;88:E-abstract 115896<\/li><li>Walline JJ, Jones LA, Sinnott L, et al. Randomized trial of the effect of contact lens wear on self-perception in children.\u00a0Optom Vis Sci. 2009;86(3):222-232. doi:<a href=\"http:\/\/10.1097\/OPX.0b013e3181971985\">10.1097\/OPX.0b013e3181971985<\/a><\/li><\/ol><\/div><\/div><\/div><\/section>","protected":false},"excerpt":{"rendered":"","protected":false},"author":1,"featured_media":0,"parent":25,"menu_order":22,"comment_status":"closed","ping_status":"closed","template":"","meta":{"_acf_changed":false,"footnotes":""},"class_list":["post-29","page","type-page","status-publish","hentry"],"acf":[],"_links":{"self":[{"href":"https:\/\/meniconbloom.com\/es\/wp-json\/wp\/v2\/pages\/29","targetHints":{"allow":["GET"]}}],"collection":[{"href":"https:\/\/meniconbloom.com\/es\/wp-json\/wp\/v2\/pages"}],"about":[{"href":"https:\/\/meniconbloom.com\/es\/wp-json\/wp\/v2\/types\/page"}],"author":[{"embeddable":true,"href":"https:\/\/meniconbloom.com\/es\/wp-json\/wp\/v2\/users\/1"}],"replies":[{"embeddable":true,"href":"https:\/\/meniconbloom.com\/es\/wp-json\/wp\/v2\/comments?post=29"}],"version-history":[{"count":2,"href":"https:\/\/meniconbloom.com\/es\/wp-json\/wp\/v2\/pages\/29\/revisions"}],"predecessor-version":[{"id":410,"href":"https:\/\/meniconbloom.com\/es\/wp-json\/wp\/v2\/pages\/29\/revisions\/410"}],"up":[{"embeddable":true,"href":"https:\/\/meniconbloom.com\/es\/wp-json\/wp\/v2\/pages\/25"}],"wp:attachment":[{"href":"https:\/\/meniconbloom.com\/es\/wp-json\/wp\/v2\/media?parent=29"}],"curies":[{"name":"wp","href":"https:\/\/api.w.org\/{rel}","templated":true}]}}