{"id":319,"date":"2023-10-30T19:45:49","date_gmt":"2023-10-30T19:45:49","guid":{"rendered":"https:\/\/meniconbloom.com\/es\/?page_id=319"},"modified":"2024-10-02T15:58:57","modified_gmt":"2024-10-02T15:58:57","slug":"home","status":"publish","type":"page","link":"https:\/\/meniconbloom.com\/es\/","title":{"rendered":"Home"},"content":{"rendered":"<section id=\"section-2-25\" class=\" ct-section\" style=\"background-image:url(https:\/\/meniconbloom.com\/es\/wp-content\/uploads\/2023\/08\/Menicon-Bloom-homepage-cover.png);background-size: cover;\" ><div class=\"ct-section-inner-wrap\"><div id=\"div_block-4-25\" class=\"ct-div-block\" ><h1 id=\"headline-6-25\" class=\"ct-headline\">BIENVENIDO A&nbsp;<span id=\"span-97-25\" class=\"ct-span heading-chantal\" >MENICON BLOOM\u2122<\/span><\/h1><div id=\"div_block-9-25\" class=\"ct-div-block\" ><a id=\"link_button-10-25\" class=\"ct-link-button\" href=\"\/es\/patients\/\"   >Paciente<\/a><a id=\"link_button-11-25\" class=\"ct-link-button\" href=\"\/es\/professionals\/\"   >Profesional<\/a><\/div><\/div><\/div><\/section><section id=\"section-14-25\" class=\" ct-section\" style=\"background-image:url(https:\/\/meniconbloom.com\/es\/wp-content\/uploads\/2023\/07\/NIGHT-BACKGROUND.png);background-size: cover;\" ><div class=\"ct-section-inner-wrap\"><div id=\"div_block-17-25\" class=\"ct-div-block\" ><h2 id=\"headline-15-25\" class=\"ct-headline\">Menicon Bloom\u2122&nbsp;es un plan de tratamiento completo para la gesti\u00f3n de la miop\u00eda con lentes de contacto.<\/h2><div id=\"_rich_text-16-25\" class=\"oxy-rich-text\" ><p>La miop\u00eda es una afecci\u00f3n ocular (error refractivo) que genera visi\u00f3n borrosa al mirar objetos desde lejos (por ej., televisores, pizarras o se\u00f1ales de tr\u00e1fico). Normalmente la visi\u00f3n cercana no se ve afectada (por ej., lectura, tabletas o tel\u00e9fonos).<\/p><\/div><div id=\"_rich_text-75-25\" class=\"oxy-rich-text\" ><p>Descubre por qu\u00e9 la miop\u00eda es un un tema de candente actualidad a continuaci\u00f3n.<\/p><\/div><\/div><\/div><\/section><section id=\"section-39-25\" class=\" ct-section\" ><div class=\"ct-section-inner-wrap\"><div id=\"div_block-42-25\" class=\"ct-div-block\" ><h2 id=\"headline-40-25\" class=\"ct-headline\">Prevalencia y causas de la miop\u00eda<\/h2><div id=\"_rich_text-41-25\" class=\"oxy-rich-text\" ><p>La tendencia a nivel global predice que, en 2050, casi un 50 % de la poblaci\u00f3n mundial tendr\u00e1 diagnosticado alg\u00fan grado de miop\u00eda.<sup>1<\/sup><\/p><\/div><\/div><div id=\"new_columns-44-25\" class=\"ct-new-columns\" ><div id=\"div_block-45-25\" class=\"ct-div-block\" ><img decoding=\"async\"  id=\"image-48-25\" alt=\"\" src=\"https:\/\/meniconbloom.com\/es\/wp-content\/uploads\/sites\/21\/2023\/12\/ICONS-01.png\" class=\"ct-image\" srcset-disabled=\"https:\/\/meniconbloom.com\/es\/wp-content\/uploads\/sites\/21\/2023\/12\/ICONS-01.png 667w, https:\/\/meniconbloom.com\/es\/wp-content\/uploads\/sites\/21\/2023\/12\/ICONS-01-300x300.png 300w, https:\/\/meniconbloom.com\/es\/wp-content\/uploads\/sites\/21\/2023\/12\/ICONS-01-150x150.png 150w\" sizes=\"(max-width: 667px) 100vw, 667px\" \/><div id=\"div_block-92-25\" class=\"ct-div-block\" ><h3 id=\"headline-49-25\" class=\"ct-headline\">TRABAJO DE CERCA<\/h3><div id=\"_rich_text-50-25\" class=\"oxy-rich-text\" ><p>La miop\u00eda est\u00e1 vinculada a un aumento del tiempo dedicado al trabajo de cerca.<sup>2<\/sup><\/p><p>Ahora los ni\u00f1os est\u00e1n muy expuestos al trabajo de cerca desde edades tempranas, motivo por el cual aumenta el riesgo de que desarrollen miop\u00eda. Deber\u00eda tenerse en cuenta siempre una limitaci\u00f3n del tiempo dedicado al trabajo de cerca.<\/p><\/div><\/div><\/div><div id=\"div_block-46-25\" class=\"ct-div-block\" ><img decoding=\"async\"  id=\"image-51-25\" alt=\"\" src=\"https:\/\/meniconbloom.com\/es\/wp-content\/uploads\/sites\/21\/2023\/12\/ICONS-03.png\" class=\"ct-image\" srcset-disabled=\"https:\/\/meniconbloom.com\/es\/wp-content\/uploads\/sites\/21\/2023\/12\/ICONS-03.png 667w, https:\/\/meniconbloom.com\/es\/wp-content\/uploads\/sites\/21\/2023\/12\/ICONS-03-300x300.png 300w, https:\/\/meniconbloom.com\/es\/wp-content\/uploads\/sites\/21\/2023\/12\/ICONS-03-150x150.png 150w\" sizes=\"(max-width: 667px) 100vw, 667px\" \/><div id=\"div_block-94-25\" class=\"ct-div-block\" ><h3 id=\"headline-52-25\" class=\"ct-headline\">GEN\u00c9TICA<\/h3><div id=\"_rich_text-53-25\" class=\"oxy-rich-text\" ><p>La miop\u00eda puede ser hereditaria.<sup>3<\/sup>\u00a0Si un\/a paciente es miope, el riesgo de que su hijo\/a desarrolle miop\u00eda puede ser 3 veces superior. Si ambos progenitores son miopes, el riesgo podr\u00eda ser 6 veces superior.<\/p><p>El origen \u00e9tnico tambi\u00e9n podr\u00eda suponer un factor de riesgo. En este sentido, el asi\u00e1tico es el origen \u00e9tnico asociado a una progresi\u00f3n m\u00e1s r\u00e1pida de la miop\u00eda.<sup>4<\/sup><\/p><\/div><\/div><\/div><div id=\"div_block-47-25\" class=\"ct-div-block\" ><img decoding=\"async\"  id=\"image-54-25\" alt=\"\" src=\"https:\/\/meniconbloom.com\/es\/wp-content\/uploads\/sites\/21\/2023\/12\/ICONS-02.png\" class=\"ct-image\" srcset-disabled=\"https:\/\/meniconbloom.com\/es\/wp-content\/uploads\/sites\/21\/2023\/12\/ICONS-02.png 667w, https:\/\/meniconbloom.com\/es\/wp-content\/uploads\/sites\/21\/2023\/12\/ICONS-02-300x300.png 300w, https:\/\/meniconbloom.com\/es\/wp-content\/uploads\/sites\/21\/2023\/12\/ICONS-02-150x150.png 150w\" sizes=\"(max-width: 667px) 100vw, 667px\" \/><div id=\"div_block-96-25\" class=\"ct-div-block\" ><h3 id=\"headline-55-25\" class=\"ct-headline\">TIEMPO EN EXTERIORES<\/h3><div id=\"_rich_text-56-25\" class=\"oxy-rich-text\" ><p>Existen evidencias<sup>5<\/sup>\u00a0de que las posibilidades de que un\/a ni\u00f1o\/a desarrolle miop\u00eda se ven reducidas si pasa m\u00e1s tiempo jugando en exteriores. Esto podr\u00eda estar relacionado con los niveles de luz, si se comparan con los de interiores. Se recomienda fomentar el tiempo en exteriores.<\/p><\/div><\/div><\/div><\/div><\/div><\/section><section id=\"section-57-25\" class=\" ct-section\" style=\"background-image:url(https:\/\/meniconbloom.com\/es\/wp-content\/uploads\/2023\/07\/DAY-BACKGROUND.png);background-size: cover;\" ><div class=\"ct-section-inner-wrap\"><h2 id=\"headline-61-25\" class=\"ct-headline\">\u00bfPor qu\u00e9 es importante?<\/h2><div id=\"new_columns-58-25\" class=\"ct-new-columns\" ><div id=\"div_block-59-25\" class=\"ct-div-block\" ><div id=\"_rich_text-63-25\" class=\"oxy-rich-text\" ><p>La miop\u00eda tiende a progresar a lo largo de la infancia, y con m\u00e1s rapidez a edades m\u00e1s tempranas.<sup>6<\/sup><\/p><p>Los altos porcentajes de miop\u00eda pueden aumentar el riesgo de afecciones oculares graves en la edad adulta.<sup>7<\/sup><\/p><\/div><\/div><div id=\"div_block-60-25\" class=\"ct-div-block\" ><div id=\"_rich_text-64-25\" class=\"oxy-rich-text\" ><ul><li>Degeneraci\u00f3n macular mi\u00f3pica<\/li><li>Desprendimiento de retina<\/li><li>Glaucoma<\/li><li>Cataratas<\/li><\/ul><\/div><\/div><\/div><\/div><\/section><section id=\"section-65-25\" class=\" ct-section\" style=\"background-image:url(https:\/\/meniconbloom.com\/wp-content\/uploads\/2023\/07\/Background.png);background-size: cover;\" ><div class=\"ct-section-inner-wrap\"><div id=\"new_columns-67-25\" class=\"ct-new-columns\" ><div id=\"div_block-68-25\" class=\"ct-div-block\" ><img decoding=\"async\"  id=\"image-72-25\" alt=\"\" src=\"https:\/\/meniconbloom.com\/es\/wp-content\/uploads\/sites\/21\/2023\/08\/menicon-bloom-lineup_updated-2.png\" class=\"ct-image\" srcset-disabled=\"https:\/\/meniconbloom.com\/es\/wp-content\/uploads\/sites\/21\/2023\/08\/menicon-bloom-lineup_updated-2.png 1000w, https:\/\/meniconbloom.com\/es\/wp-content\/uploads\/sites\/21\/2023\/08\/menicon-bloom-lineup_updated-2-300x212.png 300w, https:\/\/meniconbloom.com\/es\/wp-content\/uploads\/sites\/21\/2023\/08\/menicon-bloom-lineup_updated-2-768x543.png 768w\" sizes=\"(max-width: 1000px) 100vw, 1000px\" \/><\/div><div id=\"div_block-69-25\" class=\"ct-div-block\" ><h2 id=\"headline-70-25\" class=\"ct-headline\">Gesti\u00f3n de la miop\u00eda con Menicon Bloom\u2122<\/h2><div id=\"_rich_text-71-25\" class=\"oxy-rich-text\" ><p>Sistema de Gesti\u00f3n del Control de la Miop\u00eda Bloom, un enfoque hol\u00edstico para la gesti\u00f3n del control de la miop\u00eda.<\/p><p>Se ha desarrollado minuciosamente para ofrecer a pacientes y profesionales de la visi\u00f3n de alrededor del mundo un abanico de herramientas y productos de gran calidad aprobadas oficialmente (es decir, <em>on-label<\/em>) y destinadas a hacer frente a la epidemia de la miop\u00eda.<\/p><p>\u00a0<\/p><\/div><\/div><\/div><\/div><\/section><section id=\"section-78-25\" class=\" ct-section\" ><div class=\"ct-section-inner-wrap\"><div id=\"div_block-79-25\" class=\"ct-div-block\" ><h2 id=\"headline-80-25\" class=\"ct-headline\">Obt\u00e9n m\u00e1s informaci\u00f3n sobre Menicon  Bloom\u2122<\/h2><div id=\"_rich_text-81-25\" class=\"oxy-rich-text\" ><p>Visita nuestra p\u00e1gina web para pacientes y nuestra p\u00e1gina web para profesionales para obtener m\u00e1s informaci\u00f3n.<\/p><\/div><div id=\"div_block-82-25\" class=\"ct-div-block\" ><div id=\"div_block-83-25\" class=\"ct-div-block\" ><a id=\"link_button-84-25\" class=\"ct-link-button\" href=\"\/es\/patients\/\"   >Paciente<\/a><\/div><div id=\"div_block-85-25\" class=\"ct-div-block\" ><a id=\"link_button-86-25\" class=\"ct-link-button\" href=\"\/es\/professionals\/\"   >Profesional<\/a><\/div><\/div><\/div><\/div><\/section><section id=\"section-87-25\" class=\" ct-section\" ><div class=\"ct-section-inner-wrap\"><div id=\"_toggle-88-25\" class=\"oxy-toggle toggle-6463 toggle-6463-expanded\"  data-oxy-toggle-initial-state=\"closed\" data-oxy-toggle-active-class=\"toggle-6463-expanded\" >\n\t\t\t<div class='oxy-expand-collapse-icon' href='#'><\/div>\n\t\t\t<div class='oxy-toggle-content'>\n                <h6 id=\"headline-89-25\" class=\"ct-headline\">Referencias<\/h6>\t\t\t<\/div>\n\t\t<\/div><div id=\"div_block-90-25\" class=\"ct-div-block\" ><div id=\"_rich_text-91-25\" class=\"oxy-rich-text \" ><ol><li>Holden BA, Fricke TR, Wilson DA, et al. Global Prevalence of myopia and high myopia and temporal trends from 2000 through 2050.\u00a0Ophthalmology. 2016;123(5):1036-1042. doi:<a href=\"http:\/\/10.1016\/j.ophtha.2016.01.006\">10.1016\/j.ophtha.2016.01.006<\/a><\/li><li>Huang HM, Chang DS, Wu PC. The association between near work activities and myopia in children-a systematic review and meta-analysis.\u00a0PLoS One. 2015;10(10):e0140419. doi:<a href=\"http:\/\/10.1371\/journal.pone.0140419\">10.1371\/journal.pone.0140419<\/a><\/li><li>Zhang X, Qu X, Zhou X. Association between parental myopia and the risk of myopia in a child.\u00a0Exp Ther Med. 2015;9(6):2420-2428. doi:<a href=\"http:\/\/10.3892\/etm.2015.2415\">10.3892\/etm.2015.2415<\/a><\/li><li>Luong TQ, Shu YH, Modjtahedi BS, et al. Racial and ethnic differences in myopia progression in a large, diverse cohort of pediatric patients.\u00a0Invest Ophthalmol Vis Sci. 2020;61(13):20. doi:<a href=\"http:\/\/10.1167\/iovs.61.13.20\">10.1167\/iovs.61.13.20<\/a><\/li><li>Jonas JB, Ang M, Cho P, et al. IMI Prevention of myopia and its progression.\u00a0Invest Ophthalmol Vis Sci. 2021;62(5):6. doi:<a href=\"http:\/\/10.1167\/iovs.62.5.6\">10.1167\/iovs.62.5.6<\/a><\/li><li>Tricard D, Marillet S, Ingrand P, Bullimore MA, Bourne RRA, Leveziel N. Progression of myopia in children and teenagers: a nationwide longitudinal study.\u00a0Br J Ophthalmol. 2022;106(8):1104-1109. doi:<a href=\"http:\/\/10.1136\/bjophthalmol-2020-318256\">10.1136\/bjophthalmol-2020-318256<\/a><\/li><li>Flitcroft DI. The complex interactions of retinal, optical and environmental factors in myopia aetiology. Prog Retin Eye Res. 2012;31(6):622-660. doi:<a href=\"http:\/\/10.1016\/j.preteyeres.2012.06.004\">10.1016\/j.preteyeres.2012.06.004<\/a><\/li><\/ol><\/div><\/div><\/div><\/section>","protected":false},"excerpt":{"rendered":"","protected":false},"author":1,"featured_media":0,"parent":0,"menu_order":0,"comment_status":"closed","ping_status":"closed","template":"","meta":{"_acf_changed":false,"footnotes":""},"class_list":["post-319","page","type-page","status-publish","hentry"],"acf":[],"_links":{"self":[{"href":"https:\/\/meniconbloom.com\/es\/wp-json\/wp\/v2\/pages\/319","targetHints":{"allow":["GET"]}}],"collection":[{"href":"https:\/\/meniconbloom.com\/es\/wp-json\/wp\/v2\/pages"}],"about":[{"href":"https:\/\/meniconbloom.com\/es\/wp-json\/wp\/v2\/types\/page"}],"author":[{"embeddable":true,"href":"https:\/\/meniconbloom.com\/es\/wp-json\/wp\/v2\/users\/1"}],"replies":[{"embeddable":true,"href":"https:\/\/meniconbloom.com\/es\/wp-json\/wp\/v2\/comments?post=319"}],"version-history":[{"count":3,"href":"https:\/\/meniconbloom.com\/es\/wp-json\/wp\/v2\/pages\/319\/revisions"}],"predecessor-version":[{"id":416,"href":"https:\/\/meniconbloom.com\/es\/wp-json\/wp\/v2\/pages\/319\/revisions\/416"}],"wp:attachment":[{"href":"https:\/\/meniconbloom.com\/es\/wp-json\/wp\/v2\/media?parent=319"}],"curies":[{"name":"wp","href":"https:\/\/api.w.org\/{rel}","templated":true}]}}