{"id":32,"date":"2023-10-25T13:14:25","date_gmt":"2023-10-25T13:14:25","guid":{"rendered":"https:\/\/meniconbloom.com\/es\/?page_id=32"},"modified":"2024-10-02T16:02:09","modified_gmt":"2024-10-02T16:02:09","slug":"menicon-bloom-app-patient","status":"publish","type":"page","link":"https:\/\/meniconbloom.com\/es\/patients\/menicon-bloom-app-patient\/","title":{"rendered":"Menicon Bloom app: asiste al paciente con informaci\u00f3n, seguimiento y comunicaci\u00f3n"},"content":{"rendered":"<section id=\"section-2-97\" class=\" ct-section ct-section-with-shape-divider\" ><div class=\"ct-section-inner-wrap\"><h1 id=\"headline-3-97\" class=\"ct-headline\">Menicon Bloom\u2122 app<\/h1>\n\t\t<div id=\"-shape-divider-35-97\" class=\"oxy-shape-divider \" >        \n        <div class=\"oxy_shape_divider\" >\n            <svg  data-name=\"Layer 1\" xmlns=\"http:\/\/www.w3.org\/2000\/svg\" viewBox=\"0 0 1200 120\" preserveAspectRatio=\"none\" fill=\"currentColor\"><path  d=\"M600,112.77C268.63,112.77,0,65.52,0,7.23V120H1200V7.23C1200,65.52,931.37,112.77,600,112.77Z\" class=\"shape-fill\" fill-opacity=\"1\"><\/path><\/svg>        <\/div>\n\n        <\/div>\n\n\t\t<\/div><\/section><section id=\"section-6-97\" class=\" ct-section\" ><div class=\"ct-section-inner-wrap\"><div id=\"div_block-34-97\" class=\"ct-div-block\" ><h2 id=\"headline-31-97\" class=\"ct-headline\">La forma m\u00e1s sencilla de realizar un seguimiento&nbsp;<br>de tu hijo\/a entre visita y visita<\/h2><div id=\"_rich_text-7-97\" class=\"oxy-rich-text\" ><p>La aplicaci\u00f3n Menicon Bloom\u2122 supone un valor a\u00f1adido en lo que a cuidados se refiere.<\/p><p>Porque realizar un seguimiento de tu tratamiento Menicon Bloom\u2122 es de vital importancia, la aplicaci\u00f3n Menicon Bloom\u2122 est\u00e1 aqu\u00ed para ayudarte a ti y a tu profesional de la visi\u00f3n.<\/p><\/div><\/div><div id=\"new_columns-10-97\" class=\"ct-new-columns\" ><div id=\"div_block-11-97\" class=\"ct-div-block\" ><img decoding=\"async\"  id=\"image-20-97\" alt=\"\" src=\"https:\/\/meniconbloom.com\/es\/wp-content\/uploads\/sites\/21\/2023\/07\/Menicon-Bloom-app-patient.gif\" class=\"ct-image\" srcset-disabled=\"\" sizes=\"(max-width: 500px) 100vw, 500px\" \/><\/div><div id=\"div_block-12-97\" class=\"ct-div-block\" ><h3 id=\"headline-23-97\" class=\"ct-headline\">Cuestionarios breves y concisos<\/h3><div id=\"_rich_text-24-97\" class=\"oxy-rich-text\" ><p>Realizar un seguimiento es crucial para tu tratamiento de gesti\u00f3n de la miop\u00eda. Adem\u00e1s, a veces cuesta recordar c\u00f3mo has estado entre visita y visita.<\/p><p>De vez en cuando, la aplicaci\u00f3n te pedir\u00e1 que rellenes un cuestionario breve sobre tu visi\u00f3n y tu experiencia llevando las lentes.<\/p><p>La aplicaci\u00f3n podr\u00e1 realizarte algunas recomendaciones en funci\u00f3n de tus respuestas y tu profesional de la visi\u00f3n tendr\u00e1 los resultados de tus cuestionarios a su disposici\u00f3n para tu pr\u00f3xima visita.<\/p><p>Y, es m\u00e1s, \u00a1la aplicaci\u00f3n tambi\u00e9n te recordar\u00e1 cuando tienes que cambiarte las lentes!<\/p><\/div><\/div><\/div><div id=\"new_columns-13-97\" class=\"ct-new-columns\" ><div id=\"div_block-14-97\" class=\"ct-div-block\" ><h3 id=\"headline-25-97\" class=\"ct-headline\">Instrucciones a tu alcance<\/h3><div id=\"_rich_text-27-97\" class=\"oxy-rich-text\" ><p>Como puedes imaginarte, para que obtengas un buen rendimiento de las lentes, te facilitaremos instrucciones sobre el cuidado y la manipulaci\u00f3n de las mismas. En la aplicaci\u00f3n Menicon Bloom\u2122 siempre habr\u00e1 disponibles v\u00eddeos breves adecuados para los ni\u00f1os\/as que se podr\u00e1n volver a visualizar todas las veces que sea necesario.<\/p><\/div><\/div><div id=\"div_block-15-97\" class=\"ct-div-block\" ><img decoding=\"async\"  id=\"image-21-97\" alt=\"\" src=\"https:\/\/meniconbloom.com\/es\/wp-content\/uploads\/sites\/21\/2023\/07\/Menicon-Bloom-app-patient-2.gif\" class=\"ct-image\" srcset-disabled=\"\" sizes=\"(max-width: 800px) 100vw, 800px\" \/><\/div><\/div><div id=\"new_columns-16-97\" class=\"ct-new-columns\" ><div id=\"div_block-17-97\" class=\"ct-div-block\" ><img decoding=\"async\"  id=\"image-22-97\" alt=\"\" src=\"https:\/\/meniconbloom.com\/es\/wp-content\/uploads\/sites\/21\/2023\/07\/Menicon-Bloom-app-patient-3.gif\" class=\"ct-image\" srcset-disabled=\"\" sizes=\"(max-width: 500px) 100vw, 500px\" \/><\/div><div id=\"div_block-18-97\" class=\"ct-div-block\" ><h3 id=\"headline-28-97\" class=\"ct-headline\">Siempre en contacto<\/h3><div id=\"_rich_text-30-97\" class=\"oxy-rich-text\" ><p>\u00bfY si te surge alguna pregunta? La funci\u00f3n de mensaje os permite a ti y a tu profesional de la visi\u00f3n estar en contacto.<\/p><\/div><\/div><\/div><div id=\"_rich_text-19-97\" class=\"oxy-rich-text\" ><p>La aplicaci\u00f3n Menicon Bloom\u2122 forma parte del tratamiento Menicon Bloom\u2122 con lentes Menicon Bloom Night\u2122 o Menicon Bloom Day\u2122. Tu profesional de la visi\u00f3n te indicar\u00e1 cu\u00e1ndo debes descargar y activar la aplicaci\u00f3n. <br \/>Ser\u00e1 antes de que empieces a usar las lentes.<\/p><p>\u00a0<\/p><\/div><\/div><\/section>","protected":false},"excerpt":{"rendered":"","protected":false},"author":1,"featured_media":0,"parent":25,"menu_order":23,"comment_status":"closed","ping_status":"closed","template":"","meta":{"_acf_changed":false,"footnotes":""},"class_list":["post-32","page","type-page","status-publish","hentry"],"acf":[],"_links":{"self":[{"href":"https:\/\/meniconbloom.com\/es\/wp-json\/wp\/v2\/pages\/32","targetHints":{"allow":["GET"]}}],"collection":[{"href":"https:\/\/meniconbloom.com\/es\/wp-json\/wp\/v2\/pages"}],"about":[{"href":"https:\/\/meniconbloom.com\/es\/wp-json\/wp\/v2\/types\/page"}],"author":[{"embeddable":true,"href":"https:\/\/meniconbloom.com\/es\/wp-json\/wp\/v2\/users\/1"}],"replies":[{"embeddable":true,"href":"https:\/\/meniconbloom.com\/es\/wp-json\/wp\/v2\/comments?post=32"}],"version-history":[{"count":2,"href":"https:\/\/meniconbloom.com\/es\/wp-json\/wp\/v2\/pages\/32\/revisions"}],"predecessor-version":[{"id":411,"href":"https:\/\/meniconbloom.com\/es\/wp-json\/wp\/v2\/pages\/32\/revisions\/411"}],"up":[{"embeddable":true,"href":"https:\/\/meniconbloom.com\/es\/wp-json\/wp\/v2\/pages\/25"}],"wp:attachment":[{"href":"https:\/\/meniconbloom.com\/es\/wp-json\/wp\/v2\/media?parent=32"}],"curies":[{"name":"wp","href":"https:\/\/api.w.org\/{rel}","templated":true}]}}