{"id":34,"date":"2023-10-25T13:15:09","date_gmt":"2023-10-25T13:15:09","guid":{"rendered":"https:\/\/meniconbloom.com\/es\/?page_id=34"},"modified":"2024-10-02T16:02:32","modified_gmt":"2024-10-02T16:02:32","slug":"faq","status":"publish","type":"page","link":"https:\/\/meniconbloom.com\/es\/faq\/","title":{"rendered":"FAQ"},"content":{"rendered":"<section id=\"section-3-13\" class=\" ct-section ct-section-with-shape-divider\" ><div class=\"ct-section-inner-wrap\"><h1 id=\"headline-4-13\" class=\"ct-headline\">FAQ<\/h1>\n\t\t<div id=\"-shape-divider-5-13\" class=\"oxy-shape-divider \" >        \n        <div class=\"oxy_shape_divider\" >\n            <svg  data-name=\"Layer 1\" xmlns=\"http:\/\/www.w3.org\/2000\/svg\" viewBox=\"0 0 1200 120\" preserveAspectRatio=\"none\" fill=\"currentColor\"><path  d=\"M600,112.77C268.63,112.77,0,65.52,0,7.23V120H1200V7.23C1200,65.52,931.37,112.77,600,112.77Z\" class=\"shape-fill\" fill-opacity=\"1\"><\/path><\/svg>        <\/div>\n\n        <\/div>\n\n\t\t<\/div><\/section><section id=\"section-7-13\" class=\" ct-section\" ><div class=\"ct-section-inner-wrap\"><div id=\"div_block-76-13\" class=\"ct-div-block oxel_accordion\" ><div id=\"code_block-77-13\" class=\"ct-code-block\" ><!-- --><\/div><button id=\"div_block-78-13\" class=\"ct-div-block oxel_accordion__row\"  aria-expanded=\"false\"><div id=\"div_block-79-13\" class=\"ct-div-block oxel_accordion__row_left\" ><div id=\"text_block-126-13\" class=\"ct-text-block oxel_accordion__row__bumber\" >1<\/div><div id=\"text_block-81-13\" class=\"ct-text-block oxel_accordion__row__label\" >\u00bfPor qu\u00e9 Menicon Bloom\u2122?<\/div><\/div><div id=\"fancy_icon-82-13\" class=\"ct-fancy-icon oxel_accordion__icon\" ><svg id=\"svg-fancy_icon-82-13\"><use xlink:href=\"#FontAwesomeicon-caret-down\"><\/use><\/svg><\/div><\/button><div id=\"div_block-83-13\" class=\"ct-div-block oxel_accordion__content oxel_accordion__content__hidden\" ><div id=\"div_block-84-13\" class=\"ct-div-block\" ><div id=\"_rich_text-103-13\" class=\"oxy-rich-text\" ><ul><li>La ciencia sostiene que la miop\u00eda puede tratarse y no solo corregirse.<\/li><li>Es un plan de tratamiento completo que no solo incluye las lentes, sino tambi\u00e9n herramientas digitales extraordinarias destinadas a ayudar a los pacientes sometidos al tratamiento y a los profesionales que lo ofrecen.<\/li><li>Dispone de dos opciones de lentes, diurnas o nocturnas, para ajustarse a las necesidades de los pacientes.<\/li><li>Ha sido dise\u00f1ado pensando \u00edntegramente en los pacientes.<\/li><\/ul><\/div><\/div><\/div><button id=\"div_block-86-13\" class=\"ct-div-block oxel_accordion__row\"  aria-expanded=\"false\"><div id=\"div_block-87-13\" class=\"ct-div-block oxel_accordion__row_left\" ><div id=\"text_block-128-13\" class=\"ct-text-block oxel_accordion__row__bumber\" >2<\/div><div id=\"text_block-89-13\" class=\"ct-text-block oxel_accordion__row__label\" >\u00bfQu\u00e9 base cient\u00edfica respalda la eficacia de las lentes Menicon Bloom\u2122?<\/div><\/div><div id=\"fancy_icon-90-13\" class=\"ct-fancy-icon oxel_accordion__icon\" ><svg id=\"svg-fancy_icon-90-13\"><use xlink:href=\"#FontAwesomeicon-caret-down\"><\/use><\/svg><\/div><\/button><div id=\"div_block-91-13\" class=\"ct-div-block oxel_accordion__content oxel_accordion__content__hidden\" ><div id=\"div_block-92-13\" class=\"ct-div-block\" ><div id=\"_rich_text-104-13\" class=\"oxy-rich-text\" ><p>Menicon Bloom Night\u2122<\/p><ol><li>Cho P, Cheung SW. Retardation of myopia in Orthokeratology (ROMIO) study: a 2-year randomized clinical trial. Invest Ophthalmol Vis Sci. 2012 Oct 11;53(11):7077-85. doi:<\/li><li><span class=\"identifier doi\"><a class=\"id-link\" href=\"https:\/\/doi.org\/10.1167\/iovs.12-10565\" target=\"_blank\" rel=\"noopener\" data-ga-category=\"full_text\" data-ga-action=\"DOI\">10.1167\/iovs.12-10565<\/a><\/span><\/li><li>Santodomingo-Rubido J, Villa-Collar C, Gilmartin B, Guti\u00e9rrez-Ortega R. Myopia control with orthokeratology contact lenses in Spain: refractive and biometric changes. Invest Ophthalmol Vis Sci. 2012 Jul 31;53(8):5060-5.doi:<span class=\"identifier doi\"><a class=\"id-link\" href=\"https:\/\/doi.org\/10.1167\/iovs.11-8005\" target=\"_blank\" rel=\"noopener\" data-ga-category=\"full_text\" data-ga-action=\"DOI\">10.1167\/iovs.11-8005<\/a><\/span><\/li><li>Chen C, Cheung SW, Cho P. Myopia control using toric orthokeratology (TO-SEE study). Invest Ophthalmol Vis Sci. 2013 Oct 3;54(10):6510-7.doi:<span class=\"identifier doi\"><a class=\"id-link\" href=\"https:\/\/doi.org\/10.1167\/iovs.13-12527\" target=\"_blank\" rel=\"noopener\" data-ga-category=\"full_text\" data-ga-action=\"DOI\">10.1167\/iovs.13-12527<\/a><\/span><\/li><li>Lau JK, Vincent SJ, Cheung SW, Cho P. Higher-Order Aberrations and Axial Elongation in Myopic Children Treated With Orthokeratology. Invest Ophthalmol Vis Sci. 2020 Feb 7;61(2):22. doi:<span class=\"identifier doi\"><a class=\"id-link\" href=\"https:\/\/doi.org\/10.1167\/iovs.61.2.22\" target=\"_blank\" rel=\"noopener\" data-ga-category=\"full_text\" data-ga-action=\"DOI\">10.1167\/iovs.61.2.22<\/a><\/span><\/li><\/ol><p><br \/>Menicon Bloom Day\u2122<\/p><ol><li>Cooper J, O'Connor B, Aller T, Dillehay SM, Weibel K, Benoit D. Reduction of Myopic Progression Using a Multifocal Soft Contact Lens: A Retrospective Cohort Study. Clin Ophthalmol. 2022 Jul 4;16:2145-2155.doi:<span class=\"identifier doi\"><a class=\"id-link\" href=\"https:\/\/doi.org\/10.2147\/opth.s370041\" target=\"_blank\" rel=\"noopener\" data-ga-category=\"full_text\" data-ga-action=\"DOI\">10.2147\/OPTH.S370041<\/a><\/span><\/li><li>Visioneering Technologies Inc. The naturalvue multifocal power profile. Available <a href=\"https:\/\/vtivision.com\/wp-content\/uploads\/2020\/05\/MKTNVMWEQ1r0_NVMF_PowerProfileWeb_FNL.pdf\" target=\"_blank\" rel=\"noopener\">here<\/a> (accessed October 5, 2023)<\/li><li>Cooper J, O\u02bcConnor B, Watanabe R, Fuerst R, Berger S, Eisenberg N, Dillehay SM. Case Series Analysis of Myopic Progression Control With a Unique Extended Depth of Focus Multifocal Contact Lens. Eye Contact Lens. 2018 Sep;44(5):e16-e24. doi:<span class=\"identifier doi\"><a class=\"id-link\" href=\"https:\/\/doi.org\/10.1097\/icl.0000000000000440\" target=\"_blank\" rel=\"noopener\" data-ga-category=\"full_text\" data-ga-action=\"DOI\">10.1097\/ICL.0000000000000440<\/a><\/span><br \/><br \/><\/li><\/ol><\/div><\/div><\/div><button id=\"div_block-94-13\" class=\"ct-div-block oxel_accordion__row\"  aria-expanded=\"false\"><div id=\"div_block-95-13\" class=\"ct-div-block oxel_accordion__row_left\" ><div id=\"text_block-130-13\" class=\"ct-text-block oxel_accordion__row__bumber\" >3<\/div><div id=\"text_block-97-13\" class=\"ct-text-block oxel_accordion__row__label\" >\u00bfQu\u00e9 es la miop\u00eda y por qu\u00e9 es importante?<\/div><\/div><div id=\"fancy_icon-98-13\" class=\"ct-fancy-icon oxel_accordion__icon\" ><svg id=\"svg-fancy_icon-98-13\"><use xlink:href=\"#FontAwesomeicon-caret-down\"><\/use><\/svg><\/div><\/button><div id=\"div_block-99-13\" class=\"ct-div-block oxel_accordion__content oxel_accordion__content__hidden\" ><div id=\"div_block-100-13\" class=\"ct-div-block\" ><div id=\"_rich_text-105-13\" class=\"oxy-rich-text\" ><p>La miop\u00eda es una afecci\u00f3n ocular que se caracteriza por una visi\u00f3n borrosa al mirar objetos a distancia y puede tener un impacto negativo en la calidad de vida del paciente<\/p><p>La miop\u00eda suele progresar entre los ni\u00f1os y un progreso r\u00e1pido puede generar un crecimiento excesivo del ojo, aumentando as\u00ed el riesgo de padecer afecciones oculares graves como el glaucoma, la maculopat\u00eda mi\u00f3pica, y desprendimientos de retina y v\u00edtreo, que pueden conducir a una p\u00e9rdida de la visi\u00f3n.<\/p><p>La implementaci\u00f3n de tratamientos para reducir la progresi\u00f3n de la miop\u00eda en los pacientes, previniendo as\u00ed el desarrollo de altos niveles de miop\u00eda, puede beneficiar enormemente a millones de pacientes.<\/p><\/div><\/div><\/div><button id=\"div_block-106-13\" class=\"ct-div-block oxel_accordion__row\"  aria-expanded=\"false\"><div id=\"div_block-107-13\" class=\"ct-div-block oxel_accordion__row_left\" ><div id=\"text_block-132-13\" class=\"ct-text-block oxel_accordion__row__bumber\" >4<\/div><div id=\"text_block-109-13\" class=\"ct-text-block oxel_accordion__row__label\" >\u00bfQu\u00e9 es la gesti\u00f3n de la miop\u00eda?<\/div><\/div><div id=\"fancy_icon-110-13\" class=\"ct-fancy-icon oxel_accordion__icon\" ><svg id=\"svg-fancy_icon-110-13\"><use xlink:href=\"#FontAwesomeicon-caret-down\"><\/use><\/svg><\/div><\/button><div id=\"div_block-111-13\" class=\"ct-div-block oxel_accordion__content oxel_accordion__content__hidden\" ><div id=\"div_block-112-13\" class=\"ct-div-block\" ><div id=\"_rich_text-113-13\" class=\"oxy-rich-text\" ><p>El t\u00e9rmino \"gesti\u00f3n de la miop\u00eda\" es muy com\u00fan entre las asociaciones de optometr\u00eda y otras organizaciones de todo el mundo para referirse de una forma amplia a las estrategias cl\u00ednicas que los profesionales de la visi\u00f3n emplean para abordar la afecci\u00f3n refractiva inmediata del paciente (es decir, la correcci\u00f3n de la miop\u00eda), as\u00ed como la progresi\u00f3n de su afecci\u00f3n a largo plazo (es decir, la reducci\u00f3n de la progresi\u00f3n de la miop\u00eda y la elongaci\u00f3n axial del ojo).<\/p><\/div><\/div><\/div><button id=\"div_block-115-13\" class=\"ct-div-block oxel_accordion__row\"  aria-expanded=\"false\"><div id=\"div_block-116-13\" class=\"ct-div-block oxel_accordion__row_left\" ><div id=\"text_block-124-13\" class=\"ct-text-block oxel_accordion__row__bumber\" >5<\/div><div id=\"text_block-118-13\" class=\"ct-text-block oxel_accordion__row__label\" >Opciones de gesti\u00f3n de la miop\u00eda<\/div><\/div><div id=\"fancy_icon-119-13\" class=\"ct-fancy-icon oxel_accordion__icon\" ><svg id=\"svg-fancy_icon-119-13\"><use xlink:href=\"#FontAwesomeicon-caret-down\"><\/use><\/svg><\/div><\/button><div id=\"div_block-120-13\" class=\"ct-div-block oxel_accordion__content oxel_accordion__content__hidden\" ><div id=\"div_block-121-13\" class=\"ct-div-block\" ><div id=\"_rich_text-122-13\" class=\"oxy-rich-text\" ><ul><li>Fomentar las actividades al aire libre puede prevenir o retrasar la aparici\u00f3n de la miop\u00eda.<\/li><li>Las siguientes opciones pueden reducir la progresi\u00f3n de la miop\u00eda:<br \/><ul><li>Lentes de contacto espec\u00edficas<ul><li>Ortoqueratolog\u00eda (Orto-K)<\/li><li>Lentes blandas multifocales<\/li><\/ul><\/li><li>F\u00e1rmacos<\/li><li>Gafas (lentes oft\u00e1lmicas) espec\u00edficas<\/li><\/ul><\/li><\/ul><\/div><\/div><\/div><\/div><\/div><\/section><section id=\"section-17-13\" class=\" ct-section\" ><div class=\"ct-section-inner-wrap\"><div id=\"new_columns-18-13\" class=\"ct-new-columns\" ><div id=\"div_block-19-13\" class=\"ct-div-block\" ><h2 id=\"headline-20-13\" class=\"ct-headline\">Menicon Bloom\u2122: Todo lo que necesitas para ofrecer un control de la miop\u00eda con lentes de contacto de forma segura y eficaz.<\/h2><div id=\"_rich_text-21-13\" class=\"oxy-rich-text\" ><div id=\"div_block-22-11\" class=\"ct-div-block\"><div id=\"_rich_text-24-11\" class=\"oxy-rich-text\"><p>Si quieres convertirte en un especialista en Menicon Bloom\u2122, por favor, ponte en contacto con tu distribuidor o rellena el formulario.<\/p><\/div><\/div><div id=\"div_block-25-11\" class=\"ct-div-block\">\u00a0<\/div><\/div><\/div><div id=\"div_block-22-13\" class=\"ct-div-block\" ><a id=\"link_button-23-13\" class=\"ct-link-button\" href=\"http:\/\/\" target=\"_self\"  >Contacto<\/a><\/div><\/div><\/div><\/section>            <div tabindex=\"-1\" class=\"oxy-modal-backdrop center \"\n                style=\"background-color: rgba(0,0,0,0.5);\"\n                data-trigger=\"user_clicks_element\"                data-trigger-selector=\"#link_button-23-13\"                data-trigger-time=\"5\"                data-trigger-time-unit=\"seconds\"                data-close-automatically=\"no\"                data-close-after-time=\"10\"                data-close-after-time-unit=\"seconds\"                data-trigger_scroll_amount=\"50\"                data-trigger_scroll_direction=\"down\"\t            data-scroll_to_selector=\"\"\t            data-time_inactive=\"60\"\t            data-time-inactive-unit=\"seconds\"\t            data-number_of_clicks=\"3\"\t            data-close_on_esc=\"on\"\t            data-number_of_page_views=\"3\"                data-close-after-form-submit=\"no\"                data-open-again=\"always_show\"                data-open-again-after-days=\"3\"            >\n\n                <div id=\"modal-133-13\" class=\"ct-modal\" ><a id=\"link-134-13\" class=\"ct-link oxy-close-modal\" href=\"http:\/\/\" target=\"_self\"  ><div id=\"fancy_icon-135-13\" class=\"ct-fancy-icon\" ><svg id=\"svg-fancy_icon-135-13\"><use xlink:href=\"#FontAwesomeicon-close\"><\/use><\/svg><\/div><\/a><div id=\"code_block-136-13\" class=\"ct-code-block\" ><iframe loading=\"lazy\" src=\"https:\/\/us11.list-manage.com\/contact-form?u=304b8f850d4bd013d68898a51&form_id=df2db6981f9c86050652d7096302d686\" width=\"100%\" height=\"100%\" style=\"border:none;\"><\/iframe>\n<\/div><\/div>\n            <\/div>\n        ","protected":false},"excerpt":{"rendered":"","protected":false},"author":1,"featured_media":0,"parent":0,"menu_order":30,"comment_status":"closed","ping_status":"closed","template":"","meta":{"_acf_changed":false,"footnotes":""},"class_list":["post-34","page","type-page","status-publish","hentry"],"acf":[],"_links":{"self":[{"href":"https:\/\/meniconbloom.com\/es\/wp-json\/wp\/v2\/pages\/34","targetHints":{"allow":["GET"]}}],"collection":[{"href":"https:\/\/meniconbloom.com\/es\/wp-json\/wp\/v2\/pages"}],"about":[{"href":"https:\/\/meniconbloom.com\/es\/wp-json\/wp\/v2\/types\/page"}],"author":[{"embeddable":true,"href":"https:\/\/meniconbloom.com\/es\/wp-json\/wp\/v2\/users\/1"}],"replies":[{"embeddable":true,"href":"https:\/\/meniconbloom.com\/es\/wp-json\/wp\/v2\/comments?post=34"}],"version-history":[{"count":2,"href":"https:\/\/meniconbloom.com\/es\/wp-json\/wp\/v2\/pages\/34\/revisions"}],"predecessor-version":[{"id":413,"href":"https:\/\/meniconbloom.com\/es\/wp-json\/wp\/v2\/pages\/34\/revisions\/413"}],"wp:attachment":[{"href":"https:\/\/meniconbloom.com\/es\/wp-json\/wp\/v2\/media?parent=34"}],"curies":[{"name":"wp","href":"https:\/\/api.w.org\/{rel}","templated":true}]}}