{"id":15,"date":"2023-10-25T13:08:01","date_gmt":"2023-10-25T13:08:01","guid":{"rendered":"https:\/\/meniconbloom.com\/fr\/?page_id=15"},"modified":"2024-10-02T15:37:12","modified_gmt":"2024-10-02T15:37:12","slug":"professionals","status":"publish","type":"page","link":"https:\/\/meniconbloom.com\/fr\/professionals\/","title":{"rendered":"Menicon Bloom pour les professionnels de la vision"},"content":{"rendered":"<section id=\"section-2-36\" class=\" ct-section\" style=\"background-image:url(https:\/\/meniconbloom.com\/fr\/wp-content\/uploads\/2023\/08\/Menicon-Bloom-professional-cover.png);background-size: cover;\" ><div class=\"ct-section-inner-wrap\"><div id=\"div_block-85-36\" class=\"ct-div-block\" ><h1 id=\"headline-83-36\" class=\"ct-headline\">Menicon Bloom\u2122<\/h1><h2 id=\"headline-81-36\" class=\"ct-headline\">Lorsqu'un enfant voit correctement,&nbsp;<br>tout est possible.<\/h2><\/div><\/div><\/section><section id=\"section-8-36\" class=\" ct-section\" ><div class=\"ct-section-inner-wrap\"><div id=\"div_block-11-36\" class=\"ct-div-block\" ><img decoding=\"async\"  id=\"image-9-36\" alt=\"\" src=\"https:\/\/meniconbloom.com\/fr\/wp-content\/uploads\/sites\/14\/2023\/07\/02.-Myopia-Menicon-Bloom-MB-Logo-PNG-Master-version-20191016.png\" class=\"ct-image\" srcset-disabled=\"https:\/\/meniconbloom.com\/fr\/wp-content\/uploads\/sites\/14\/2023\/07\/02.-Myopia-Menicon-Bloom-MB-Logo-PNG-Master-version-20191016.png 552w, https:\/\/meniconbloom.com\/fr\/wp-content\/uploads\/sites\/14\/2023\/07\/02.-Myopia-Menicon-Bloom-MB-Logo-PNG-Master-version-20191016-300x96.png 300w\" sizes=\"(max-width: 552px) 100vw, 552px\" \/><div id=\"_rich_text-10-36\" class=\"oxy-rich-text\" ><p>En tant que sp\u00e9cialiste, vous souhaitez fournir des services de haute qualit\u00e9. Menicon, dans le cadre de son engagement permanent en faveur de la prise en charge, a mis au point <strong>le syst\u00e8me de<\/strong><strong> contr\u00f4le de la myopie\u00a0<\/strong><strong>Menicon Bloom<sup>TM<\/sup>\u00a0<\/strong> pour vous aider \u00e0 traiter l\u2019\u00e9pid\u00e9mie de myopie avec une approche globale et compl\u00e8te.<\/p><\/div><\/div><div id=\"code_block-160-36\" class=\"ct-code-block\" ><video controls width=\"100%\">\n  <source src=\"\/fr\/wp-content\/uploads\/sites\/14\/2024\/04\/49_-_menicon_bloom_concept-1080p.mp4\">\n<\/video><\/div><div id=\"_rich_text-15-36\" class=\"oxy-rich-text\" ><p>Menicon Bloom&trade; est notre offre innovante et globale pour la prise en charge de la myopie. Nous avons pour priorit&eacute; de vous aider &agrave; atteindre vos objectifs avec Menicon Bloom&trade;. Nous avons imagin&eacute; cette exp&eacute;rience comme un parcours commun &agrave; long terme.&nbsp;<br \/><br \/><\/p>\n<p>Menicon Bloom&trade; propose des <strong>outils num&eacute;riques<\/strong> pour prendre en charge les patients : Menicon Bloom&trade; Easyfit pour les professionnels et l'application Menicon Bloom&trade; pour les patients. Par ailleurs, nous proposons <strong>deux types de lentilles de contact approuv&eacute;es<\/strong><strong> CE <\/strong><strong>:<\/strong> Menicon Bloom Night&trade; et Menicon Bloom Day&trade;, ainsi que des produits d'entretien, Menicon Bloom Care&trade; et Menicon Bloom Progent&trade;.<\/p><\/div><a id=\"link_button-166-36\" class=\"ct-link-button\" href=\"\/fr\/wp-content\/uploads\/sites\/14\/2024\/04\/MP00510-B2B_Whitepaper_Bloom_FR_traduction-supp.pdf\" target=\"_blank\"  >T\u00e9l\u00e9chargez le livre blanc<\/a><\/div><\/section><section id=\"section-72-36\" class=\" ct-section\" ><div class=\"ct-section-inner-wrap\"><div id=\"new_columns-73-36\" class=\"ct-new-columns\" ><div id=\"div_block-74-36\" class=\"ct-div-block\" ><h2 id=\"headline-75-36\" class=\"ct-headline\">Tout ce dont vous avez besoin pour offrir un traitement de la myopie s\u00fbr et efficace.<\/h2><div id=\"_rich_text-76-36\" class=\"oxy-rich-text\" ><p>Si vous souhaitez devenir un prescripteur Menicon Bloom\u2122, veuillez nous contacter<\/p><\/div><\/div><div id=\"div_block-77-36\" class=\"ct-div-block\" ><a id=\"link_button-78-36\" class=\"ct-link-button\" href=\"http:\/\/\"   >Contactez-nous<\/a><\/div><\/div><\/div><\/section><section id=\"section-17-36\" class=\" ct-section\" ><div class=\"ct-section-inner-wrap\"><h2 id=\"headline-24-36\" class=\"ct-headline\">Comment cela fonctionne-t-il ?<\/h2><div id=\"new_columns-105-36\" class=\"ct-new-columns\" ><div id=\"div_block-106-36\" class=\"ct-div-block\" ><img decoding=\"async\"  id=\"image-30-36\" alt=\"Menicon Bloom Esyfit\" src=\"https:\/\/meniconbloom.com\/fr\/wp-content\/uploads\/sites\/14\/2023\/07\/Menicon-Bloom-2.png\" class=\"ct-image\" srcset-disabled=\"https:\/\/meniconbloom.com\/fr\/wp-content\/uploads\/sites\/14\/2023\/07\/Menicon-Bloom-2.png 500w, https:\/\/meniconbloom.com\/fr\/wp-content\/uploads\/sites\/14\/2023\/07\/Menicon-Bloom-2-300x274.png 300w\" sizes=\"(max-width: 500px) 100vw, 500px\" \/><\/div><div id=\"div_block-107-36\" class=\"ct-div-block\" ><h3 id=\"headline-135-36\" class=\"ct-headline\">Menicon Bloom\u2122 Easyfit<\/h3><div id=\"_rich_text-31-36\" class=\"oxy-rich-text\" ><p>Menicon Bloom\u2122 Easyfit est un assistant num\u00e9rique intelligent pour les traitements de contr\u00f4le de la myopie. Menicon Bloom\u2122 Easyfit vous accompagne dans l'analyse de chaque cas, le calcul des lentilles les mieux adapt\u00e9es, leur pose, les visites de suivi recommand\u00e9es \u00e0 vos patients et le suivi des r\u00e9sultats du traitement.<\/p><\/div><a id=\"link_button-38-36\" class=\"ct-link-button\" href=\"\/fr\/professionals\/menicon-bloom-easyfit\/\"   >En savoir plus<\/a><\/div><\/div><div id=\"new_columns-111-36\" class=\"ct-new-columns\" ><div id=\"div_block-112-36\" class=\"ct-div-block\" ><h3 id=\"headline-137-36\" class=\"ct-headline\">Application Menicon Bloom\u2122<\/h3><div id=\"_rich_text-33-36\" class=\"oxy-rich-text\" ><p>Une aide pour vos patients, une mise en valeur pour votre cabinet. L'application Menicon Bloom\u2122 offre \u00e0 vos patients diff\u00e9rents outils : des vid\u00e9os explicatives adapt\u00e9es aux enfants, le suivi de leurs r\u00e9sultats concernant le traitement et les lentilles, gr\u00e2ce \u00e0 des questionnaires succincts, et la r\u00e9ception ou l'envoi de messages \u00e0 votre intention.<\/p><\/div><a id=\"link_button-41-36\" class=\"ct-link-button\" href=\"\/fr\/professionals\/menicon-bloom-app\/\"   >En savoir plus<\/a><\/div><div id=\"div_block-113-36\" class=\"ct-div-block\" ><img decoding=\"async\"  id=\"image-32-36\" alt=\"Menicon Bloom app\" src=\"https:\/\/meniconbloom.com\/fr\/wp-content\/uploads\/sites\/14\/2023\/07\/Menicon-Bloom-3-2.png\" class=\"ct-image\" srcset-disabled=\"https:\/\/meniconbloom.com\/fr\/wp-content\/uploads\/sites\/14\/2023\/07\/Menicon-Bloom-3-2.png 1001w, https:\/\/meniconbloom.com\/fr\/wp-content\/uploads\/sites\/14\/2023\/07\/Menicon-Bloom-3-2-300x300.png 300w, https:\/\/meniconbloom.com\/fr\/wp-content\/uploads\/sites\/14\/2023\/07\/Menicon-Bloom-3-2-150x150.png 150w, https:\/\/meniconbloom.com\/fr\/wp-content\/uploads\/sites\/14\/2023\/07\/Menicon-Bloom-3-2-768x768.png 768w\" sizes=\"(max-width: 1001px) 100vw, 1001px\" \/><\/div><\/div><div id=\"new_columns-117-36\" class=\"ct-new-columns\" ><div id=\"div_block-118-36\" class=\"ct-div-block\" ><img decoding=\"async\"  id=\"image-34-36\" alt=\"Menicon Bloom Night\" src=\"https:\/\/meniconbloom.com\/fr\/wp-content\/uploads\/sites\/14\/2023\/07\/Menicon-Bloom-4.png\" class=\"ct-image\" srcset-disabled=\"https:\/\/meniconbloom.com\/fr\/wp-content\/uploads\/sites\/14\/2023\/07\/Menicon-Bloom-4.png 500w, https:\/\/meniconbloom.com\/fr\/wp-content\/uploads\/sites\/14\/2023\/07\/Menicon-Bloom-4-300x300.png 300w, https:\/\/meniconbloom.com\/fr\/wp-content\/uploads\/sites\/14\/2023\/07\/Menicon-Bloom-4-150x150.png 150w\" sizes=\"(max-width: 500px) 100vw, 500px\" \/><\/div><div id=\"div_block-119-36\" class=\"ct-div-block\" ><h3 id=\"headline-140-36\" class=\"ct-headline\">Menicon Bloom Night\u2122<\/h3><div id=\"_rich_text-35-36\" class=\"oxy-rich-text\" ><p>Menicon Bloom Night\u2122 est notre option pour le traitement de nuit. Une lentille d'orthok\u00e9ratologie sp\u00e9cialement con\u00e7ue pour la prise en charge et la correction de la myopie, avec des solutions d'entretien recommand\u00e9es : Menicon Bloom Care\u2122 et Menicon Bloom Progent\u2122.<\/p><\/div><a id=\"link_button-44-36\" class=\"ct-link-button\" href=\"\/fr\/professionals\/menicon-bloom-night\/\"   >En savoir plus<\/a><\/div><\/div><div id=\"new_columns-148-36\" class=\"ct-new-columns\" ><div id=\"div_block-149-36\" class=\"ct-div-block\" ><h3 id=\"headline-143-36\" class=\"ct-headline\">Menicon Bloom Day\u2122<\/h3><div id=\"_rich_text-37-36\" class=\"oxy-rich-text\" ><p>Menicon Bloom Day\u2122 est notre option pour le traitement de jour. Sa conception a \u00e9t\u00e9 soigneusement \u00e9tudi\u00e9e pour imposer une d\u00e9focalisation myopique sur la r\u00e9tine p\u00e9riph\u00e9rique afin de traiter la myopie.<\/p><\/div><a id=\"link_button-66-36\" class=\"ct-link-button\" href=\"\/fr\/professionals\/menicon-bloom-day\/\"   >En savoir plus<\/a><\/div><div id=\"div_block-150-36\" class=\"ct-div-block\" ><img decoding=\"async\"  id=\"image-36-36\" alt=\"Menicon Bloom Day\" src=\"https:\/\/meniconbloom.com\/fr\/wp-content\/uploads\/sites\/14\/2023\/07\/Menicon-Bloom-5-2.png\" class=\"ct-image\" srcset-disabled=\"https:\/\/meniconbloom.com\/fr\/wp-content\/uploads\/sites\/14\/2023\/07\/Menicon-Bloom-5-2.png 500w, https:\/\/meniconbloom.com\/fr\/wp-content\/uploads\/sites\/14\/2023\/07\/Menicon-Bloom-5-2-300x300.png 300w, https:\/\/meniconbloom.com\/fr\/wp-content\/uploads\/sites\/14\/2023\/07\/Menicon-Bloom-5-2-150x150.png 150w\" sizes=\"(max-width: 500px) 100vw, 500px\" \/><\/div><\/div><\/div><\/section><section id=\"section-151-36\" class=\" ct-section\" ><div class=\"ct-section-inner-wrap\"><div id=\"div_block-152-36\" class=\"ct-div-block\" ><h2 id=\"headline-153-36\" class=\"ct-headline\">Menicon Bloom\u2122&nbsp;: une offre compl\u00e8te pour la prise en charge de la myopie<\/h2><div id=\"_rich_text-154-36\" class=\"oxy-rich-text\" ><p>Si vous souhaitez devenir un prescripteur Menicon Bloom&trade; <br \/>veuillez nous contacter.<\/p><\/div><div id=\"div_block-155-36\" class=\"ct-div-block\" ><div id=\"div_block-156-36\" class=\"ct-div-block\" ><a id=\"link_button-157-36\" class=\"ct-link-button\" href=\"http:\/\/\"   >Contactez-nous<\/a><\/div><div id=\"div_block-158-36\" class=\"ct-div-block\" ><a id=\"link_button-159-36\" class=\"ct-link-button\" href=\"\/fr\/wp-content\/uploads\/sites\/14\/2024\/04\/MP00583-Brochure-Bloom-B2B.pdf\" target=\"_blank\"  >T\u00e9l\u00e9chargez <br>la brochure<\/a><\/div><\/div><\/div><\/div><\/section>            <div tabindex=\"-1\" class=\"oxy-modal-backdrop center \"\n                style=\"background-color: rgba(0,0,0,0.5);\"\n                data-trigger=\"user_clicks_element\"                data-trigger-selector=\"#link_button-78-36\"                data-trigger-time=\"5\"                data-trigger-time-unit=\"seconds\"                data-close-automatically=\"no\"                data-close-after-time=\"10\"                data-close-after-time-unit=\"seconds\"                data-trigger_scroll_amount=\"50\"                data-trigger_scroll_direction=\"down\"\t            data-scroll_to_selector=\"\"\t            data-time_inactive=\"60\"\t            data-time-inactive-unit=\"seconds\"\t            data-number_of_clicks=\"3\"\t            data-close_on_esc=\"on\"\t            data-number_of_page_views=\"3\"                data-close-after-form-submit=\"no\"                data-open-again=\"always_show\"                data-open-again-after-days=\"3\"            >\n\n                <div id=\"modal-162-36\" class=\"ct-modal\" ><a id=\"link-163-36\" class=\"ct-link oxy-close-modal\" href=\"http:\/\/\" target=\"_self\"  ><div id=\"fancy_icon-164-36\" class=\"ct-fancy-icon\" ><svg id=\"svg-fancy_icon-164-36\"><use xlink:href=\"#FontAwesomeicon-close\"><\/use><\/svg><\/div><\/a><div id=\"code_block-165-36\" class=\"ct-code-block\" ><iframe src=https:\/\/marketing.menicon.fr\/l\/1023061\/2024-02-26\/92xgj width=\"100%\" height=\"500\" type=\"text\/html\" frameborder=\"0\" allowTransparency=\"true\" style=\"border: 0\"><\/iframe><\/div><\/div>\n            <\/div>\n                    <div tabindex=\"-1\" class=\"oxy-modal-backdrop center \"\n                style=\"background-color: rgba(0,0,0,0.5);\"\n                data-trigger=\"user_clicks_element\"                data-trigger-selector=\"#link_button-157-36\"                data-trigger-time=\"5\"                data-trigger-time-unit=\"seconds\"                data-close-automatically=\"no\"                data-close-after-time=\"10\"                data-close-after-time-unit=\"seconds\"                data-trigger_scroll_amount=\"50\"                data-trigger_scroll_direction=\"down\"\t            data-scroll_to_selector=\"\"\t            data-time_inactive=\"60\"\t            data-time-inactive-unit=\"seconds\"\t            data-number_of_clicks=\"3\"\t            data-close_on_esc=\"on\"\t            data-number_of_page_views=\"3\"                data-close-after-form-submit=\"no\"                data-open-again=\"always_show\"                data-open-again-after-days=\"3\"            >\n\n                <div id=\"modal-167-36\" class=\"ct-modal\" ><a id=\"link-168-36\" class=\"ct-link oxy-close-modal\" href=\"http:\/\/\" target=\"_self\"  ><div id=\"fancy_icon-169-36\" class=\"ct-fancy-icon\" ><svg id=\"svg-fancy_icon-169-36\"><use xlink:href=\"#FontAwesomeicon-close\"><\/use><\/svg><\/div><\/a><div id=\"code_block-170-36\" class=\"ct-code-block\" ><iframe src=https:\/\/marketing.menicon.fr\/l\/1023061\/2024-02-26\/92xgj width=\"100%\" height=\"500\" type=\"text\/html\" frameborder=\"0\" allowTransparency=\"true\" style=\"border: 0\"><\/iframe>\n<\/div><\/div>\n            <\/div>\n        ","protected":false},"excerpt":{"rendered":"","protected":false},"author":1,"featured_media":0,"parent":0,"menu_order":10,"comment_status":"closed","ping_status":"closed","template":"","meta":{"_acf_changed":false,"footnotes":""},"class_list":["post-15","page","type-page","status-publish","hentry"],"acf":[],"_links":{"self":[{"href":"https:\/\/meniconbloom.com\/fr\/wp-json\/wp\/v2\/pages\/15","targetHints":{"allow":["GET"]}}],"collection":[{"href":"https:\/\/meniconbloom.com\/fr\/wp-json\/wp\/v2\/pages"}],"about":[{"href":"https:\/\/meniconbloom.com\/fr\/wp-json\/wp\/v2\/types\/page"}],"author":[{"embeddable":true,"href":"https:\/\/meniconbloom.com\/fr\/wp-json\/wp\/v2\/users\/1"}],"replies":[{"embeddable":true,"href":"https:\/\/meniconbloom.com\/fr\/wp-json\/wp\/v2\/comments?post=15"}],"version-history":[{"count":6,"href":"https:\/\/meniconbloom.com\/fr\/wp-json\/wp\/v2\/pages\/15\/revisions"}],"predecessor-version":[{"id":466,"href":"https:\/\/meniconbloom.com\/fr\/wp-json\/wp\/v2\/pages\/15\/revisions\/466"}],"wp:attachment":[{"href":"https:\/\/meniconbloom.com\/fr\/wp-json\/wp\/v2\/media?parent=15"}],"curies":[{"name":"wp","href":"https:\/\/api.w.org\/{rel}","templated":true}]}}