{"id":17,"date":"2023-10-25T13:08:43","date_gmt":"2023-10-25T13:08:43","guid":{"rendered":"https:\/\/meniconbloom.com\/fr\/?page_id=17"},"modified":"2024-10-02T15:37:47","modified_gmt":"2024-10-02T15:37:47","slug":"menicon-bloom-night","status":"publish","type":"page","link":"https:\/\/meniconbloom.com\/fr\/professionals\/menicon-bloom-night\/","title":{"rendered":"Menicon Bloom Night\u00a0: lentille d\u2019orthok\u00e9ratologie pour le contr\u00f4le de la myopie"},"content":{"rendered":"<section id=\"section-49-38\" class=\" ct-section\" style=\"background-image:url(https:\/\/meniconbloom.com\/fr\/wp-content\/uploads\/2023\/07\/Menicon-Bloom-Night-1.png);background-size: cover;\" ><div class=\"ct-section-inner-wrap\"><h1 id=\"headline-50-38\" class=\"ct-headline\">Les lentilles Menicon Bloom Night\u2122 traitent la myopie pendant le sommeil<\/h1><\/div><\/section><section id=\"section-13-38\" class=\" ct-section\" ><div class=\"ct-section-inner-wrap\"><div id=\"new_columns-14-38\" class=\"ct-new-columns\" ><div id=\"div_block-15-38\" class=\"ct-div-block\" ><h2 id=\"headline-38-38\" class=\"ct-headline\">Menicon Bloom Night\u2122<\/h2><div id=\"_rich_text-17-38\" class=\"oxy-rich-text\" ><p>Le traitement avec Menicon Bloom Night&trade; consiste &agrave; porter pendant la nuit des lentilles de contact d'orthok&eacute;ratologie sp&eacute;cialement con&ccedil;ues et fabriqu&eacute;es dans un mat&eacute;riau hyper-perm&eacute;able &agrave; l'oxyg&egrave;ne, le materiau Menicon Z. Ce qui garantit une oxyg&eacute;nation optimale de la corn&eacute;e pour un port confortable et s&ucirc;r des lentilles de contact.<sup>1&ndash;5<\/sup><\/p>\n<p>Les lentilles d'orthok&eacute;ratologie Menicon Bloom Night&trade; ralentissent la progression de la myopie d'environ 0.28mm (43%) en alongement axial.<sup>6-8<\/sup><\/p>\n<p>Deux mod&egrave;les de lentilles de contact diff&eacute;rents sont disponibles : Menicon Bloom Night&trade; et Menicon Bloom Night&trade; Toric. Ces deux mod&egrave;les de lentilles peuvent corriger jusqu'&agrave; -4,00 D de myopie. Menicon Bloom Night&trade; Toric offre des options suppl&eacute;mentaires pour corriger des niveaux plus &eacute;lev&eacute;s d'astigmatismes corn&eacute;en.<\/p>\n<p>&nbsp;<\/p><\/div><\/div><div id=\"div_block-16-38\" class=\"ct-div-block\" ><img decoding=\"async\"  id=\"image-18-38\" alt=\"\" src=\"https:\/\/meniconbloom.com\/fr\/wp-content\/uploads\/sites\/14\/2023\/07\/Menicon-Bloom-Night-2-1.png\" class=\"ct-image\" srcset-disabled=\"https:\/\/meniconbloom.com\/fr\/wp-content\/uploads\/sites\/14\/2023\/07\/Menicon-Bloom-Night-2-1.png 558w, https:\/\/meniconbloom.com\/fr\/wp-content\/uploads\/sites\/14\/2023\/07\/Menicon-Bloom-Night-2-1-300x300.png 300w, https:\/\/meniconbloom.com\/fr\/wp-content\/uploads\/sites\/14\/2023\/07\/Menicon-Bloom-Night-2-1-150x150.png 150w\" sizes=\"(max-width: 558px) 100vw, 558px\" \/><\/div><\/div><\/div><\/section><section id=\"section-51-38\" class=\" ct-section\" ><div class=\"ct-section-inner-wrap\"><div id=\"div_block-52-38\" class=\"ct-div-block\" ><div id=\"fancy_icon-53-38\" class=\"ct-fancy-icon\" ><svg id=\"svg-fancy_icon-53-38\"><use xlink:href=\"#FontAwesomeicon-quote-left\"><\/use><\/svg><\/div><h2 id=\"headline-54-38\" class=\"ct-headline\">C'est de la magie pour les enfants,<br>de la science pour les adultes<br><\/h2><div id=\"fancy_icon-55-38\" class=\"ct-fancy-icon\" ><svg id=\"svg-fancy_icon-55-38\"><use xlink:href=\"#FontAwesomeicon-quote-right\"><\/use><\/svg><\/div><\/div><\/div><\/section><section id=\"section-22-38\" class=\" ct-section\" ><div class=\"ct-section-inner-wrap\"><div id=\"new_columns-23-38\" class=\"ct-new-columns\" ><div id=\"div_block-24-38\" class=\"ct-div-block\" ><h2 id=\"headline-25-38\" class=\"ct-headline\">Tout ce dont vous avez besoin pour contr\u00f4ler la myopie de mani\u00e8re s\u00fbre et efficace.<\/h2><div id=\"_rich_text-26-38\" class=\"oxy-rich-text\" ><p>Si vous souhaitez devenir un prescripteur Menicon Bloom\u2122, veuillez nous contacter.<\/p><\/div><\/div><div id=\"div_block-27-38\" class=\"ct-div-block\" ><a id=\"link_button-28-38\" class=\"ct-link-button\" href=\"http:\/\/\"   >Contactez-nous<\/a><\/div><\/div><\/div><\/section><section id=\"section-29-38\" class=\" ct-section\" ><div class=\"ct-section-inner-wrap\"><div id=\"new_columns-30-38\" class=\"ct-new-columns\" ><div id=\"div_block-31-38\" class=\"ct-div-block\" ><img decoding=\"async\"  id=\"image-33-38\" alt=\"\" src=\"https:\/\/meniconbloom.com\/fr\/wp-content\/uploads\/sites\/14\/2023\/07\/Menicon-Bloom-Night-3.png\" class=\"ct-image\" srcset-disabled=\"https:\/\/meniconbloom.com\/fr\/wp-content\/uploads\/sites\/14\/2023\/07\/Menicon-Bloom-Night-3.png 1000w, https:\/\/meniconbloom.com\/fr\/wp-content\/uploads\/sites\/14\/2023\/07\/Menicon-Bloom-Night-3-296x300.png 296w, https:\/\/meniconbloom.com\/fr\/wp-content\/uploads\/sites\/14\/2023\/07\/Menicon-Bloom-Night-3-768x778.png 768w\" sizes=\"(max-width: 1000px) 100vw, 1000px\" \/><\/div><div id=\"div_block-32-38\" class=\"ct-div-block\" ><h2 id=\"headline-34-38\" class=\"ct-headline\">Entretien des lentilles de contact<\/h2><div id=\"_rich_text-35-38\" class=\"oxy-rich-text\" ><p>La solution d'entretien recommand&eacute;e pour les lentilles de contact Menicon Bloom Night&trade; est Menicon Bloom Care&trade; : une solution multifonction dont le large spectre de d&eacute;sinfection contre les micro-organismes pathog&egrave;nes a &eacute;t&eacute; d&eacute;montr&eacute;<sup>14&ndash;16<\/sup>. La solution se pr&eacute;sente sous la forme d'une bouteille &agrave; la forme et au mat&eacute;riau uniques pour en faciliter l'utilisation par les enfants. Menicon Bloom Care&trade; est &eacute;galement fabriqu&eacute; avec beaucoup moins de plastique, conform&eacute;ment &agrave; l'engagement de Menicon en faveur des <a href=\"https:\/\/www.menicon.com\/corporate\/sdg\" target=\"_blank\" rel=\"noopener\">objectifs de d&eacute;veloppement durable<\/a>.<br \/><br \/>De plus, pour garantir un port de lentilles s&ucirc;r et confortable, il est recommand&eacute; d'utiliser r&eacute;guli&egrave;rement Menicon Bloom Progent&trade;, un remarquable d&eacute;prot&eacute;inisant, d&eacute;sinfectant et nettoyant intensif<sup>17,<\/sup>&nbsp;en plus de Menicon Bloom Care&trade;.<\/p>\n<p class=\"p1\" style=\"margin: 0px; font-variant-numeric: normal; font-variant-east-asian: normal; font-variant-alternates: normal; font-kerning: auto; font-optical-sizing: auto; font-feature-settings: normal; font-variation-settings: normal; font-variant-position: normal; font-stretch: normal; line-height: normal; font-family: Helvetica;\">&nbsp;<\/p><\/div><\/div><\/div><\/div><\/section><section id=\"section-40-38\" class=\" ct-section\" ><div class=\"ct-section-inner-wrap\"><div id=\"new_columns-41-38\" class=\"ct-new-columns\" ><div id=\"div_block-42-38\" class=\"ct-div-block\" ><h2 id=\"headline-43-38\" class=\"ct-headline\">Tout ce dont vous avez besoin pour contr\u00f4ler la myopie de mani\u00e8re s\u00fbre et efficace.<\/h2><div id=\"_rich_text-44-38\" class=\"oxy-rich-text\" ><p>Si vous souhaitez devenir un prescripteur Menicon Bloom\u2122, veuillez nous contacter.<\/p><\/div><\/div><div id=\"div_block-45-38\" class=\"ct-div-block\" ><a id=\"link_button-46-38\" class=\"ct-link-button\" href=\"http:\/\/\"   >Contactez-nous<\/a><\/div><\/div><\/div><\/section><section id=\"section-56-38\" class=\" ct-section\" ><div class=\"ct-section-inner-wrap\"><div id=\"_toggle-57-38\" class=\"oxy-toggle toggle-6463 toggle-6463-expanded\"  data-oxy-toggle-initial-state=\"closed\" data-oxy-toggle-active-class=\"toggle-6463-expanded\" >\n\t\t\t<div class='oxy-expand-collapse-icon' href='#'><\/div>\n\t\t\t<div class='oxy-toggle-content'>\n                <h6 id=\"headline-58-38\" class=\"ct-headline\">R\u00e9f\u00e9rences<\/h6>\t\t\t<\/div>\n\t\t<\/div><div id=\"div_block-59-38\" class=\"ct-div-block\" ><div id=\"_rich_text-60-38\" class=\"oxy-rich-text \" ><p>\u00a0<\/p><ol><li>Ladage PM, Yamamoto K, Ren DH, et al. Effects of rigid and soft contact lens daily wear on corneal epithelium, tear lactate dehydrogenase, and bacterial binding to exfoliated epithelial cells.\u00a0 2001;108(7):1279-1288. doi:<a href=\"http:\/\/10.1016\/s0161-6420(01)00639-x\">10.1016\/s0161-6420(01)00639-x<\/a><\/li><li>Morgan PB, Maldonado-Codina C, Efron N. Comfort response to rigid and soft hyper-transmissible contact lenses used for continuous wear.\u00a0Eye Contact Lens. 2003;29(1 Suppl):S127-S194. doi:<a href=\"http:\/\/10.1097\/00140068-200301001-00034\">10.1097\/00140068-200301001-00034<\/a><\/li><li>Maldonado-Codina C, Morgan PB, Efron N, Efron S. Comparative clinical performance of rigid versus soft hyper Dk contact lenses used for continuous wear.\u00a0Optom Vis Sci. 2005;82(6):536-548. doi:<a href=\"http:\/\/10.1097\/00006324-200506000-00018\">10.1097\/00006324-200506000-00018<\/a><\/li><li>Morgan PB, Efron N, Maldonado-Codina C, Efron S. Adverse events and discontinuations with rigid and soft hyper Dk contact lenses used for continuous wear.\u00a0Optom Vis Sci. 2005;82(6):528-535. doi:<a href=\"http:\/\/10.1097\/01.opx.0000168588.63897.0f\">10.1097\/01.opx.0000168588.63897.0f<\/a><\/li><li>Albright RA, Venuti BD, Ichijima H, Nyunt AK, Cavanagh HD. Postmarket surveillance of Menicon Z rigid gas-permeable contact lenses for up to 30 days continuous wear in the United States.\u00a0Eye Contact Lens. 2010;36(5):241-244. doi:<a href=\"http:\/\/10.1097\/ICL.0b013e3181efa61b\">10.1097\/ICL.0b013e3181efa61b<\/a><\/li><li>Cho P, Cheung SW. Retardation of myopia in orthokeratology (ROMIO) study: a 2-year randomized clinical trial.\u00a0Invest Ophthalmol Vis Sci. 2012;53(11):7077-7085. doi:<a href=\"http:\/\/10.1167\/iovs.12-10565\">10.1167\/iovs.12-10565<\/a><\/li><li>Santodomingo-Rubido J, Villa-Collar C, Gilmartin B, Guti\u00e9rrez-Ortega R. Myopia control with orthokeratology contact lenses in Spain: refractive and biometric changes.\u00a0Invest Ophthalmol Vis Sci. 2012;53(8):5060-5065. doi:<a href=\"http:\/\/10.1167\/iovs.11-8005\">10.1167\/iovs.11-8005<\/a><\/li><li>Chen C, Cheung SW, Cho P. Myopia control using toric orthokeratology (TO-SEE study).\u00a0Invest Ophthalmol Vis Sci. 2013;54(10):6510-6517. doi:<a href=\"http:\/\/10.1167\/iovs.13-12527\">10.1167\/iovs.13-12527<\/a><\/li><\/ol><\/div><\/div><\/div><\/section>            <div tabindex=\"-1\" class=\"oxy-modal-backdrop center \"\n                style=\"background-color: rgba(0,0,0,0.5);\"\n                data-trigger=\"user_clicks_element\"                data-trigger-selector=\"#link_button-28-38\"                data-trigger-time=\"5\"                data-trigger-time-unit=\"seconds\"                data-close-automatically=\"no\"                data-close-after-time=\"10\"                data-close-after-time-unit=\"seconds\"                data-trigger_scroll_amount=\"50\"                data-trigger_scroll_direction=\"down\"\t            data-scroll_to_selector=\"\"\t            data-time_inactive=\"60\"\t            data-time-inactive-unit=\"seconds\"\t            data-number_of_clicks=\"3\"\t            data-close_on_esc=\"on\"\t            data-number_of_page_views=\"3\"                data-close-after-form-submit=\"no\"                data-open-again=\"always_show\"                data-open-again-after-days=\"3\"            >\n\n                <div id=\"modal-61-38\" class=\"ct-modal\" ><a id=\"link-62-38\" class=\"ct-link oxy-close-modal\" href=\"http:\/\/\" target=\"_self\"  ><div id=\"fancy_icon-63-38\" class=\"ct-fancy-icon\" ><svg id=\"svg-fancy_icon-63-38\"><use xlink:href=\"#FontAwesomeicon-close\"><\/use><\/svg><\/div><\/a><div id=\"code_block-64-38\" class=\"ct-code-block\" ><iframe src=https:\/\/marketing.menicon.fr\/l\/1023061\/2024-02-26\/92xgj width=\"100%\" height=\"500\" type=\"text\/html\" frameborder=\"0\" allowTransparency=\"true\" style=\"border: 0\"><\/iframe><\/div><\/div>\n            <\/div>\n                    <div tabindex=\"-1\" class=\"oxy-modal-backdrop center \"\n                style=\"background-color: rgba(0,0,0,0.5);\"\n                data-trigger=\"user_clicks_element\"                data-trigger-selector=\"#link_button-46-38\"                data-trigger-time=\"5\"                data-trigger-time-unit=\"seconds\"                data-close-automatically=\"no\"                data-close-after-time=\"10\"                data-close-after-time-unit=\"seconds\"                data-trigger_scroll_amount=\"50\"                data-trigger_scroll_direction=\"down\"\t            data-scroll_to_selector=\"\"\t            data-time_inactive=\"60\"\t            data-time-inactive-unit=\"seconds\"\t            data-number_of_clicks=\"3\"\t            data-close_on_esc=\"on\"\t            data-number_of_page_views=\"3\"                data-close-after-form-submit=\"no\"                data-open-again=\"always_show\"                data-open-again-after-days=\"3\"            >\n\n                <div id=\"modal-73-38\" class=\"ct-modal\" ><a id=\"link-74-38\" class=\"ct-link oxy-close-modal\" href=\"http:\/\/\" target=\"_self\"  ><div id=\"fancy_icon-75-38\" class=\"ct-fancy-icon\" ><svg id=\"svg-fancy_icon-75-38\"><use xlink:href=\"#FontAwesomeicon-close\"><\/use><\/svg><\/div><\/a><div id=\"code_block-76-38\" class=\"ct-code-block\" ><iframe src=https:\/\/marketing.menicon.fr\/l\/1023061\/2024-02-26\/92xgj width=\"100%\" height=\"500\" type=\"text\/html\" frameborder=\"0\" allowTransparency=\"true\" style=\"border: 0\"><\/iframe><\/div><\/div>\n            <\/div>\n        ","protected":false},"excerpt":{"rendered":"","protected":false},"author":1,"featured_media":0,"parent":15,"menu_order":12,"comment_status":"closed","ping_status":"closed","template":"","meta":{"_acf_changed":false,"footnotes":""},"class_list":["post-17","page","type-page","status-publish","hentry"],"acf":[],"_links":{"self":[{"href":"https:\/\/meniconbloom.com\/fr\/wp-json\/wp\/v2\/pages\/17","targetHints":{"allow":["GET"]}}],"collection":[{"href":"https:\/\/meniconbloom.com\/fr\/wp-json\/wp\/v2\/pages"}],"about":[{"href":"https:\/\/meniconbloom.com\/fr\/wp-json\/wp\/v2\/types\/page"}],"author":[{"embeddable":true,"href":"https:\/\/meniconbloom.com\/fr\/wp-json\/wp\/v2\/users\/1"}],"replies":[{"embeddable":true,"href":"https:\/\/meniconbloom.com\/fr\/wp-json\/wp\/v2\/comments?post=17"}],"version-history":[{"count":3,"href":"https:\/\/meniconbloom.com\/fr\/wp-json\/wp\/v2\/pages\/17\/revisions"}],"predecessor-version":[{"id":410,"href":"https:\/\/meniconbloom.com\/fr\/wp-json\/wp\/v2\/pages\/17\/revisions\/410"}],"up":[{"embeddable":true,"href":"https:\/\/meniconbloom.com\/fr\/wp-json\/wp\/v2\/pages\/15"}],"wp:attachment":[{"href":"https:\/\/meniconbloom.com\/fr\/wp-json\/wp\/v2\/media?parent=17"}],"curies":[{"name":"wp","href":"https:\/\/api.w.org\/{rel}","templated":true}]}}