{"id":21,"date":"2023-10-25T13:10:09","date_gmt":"2023-10-25T13:10:09","guid":{"rendered":"https:\/\/meniconbloom.com\/fr\/?page_id=21"},"modified":"2024-10-02T15:38:51","modified_gmt":"2024-10-02T15:38:51","slug":"menicon-bloom-easyfit","status":"publish","type":"page","link":"https:\/\/meniconbloom.com\/fr\/professionals\/menicon-bloom-easyfit\/","title":{"rendered":"Menicon Bloom Easyfit\u00a0: calcul de lentilles, adaptation et suivi des patients"},"content":{"rendered":"<section id=\"section-62-214\" class=\"oxy-video-background ct-section\" ><div class='oxy-video-container'><video autoplay loop playsinline muted><source src='https:\/\/meniconbloom.com\/fr\/wp-content\/uploads\/2023\/09\/MB-EF-VIDEO_website3.mp4'><\/video><div class='oxy-video-overlay'><\/div><\/div><div class=\"ct-section-inner-wrap\"><h1 id=\"headline-63-214\" class=\"ct-headline\">Menicon Bloom\u2122 Easyfit<\/h1><\/div><\/section><section id=\"section-22-42\" class=\" ct-section\" ><div class=\"ct-section-inner-wrap\"><div id=\"div_block-58-42\" class=\"ct-div-block\" ><h2 id=\"headline-54-42\" class=\"ct-headline\">Menicon Bloom\u2122 Easyfit :&nbsp;<br>votre assistant num\u00e9rique intelligent<\/h2><div id=\"_rich_text-4-42\" class=\"oxy-rich-text\" ><p>Menicon Bloom&trade; Easyfit est un logiciel convivial d'adaptation et de suivi des lentilles, bas&eacute; sur le cloud, d&eacute;velopp&eacute; pour un <strong>usage professionnel.<\/strong><\/p><\/div><\/div><img decoding=\"async\"  id=\"image-64-214\" alt=\"\" src=\"https:\/\/meniconbloom.com\/fr\/wp-content\/uploads\/sites\/14\/2023\/09\/FireFly-RGB-300.png\" class=\"ct-image\" srcset-disabled=\"https:\/\/meniconbloom.com\/fr\/wp-content\/uploads\/sites\/14\/2023\/09\/FireFly-RGB-300.png 500w, https:\/\/meniconbloom.com\/fr\/wp-content\/uploads\/sites\/14\/2023\/09\/FireFly-RGB-300-212x300.png 212w\" sizes=\"(max-width: 500px) 100vw, 500px\" \/><div id=\"new_columns-24-42\" class=\"ct-new-columns\" ><div id=\"div_block-25-42\" class=\"ct-div-block\" ><img decoding=\"async\"  id=\"image-27-42\" alt=\"\" src=\"https:\/\/meniconbloom.com\/fr\/wp-content\/uploads\/sites\/14\/2023\/07\/Menicon-Bloom-Easyfit-1.png\" class=\"ct-image\" srcset-disabled=\"https:\/\/meniconbloom.com\/fr\/wp-content\/uploads\/sites\/14\/2023\/07\/Menicon-Bloom-Easyfit-1.png 1310w, https:\/\/meniconbloom.com\/fr\/wp-content\/uploads\/sites\/14\/2023\/07\/Menicon-Bloom-Easyfit-1-300x183.png 300w, https:\/\/meniconbloom.com\/fr\/wp-content\/uploads\/sites\/14\/2023\/07\/Menicon-Bloom-Easyfit-1-1024x624.png 1024w, https:\/\/meniconbloom.com\/fr\/wp-content\/uploads\/sites\/14\/2023\/07\/Menicon-Bloom-Easyfit-1-768x468.png 768w\" sizes=\"(max-width: 1310px) 100vw, 1310px\" \/><\/div><div id=\"div_block-26-42\" class=\"ct-div-block\" ><h3 id=\"headline-29-42\" class=\"ct-headline\">Pronostic de la myopie<\/h3><div id=\"_rich_text-28-42\" class=\"oxy-rich-text\" ><p>Cet outil vous permet de v\u00e9rifier dans quelle mesure le traitement de contr\u00f4le de la myopie parvient \u00e0 ralentir sa progression.<br \/><br \/>La simplicit\u00e9 du tableau vous permettra de le partager avec la famille du patient afin qu'elle comprenne les b\u00e9n\u00e9fices de la mise en place d'un traitement Menicon Bloom\u2122. Par ailleurs, vous recevrez une courte note contenant des donn\u00e9es scientifiques sur les risques potentiels de la myopie forte pour vous aider \u00e0 approfondir la conversation autour de l'offre de traitement.<\/p><\/div><\/div><\/div><div id=\"new_columns-31-42\" class=\"ct-new-columns\" ><div id=\"div_block-32-42\" class=\"ct-div-block\" ><h3 id=\"headline-34-42\" class=\"ct-headline\">Le calcul des lentilles est facilit\u00e9&nbsp;<br>avec Menicon Bloom\u2122 Easyfit<\/h3><div id=\"_rich_text-35-42\" class=\"oxy-rich-text\" ><p>Menicon Bloom&trade; Easyfit effectue le calcul de la lentille pour vous.<br \/>Il utilise la r&eacute;fraction, le diam&egrave;tre corn&eacute;en et la topographie pour d&eacute;terminer la lentille Menicon Bloom Night<sup>TM<\/sup> la plus appropri&eacute;e ou la r&eacute;fraction et la k&eacute;ratom&eacute;trie (ou la topographie) pour choisir la lentille Menicon Bloom Day&trade;.<\/p>\n<p>Ce calcul bas&eacute; sur la topographie permet de gagner du temps et de ne pas avoir recours &agrave; une bo&icirc;te d'essai d'orthok&eacute;ratologie.<\/p>\n<p>&nbsp;<\/p><\/div><\/div><div id=\"div_block-33-42\" class=\"ct-div-block\" ><img decoding=\"async\"  id=\"image-37-42\" alt=\"\" src=\"https:\/\/meniconbloom.com\/fr\/wp-content\/uploads\/sites\/14\/2023\/07\/Menicon-Bloom-Easyfit-2.png\" class=\"ct-image\" srcset-disabled=\"https:\/\/meniconbloom.com\/fr\/wp-content\/uploads\/sites\/14\/2023\/07\/Menicon-Bloom-Easyfit-2.png 1000w, https:\/\/meniconbloom.com\/fr\/wp-content\/uploads\/sites\/14\/2023\/07\/Menicon-Bloom-Easyfit-2-300x180.png 300w, https:\/\/meniconbloom.com\/fr\/wp-content\/uploads\/sites\/14\/2023\/07\/Menicon-Bloom-Easyfit-2-768x461.png 768w\" sizes=\"(max-width: 1000px) 100vw, 1000px\" \/><\/div><\/div><div id=\"new_columns-38-42\" class=\"ct-new-columns\" ><div id=\"div_block-39-42\" class=\"ct-div-block\" ><img decoding=\"async\"  id=\"image-45-42\" alt=\"Menicon Bloom Easyfit\" src=\"https:\/\/meniconbloom.com\/fr\/wp-content\/uploads\/sites\/14\/2023\/07\/Menicon-Bloom-Easyfit-3.png\" class=\"ct-image\" srcset-disabled=\"https:\/\/meniconbloom.com\/fr\/wp-content\/uploads\/sites\/14\/2023\/07\/Menicon-Bloom-Easyfit-3.png 1000w, https:\/\/meniconbloom.com\/fr\/wp-content\/uploads\/sites\/14\/2023\/07\/Menicon-Bloom-Easyfit-3-300x180.png 300w, https:\/\/meniconbloom.com\/fr\/wp-content\/uploads\/sites\/14\/2023\/07\/Menicon-Bloom-Easyfit-3-768x461.png 768w\" sizes=\"(max-width: 1000px) 100vw, 1000px\" \/><\/div><div id=\"div_block-40-42\" class=\"ct-div-block\" ><h3 id=\"headline-41-42\" class=\"ct-headline\">\u00c9valuation de la performance des lentilles<\/h3><div id=\"_rich_text-42-42\" class=\"oxy-rich-text\" ><p>Menicon Bloom\u2122 offre deux modes de travail diff\u00e9rents : <strong>Guid\u00e9 ou Rapide<\/strong>.<\/p><p>Quelle que soit l'option choisie, Menicon Bloom\u2122 Easyfit vous aide dans le calcul et l'\u00e9valuation des lentilles. En outre, le mode de travail guid\u00e9 vous assiste lors des visites sp\u00e9cifiques \u00e0 Menicon Bloom Night\u2122 et Menicon Bloom Day\u2122, o\u00f9 toutes les informations importantes sont recueillies.<\/p><\/div><\/div><\/div><\/div><\/section><section id=\"section-46-42\" class=\" ct-section\" ><div class=\"ct-section-inner-wrap\"><div id=\"new_columns-47-42\" class=\"ct-new-columns\" ><div id=\"div_block-48-42\" class=\"ct-div-block\" ><h2 id=\"headline-49-42\" class=\"ct-headline\">Menicon Bloom\u2122 Easyfit : votre assistant num\u00e9rique pour les traitements de contr\u00f4le  de la myopie avec Menicon Bloom\u2122.<br><\/h2><div id=\"_rich_text-50-42\" class=\"oxy-rich-text\" ><p>Si vous souhaitez devenir un prescripteur Menicon Bloom\u2122, veuillez nous contacter.<\/p><\/div><\/div><div id=\"div_block-51-42\" class=\"ct-div-block\" ><a id=\"link_button-52-42\" class=\"ct-link-button\" href=\"http:\/\/\"   >Contactez-nous<\/a><\/div><\/div><\/div><\/section>            <div tabindex=\"-1\" class=\"oxy-modal-backdrop center \"\n                style=\"background-color: rgba(0,0,0,0.5);\"\n                data-trigger=\"user_clicks_element\"                data-trigger-selector=\"#link_button-52-42\"                data-trigger-time=\"5\"                data-trigger-time-unit=\"seconds\"                data-close-automatically=\"no\"                data-close-after-time=\"10\"                data-close-after-time-unit=\"seconds\"                data-trigger_scroll_amount=\"50\"                data-trigger_scroll_direction=\"down\"\t            data-scroll_to_selector=\"\"\t            data-time_inactive=\"60\"\t            data-time-inactive-unit=\"seconds\"\t            data-number_of_clicks=\"3\"\t            data-close_on_esc=\"on\"\t            data-number_of_page_views=\"3\"                data-close-after-form-submit=\"no\"                data-open-again=\"always_show\"                data-open-again-after-days=\"3\"            >\n\n                <div id=\"modal-65-42\" class=\"ct-modal\" ><a id=\"link-66-42\" class=\"ct-link oxy-close-modal\" href=\"http:\/\/\" target=\"_self\"  ><div id=\"fancy_icon-67-42\" class=\"ct-fancy-icon\" ><svg id=\"svg-fancy_icon-67-42\"><use xlink:href=\"#FontAwesomeicon-close\"><\/use><\/svg><\/div><\/a><div id=\"code_block-68-42\" class=\"ct-code-block\" ><iframe src=https:\/\/marketing.menicon.fr\/l\/1023061\/2024-02-26\/92xgj width=\"100%\" height=\"500\" type=\"text\/html\" frameborder=\"0\" allowTransparency=\"true\" style=\"border: 0\"><\/iframe><\/div><\/div>\n            <\/div>\n        ","protected":false},"excerpt":{"rendered":"","protected":false},"author":1,"featured_media":0,"parent":15,"menu_order":14,"comment_status":"closed","ping_status":"closed","template":"","meta":{"_acf_changed":false,"footnotes":""},"class_list":["post-21","page","type-page","status-publish","hentry"],"acf":[],"_links":{"self":[{"href":"https:\/\/meniconbloom.com\/fr\/wp-json\/wp\/v2\/pages\/21","targetHints":{"allow":["GET"]}}],"collection":[{"href":"https:\/\/meniconbloom.com\/fr\/wp-json\/wp\/v2\/pages"}],"about":[{"href":"https:\/\/meniconbloom.com\/fr\/wp-json\/wp\/v2\/types\/page"}],"author":[{"embeddable":true,"href":"https:\/\/meniconbloom.com\/fr\/wp-json\/wp\/v2\/users\/1"}],"replies":[{"embeddable":true,"href":"https:\/\/meniconbloom.com\/fr\/wp-json\/wp\/v2\/comments?post=21"}],"version-history":[{"count":4,"href":"https:\/\/meniconbloom.com\/fr\/wp-json\/wp\/v2\/pages\/21\/revisions"}],"predecessor-version":[{"id":411,"href":"https:\/\/meniconbloom.com\/fr\/wp-json\/wp\/v2\/pages\/21\/revisions\/411"}],"up":[{"embeddable":true,"href":"https:\/\/meniconbloom.com\/fr\/wp-json\/wp\/v2\/pages\/15"}],"wp:attachment":[{"href":"https:\/\/meniconbloom.com\/fr\/wp-json\/wp\/v2\/media?parent=21"}],"curies":[{"name":"wp","href":"https:\/\/api.w.org\/{rel}","templated":true}]}}