{"id":23,"date":"2023-10-25T13:11:19","date_gmt":"2023-10-25T13:11:19","guid":{"rendered":"https:\/\/meniconbloom.com\/fr\/?page_id=23"},"modified":"2024-10-02T15:39:36","modified_gmt":"2024-10-02T15:39:36","slug":"menicon-bloom-app","status":"publish","type":"page","link":"https:\/\/meniconbloom.com\/fr\/professionals\/menicon-bloom-app\/","title":{"rendered":"Menicon Bloom app\u00a0: suivi des patients entre deux visites"},"content":{"rendered":"<section id=\"section-43-44\" class=\" ct-section ct-section-with-shape-divider\" ><div class=\"ct-section-inner-wrap\"><h1 id=\"headline-44-44\" class=\"ct-headline\">Menicon Bloom\u2122 app<\/h1>\n\t\t<div id=\"-shape-divider-45-44\" class=\"oxy-shape-divider \" >        \n        <div class=\"oxy_shape_divider\" >\n            <svg  data-name=\"Layer 1\" xmlns=\"http:\/\/www.w3.org\/2000\/svg\" viewBox=\"0 0 1200 120\" preserveAspectRatio=\"none\" fill=\"currentColor\"><path  d=\"M600,112.77C268.63,112.77,0,65.52,0,7.23V120H1200V7.23C1200,65.52,931.37,112.77,600,112.77Z\" class=\"shape-fill\" fill-opacity=\"1\"><\/path><\/svg>        <\/div>\n\n        <\/div>\n\n\t\t<\/div><\/section><section id=\"section-6-44\" class=\" ct-section\" ><div class=\"ct-section-inner-wrap\"><div id=\"div_block-42-44\" class=\"ct-div-block\" ><h2 id=\"headline-12-44\" class=\"ct-headline\">Une aide pour vos patients, une optimisation pour votre cabinet<\/h2><div id=\"_rich_text-4-44\" class=\"oxy-rich-text\" ><p>Il est parfois difficile de savoir comment les patients suivent leur traitement entre deux visites.<\/p><p><strong>Se souviennent-ils vraiment si le niveau de confort s'est am\u00e9lior\u00e9 ou a diminu\u00e9 ?<\/strong><\/p><p><strong>Se rappellent-ils s'ils ont eu des probl\u00e8mes avec la manipulation des lentilles ?<\/strong><\/p><p><strong>Et qu'en est-il de la vue ? Sont-ils en mesure de dire si elle a toujours \u00e9t\u00e9 bonne ?<\/strong><\/p><\/div><\/div><div id=\"new_columns-7-44\" class=\"ct-new-columns\" ><div id=\"div_block-8-44\" class=\"ct-div-block\" ><img decoding=\"async\"  id=\"image-27-44\" alt=\"\" src=\"https:\/\/meniconbloom.com\/fr\/wp-content\/uploads\/sites\/14\/2023\/07\/Menicon-Blom-Easyfit-video-1.gif\" class=\"ct-image\" srcset-disabled=\"\" sizes=\"(max-width: 500px) 100vw, 500px\" \/><\/div><div id=\"div_block-9-44\" class=\"ct-div-block\" ><h3 id=\"headline-10-44\" class=\"ct-headline\">Identification et pr\u00e9vention<\/h3><div id=\"_rich_text-11-44\" class=\"oxy-rich-text\" ><p>L'application Menicon Bloom\u2122 vous permet de suivre vos patients entre deux visites.<\/p><p>Cette application mobile permet \u00e0 vos patients de r\u00e9pondre \u00e0 des <strong>questionnaires succincts<\/strong> dans le cadre de leur traitement.<\/p><p>Les questionnaires sont brefs, directs et il est facile d'y r\u00e9pondre avec des \u00e9motic\u00f4nes sympathiques. R\u00e9pondre aux questions ne prendra pas plus de deux minutes au patient (avec l'aide d'un proche si n\u00e9cessaire).<\/p><p>D'autre part, l'application est reli\u00e9e \u00e0 votre Menicon Bloom\u2122 Easyfit. Les r\u00e9sultats sont donc mis \u00e0 jour imm\u00e9diatement dans l'historique des patients une fois qu'ils ont termin\u00e9 de r\u00e9pondre aux questions.<\/p><\/div><\/div><\/div><div id=\"new_columns-15-44\" class=\"ct-new-columns\" ><div id=\"div_block-16-44\" class=\"ct-div-block\" ><h3 id=\"headline-18-44\" class=\"ct-headline\">Les consignes sont toujours \u00e0 la port\u00e9e des patients<\/h3><div id=\"_rich_text-19-44\" class=\"oxy-rich-text\" ><p>Nous savons qu'il est parfois difficile d'\u00e9valuer si les patients ont bien compris les instructions de manipulation et d'entretien des lentilles que vous leur avez fournies.<\/p><p>L'application Menicon Bloom\u2122 comprend une rubrique <strong>Conseils<\/strong>, o\u00f9 les patients et les membres de leurs familles peuvent acc\u00e9der <strong>\u00e0 de courtes animations adapt\u00e9es aux enfants <\/strong>o\u00f9 toutes ces consignes sont expliqu\u00e9es \u00e0 nouveau. Ils peuvent les consulter autant de fois que n\u00e9cessaire !<\/p><p>Par ailleurs, <strong>un rappel<\/strong> est envoy\u00e9 apr\u00e8s six mois de port de lentilles afin de planifier une visite pour les changer.<\/p><\/div><\/div><div id=\"div_block-17-44\" class=\"ct-div-block\" ><img decoding=\"async\"  id=\"image-32-44\" alt=\"\" src=\"https:\/\/meniconbloom.com\/fr\/wp-content\/uploads\/sites\/14\/2023\/07\/Menicon-Blom-Easyfit-video-2.gif\" class=\"ct-image\" srcset-disabled=\"\" sizes=\"(max-width: 500px) 100vw, 500px\" \/><\/div><\/div><div id=\"new_columns-21-44\" class=\"ct-new-columns\" ><div id=\"div_block-22-44\" class=\"ct-div-block\" ><img decoding=\"async\"  id=\"image-33-44\" alt=\"\" src=\"https:\/\/meniconbloom.com\/fr\/wp-content\/uploads\/sites\/14\/2023\/07\/Menicon-Blom-Easyfit-video-3.gif\" class=\"ct-image\" srcset-disabled=\"\" sizes=\"(max-width: 500px) 100vw, 500px\" \/><\/div><div id=\"div_block-23-44\" class=\"ct-div-block\" ><h3 id=\"headline-25-44\" class=\"ct-headline\">La communication est un \u00e9l\u00e9ment cl\u00e9 de la r\u00e9ussite<\/h3><div id=\"_rich_text-26-44\" class=\"oxy-rich-text\" ><p>Dernier point, mais non des moindres, l'application Menicon Bloom\u2122 est dot\u00e9e d'une fonction de messagerie. Comme elle est reli\u00e9e \u00e0 votre Menicon Bloom\u2122 Easyfit, vous aurez la possibilit\u00e9 d'envoyer des messages \u00e0 l'application de vos patients, pour leur rappeler un rendez-vous par exemple. Les patients pourront \u00e9galement vous envoyer des messages en cas de doutes.<\/p><\/div><\/div><\/div><\/div><\/section><section id=\"section-34-44\" class=\" ct-section\" ><div class=\"ct-section-inner-wrap\"><div id=\"new_columns-35-44\" class=\"ct-new-columns\" ><div id=\"div_block-36-44\" class=\"ct-div-block\" ><h2 id=\"headline-37-44\" class=\"ct-headline\">L'application Menicon Bloom\u2122 apporte une plus grande tranquillit\u00e9 d'esprit<\/h2><div id=\"_rich_text-38-44\" class=\"oxy-rich-text\" ><p>Si vous souhaitez devenir un prescripteur Menicon Bloom\u2122, veuillez nous contacter.<\/p><\/div><\/div><div id=\"div_block-39-44\" class=\"ct-div-block\" ><a id=\"link_button-40-44\" class=\"ct-link-button\" href=\"http:\/\/\"   >Contactez-nous<\/a><\/div><\/div><\/div><\/section>            <div tabindex=\"-1\" class=\"oxy-modal-backdrop center \"\n                style=\"background-color: rgba(0,0,0,0.5);\"\n                data-trigger=\"user_clicks_element\"                data-trigger-selector=\"#link_button-40-44\"                data-trigger-time=\"5\"                data-trigger-time-unit=\"seconds\"                data-close-automatically=\"no\"                data-close-after-time=\"10\"                data-close-after-time-unit=\"seconds\"                data-trigger_scroll_amount=\"50\"                data-trigger_scroll_direction=\"down\"\t            data-scroll_to_selector=\"\"\t            data-time_inactive=\"60\"\t            data-time-inactive-unit=\"seconds\"\t            data-number_of_clicks=\"3\"\t            data-close_on_esc=\"on\"\t            data-number_of_page_views=\"3\"                data-close-after-form-submit=\"no\"                data-open-again=\"always_show\"                data-open-again-after-days=\"3\"            >\n\n                <div id=\"modal-46-44\" class=\"ct-modal\" ><a id=\"link-47-44\" class=\"ct-link oxy-close-modal\" href=\"http:\/\/\" target=\"_self\"  ><div id=\"fancy_icon-48-44\" class=\"ct-fancy-icon\" ><svg id=\"svg-fancy_icon-48-44\"><use xlink:href=\"#FontAwesomeicon-close\"><\/use><\/svg><\/div><\/a><div id=\"code_block-49-44\" class=\"ct-code-block\" ><iframe src=https:\/\/marketing.menicon.fr\/l\/1023061\/2024-02-26\/92xgj width=\"100%\" height=\"500\" type=\"text\/html\" frameborder=\"0\" allowTransparency=\"true\" style=\"border: 0\"><\/iframe><\/div><\/div>\n            <\/div>\n        ","protected":false},"excerpt":{"rendered":"","protected":false},"author":1,"featured_media":0,"parent":15,"menu_order":15,"comment_status":"closed","ping_status":"closed","template":"","meta":{"_acf_changed":false,"footnotes":""},"class_list":["post-23","page","type-page","status-publish","hentry"],"acf":[],"_links":{"self":[{"href":"https:\/\/meniconbloom.com\/fr\/wp-json\/wp\/v2\/pages\/23","targetHints":{"allow":["GET"]}}],"collection":[{"href":"https:\/\/meniconbloom.com\/fr\/wp-json\/wp\/v2\/pages"}],"about":[{"href":"https:\/\/meniconbloom.com\/fr\/wp-json\/wp\/v2\/types\/page"}],"author":[{"embeddable":true,"href":"https:\/\/meniconbloom.com\/fr\/wp-json\/wp\/v2\/users\/1"}],"replies":[{"embeddable":true,"href":"https:\/\/meniconbloom.com\/fr\/wp-json\/wp\/v2\/comments?post=23"}],"version-history":[{"count":2,"href":"https:\/\/meniconbloom.com\/fr\/wp-json\/wp\/v2\/pages\/23\/revisions"}],"predecessor-version":[{"id":388,"href":"https:\/\/meniconbloom.com\/fr\/wp-json\/wp\/v2\/pages\/23\/revisions\/388"}],"up":[{"embeddable":true,"href":"https:\/\/meniconbloom.com\/fr\/wp-json\/wp\/v2\/pages\/15"}],"wp:attachment":[{"href":"https:\/\/meniconbloom.com\/fr\/wp-json\/wp\/v2\/media?parent=23"}],"curies":[{"name":"wp","href":"https:\/\/api.w.org\/{rel}","templated":true}]}}