{"id":25,"date":"2023-10-25T13:11:58","date_gmt":"2023-10-25T13:11:58","guid":{"rendered":"https:\/\/meniconbloom.com\/fr\/?page_id=25"},"modified":"2024-10-02T15:40:02","modified_gmt":"2024-10-02T15:40:02","slug":"patients","status":"publish","type":"page","link":"https:\/\/meniconbloom.com\/fr\/patients\/","title":{"rendered":"Menicon Bloom pour les patients"},"content":{"rendered":"<section id=\"section-2-11\" class=\" ct-section\" style=\"background-image: linear-gradient(90deg, rgba(0,0,0,0.4), rgba(0,0,0,0)), url(https:\/\/meniconbloom.com\/fr\/wp-content\/uploads\/2023\/07\/Menicon-Bloom-patient-1.png);background-size:auto,  cover;\" ><div class=\"ct-section-inner-wrap\"><div id=\"div_block-11-11\" class=\"ct-div-block\" ><h1 id=\"headline-3-11\" class=\"ct-headline\">Menicon Bloom\u2122<br><\/h1><h2 id=\"headline-5-11\" class=\"ct-headline\">Un monde imaginaire o\u00f9 les enfants myopes peuvent voir clair, gr\u00e2ce aux technologies de pointe cr\u00e9\u00e9es par Menicon.<\/h2><\/div><\/div><\/section><section id=\"section-13-11\" class=\" ct-section\" ><div class=\"ct-section-inner-wrap\"><div id=\"div_block-16-11\" class=\"ct-div-block\" ><img decoding=\"async\"  id=\"image-14-11\" alt=\"\" src=\"https:\/\/meniconbloom.com\/fr\/wp-content\/uploads\/sites\/14\/2023\/07\/02.-Myopia-Menicon-Bloom-MB-Logo-PNG-Master-version-20191016.png\" class=\"ct-image\" srcset-disabled=\"https:\/\/meniconbloom.com\/fr\/wp-content\/uploads\/sites\/14\/2023\/07\/02.-Myopia-Menicon-Bloom-MB-Logo-PNG-Master-version-20191016.png 552w, https:\/\/meniconbloom.com\/fr\/wp-content\/uploads\/sites\/14\/2023\/07\/02.-Myopia-Menicon-Bloom-MB-Logo-PNG-Master-version-20191016-300x96.png 300w\" sizes=\"(max-width: 552px) 100vw, 552px\" \/><div id=\"_rich_text-15-11\" class=\"oxy-rich-text\" ><p>Menicon Bloom\u2122 est notre plan de traitement innovant pour traiter la myopie chez l'enfant. Nous voulons faciliter l'int\u00e9gration des lentilles dans les habitudes quotidiennes (jour ou nuit) de l'enfant.<\/p><\/div><\/div><img decoding=\"async\"  id=\"image-18-11\" alt=\"\" src=\"https:\/\/meniconbloom.com\/fr\/wp-content\/uploads\/sites\/14\/2023\/07\/Menicon-Bloom-patient-2.png\" class=\"ct-image\" srcset-disabled=\"https:\/\/meniconbloom.com\/fr\/wp-content\/uploads\/sites\/14\/2023\/07\/Menicon-Bloom-patient-2.png 1920w, https:\/\/meniconbloom.com\/fr\/wp-content\/uploads\/sites\/14\/2023\/07\/Menicon-Bloom-patient-2-300x300.png 300w, https:\/\/meniconbloom.com\/fr\/wp-content\/uploads\/sites\/14\/2023\/07\/Menicon-Bloom-patient-2-1024x1024.png 1024w, https:\/\/meniconbloom.com\/fr\/wp-content\/uploads\/sites\/14\/2023\/07\/Menicon-Bloom-patient-2-150x150.png 150w, https:\/\/meniconbloom.com\/fr\/wp-content\/uploads\/sites\/14\/2023\/07\/Menicon-Bloom-patient-2-768x768.png 768w, https:\/\/meniconbloom.com\/fr\/wp-content\/uploads\/sites\/14\/2023\/07\/Menicon-Bloom-patient-2-1536x1536.png 1536w\" sizes=\"(max-width: 1920px) 100vw, 1920px\" \/><div id=\"div_block-89-11\" class=\"ct-div-block\" ><h2 id=\"headline-87-11\" class=\"ct-headline\">Ralentir la progression de la myopie&nbsp;<br>gr\u00e2ce au contr\u00f4le<\/h2><div id=\"_rich_text-19-11\" class=\"oxy-rich-text\" ><p><span style=\"font-family: verdana, geneva, sans-serif;\">Contr&ocirc;ler la myopie en ralentissant l&rsquo;&eacute;longation de l&rsquo;&oelig;il est pr&eacute;cis&eacute;ment&nbsp;l'objectif du plan de traitement Menicon Bloom&trade;.<\/span><\/p>\n<p><span style=\"font-family: verdana, geneva, sans-serif;\">Ce plan de traitement a &eacute;t&eacute; &eacute;labor&eacute; pour garantir un contr&ocirc;le de la myopie s&ucirc;r et efficace.&nbsp;En plus de freiner le d&eacute;veloppement de la myopie, le plan de traitement Menicon Bloom&trade; la corrige pour mieux voir tout au long de la journ&eacute;e.<\/span><\/p><\/div><\/div><\/div><\/section><section id=\"section-86-11\" class=\" ct-section\" ><div class=\"ct-section-inner-wrap\"><div id=\"div_block-61-11\" class=\"ct-div-block\" ><h2 id=\"headline-33-11\" class=\"ct-headline\">Les composantes de Menicon Bloom\u2122&nbsp;<\/h2><div id=\"_rich_text-60-11\" class=\"oxy-rich-text\" ><p><span style=\"font-family: verdana, geneva, sans-serif;\">Votre ophtalmologue pourra vous montrer&nbsp;quelques graphiques simples pour mieux comprendre l'importance de la prise en charge de la myopie, en fonction de votre cas.&nbsp;Il pourra &eacute;galement vous pr&eacute;senter les avantages de Menicon Bloom&trade;.<\/span><\/p><\/div><\/div><div id=\"new_columns-35-11\" class=\"ct-new-columns\" ><div id=\"div_block-36-11\" class=\"ct-div-block\" ><div id=\"div_block-44-11\" class=\"ct-div-block\" ><a id=\"link-90-25\" class=\"ct-link\" href=\"\/fr\/patients\/menicon-bloom-app-patient\/\"   ><h3 id=\"headline-41-11\" class=\"ct-headline\">Application<br>Menicon Bloom\u2122<\/h3><\/a><div id=\"_rich_text-43-11\" class=\"oxy-rich-text\" ><p>Menicon Bloom\u2122 a \u00e9t\u00e9 cr\u00e9\u00e9e pour\u00a0vous accompagner entre deux visites chez l\u2019ophtalmologue.<\/p><\/div><\/div><div id=\"div_block-56-11\" class=\"ct-div-block\" ><a id=\"link-91-25\" class=\"ct-link\" href=\"\/fr\/patients\/menicon-bloom-day-patient\/\"   ><h3 id=\"headline-57-11\" class=\"ct-headline\">Menicon Bloom Day\u2122<\/h3><\/a><div id=\"_rich_text-58-11\" class=\"oxy-rich-text\" ><p>Menicon Bloom Day\u2122 constitue l'option lentilles souples \u00e0 porter la journ\u00e9e et \u00e0 renouvellement journalier. C'est facile !<\/p><\/div><\/div><\/div><div id=\"div_block-37-11\" class=\"ct-div-block\" ><img decoding=\"async\"  id=\"image-39-11\" alt=\"\" src=\"https:\/\/meniconbloom.com\/fr\/wp-content\/uploads\/sites\/14\/2023\/08\/menicon-bloom-lineup_updated.png\" class=\"ct-image\" srcset-disabled=\"https:\/\/meniconbloom.com\/fr\/wp-content\/uploads\/sites\/14\/2023\/08\/menicon-bloom-lineup_updated.png 500w, https:\/\/meniconbloom.com\/fr\/wp-content\/uploads\/sites\/14\/2023\/08\/menicon-bloom-lineup_updated-300x212.png 300w\" sizes=\"(max-width: 500px) 100vw, 500px\" \/><\/div><div id=\"div_block-38-11\" class=\"ct-div-block\" ><div id=\"div_block-46-11\" class=\"ct-div-block\" ><a id=\"link-92-25\" class=\"ct-link\" href=\"\/fr\/patients\/menicon-bloom-night-patient\/\"   ><h3 id=\"headline-47-11\" class=\"ct-headline\">Menicon Bloom Night\u2122<\/h3><\/a><div id=\"_rich_text-48-11\" class=\"oxy-rich-text\" ><p>Menicon Bloom Night\u2122 sont les lentilles de nuit \u00e0 porter pendant le sommeil pour avoir une vision nette apr\u00e8s les avoir retir\u00e9es au r\u00e9veil\u00a0!<\/p><\/div><\/div><div id=\"div_block-52-11\" class=\"ct-div-block\" ><h3 id=\"headline-53-11\" class=\"ct-headline\">Entretien des lentilles<\/h3><div id=\"_rich_text-54-11\" class=\"oxy-rich-text\" ><p>Menicon Bloom Care\u2122 &amp; Menicon Bloom Progent\u2122 sont des solutions d'entretien pour que vos lentilles Menicon Bloom Night\u2122 soient toujours propres.<\/p><\/div><\/div><\/div><\/div><\/div><\/section><section id=\"section-20-11\" class=\" ct-section\" ><div class=\"ct-section-inner-wrap\"><div id=\"new_columns-21-11\" class=\"ct-new-columns\" ><div id=\"div_block-22-11\" class=\"ct-div-block\" ><h2 id=\"headline-23-11\" class=\"ct-headline\">Vous voulez en savoir plus ?<br>T\u00e9l\u00e9chargez la brochure Menicon Bloom\u2122 ici !<br><\/h2><div id=\"_rich_text-24-11\" class=\"oxy-rich-text\" ><p>Pour plus d\u2019informations, veuillez contacter votre sp\u00e9cialiste de la vue.<\/p><\/div><\/div><div id=\"div_block-25-11\" class=\"ct-div-block\" ><a id=\"link_button-26-11\" class=\"ct-link-button\" href=\"\/fr\/wp-content\/uploads\/sites\/14\/2024\/02\/Myopia-\u2013-Menicon-Bloom-\u2013-B2C-brochure-\u2013-FRENCH-V1-\u2013-20230601.pdf\" target=\"_blank\"  >T\u00e9l\u00e9chargez la brochure<\/a><\/div><\/div><\/div><\/section>","protected":false},"excerpt":{"rendered":"","protected":false},"author":1,"featured_media":0,"parent":0,"menu_order":20,"comment_status":"closed","ping_status":"closed","template":"","meta":{"_acf_changed":false,"footnotes":""},"class_list":["post-25","page","type-page","status-publish","hentry"],"acf":[],"_links":{"self":[{"href":"https:\/\/meniconbloom.com\/fr\/wp-json\/wp\/v2\/pages\/25","targetHints":{"allow":["GET"]}}],"collection":[{"href":"https:\/\/meniconbloom.com\/fr\/wp-json\/wp\/v2\/pages"}],"about":[{"href":"https:\/\/meniconbloom.com\/fr\/wp-json\/wp\/v2\/types\/page"}],"author":[{"embeddable":true,"href":"https:\/\/meniconbloom.com\/fr\/wp-json\/wp\/v2\/users\/1"}],"replies":[{"embeddable":true,"href":"https:\/\/meniconbloom.com\/fr\/wp-json\/wp\/v2\/comments?post=25"}],"version-history":[{"count":6,"href":"https:\/\/meniconbloom.com\/fr\/wp-json\/wp\/v2\/pages\/25\/revisions"}],"predecessor-version":[{"id":444,"href":"https:\/\/meniconbloom.com\/fr\/wp-json\/wp\/v2\/pages\/25\/revisions\/444"}],"wp:attachment":[{"href":"https:\/\/meniconbloom.com\/fr\/wp-json\/wp\/v2\/media?parent=25"}],"curies":[{"name":"wp","href":"https:\/\/api.w.org\/{rel}","templated":true}]}}