{"id":29,"date":"2023-10-25T13:13:39","date_gmt":"2023-10-25T13:13:39","guid":{"rendered":"https:\/\/meniconbloom.com\/fr\/?page_id=29"},"modified":"2024-10-02T15:40:54","modified_gmt":"2024-10-02T15:40:54","slug":"menicon-bloom-day-patient","status":"publish","type":"page","link":"https:\/\/meniconbloom.com\/fr\/patients\/menicon-bloom-day-patient\/","title":{"rendered":"Menicon Bloom Day\u00a0: une lentille journali\u00e8re pour le contr\u00f4le de la myopie\u00a0"},"content":{"rendered":"<section id=\"section-2-95\" class=\" ct-section\" style=\"background-image:url(https:\/\/meniconbloom.com\/fr\/wp-content\/uploads\/2023\/07\/DAY-BACKGROUND.png);background-size: cover;\" ><div class=\"ct-section-inner-wrap\"><h1 id=\"headline-3-95\" class=\"ct-headline\">Menicon Bloom Day\u2122<\/h1><h2 id=\"headline-4-95\" class=\"ct-headline\">Des lentilles journali\u00e8res pour le contr\u00f4le de la myopie<\/h2><\/div><\/section><section id=\"section-7-95\" class=\" ct-section\" ><div class=\"ct-section-inner-wrap\"><div id=\"new_columns-8-95\" class=\"ct-new-columns\" ><div id=\"div_block-9-95\" class=\"ct-div-block\" ><h2 id=\"headline-11-95\" class=\"ct-headline\">Menicon Bloom Day\u2122<\/h2><div id=\"_rich_text-12-95\" class=\"oxy-rich-text\" ><p>Menicon Bloom Day<sup>TM<\/sup> est une lentille de contact souple &agrave; porter la journ&eacute;e et &agrave; renouvellement journalier. De ce fait, Menicon Bloom Day<sup>TM<\/sup> est tr&egrave;s hygi&eacute;nique et tr&egrave;s pratique. Aucune solution d'entretien n'est n&eacute;cessaire pour ces lentilles.<\/p>\n<p>Menicon Bloom Day&trade; a une conception unique et brevet&eacute;e qui ralentit la croissance de la longueur de l'&oelig;il. La lentille modifie la f<span style=\"font-family: verdana, geneva, sans-serif;\">a&ccedil;on dont la lumi&egrave;re p&eacute;n&egrave;tre dans l'&oelig;il et modifie la fa&ccedil;on dont les images se focalisent sur la r&eacute;tine. La croissance de l'&oelig;il est ainsi limit&eacute;e, ce qui&nbsp;permet de ralentir l'&eacute;volution de la myopie.<\/span><\/p>\n<p>Les lentilles Menicon Bloom Day&trade; corrigent &eacute;galement votre vision, vous permettant de b&eacute;n&eacute;ficier d'une vision parfaite.<\/p><\/div><\/div><div id=\"div_block-10-95\" class=\"ct-div-block\" ><img decoding=\"async\"  id=\"image-13-95\" alt=\"\" src=\"https:\/\/meniconbloom.com\/fr\/wp-content\/uploads\/sites\/14\/2023\/07\/Menicon-Bloom-Day-Patient-2.png\" class=\"ct-image\" srcset-disabled=\"https:\/\/meniconbloom.com\/fr\/wp-content\/uploads\/sites\/14\/2023\/07\/Menicon-Bloom-Day-Patient-2.png 1000w, https:\/\/meniconbloom.com\/fr\/wp-content\/uploads\/sites\/14\/2023\/07\/Menicon-Bloom-Day-Patient-2-300x300.png 300w, https:\/\/meniconbloom.com\/fr\/wp-content\/uploads\/sites\/14\/2023\/07\/Menicon-Bloom-Day-Patient-2-150x150.png 150w, https:\/\/meniconbloom.com\/fr\/wp-content\/uploads\/sites\/14\/2023\/07\/Menicon-Bloom-Day-Patient-2-768x768.png 768w\" sizes=\"(max-width: 1000px) 100vw, 1000px\" \/><\/div><\/div><img decoding=\"async\"  id=\"image-33-95\" alt=\"\" src=\"https:\/\/meniconbloom.com\/fr\/wp-content\/uploads\/sites\/14\/2023\/07\/Menicon-Bloom-Day-Patient-1.png\" class=\"ct-image\" srcset-disabled=\"https:\/\/meniconbloom.com\/fr\/wp-content\/uploads\/sites\/14\/2023\/07\/Menicon-Bloom-Day-Patient-1.png 1920w, https:\/\/meniconbloom.com\/fr\/wp-content\/uploads\/sites\/14\/2023\/07\/Menicon-Bloom-Day-Patient-1-300x125.png 300w, https:\/\/meniconbloom.com\/fr\/wp-content\/uploads\/sites\/14\/2023\/07\/Menicon-Bloom-Day-Patient-1-1024x427.png 1024w, https:\/\/meniconbloom.com\/fr\/wp-content\/uploads\/sites\/14\/2023\/07\/Menicon-Bloom-Day-Patient-1-768x320.png 768w, https:\/\/meniconbloom.com\/fr\/wp-content\/uploads\/sites\/14\/2023\/07\/Menicon-Bloom-Day-Patient-1-1536x640.png 1536w\" sizes=\"(max-width: 1920px) 100vw, 1920px\" \/><div id=\"new_columns-14-95\" class=\"ct-new-columns\" ><div id=\"div_block-15-95\" class=\"ct-div-block\" ><h3 id=\"headline-17-95\" class=\"ct-headline heading-chantal\">Avantages des lentilles de contact Menicon Bloom Day\u2122 <\/h3><\/div><div id=\"div_block-16-95\" class=\"ct-div-block\" ><div id=\"div_block-20-95\" class=\"ct-div-block\" ><img decoding=\"async\"  id=\"image-18-95\" alt=\"\" src=\"https:\/\/meniconbloom.com\/fr\/wp-content\/uploads\/sites\/14\/2023\/08\/safeeffective.png\" class=\"ct-image\" srcset-disabled=\"https:\/\/meniconbloom.com\/fr\/wp-content\/uploads\/sites\/14\/2023\/08\/safeeffective.png 693w, https:\/\/meniconbloom.com\/fr\/wp-content\/uploads\/sites\/14\/2023\/08\/safeeffective-300x298.png 300w, https:\/\/meniconbloom.com\/fr\/wp-content\/uploads\/sites\/14\/2023\/08\/safeeffective-150x150.png 150w\" sizes=\"(max-width: 693px) 100vw, 693px\" \/><div id=\"_rich_text-19-95\" class=\"oxy-rich-text\" ><p>Une prise en charge s\u00fbre <sup>1-2\u00a0<\/sup>et efficace<sup>3<\/sup> de la myopie.<\/p><\/div><\/div><div id=\"div_block-28-95\" class=\"ct-div-block\" ><img decoding=\"async\"  id=\"image-29-95\" alt=\"\" src=\"https:\/\/meniconbloom.com\/fr\/wp-content\/uploads\/sites\/14\/2023\/08\/clearvision.png\" class=\"ct-image\" srcset-disabled=\"https:\/\/meniconbloom.com\/fr\/wp-content\/uploads\/sites\/14\/2023\/08\/clearvision.png 834w, https:\/\/meniconbloom.com\/fr\/wp-content\/uploads\/sites\/14\/2023\/08\/clearvision-300x164.png 300w, https:\/\/meniconbloom.com\/fr\/wp-content\/uploads\/sites\/14\/2023\/08\/clearvision-768x419.png 768w\" sizes=\"(max-width: 834px) 100vw, 834px\" \/><div id=\"_rich_text-30-95\" class=\"oxy-rich-text\" ><p>Vision nette la journ\u00e9e gr\u00e2ce \u00e0 la conception des lentilles<sup>4<\/sup>.<\/p><\/div><\/div><div id=\"div_block-25-95\" class=\"ct-div-block\" ><img decoding=\"async\"  id=\"image-26-95\" alt=\"\" src=\"https:\/\/meniconbloom.com\/fr\/wp-content\/uploads\/sites\/14\/2023\/08\/QoL.png\" class=\"ct-image\" srcset-disabled=\"https:\/\/meniconbloom.com\/fr\/wp-content\/uploads\/sites\/14\/2023\/08\/QoL.png 834w, https:\/\/meniconbloom.com\/fr\/wp-content\/uploads\/sites\/14\/2023\/08\/QoL-300x247.png 300w, https:\/\/meniconbloom.com\/fr\/wp-content\/uploads\/sites\/14\/2023\/08\/QoL-768x634.png 768w\" sizes=\"(max-width: 834px) 100vw, 834px\" \/><div id=\"_rich_text-27-95\" class=\"oxy-rich-text\" ><p><span style=\"font-family: verdana, geneva, sans-serif;\">L'am&eacute;lioration<\/span>&nbsp;de la vue<sup>5<\/sup> pour une am&eacute;lioration de la qualit&eacute; de vie.<\/p><\/div><\/div><div id=\"div_block-22-95\" class=\"ct-div-block\" ><img decoding=\"async\"  id=\"image-23-95\" alt=\"\" src=\"https:\/\/meniconbloom.com\/fr\/wp-content\/uploads\/sites\/14\/2023\/08\/athome.png\" class=\"ct-image\" srcset-disabled=\"https:\/\/meniconbloom.com\/fr\/wp-content\/uploads\/sites\/14\/2023\/08\/athome.png 735w, https:\/\/meniconbloom.com\/fr\/wp-content\/uploads\/sites\/14\/2023\/08\/athome-300x281.png 300w\" sizes=\"(max-width: 735px) 100vw, 735px\" \/><div id=\"_rich_text-24-95\" class=\"oxy-rich-text\" ><p>Facile &agrave; int&eacute;grer au quotidien : les lentilles sont toujours&nbsp;<span style=\"font-family: verdana, geneva, sans-serif;\">port&eacute;es<\/span>&nbsp;dans un environnement s&ucirc;r et paisible, &agrave; savoir &agrave; la maison. &Agrave; mettre au r&eacute;veil, et &agrave; retirer le soir.<\/p><\/div><\/div><\/div><\/div><div id=\"_rich_text-35-95\" class=\"oxy-rich-text\" ><p>Menicon Bloom Day\u2122 fait partie du syst\u00e8me de prise en charge de la myopie <br \/>Menicon Bloom<sup>TM<\/sup>. <br \/>Pour en savoir plus, veuillez contacter votre ophtalmologue.<\/p><\/div><\/div><\/section><section id=\"section-38-95\" class=\" ct-section\" ><div class=\"ct-section-inner-wrap\"><div id=\"_toggle-39-95\" class=\"oxy-toggle toggle-6463 toggle-6463-expanded\"  data-oxy-toggle-initial-state=\"closed\" data-oxy-toggle-active-class=\"toggle-6463-expanded\" >\n\t\t\t<div class='oxy-expand-collapse-icon' href='#'><\/div>\n\t\t\t<div class='oxy-toggle-content'>\n                <h6 id=\"headline-40-95\" class=\"ct-headline\">R\u00e9f\u00e9rences<\/h6>\t\t\t<\/div>\n\t\t<\/div><div id=\"div_block-41-95\" class=\"ct-div-block\" ><div id=\"_rich_text-42-95\" class=\"oxy-rich-text \" ><p>\u00a0<\/p><ol><li>Cheng X, Brennan NA, Toubouti Y, Greenaway NL. Safety of soft contact lenses in children: retrospective review of six randomized controlled trials of myopia control.\u00a0Acta Ophthalmol. 2020;98(3):e346-e351. doi:<a href=\"http:\/\/10.1111\/aos.14283\">10.1111\/aos.14283<\/a><\/li><li>Bullimore MA. The safety of soft contact lenses in children.\u00a0Optom Vis Sci. 2017;94(6):638-646. doi:<a href=\"http:\/\/10.1097\/OPX.0000000000001078\">10.1097\/OPX.0000000000001078<\/a><\/li><li>Cooper J, O'Connor B, Aller T, Dillehay SM, Weibel K, Benoit D. Reduction of myopic progression using a multifocal soft contact lens: a retrospective cohort study.\u00a0Clin Ophthalmol. 2022;16:2145-2155. doi:<a href=\"http:\/\/10.2147\/OPTH.S370041\">10.2147\/OPTH.S370041<\/a><\/li><li>Miller J, Long B, Dillehay S. Children\u2019s evaluation of a unique myopia progression control lens design. Optom Vis Sci. 2013;88:E-abstract 115896<\/li><li>Walline JJ, Jones LA, Sinnott L, et al. Randomized trial of the effect of contact lens wear on self-perception in children.\u00a0Optom Vis Sci. 2009;86(3):222-232. doi:<a href=\"http:\/\/10.1097\/OPX.0b013e3181971985\">10.1097\/OPX.0b013e3181971985<\/a><\/li><\/ol><\/div><\/div><\/div><\/section>","protected":false},"excerpt":{"rendered":"","protected":false},"author":1,"featured_media":0,"parent":25,"menu_order":22,"comment_status":"closed","ping_status":"closed","template":"","meta":{"_acf_changed":false,"footnotes":""},"class_list":["post-29","page","type-page","status-publish","hentry"],"acf":[],"_links":{"self":[{"href":"https:\/\/meniconbloom.com\/fr\/wp-json\/wp\/v2\/pages\/29","targetHints":{"allow":["GET"]}}],"collection":[{"href":"https:\/\/meniconbloom.com\/fr\/wp-json\/wp\/v2\/pages"}],"about":[{"href":"https:\/\/meniconbloom.com\/fr\/wp-json\/wp\/v2\/types\/page"}],"author":[{"embeddable":true,"href":"https:\/\/meniconbloom.com\/fr\/wp-json\/wp\/v2\/users\/1"}],"replies":[{"embeddable":true,"href":"https:\/\/meniconbloom.com\/fr\/wp-json\/wp\/v2\/comments?post=29"}],"version-history":[{"count":3,"href":"https:\/\/meniconbloom.com\/fr\/wp-json\/wp\/v2\/pages\/29\/revisions"}],"predecessor-version":[{"id":440,"href":"https:\/\/meniconbloom.com\/fr\/wp-json\/wp\/v2\/pages\/29\/revisions\/440"}],"up":[{"embeddable":true,"href":"https:\/\/meniconbloom.com\/fr\/wp-json\/wp\/v2\/pages\/25"}],"wp:attachment":[{"href":"https:\/\/meniconbloom.com\/fr\/wp-json\/wp\/v2\/media?parent=29"}],"curies":[{"name":"wp","href":"https:\/\/api.w.org\/{rel}","templated":true}]}}