{"id":319,"date":"2023-10-30T19:45:49","date_gmt":"2023-10-30T19:45:49","guid":{"rendered":"https:\/\/meniconbloom.com\/fr\/?page_id=319"},"modified":"2024-10-02T15:36:34","modified_gmt":"2024-10-02T15:36:34","slug":"home","status":"publish","type":"page","link":"https:\/\/meniconbloom.com\/fr\/","title":{"rendered":"Home"},"content":{"rendered":"<section id=\"section-2-25\" class=\" ct-section\" style=\"background-image:url(https:\/\/meniconbloom.com\/fr\/wp-content\/uploads\/2023\/08\/Menicon-Bloom-homepage-cover.png);background-size: cover;\" ><div class=\"ct-section-inner-wrap\"><div id=\"div_block-4-25\" class=\"ct-div-block\" ><h1 id=\"headline-6-25\" class=\"ct-headline\">BIENVENUE DANS LE MONDE DE<span id=\"span-97-25\" class=\"ct-span heading-chantal oxygenberg-span-97-25 oxygenberg-element\">MENICON BLOOM\u2122<\/span><\/h1><div id=\"div_block-9-25\" class=\"ct-div-block\" ><a id=\"link_button-10-25\" class=\"ct-link-button\" href=\"\/fr\/patients\/\"   >Patients<\/a><a id=\"link_button-11-25\" class=\"ct-link-button\" href=\"\/fr\/professionals\/\"   >Professionnels<\/a><\/div><\/div><\/div><\/section><section id=\"section-14-25\" class=\" ct-section\" style=\"background-image:url(https:\/\/meniconbloom.com\/fr\/wp-content\/uploads\/2023\/07\/NIGHT-BACKGROUND.png);background-size: cover;\" ><div class=\"ct-section-inner-wrap\"><div id=\"div_block-17-25\" class=\"ct-div-block\" ><h2 id=\"headline-15-25\" class=\"ct-headline\">Menicon Bloom\u2122 est un plan de traitement complet pour le contr\u00f4le de la myopie en lentilles de contact.<\/h2><div id=\"_rich_text-16-25\" class=\"oxy-rich-text\" ><p>La myopie est un d\u00e9faut visuel (erreur de r\u00e9fraction) qui entra\u00eene une vision floue lorsqu'on regarde des objets \u00e9loign\u00e9s (par exemple, la t\u00e9l\u00e9vision, le tableau \u00e0 l'\u00e9cole,\u00a0les feux de signalisation). La vision de pr\u00e8s est normalement pr\u00e9serv\u00e9e (ex : lecture, tablettes, t\u00e9l\u00e9phones).<\/p><p>\u00a0<\/p><\/div><div id=\"_rich_text-75-25\" class=\"oxy-rich-text\" ><p class=\"p1\" style=\"margin: 0px; font-variant-numeric: normal; font-variant-east-asian: normal; font-variant-alternates: normal; font-kerning: auto; font-optical-sizing: auto; font-feature-settings: normal; font-variation-settings: normal; font-variant-position: normal; font-stretch: normal; line-height: normal; font-family: Helvetica;\"><span style=\"font-family: verdana, geneva, sans-serif;\">D&eacute;couvrez ci-dessous pourquoi la myopie est un sujet &agrave; prendre en compte.<\/span><\/p><\/div><\/div><\/div><\/section><section id=\"section-39-25\" class=\" ct-section\" ><div class=\"ct-section-inner-wrap\"><div id=\"div_block-42-25\" class=\"ct-div-block\" ><h2 id=\"headline-40-25\" class=\"ct-headline\">Pr\u00e9valence et causes de la myopie<\/h2><div id=\"_rich_text-41-25\" class=\"oxy-rich-text\" ><p>D'ici 2050, la tendance g\u00e9n\u00e9rale pr\u00e9voit que pr\u00e8s de 50% de la population mondiale pr\u00e9sentera un certain degr\u00e9 de myopie.<sup>1<\/sup><\/p><\/div><\/div><div id=\"new_columns-44-25\" class=\"ct-new-columns\" ><div id=\"div_block-45-25\" class=\"ct-div-block\" ><img decoding=\"async\"  id=\"image-48-25\" alt=\"\" src=\"https:\/\/meniconbloom.com\/fr\/wp-content\/uploads\/sites\/14\/2023\/12\/ICONS-01.png\" class=\"ct-image\" srcset-disabled=\"https:\/\/meniconbloom.com\/fr\/wp-content\/uploads\/sites\/14\/2023\/12\/ICONS-01.png 667w, https:\/\/meniconbloom.com\/fr\/wp-content\/uploads\/sites\/14\/2023\/12\/ICONS-01-300x300.png 300w, https:\/\/meniconbloom.com\/fr\/wp-content\/uploads\/sites\/14\/2023\/12\/ICONS-01-150x150.png 150w\" sizes=\"(max-width: 667px) 100vw, 667px\" \/><div id=\"div_block-92-25\" class=\"ct-div-block\" ><h3 id=\"headline-49-25\" class=\"ct-headline\">TRAVAIL&nbsp;EN VISION DE PR\u00c8S<\/h3><div id=\"_rich_text-50-25\" class=\"oxy-rich-text\" ><p>La myopie est li&eacute;e &agrave; l'augmentation du temps consacr&eacute; en vision de pr&egrave;s.<sup>2<\/sup><\/p>\n<p class=\"p1\" style=\"margin: 0px; font-variant-numeric: normal; font-variant-east-asian: normal; font-variant-alternates: normal; font-kerning: auto; font-optical-sizing: auto; font-feature-settings: normal; font-variation-settings: normal; font-variant-position: normal; font-stretch: normal; line-height: normal; font-family: Helvetica;\"><span style=\"font-family: verdana, geneva, sans-serif;\">Les enfants pratiquant aujourd'hui de nombreuses activit&eacute;s sollicitent leur vision de pr&egrave;s, et cela d&egrave;s le plus jeune &acirc;ge. Cela a un impact sur l'&eacute;volution de la myopie c'est pourquoi il est important de limiter le temps de stimulation de la vision de pr&egrave;s.<\/span><\/p><\/div><\/div><\/div><div id=\"div_block-46-25\" class=\"ct-div-block\" ><img decoding=\"async\"  id=\"image-51-25\" alt=\"\" src=\"https:\/\/meniconbloom.com\/fr\/wp-content\/uploads\/sites\/14\/2023\/12\/ICONS-03.png\" class=\"ct-image\" srcset-disabled=\"https:\/\/meniconbloom.com\/fr\/wp-content\/uploads\/sites\/14\/2023\/12\/ICONS-03.png 667w, https:\/\/meniconbloom.com\/fr\/wp-content\/uploads\/sites\/14\/2023\/12\/ICONS-03-300x300.png 300w, https:\/\/meniconbloom.com\/fr\/wp-content\/uploads\/sites\/14\/2023\/12\/ICONS-03-150x150.png 150w\" sizes=\"(max-width: 667px) 100vw, 667px\" \/><div id=\"div_block-94-25\" class=\"ct-div-block\" ><h3 id=\"headline-52-25\" class=\"ct-headline\">G\u00c9N\u00c9TIQUE<\/h3><div id=\"_rich_text-53-25\" class=\"oxy-rich-text\" ><p>La myopie peut \u00eatre h\u00e9r\u00e9ditaire.<sup>3<\/sup>\u00a0<br \/>Le risque qu'un enfant devienne myope est multipli\u00e9 par trois en pr\u00e9sence d'un parent myope. Dans le cas de deux parents myopes le risque est multipli\u00e9 par six.<\/p><p>L'origine ethnique peut \u00e9galement \u00eatre un facteur de risque. En effet, l'origine asiatique est associ\u00e9e \u00e0 une progression plus rapide de la myopie.<sup>4<\/sup><\/p><\/div><\/div><\/div><div id=\"div_block-47-25\" class=\"ct-div-block\" ><img decoding=\"async\"  id=\"image-54-25\" alt=\"\" src=\"https:\/\/meniconbloom.com\/fr\/wp-content\/uploads\/sites\/14\/2023\/12\/ICONS-02.png\" class=\"ct-image\" srcset-disabled=\"https:\/\/meniconbloom.com\/fr\/wp-content\/uploads\/sites\/14\/2023\/12\/ICONS-02.png 667w, https:\/\/meniconbloom.com\/fr\/wp-content\/uploads\/sites\/14\/2023\/12\/ICONS-02-300x300.png 300w, https:\/\/meniconbloom.com\/fr\/wp-content\/uploads\/sites\/14\/2023\/12\/ICONS-02-150x150.png 150w\" sizes=\"(max-width: 667px) 100vw, 667px\" \/><h3 id=\"headline-55-25\" class=\"ct-headline\">TEMPS PASS\u00c9 \u00c0 L'EXT\u00c9RIEUR<\/h3><div id=\"div_block-96-25\" class=\"ct-div-block\" ><div id=\"_rich_text-56-25\" class=\"oxy-rich-text\" ><p>Il est prouv\u00e9 <sup>5<\/sup> que les risques de myopie chez l'enfant diminuent avec le temps pass\u00e9 \u00e0 jouer \u00e0 l'ext\u00e9rieur. Cela pourrait \u00eatre li\u00e9 \u00e0 la diff\u00e9rence de luminosit\u00e9 entre l\u2019int\u00e9rieur et l\u2019ext\u00e9rieur. Il est donc recommand\u00e9 d'encourager les enfants \u00e0 passer du temps \u00e0 l'ext\u00e9rieur.\u00a0<\/p><\/div><\/div><\/div><\/div><\/div><\/section><section id=\"section-57-25\" class=\" ct-section\" style=\"background-image:url(https:\/\/meniconbloom.com\/fr\/wp-content\/uploads\/2023\/07\/DAY-BACKGROUND.png);background-size: cover;\" ><div class=\"ct-section-inner-wrap\"><h2 id=\"headline-61-25\" class=\"ct-headline\">En quoi cela est-il important ?<\/h2><div id=\"new_columns-58-25\" class=\"ct-new-columns\" ><div id=\"div_block-59-25\" class=\"ct-div-block\" ><div id=\"_rich_text-63-25\" class=\"oxy-rich-text\" ><p>La myopie tend &agrave; progresser tout au long de l'enfance et plus rapidement chez les jeunes enfants.<sup>6<\/sup><\/p>\n<p>Des degr&eacute;s &eacute;lev&eacute;s de myopie peuvent augmenter le risque de troubles oculaires graves &agrave; l'&acirc;ge adulte.<sup>7<\/sup><\/p><\/div><\/div><div id=\"div_block-60-25\" class=\"ct-div-block\" ><div id=\"_rich_text-64-25\" class=\"oxy-rich-text\" ><ul><li>D\u00e9g\u00e9n\u00e9rescence maculaire myopique<\/li><li>D\u00e9collement de la r\u00e9tine<\/li><li>Glaucome<\/li><li>Cataractes<\/li><\/ul><\/div><\/div><\/div><\/div><\/section><section id=\"section-65-25\" class=\" ct-section\" style=\"background-image:url(https:\/\/meniconbloom.com\/wp-content\/uploads\/2023\/07\/Background.png);background-size: cover;\" ><div class=\"ct-section-inner-wrap\"><div id=\"new_columns-67-25\" class=\"ct-new-columns\" ><div id=\"div_block-68-25\" class=\"ct-div-block\" ><img decoding=\"async\"  id=\"image-72-25\" alt=\"\" src=\"https:\/\/meniconbloom.com\/fr\/wp-content\/uploads\/sites\/14\/2023\/08\/menicon-bloom-lineup_updated-2.png\" class=\"ct-image\" srcset-disabled=\"https:\/\/meniconbloom.com\/fr\/wp-content\/uploads\/sites\/14\/2023\/08\/menicon-bloom-lineup_updated-2.png 1000w, https:\/\/meniconbloom.com\/fr\/wp-content\/uploads\/sites\/14\/2023\/08\/menicon-bloom-lineup_updated-2-300x212.png 300w, https:\/\/meniconbloom.com\/fr\/wp-content\/uploads\/sites\/14\/2023\/08\/menicon-bloom-lineup_updated-2-768x543.png 768w\" sizes=\"(max-width: 1000px) 100vw, 1000px\" \/><\/div><div id=\"div_block-69-25\" class=\"ct-div-block\" ><h2 id=\"headline-70-25\" class=\"ct-headline\">Prise en charge de la myopie avec Menicon Bloom\u2122<\/h2><div id=\"_rich_text-71-25\" class=\"oxy-rich-text\" ><p>Syst\u00e8me de contr\u00f4le de la myopie Menicon Bloom : \u00a0une approche globale et compl\u00e8te de la prise en charge de la myopie.<\/p><\/div><\/div><\/div><\/div><\/section><section id=\"section-78-25\" class=\" ct-section\" ><div class=\"ct-section-inner-wrap\"><div id=\"div_block-79-25\" class=\"ct-div-block\" ><h2 id=\"headline-80-25\" class=\"ct-headline\">En savoir plus sur Menicon Bloom\u2122<\/h2><div id=\"_rich_text-81-25\" class=\"oxy-rich-text\" ><p>Visitez notre site web destin\u00e9 aux patients et celui r\u00e9serv\u00e9 aux professionnels de la vision pour en savoir plus.<\/p><\/div><div id=\"div_block-82-25\" class=\"ct-div-block\" ><div id=\"div_block-83-25\" class=\"ct-div-block\" ><a id=\"link_button-84-25\" class=\"ct-link-button\" href=\"\/fr\/patients\/\"   >Patients<\/a><\/div><div id=\"div_block-85-25\" class=\"ct-div-block\" ><a id=\"link_button-86-25\" class=\"ct-link-button\" href=\"\/fr\/professionals\/\"   >Professionnels<\/a><\/div><\/div><\/div><\/div><\/section><section id=\"section-87-25\" class=\" ct-section\" ><div class=\"ct-section-inner-wrap\"><div id=\"_toggle-88-25\" class=\"oxy-toggle toggle-6463 toggle-6463-expanded\"  data-oxy-toggle-initial-state=\"closed\" data-oxy-toggle-active-class=\"toggle-6463-expanded\" >\n\t\t\t<div class='oxy-expand-collapse-icon' href='#'><\/div>\n\t\t\t<div class='oxy-toggle-content'>\n                <h6 id=\"headline-89-25\" class=\"ct-headline\">R\u00e9f\u00e9rences<\/h6>\t\t\t<\/div>\n\t\t<\/div><div id=\"div_block-90-25\" class=\"ct-div-block\" ><div id=\"_rich_text-91-25\" class=\"oxy-rich-text \" ><ol><li>Holden BA, Fricke TR, Wilson DA, et al. Global Prevalence of myopia and high myopia and temporal trends from 2000 through 2050.\u00a0Ophthalmology. 2016;123(5):1036-1042. doi:<a href=\"http:\/\/10.1016\/j.ophtha.2016.01.006\">10.1016\/j.ophtha.2016.01.006<\/a><\/li><li>Huang HM, Chang DS, Wu PC. The association between near work activities and myopia in children-a systematic review and meta-analysis.\u00a0PLoS One. 2015;10(10):e0140419. doi:<a href=\"http:\/\/10.1371\/journal.pone.0140419\">10.1371\/journal.pone.0140419<\/a><\/li><li>Zhang X, Qu X, Zhou X. Association between parental myopia and the risk of myopia in a child.\u00a0Exp Ther Med. 2015;9(6):2420-2428. doi:<a href=\"http:\/\/10.3892\/etm.2015.2415\">10.3892\/etm.2015.2415<\/a><\/li><li>Luong TQ, Shu YH, Modjtahedi BS, et al. Racial and ethnic differences in myopia progression in a large, diverse cohort of pediatric patients.\u00a0Invest Ophthalmol Vis Sci. 2020;61(13):20. doi:<a href=\"http:\/\/10.1167\/iovs.61.13.20\">10.1167\/iovs.61.13.20<\/a><\/li><li>Jonas JB, Ang M, Cho P, et al. IMI Prevention of myopia and its progression.\u00a0Invest Ophthalmol Vis Sci. 2021;62(5):6. doi:<a href=\"http:\/\/10.1167\/iovs.62.5.6\">10.1167\/iovs.62.5.6<\/a><\/li><li>Tricard D, Marillet S, Ingrand P, Bullimore MA, Bourne RRA, Leveziel N. Progression of myopia in children and teenagers: a nationwide longitudinal study.\u00a0Br J Ophthalmol. 2022;106(8):1104-1109. doi:<a href=\"http:\/\/10.1136\/bjophthalmol-2020-318256\">10.1136\/bjophthalmol-2020-318256<\/a><\/li><li>Flitcroft DI. The complex interactions of retinal, optical and environmental factors in myopia aetiology. Prog Retin Eye Res. 2012;31(6):622-660. doi:<a href=\"http:\/\/10.1016\/j.preteyeres.2012.06.004\">10.1016\/j.preteyeres.2012.06.004<\/a><\/li><\/ol><\/div><\/div><\/div><\/section>","protected":false},"excerpt":{"rendered":"","protected":false},"author":1,"featured_media":0,"parent":0,"menu_order":0,"comment_status":"closed","ping_status":"closed","template":"","meta":{"_acf_changed":false,"footnotes":""},"class_list":["post-319","page","type-page","status-publish","hentry"],"acf":[],"_links":{"self":[{"href":"https:\/\/meniconbloom.com\/fr\/wp-json\/wp\/v2\/pages\/319","targetHints":{"allow":["GET"]}}],"collection":[{"href":"https:\/\/meniconbloom.com\/fr\/wp-json\/wp\/v2\/pages"}],"about":[{"href":"https:\/\/meniconbloom.com\/fr\/wp-json\/wp\/v2\/types\/page"}],"author":[{"embeddable":true,"href":"https:\/\/meniconbloom.com\/fr\/wp-json\/wp\/v2\/users\/1"}],"replies":[{"embeddable":true,"href":"https:\/\/meniconbloom.com\/fr\/wp-json\/wp\/v2\/comments?post=319"}],"version-history":[{"count":7,"href":"https:\/\/meniconbloom.com\/fr\/wp-json\/wp\/v2\/pages\/319\/revisions"}],"predecessor-version":[{"id":455,"href":"https:\/\/meniconbloom.com\/fr\/wp-json\/wp\/v2\/pages\/319\/revisions\/455"}],"wp:attachment":[{"href":"https:\/\/meniconbloom.com\/fr\/wp-json\/wp\/v2\/media?parent=319"}],"curies":[{"name":"wp","href":"https:\/\/api.w.org\/{rel}","templated":true}]}}