{"id":34,"date":"2023-10-25T13:15:09","date_gmt":"2023-10-25T13:15:09","guid":{"rendered":"https:\/\/meniconbloom.com\/fr\/?page_id=34"},"modified":"2024-10-02T15:41:46","modified_gmt":"2024-10-02T15:41:46","slug":"faq","status":"publish","type":"page","link":"https:\/\/meniconbloom.com\/fr\/faq\/","title":{"rendered":"FAQ"},"content":{"rendered":"<section id=\"section-3-13\" class=\" ct-section ct-section-with-shape-divider\" ><div class=\"ct-section-inner-wrap\"><h1 id=\"headline-4-13\" class=\"ct-headline\">FAQ<\/h1>\n\t\t<div id=\"-shape-divider-5-13\" class=\"oxy-shape-divider \" >        \n        <div class=\"oxy_shape_divider\" >\n            <svg  data-name=\"Layer 1\" xmlns=\"http:\/\/www.w3.org\/2000\/svg\" viewBox=\"0 0 1200 120\" preserveAspectRatio=\"none\" fill=\"currentColor\"><path  d=\"M600,112.77C268.63,112.77,0,65.52,0,7.23V120H1200V7.23C1200,65.52,931.37,112.77,600,112.77Z\" class=\"shape-fill\" fill-opacity=\"1\"><\/path><\/svg>        <\/div>\n\n        <\/div>\n\n\t\t<\/div><\/section><section id=\"section-7-13\" class=\" ct-section\" ><div class=\"ct-section-inner-wrap\"><div id=\"div_block-76-13\" class=\"ct-div-block oxel_accordion\" ><div id=\"code_block-77-13\" class=\"ct-code-block\" ><!-- --><\/div><button id=\"div_block-78-13\" class=\"ct-div-block oxel_accordion__row\"  aria-expanded=\"false\"><div id=\"div_block-79-13\" class=\"ct-div-block oxel_accordion__row_left\" ><div id=\"text_block-126-13\" class=\"ct-text-block oxel_accordion__row__bumber\" >1<\/div><div id=\"text_block-81-13\" class=\"ct-text-block oxel_accordion__row__label\" >Pourquoi choisir Menicon Bloom\u2122?<\/div><\/div><div id=\"fancy_icon-82-13\" class=\"ct-fancy-icon oxel_accordion__icon\" ><svg id=\"svg-fancy_icon-82-13\"><use xlink:href=\"#FontAwesomeicon-caret-down\"><\/use><\/svg><\/div><\/button><div id=\"div_block-83-13\" class=\"ct-div-block oxel_accordion__content oxel_accordion__content__hidden\" ><div id=\"div_block-84-13\" class=\"ct-div-block\" ><div id=\"_rich_text-103-13\" class=\"oxy-rich-text\" ><ul><li>La science confirme que la myopie peut \u00eatre contr\u00f4l\u00e9e et non pas seulement corrig\u00e9e.<\/li><li>Il s'agit d'un plan de traitement complet comprenant non seulement les lentilles, mais aussi des outils num\u00e9riques performants qui visent \u00e0 aider les patients qui suivent le traitement et les sp\u00e9cialistes qui le proposent.<\/li><li>Il offre deux options de lentilles, de nuit ou de jour, en fonction des besoins des patients.<\/li><li>Il a \u00e9t\u00e9 enti\u00e8rement con\u00e7u pour les patients et il est adapt\u00e9 aux enfants.<\/li><\/ul><\/div><\/div><\/div><button id=\"div_block-86-13\" class=\"ct-div-block oxel_accordion__row\"  aria-expanded=\"false\"><div id=\"div_block-87-13\" class=\"ct-div-block oxel_accordion__row_left\" ><div id=\"text_block-128-13\" class=\"ct-text-block oxel_accordion__row__bumber\" >2<\/div><div id=\"text_block-89-13\" class=\"ct-text-block oxel_accordion__row__label\" >Quelle est la base scientifique de l'efficacit\u00e9 des lentilles de contact Menicon Bloom\u2122 ?<\/div><\/div><div id=\"fancy_icon-90-13\" class=\"ct-fancy-icon oxel_accordion__icon\" ><svg id=\"svg-fancy_icon-90-13\"><use xlink:href=\"#FontAwesomeicon-caret-down\"><\/use><\/svg><\/div><\/button><div id=\"div_block-91-13\" class=\"ct-div-block oxel_accordion__content oxel_accordion__content__hidden\" ><div id=\"div_block-92-13\" class=\"ct-div-block\" ><div id=\"_rich_text-104-13\" class=\"oxy-rich-text\" ><p>Menicon Bloom Night\u2122<\/p>\n<ol>\n<li>Cho P, Cheung SW. Retardation of myopia in Orthokeratology (ROMIO) study: a 2-year randomized clinical trial. Invest Ophthalmol Vis Sci. 2012 Oct 11;53(11):7077-85. doi:<span class=\"identifier doi\"> <a class=\"id-link\" href=\"https:\/\/doi.org\/10.1167\/iovs.12-10565\" target=\"_blank\" rel=\"noopener\" data-ga-category=\"full_text\" data-ga-action=\"DOI\">10.1167\/iovs.12-10565<\/a><\/span><\/li>\n<li>Santodomingo-Rubido J, Villa-Collar C, Gilmartin B, Guti\u00e9rrez-Ortega R. Myopia control with orthokeratology contact lenses in Spain: refractive and biometric changes. Invest Ophthalmol Vis Sci. 2012 Jul 31;53(8):5060-5.doi:<span class=\"identifier doi\"><a class=\"id-link\" href=\"https:\/\/doi.org\/10.1167\/iovs.11-8005\" target=\"_blank\" rel=\"noopener\" data-ga-category=\"full_text\" data-ga-action=\"DOI\">10.1167\/iovs.11-8005<\/a><\/span><\/li>\n<li>Chen C, Cheung SW, Cho P. Myopia control using toric orthokeratology (TO-SEE study). Invest Ophthalmol Vis Sci. 2013 Oct 3;54(10):6510-7.doi:<span class=\"identifier doi\"><a class=\"id-link\" href=\"https:\/\/doi.org\/10.1167\/iovs.13-12527\" target=\"_blank\" rel=\"noopener\" data-ga-category=\"full_text\" data-ga-action=\"DOI\">10.1167\/iovs.13-12527<\/a><\/span><\/li>\n<li>Lau JK, Vincent SJ, Cheung SW, Cho P. Higher-Order Aberrations and Axial Elongation in Myopic Children Treated With Orthokeratology. Invest Ophthalmol Vis Sci. 2020 Feb 7;61(2):22. doi:<span class=\"identifier doi\"><a class=\"id-link\" href=\"https:\/\/doi.org\/10.1167\/iovs.61.2.22\" target=\"_blank\" rel=\"noopener\" data-ga-category=\"full_text\" data-ga-action=\"DOI\">10.1167\/iovs.61.2.22<\/a><\/span><\/li>\n<\/ol>\n<p><br \/>Menicon Bloom Day\u2122<\/p>\n<ol>\n<li>Cooper J, O'Connor B, Aller T, Dillehay SM, Weibel K, Benoit D. Reduction of Myopic Progression Using a Multifocal Soft Contact Lens: A Retrospective Cohort Study. Clin Ophthalmol. 2022 Jul 4;16:2145-2155.doi:<span class=\"identifier doi\"><a class=\"id-link\" href=\"https:\/\/doi.org\/10.2147\/opth.s370041\" target=\"_blank\" rel=\"noopener\" data-ga-category=\"full_text\" data-ga-action=\"DOI\">10.2147\/OPTH.S370041<\/a><\/span><\/li>\n<li>Visioneering Technologies Inc. The naturalvue multifocal power profile. Available <a href=\"https:\/\/vtivision.com\/wp-content\/uploads\/2020\/05\/MKTNVMWEQ1r0_NVMF_PowerProfileWeb_FNL.pdf\" target=\"_blank\" rel=\"noopener\">here<\/a> (accessed October 5, 2023)<\/li>\n<li>Cooper J, O\u02bcConnor B, Watanabe R, Fuerst R, Berger S, Eisenberg N, Dillehay SM. Case Series Analysis of Myopic Progression Control With a Unique Extended Depth of Focus Multifocal Contact Lens. Eye Contact Lens. 2018 Sep;44(5):e16-e24. doi:<span class=\"identifier doi\"><a class=\"id-link\" href=\"https:\/\/doi.org\/10.1097\/icl.0000000000000440\" target=\"_blank\" rel=\"noopener\" data-ga-category=\"full_text\" data-ga-action=\"DOI\">10.1097\/ICL.0000000000000440<\/a><\/span><br \/><br \/><\/li>\n<\/ol><\/div><\/div><\/div><button id=\"div_block-94-13\" class=\"ct-div-block oxel_accordion__row\"  aria-expanded=\"false\"><div id=\"div_block-95-13\" class=\"ct-div-block oxel_accordion__row_left\" ><div id=\"text_block-130-13\" class=\"ct-text-block oxel_accordion__row__bumber\" >3<\/div><div id=\"text_block-97-13\" class=\"ct-text-block oxel_accordion__row__label\" >Qu'est-ce que la myopie et pourquoi est-elle importante ?<\/div><\/div><div id=\"fancy_icon-98-13\" class=\"ct-fancy-icon oxel_accordion__icon\" ><svg id=\"svg-fancy_icon-98-13\"><use xlink:href=\"#FontAwesomeicon-caret-down\"><\/use><\/svg><\/div><\/button><div id=\"div_block-99-13\" class=\"ct-div-block oxel_accordion__content oxel_accordion__content__hidden\" ><div id=\"div_block-100-13\" class=\"ct-div-block\" ><div id=\"_rich_text-105-13\" class=\"oxy-rich-text\" ><p>La myopie est un trouble de la vue qui se caract\u00e9rise par une vision floue des objets \u00e9loign\u00e9s, ce qui peut avoir un impact n\u00e9gatif sur la qualit\u00e9 de vie.<\/p><p>La myopie progresse souvent chez les enfants, et une progression rapide peut entra\u00eener une croissance excessive de l'\u0153il, augmentant le risque de troubles oculaires graves tels que le glaucome, la maculopathie myopique et les d\u00e9collements du vitr\u00e9 et de la r\u00e9tine, qui peuvent entra\u00eener une perte de vision.<\/p><p>La mise en \u0153uvre de th\u00e9rapies appropri\u00e9es pour r\u00e9duire la progression de la myopie chez les patients, pr\u00e9venant ainsi le risque de d\u00e9velopper une myopie s\u00e9v\u00e8re, pourrait consid\u00e9rablement am\u00e9liorer la vie de millions de patients.<\/p><\/div><\/div><\/div><button id=\"div_block-106-13\" class=\"ct-div-block oxel_accordion__row\"  aria-expanded=\"false\"><div id=\"div_block-107-13\" class=\"ct-div-block oxel_accordion__row_left\" ><div id=\"text_block-132-13\" class=\"ct-text-block oxel_accordion__row__bumber\" >4<\/div><div id=\"text_block-109-13\" class=\"ct-text-block oxel_accordion__row__label\" >Qu'est-ce que la prise en charge de la myopie ?<\/div><\/div><div id=\"fancy_icon-110-13\" class=\"ct-fancy-icon oxel_accordion__icon\" ><svg id=\"svg-fancy_icon-110-13\"><use xlink:href=\"#FontAwesomeicon-caret-down\"><\/use><\/svg><\/div><\/button><div id=\"div_block-111-13\" class=\"ct-div-block oxel_accordion__content oxel_accordion__content__hidden\" ><div id=\"div_block-112-13\" class=\"ct-div-block\" ><div id=\"_rich_text-113-13\" class=\"oxy-rich-text\" ><p class=\"p1\">Le terme \" prise en charge de la myopie \" est largement utilis\u00e9 par les associations de professionnels de la vision pour d\u00e9signer les strat\u00e9gies cliniques visant \u00e0 traiter l\u2019\u00e9tat r\u00e9fractif imm\u00e9diat d\u2019un patient, (c'est-\u00e0-dire corriger la myopie) ainsi que la progression de son \u00e9tat \u00e0 long terme (c'est-\u00e0-dire r\u00e9duire la progression de la myopie et l'\u00e9longation axiale de l'\u0153il).<\/p><p>\u00a0<\/p><\/div><\/div><\/div><button id=\"div_block-115-13\" class=\"ct-div-block oxel_accordion__row\"  aria-expanded=\"false\"><div id=\"div_block-116-13\" class=\"ct-div-block oxel_accordion__row_left\" ><div id=\"text_block-124-13\" class=\"ct-text-block oxel_accordion__row__bumber\" >5<\/div><div id=\"text_block-118-13\" class=\"ct-text-block oxel_accordion__row__label\" >Options de prise en charge de la myopie<\/div><\/div><div id=\"fancy_icon-119-13\" class=\"ct-fancy-icon oxel_accordion__icon\" ><svg id=\"svg-fancy_icon-119-13\"><use xlink:href=\"#FontAwesomeicon-caret-down\"><\/use><\/svg><\/div><\/button><div id=\"div_block-120-13\" class=\"ct-div-block oxel_accordion__content oxel_accordion__content__hidden\" ><div id=\"div_block-121-13\" class=\"ct-div-block\" ><div id=\"_rich_text-122-13\" class=\"oxy-rich-text\" ><ul><li>Encourager l'activit\u00e9 en plein air peut pr\u00e9venir ou retarder l'apparition de la myopie.<\/li><li>Les options suivantes peuvent ralentir la progression de la myopie:<ul><li>Lentilles de contact sp\u00e9cifiques<ul><li>Orthok\u00e9ratologie (OK)<\/li><li>Lentilles souples multifocales<\/li><\/ul><\/li><li>M\u00e9dicaments<\/li><\/ul><ul><li>Lunettes sp\u00e9cifiques<\/li><\/ul><\/li><\/ul><\/div><\/div><\/div><\/div><\/div><\/section><section id=\"section-17-13\" class=\" ct-section\" ><div class=\"ct-section-inner-wrap\"><div id=\"new_columns-18-13\" class=\"ct-new-columns\" ><div id=\"div_block-19-13\" class=\"ct-div-block\" ><h2 id=\"headline-20-13\" class=\"ct-headline\">Menicon Bloom\u2122: tout ce dont vous avez besoin pour offrir une prise en charge s\u00fbre et efficace de la myopie avec des lentilles de contact.<\/h2><div id=\"_rich_text-21-13\" class=\"oxy-rich-text\" ><p>Si vous souhaitez devenir un prescripteur Menicon Bloom\u2122, veuillez contacter votre distributeur local ou remplir le formulaire.<\/p><\/div><\/div><div id=\"div_block-22-13\" class=\"ct-div-block\" ><a id=\"link_button-23-13\" class=\"ct-link-button\" href=\"http:\/\/\" target=\"_self\"  >Contactez-nous<\/a><\/div><\/div><\/div><\/section>            <div tabindex=\"-1\" class=\"oxy-modal-backdrop center \"\n                style=\"background-color: rgba(0,0,0,0.5);\"\n                data-trigger=\"user_clicks_element\"                data-trigger-selector=\"#link_button-23-13\"                data-trigger-time=\"5\"                data-trigger-time-unit=\"seconds\"                data-close-automatically=\"no\"                data-close-after-time=\"10\"                data-close-after-time-unit=\"seconds\"                data-trigger_scroll_amount=\"50\"                data-trigger_scroll_direction=\"down\"\t            data-scroll_to_selector=\"\"\t            data-time_inactive=\"60\"\t            data-time-inactive-unit=\"seconds\"\t            data-number_of_clicks=\"3\"\t            data-close_on_esc=\"on\"\t            data-number_of_page_views=\"3\"                data-close-after-form-submit=\"no\"                data-open-again=\"always_show\"                data-open-again-after-days=\"3\"            >\n\n                <div id=\"modal-133-13\" class=\"ct-modal\" ><a id=\"link-134-13\" class=\"ct-link oxy-close-modal\" href=\"http:\/\/\" target=\"_self\"  ><div id=\"fancy_icon-135-13\" class=\"ct-fancy-icon\" ><svg id=\"svg-fancy_icon-135-13\"><use xlink:href=\"#FontAwesomeicon-close\"><\/use><\/svg><\/div><\/a><div id=\"code_block-136-13\" class=\"ct-code-block\" ><iframe src=https:\/\/marketing.menicon.fr\/l\/1023061\/2024-02-26\/92xgj width=\"100%\" height=\"500\" type=\"text\/html\" frameborder=\"0\" allowTransparency=\"true\" style=\"border: 0\"><\/iframe><\/div><\/div>\n            <\/div>\n        ","protected":false},"excerpt":{"rendered":"","protected":false},"author":1,"featured_media":0,"parent":0,"menu_order":30,"comment_status":"closed","ping_status":"closed","template":"","meta":{"_acf_changed":false,"footnotes":""},"class_list":["post-34","page","type-page","status-publish","hentry"],"acf":[],"_links":{"self":[{"href":"https:\/\/meniconbloom.com\/fr\/wp-json\/wp\/v2\/pages\/34","targetHints":{"allow":["GET"]}}],"collection":[{"href":"https:\/\/meniconbloom.com\/fr\/wp-json\/wp\/v2\/pages"}],"about":[{"href":"https:\/\/meniconbloom.com\/fr\/wp-json\/wp\/v2\/types\/page"}],"author":[{"embeddable":true,"href":"https:\/\/meniconbloom.com\/fr\/wp-json\/wp\/v2\/users\/1"}],"replies":[{"embeddable":true,"href":"https:\/\/meniconbloom.com\/fr\/wp-json\/wp\/v2\/comments?post=34"}],"version-history":[{"count":2,"href":"https:\/\/meniconbloom.com\/fr\/wp-json\/wp\/v2\/pages\/34\/revisions"}],"predecessor-version":[{"id":395,"href":"https:\/\/meniconbloom.com\/fr\/wp-json\/wp\/v2\/pages\/34\/revisions\/395"}],"wp:attachment":[{"href":"https:\/\/meniconbloom.com\/fr\/wp-json\/wp\/v2\/media?parent=34"}],"curies":[{"name":"wp","href":"https:\/\/api.w.org\/{rel}","templated":true}]}}