{"id":38,"date":"2023-10-25T13:16:05","date_gmt":"2023-10-25T13:16:05","guid":{"rendered":"https:\/\/meniconbloom.com\/fr\/?page_id=38"},"modified":"2024-10-02T15:42:36","modified_gmt":"2024-10-02T15:42:36","slug":"about-us","status":"publish","type":"page","link":"https:\/\/meniconbloom.com\/fr\/about-us\/","title":{"rendered":"Qui sommes-nous ?"},"content":{"rendered":"<section id=\"section-2-17\" class=\" ct-section ct-section-with-shape-divider\" ><div class=\"ct-section-inner-wrap\"><h1 id=\"headline-3-17\" class=\"ct-headline\">Qui sommes-nous ?<\/h1>\n\t\t<div id=\"-shape-divider-4-17\" class=\"oxy-shape-divider \" >        \n        <div class=\"oxy_shape_divider\" >\n            <svg  data-name=\"Layer 1\" xmlns=\"http:\/\/www.w3.org\/2000\/svg\" viewBox=\"0 0 1200 120\" preserveAspectRatio=\"none\" fill=\"currentColor\"><path  d=\"M600,112.77C268.63,112.77,0,65.52,0,7.23V120H1200V7.23C1200,65.52,931.37,112.77,600,112.77Z\" class=\"shape-fill\" fill-opacity=\"1\"><\/path><\/svg>        <\/div>\n\n        <\/div>\n\n\t\t<\/div><\/section><section id=\"section-7-17\" class=\" ct-section\" ><div class=\"ct-section-inner-wrap\"><div id=\"div_block-8-17\" class=\"ct-div-block\" ><div id=\"fancy_icon-9-17\" class=\"ct-fancy-icon\" ><svg id=\"svg-fancy_icon-9-17\"><use xlink:href=\"#FontAwesomeicon-quote-left\"><\/use><\/svg><\/div><h2 id=\"headline-10-17\" class=\"ct-headline\">Faire passer votre s\u00e9curit\u00e9 avant tout' <br>est au coeur de nos pr\u00e9occupations.<br><\/h2><div id=\"fancy_icon-11-17\" class=\"ct-fancy-icon\" ><svg id=\"svg-fancy_icon-11-17\"><use xlink:href=\"#FontAwesomeicon-quote-right\"><\/use><\/svg><\/div><\/div><\/div><\/section><section id=\"section-13-17\" class=\" ct-section\" ><div class=\"ct-section-inner-wrap\"><img decoding=\"async\"  id=\"image-19-17\" alt=\"\" src=\"https:\/\/meniconbloom.com\/fr\/wp-content\/uploads\/sites\/14\/2023\/08\/Menicon-Bloom-about-us.jpg\" class=\"ct-image\" srcset-disabled=\"https:\/\/meniconbloom.com\/fr\/wp-content\/uploads\/sites\/14\/2023\/08\/Menicon-Bloom-about-us.jpg 1920w, https:\/\/meniconbloom.com\/fr\/wp-content\/uploads\/sites\/14\/2023\/08\/Menicon-Bloom-about-us-300x200.jpg 300w, https:\/\/meniconbloom.com\/fr\/wp-content\/uploads\/sites\/14\/2023\/08\/Menicon-Bloom-about-us-1024x683.jpg 1024w, https:\/\/meniconbloom.com\/fr\/wp-content\/uploads\/sites\/14\/2023\/08\/Menicon-Bloom-about-us-768x512.jpg 768w, https:\/\/meniconbloom.com\/fr\/wp-content\/uploads\/sites\/14\/2023\/08\/Menicon-Bloom-about-us-1536x1024.jpg 1536w\" sizes=\"(max-width: 1920px) 100vw, 1920px\" \/><div id=\"_rich_text-20-17\" class=\"oxy-rich-text\" ><p>Pr&eacute;occup&eacute; par l'incidence croissante de la myopie et ses cons&eacute;quences sur la sant&eacute; dans le monde entier, Menicon Co., Ltd. a d&eacute;velopp&eacute; Menicon Bloom&trade;, un plan de traitement complet de la myopie chez l&rsquo;enfant.<\/p>\n<p><span style=\"font-family: verdana, geneva, sans-serif;\">Fond&eacute; en 1951 par M. Kyoichi Tanaka en 1951, Menicon Co., Ltd est le fabricant japonais leader en lentilles de contact. Nous sommes aujourd'hui pr&eacute;sent dans plus de 80 pays.<\/span><\/p>\n<p><span style=\"font-family: verdana, geneva, sans-serif;\">L'objectif de Menicon est de d&eacute;livrer des lentilles de contact fiables dans le monde entier, en pla&ccedil;ant la sant&eacute; oclaire des porteurs au coeur de ses priorit&eacute;s.&nbsp;<\/span><\/p><\/div><div id=\"code_block-21-17\" class=\"ct-code-block\" ><iframe loading=\"lazy\" src=\"\/wp-content\/uploads\/company-introduction\/show.html\" width=\"100%\" height=\"540px\" style=\"border:none;\"><\/iframe><\/div><div id=\"_rich_text-22-17\" class=\"oxy-rich-text\" ><p>Pour en savoir plus, consultez le site:&nbsp;<a href=\"http:\/\/www.menicon.com\/\" target=\"_blank\" rel=\"noopener\">www.menicon.fr<\/a><\/p><\/div><\/div><\/section>","protected":false},"excerpt":{"rendered":"","protected":false},"author":1,"featured_media":0,"parent":0,"menu_order":50,"comment_status":"closed","ping_status":"closed","template":"","meta":{"_acf_changed":false,"footnotes":""},"class_list":["post-38","page","type-page","status-publish","hentry"],"acf":[],"_links":{"self":[{"href":"https:\/\/meniconbloom.com\/fr\/wp-json\/wp\/v2\/pages\/38","targetHints":{"allow":["GET"]}}],"collection":[{"href":"https:\/\/meniconbloom.com\/fr\/wp-json\/wp\/v2\/pages"}],"about":[{"href":"https:\/\/meniconbloom.com\/fr\/wp-json\/wp\/v2\/types\/page"}],"author":[{"embeddable":true,"href":"https:\/\/meniconbloom.com\/fr\/wp-json\/wp\/v2\/users\/1"}],"replies":[{"embeddable":true,"href":"https:\/\/meniconbloom.com\/fr\/wp-json\/wp\/v2\/comments?post=38"}],"version-history":[{"count":4,"href":"https:\/\/meniconbloom.com\/fr\/wp-json\/wp\/v2\/pages\/38\/revisions"}],"predecessor-version":[{"id":456,"href":"https:\/\/meniconbloom.com\/fr\/wp-json\/wp\/v2\/pages\/38\/revisions\/456"}],"wp:attachment":[{"href":"https:\/\/meniconbloom.com\/fr\/wp-json\/wp\/v2\/media?parent=38"}],"curies":[{"name":"wp","href":"https:\/\/api.w.org\/{rel}","templated":true}]}}