{"id":15,"date":"2023-10-25T13:08:01","date_gmt":"2023-10-25T13:08:01","guid":{"rendered":"https:\/\/meniconbloom.com\/it\/?page_id=15"},"modified":"2024-10-02T15:52:40","modified_gmt":"2024-10-02T15:52:40","slug":"professionals","status":"publish","type":"page","link":"https:\/\/meniconbloom.com\/it\/professionals\/","title":{"rendered":"Menicon Bloom for Professionals"},"content":{"rendered":"<section id=\"section-2-36\" class=\" ct-section\" style=\"background-image:url(https:\/\/meniconbloom.com\/it\/wp-content\/uploads\/2023\/08\/Menicon-Bloom-professional-cover.png);background-size: cover;\" ><div class=\"ct-section-inner-wrap\"><div id=\"div_block-85-36\" class=\"ct-div-block\" ><h1 id=\"headline-83-36\" class=\"ct-headline\">Menicon Bloom\u2122<\/h1><h2 id=\"headline-81-36\" class=\"ct-headline\">Quando un bambino pu\u00f2 vedere nitidamente,&nbsp;<br>tutto \u00e8 possibile<\/h2><\/div><\/div><\/section><section id=\"section-8-36\" class=\" ct-section\" ><div class=\"ct-section-inner-wrap\"><div id=\"div_block-11-36\" class=\"ct-div-block\" ><img decoding=\"async\"  id=\"image-9-36\" alt=\"\" src=\"https:\/\/meniconbloom.com\/it\/wp-content\/uploads\/sites\/17\/2023\/07\/02.-Myopia-Menicon-Bloom-MB-Logo-PNG-Master-version-20191016.png\" class=\"ct-image\" srcset-disabled=\"https:\/\/meniconbloom.com\/it\/wp-content\/uploads\/sites\/17\/2023\/07\/02.-Myopia-Menicon-Bloom-MB-Logo-PNG-Master-version-20191016.png 552w, https:\/\/meniconbloom.com\/it\/wp-content\/uploads\/sites\/17\/2023\/07\/02.-Myopia-Menicon-Bloom-MB-Logo-PNG-Master-version-20191016-300x96.png 300w\" sizes=\"(max-width: 552px) 100vw, 552px\" \/><div id=\"_rich_text-10-36\" class=\"oxy-rich-text\" ><p>Come professionista, si desidera fornire servizi di alta qualit\u00e0. Noi della Menicon, con il nostro costante impegno nel controllo della miopia, abbiamo sviluppato il <strong>Sistema di controllo della miopia Menicon<\/strong> <strong>Bloom<sup>TM<\/sup><\/strong> per aiutarti ad affrontare la diffusione della miopia con un approccio olistico. Un argomento in continua evoluzione.<\/p><\/div><\/div><div id=\"code_block-160-36\" class=\"ct-code-block\" ><video controls width=\"100%\">\n  <source src=\"\/wp-content\/uploads\/2023\/07\/01.-Myopia-Menicon-Bloom-BB2B-Menicon-Bloom-Concept-Full-lineup-Master-version-20210427-1.mp4\">\n<\/video><\/div><div id=\"_rich_text-15-36\" class=\"oxy-rich-text\" ><p>Menicon Bloom\u2122, \u00e8 la nostra offerta completa ed innovativa per il controllo della miopia. La nostra priorit\u00e0 \u00e8 quella di aiutarti a raggiungere i tuoi obiettivi con Menicon Bloom\u2122, e consideriamo questa esperienza come un viaggio a lungo termine \u00a0da compiere insieme.<\/p><p>Menicon Bloom\u2122, dispone di strumenti <strong>digitali<\/strong> per gestire ogni portatore miope: Menicon Bloom\u2122 Easyfit per uso professionale e l'app Menicon Bloom\u2122 per i tuoi consumatori. Inoltre, il sistema consta di <strong>due tipi di lenti a contatto approvate dalla CE<\/strong>, Menicon Bloom Night\u2122, Menicon Bloom Day\u2122, nonch\u00e9 prodotti per la cura delle lenti, come Menicon Bloom Care\u2122, e Menicon Bloom Progent\u2122.<\/p><\/div><a id=\"link_button-166-36\" class=\"ct-link-button\" href=\"\/it\/wp-content\/uploads\/sites\/17\/2024\/05\/Bloom-Whitepaper.pdf\" target=\"_blank\"  >Scarica il White Paper<\/a><\/div><\/section><section id=\"section-72-36\" class=\" ct-section\" ><div class=\"ct-section-inner-wrap\"><div id=\"new_columns-73-36\" class=\"ct-new-columns\" ><div id=\"div_block-74-36\" class=\"ct-div-block\" ><h2 id=\"headline-75-36\" class=\"ct-headline\">Tutto ci\u00f2 di cui hai bisogno per offrire un controllo della miopia sicuro ed efficace.<\/h2><div id=\"_rich_text-76-36\" class=\"oxy-rich-text\" ><p>Se desideri diventare un esperto Menicon Bloom\u2122, contattaci senza esitazione.<\/p><\/div><\/div><div id=\"div_block-77-36\" class=\"ct-div-block\" ><a id=\"link_button-78-36\" class=\"ct-link-button\" href=\"http:\/\/\"   >Contattaci<\/a><\/div><\/div><\/div><\/section><section id=\"section-17-36\" class=\" ct-section\" ><div class=\"ct-section-inner-wrap\"><h2 id=\"headline-24-36\" class=\"ct-headline\">Come funziona?<\/h2><div id=\"new_columns-105-36\" class=\"ct-new-columns\" ><div id=\"div_block-106-36\" class=\"ct-div-block\" ><img decoding=\"async\"  id=\"image-30-36\" alt=\"Menicon Bloom Esyfit\" src=\"https:\/\/meniconbloom.com\/it\/wp-content\/uploads\/sites\/17\/2023\/07\/Menicon-Bloom-2.png\" class=\"ct-image\" srcset-disabled=\"https:\/\/meniconbloom.com\/it\/wp-content\/uploads\/sites\/17\/2023\/07\/Menicon-Bloom-2.png 500w, https:\/\/meniconbloom.com\/it\/wp-content\/uploads\/sites\/17\/2023\/07\/Menicon-Bloom-2-300x274.png 300w\" sizes=\"(max-width: 500px) 100vw, 500px\" \/><\/div><div id=\"div_block-107-36\" class=\"ct-div-block\" ><h3 id=\"headline-135-36\" class=\"ct-headline\">Menicon Bloom\u2122 Easyfit<\/h3><div id=\"_rich_text-31-36\" class=\"oxy-rich-text\" ><p>Menicon Bloom\u2122 Easyfit \u00e8 un assistente digitale per i trattamenti di controllo della miopia. Menicon Bloom\u2122 Easyfit ti guider\u00e0 ad analizzare ogni caso, a calcolare le lenti pi\u00f9 appropriate, ad applicarle, ad eseguire le visite di controllo consigliate ai tuoi portatori e a monitorare gli effetti del loro trattamento.<\/p><\/div><a id=\"link_button-38-36\" class=\"ct-link-button\" href=\"\/it\/professionals\/menicon-bloom-easyfit\/\"   >Scopri di pi\u00f9<\/a><\/div><\/div><div id=\"new_columns-111-36\" class=\"ct-new-columns\" ><div id=\"div_block-112-36\" class=\"ct-div-block\" ><h3 id=\"headline-137-36\" class=\"ct-headline\">App Menicon Bloom\u2122<\/h3><div id=\"_rich_text-33-36\" class=\"oxy-rich-text\" ><p>Un supporto per i tuoi portatori e uno strumento per ottimizzare la tua pratica. L'app Menicon Bloom\u2122 offrir\u00e0 ai tuoi portatori diversi strumenti tra cui istruzioni video adatte anche ai bambini, un monitoraggio delle loro esperienze con il trattamento attraverso brevi questionari, un canale chat diretto con te.<\/p><\/div><a id=\"link_button-41-36\" class=\"ct-link-button\" href=\"\/it\/professionals\/menicon-bloom-app\/\"   >Scopri di pi\u00f9<\/a><\/div><div id=\"div_block-113-36\" class=\"ct-div-block\" ><img decoding=\"async\"  id=\"image-32-36\" alt=\"Menicon Bloom app\" src=\"https:\/\/meniconbloom.com\/it\/wp-content\/uploads\/sites\/17\/2023\/07\/Menicon-Bloom-3-2.png\" class=\"ct-image\" srcset-disabled=\"https:\/\/meniconbloom.com\/it\/wp-content\/uploads\/sites\/17\/2023\/07\/Menicon-Bloom-3-2.png 1001w, https:\/\/meniconbloom.com\/it\/wp-content\/uploads\/sites\/17\/2023\/07\/Menicon-Bloom-3-2-300x300.png 300w, https:\/\/meniconbloom.com\/it\/wp-content\/uploads\/sites\/17\/2023\/07\/Menicon-Bloom-3-2-150x150.png 150w, https:\/\/meniconbloom.com\/it\/wp-content\/uploads\/sites\/17\/2023\/07\/Menicon-Bloom-3-2-768x768.png 768w\" sizes=\"(max-width: 1001px) 100vw, 1001px\" \/><\/div><\/div><div id=\"new_columns-117-36\" class=\"ct-new-columns\" ><div id=\"div_block-118-36\" class=\"ct-div-block\" ><img decoding=\"async\"  id=\"image-34-36\" alt=\"Menicon Bloom Night\" src=\"https:\/\/meniconbloom.com\/it\/wp-content\/uploads\/sites\/17\/2023\/07\/Menicon-Bloom-4.png\" class=\"ct-image\" srcset-disabled=\"https:\/\/meniconbloom.com\/it\/wp-content\/uploads\/sites\/17\/2023\/07\/Menicon-Bloom-4.png 500w, https:\/\/meniconbloom.com\/it\/wp-content\/uploads\/sites\/17\/2023\/07\/Menicon-Bloom-4-300x300.png 300w, https:\/\/meniconbloom.com\/it\/wp-content\/uploads\/sites\/17\/2023\/07\/Menicon-Bloom-4-150x150.png 150w\" sizes=\"(max-width: 500px) 100vw, 500px\" \/><\/div><div id=\"div_block-119-36\" class=\"ct-div-block\" ><h3 id=\"headline-140-36\" class=\"ct-headline\">Menicon Bloom Night\u2122<\/h3><div id=\"_rich_text-35-36\" class=\"oxy-rich-text\" ><p>Menicon Bloom Night\u2122 \u00e8 la nostra opzione per la notte. Una lente ortocheratologica specificamente progettata per il controllo e la correzione della miopia con le proprie soluzioni di manutenzione raccomandate per la cura delle lenti: Menicon Bloom Care\u2122 e Menicon Bloom Progent\u2122.<\/p><\/div><a id=\"link_button-44-36\" class=\"ct-link-button\" href=\"\/it\/professionals\/menicon-bloom-night\/\"   >Scopri di pi\u00f9<\/a><\/div><\/div><div id=\"new_columns-148-36\" class=\"ct-new-columns\" ><div id=\"div_block-149-36\" class=\"ct-div-block\" ><h3 id=\"headline-143-36\" class=\"ct-headline\">Menicon Bloom Day\u2122<\/h3><div id=\"_rich_text-37-36\" class=\"oxy-rich-text\" ><p>La nostra opzione per il trattamento quotidiano \u00e8 Menicon Bloom Day\u2122. Il suo design \u00e8 stato attentamente progettato per imporre un defocus miopico sulla retina periferica al fine di contenere la progressione della miopia.<\/p><\/div><a id=\"link_button-66-36\" class=\"ct-link-button\" href=\"\/it\/professionals\/menicon-bloom-day\/\"   >Scopri di pi\u00f9<\/a><\/div><div id=\"div_block-150-36\" class=\"ct-div-block\" ><img decoding=\"async\"  id=\"image-36-36\" alt=\"Menicon Bloom Day\" src=\"https:\/\/meniconbloom.com\/it\/wp-content\/uploads\/sites\/17\/2023\/07\/Menicon-Bloom-5-2.png\" class=\"ct-image\" srcset-disabled=\"https:\/\/meniconbloom.com\/it\/wp-content\/uploads\/sites\/17\/2023\/07\/Menicon-Bloom-5-2.png 500w, https:\/\/meniconbloom.com\/it\/wp-content\/uploads\/sites\/17\/2023\/07\/Menicon-Bloom-5-2-300x300.png 300w, https:\/\/meniconbloom.com\/it\/wp-content\/uploads\/sites\/17\/2023\/07\/Menicon-Bloom-5-2-150x150.png 150w\" sizes=\"(max-width: 500px) 100vw, 500px\" \/><\/div><\/div><\/div><\/section><section id=\"section-151-36\" class=\" ct-section\" ><div class=\"ct-section-inner-wrap\"><div id=\"div_block-152-36\" class=\"ct-div-block\" ><h2 id=\"headline-153-36\" class=\"ct-headline\">Menicon Bloom\u2122&nbsp;<br>un'offerta completa per il controllo della miopia.<\/h2><div id=\"_rich_text-154-36\" class=\"oxy-rich-text\" ><p>Se desideri diventare un esperto Menicon Bloom\u2122, contattaci senza esitazione.<\/p><\/div><div id=\"div_block-155-36\" class=\"ct-div-block\" ><div id=\"div_block-156-36\" class=\"ct-div-block\" ><a id=\"link_button-157-36\" class=\"ct-link-button\" href=\"http:\/\/\"   >Contattaci<\/a><\/div><div id=\"div_block-158-36\" class=\"ct-div-block\" ><a id=\"link_button-159-36\" class=\"ct-link-button\" href=\"\/it\/wp-content\/uploads\/sites\/17\/2024\/05\/206106_Menicon_Bloom_B2B_brochure_2024.pdf\" target=\"_blank\"  >Scarica la brochure<\/a><\/div><\/div><\/div><\/div><\/section>            <div tabindex=\"-1\" class=\"oxy-modal-backdrop center \"\n                style=\"background-color: rgba(0,0,0,0.5);\"\n                data-trigger=\"user_clicks_element\"                data-trigger-selector=\"#link_button-78-36\"                data-trigger-time=\"5\"                data-trigger-time-unit=\"seconds\"                data-close-automatically=\"no\"                data-close-after-time=\"10\"                data-close-after-time-unit=\"seconds\"                data-trigger_scroll_amount=\"50\"                data-trigger_scroll_direction=\"down\"\t            data-scroll_to_selector=\"\"\t            data-time_inactive=\"60\"\t            data-time-inactive-unit=\"seconds\"\t            data-number_of_clicks=\"3\"\t            data-close_on_esc=\"on\"\t            data-number_of_page_views=\"3\"                data-close-after-form-submit=\"no\"                data-open-again=\"always_show\"                data-open-again-after-days=\"3\"            >\n\n                <div id=\"modal-162-36\" class=\"ct-modal\" ><a id=\"link-163-36\" class=\"ct-link oxy-close-modal\" href=\"http:\/\/\" target=\"_self\"  ><div id=\"fancy_icon-164-36\" class=\"ct-fancy-icon\" ><svg id=\"svg-fancy_icon-164-36\"><use xlink:href=\"#FontAwesomeicon-close\"><\/use><\/svg><\/div><\/a><div id=\"code_block-165-36\" class=\"ct-code-block\" ><iframe loading=\"lazy\" src=\"https:\/\/us4.list-manage.com\/contact-form?u=97b67c1ccd637e6ee0a065884&form_id=ef6ca8780771ccfcc06a2aef54d88371\" width=\"100%\" height=\"100%\" style=\"border:none;\"><\/iframe>\n<\/div><\/div>\n            <\/div>\n                    <div tabindex=\"-1\" class=\"oxy-modal-backdrop center \"\n                style=\"background-color: rgba(0,0,0,0.5);\"\n                data-trigger=\"user_clicks_element\"                data-trigger-selector=\"#link_button-157-36\"                data-trigger-time=\"5\"                data-trigger-time-unit=\"seconds\"                data-close-automatically=\"no\"                data-close-after-time=\"10\"                data-close-after-time-unit=\"seconds\"                data-trigger_scroll_amount=\"50\"                data-trigger_scroll_direction=\"down\"\t            data-scroll_to_selector=\"\"\t            data-time_inactive=\"60\"\t            data-time-inactive-unit=\"seconds\"\t            data-number_of_clicks=\"3\"\t            data-close_on_esc=\"on\"\t            data-number_of_page_views=\"3\"                data-close-after-form-submit=\"no\"                data-open-again=\"always_show\"                data-open-again-after-days=\"3\"            >\n\n                <div id=\"modal-167-36\" class=\"ct-modal\" ><a id=\"link-168-36\" class=\"ct-link oxy-close-modal\" href=\"http:\/\/\" target=\"_self\"  ><div id=\"fancy_icon-169-36\" class=\"ct-fancy-icon\" ><svg id=\"svg-fancy_icon-169-36\"><use xlink:href=\"#FontAwesomeicon-close\"><\/use><\/svg><\/div><\/a><div id=\"code_block-170-36\" class=\"ct-code-block\" ><iframe loading=\"lazy\" src=\"https:\/\/us21.list-manage.com\/contact-form?u=03d63fe57d4c9be566746ab69&form_id=2d829981e4c6d69df1dcb9d3ed417a02\" width=\"100%\" height=\"100%\" style=\"border:none;\"><\/iframe>\n<\/div><\/div>\n            <\/div>\n        ","protected":false},"excerpt":{"rendered":"","protected":false},"author":1,"featured_media":0,"parent":0,"menu_order":10,"comment_status":"closed","ping_status":"closed","template":"","meta":{"_acf_changed":false,"footnotes":""},"class_list":["post-15","page","type-page","status-publish","hentry"],"acf":[],"_links":{"self":[{"href":"https:\/\/meniconbloom.com\/it\/wp-json\/wp\/v2\/pages\/15","targetHints":{"allow":["GET"]}}],"collection":[{"href":"https:\/\/meniconbloom.com\/it\/wp-json\/wp\/v2\/pages"}],"about":[{"href":"https:\/\/meniconbloom.com\/it\/wp-json\/wp\/v2\/types\/page"}],"author":[{"embeddable":true,"href":"https:\/\/meniconbloom.com\/it\/wp-json\/wp\/v2\/users\/1"}],"replies":[{"embeddable":true,"href":"https:\/\/meniconbloom.com\/it\/wp-json\/wp\/v2\/comments?post=15"}],"version-history":[{"count":6,"href":"https:\/\/meniconbloom.com\/it\/wp-json\/wp\/v2\/pages\/15\/revisions"}],"predecessor-version":[{"id":432,"href":"https:\/\/meniconbloom.com\/it\/wp-json\/wp\/v2\/pages\/15\/revisions\/432"}],"wp:attachment":[{"href":"https:\/\/meniconbloom.com\/it\/wp-json\/wp\/v2\/media?parent=15"}],"curies":[{"name":"wp","href":"https:\/\/api.w.org\/{rel}","templated":true}]}}