{"id":25,"date":"2023-10-25T13:11:58","date_gmt":"2023-10-25T13:11:58","guid":{"rendered":"https:\/\/meniconbloom.com\/it\/?page_id=25"},"modified":"2024-10-02T15:54:39","modified_gmt":"2024-10-02T15:54:39","slug":"patients","status":"publish","type":"page","link":"https:\/\/meniconbloom.com\/it\/patients\/","title":{"rendered":"Menicon Bloom for Patients"},"content":{"rendered":"<section id=\"section-2-11\" class=\" ct-section\" style=\"background-image: linear-gradient(90deg, rgba(0,0,0,0.4), rgba(0,0,0,0)), url(https:\/\/meniconbloom.com\/it\/wp-content\/uploads\/2023\/07\/Menicon-Bloom-patient-1.png);background-size:auto,  cover;\" ><div class=\"ct-section-inner-wrap\"><div id=\"div_block-11-11\" class=\"ct-div-block\" ><h1 id=\"headline-3-11\" class=\"ct-headline\">Menicon Bloom\u2122<br><\/h1><h2 id=\"headline-5-11\" class=\"ct-headline\">Abbiamo immaginato un mondo dove i bambini affetti da miopia possano vedere nitidamente...<br>e abbiamo usato la nostra tecnologia avanzata per crearlo.<br><\/h2><\/div><\/div><\/section><section id=\"section-13-11\" class=\" ct-section\" ><div class=\"ct-section-inner-wrap\"><div id=\"div_block-16-11\" class=\"ct-div-block\" ><img decoding=\"async\"  id=\"image-14-11\" alt=\"\" src=\"https:\/\/meniconbloom.com\/it\/wp-content\/uploads\/sites\/17\/2023\/07\/02.-Myopia-Menicon-Bloom-MB-Logo-PNG-Master-version-20191016.png\" class=\"ct-image\" srcset-disabled=\"https:\/\/meniconbloom.com\/it\/wp-content\/uploads\/sites\/17\/2023\/07\/02.-Myopia-Menicon-Bloom-MB-Logo-PNG-Master-version-20191016.png 552w, https:\/\/meniconbloom.com\/it\/wp-content\/uploads\/sites\/17\/2023\/07\/02.-Myopia-Menicon-Bloom-MB-Logo-PNG-Master-version-20191016-300x96.png 300w\" sizes=\"(max-width: 552px) 100vw, 552px\" \/><div id=\"_rich_text-15-11\" class=\"oxy-rich-text\" ><p>Menicon Bloom\u2122 \u00e8 il nostro innovativo piano di trattamento per la miopia infantile. Vogliamo rendere pi\u00f9 facile applicare le nostre lenti nelle routine diurne o notturne <br \/>dei bambini.<\/p><\/div><\/div><img decoding=\"async\"  id=\"image-18-11\" alt=\"\" src=\"https:\/\/meniconbloom.com\/it\/wp-content\/uploads\/sites\/17\/2023\/07\/Menicon-Bloom-patient-2.png\" class=\"ct-image\" srcset-disabled=\"https:\/\/meniconbloom.com\/it\/wp-content\/uploads\/sites\/17\/2023\/07\/Menicon-Bloom-patient-2.png 1920w, https:\/\/meniconbloom.com\/it\/wp-content\/uploads\/sites\/17\/2023\/07\/Menicon-Bloom-patient-2-300x300.png 300w, https:\/\/meniconbloom.com\/it\/wp-content\/uploads\/sites\/17\/2023\/07\/Menicon-Bloom-patient-2-1024x1024.png 1024w, https:\/\/meniconbloom.com\/it\/wp-content\/uploads\/sites\/17\/2023\/07\/Menicon-Bloom-patient-2-150x150.png 150w, https:\/\/meniconbloom.com\/it\/wp-content\/uploads\/sites\/17\/2023\/07\/Menicon-Bloom-patient-2-768x768.png 768w, https:\/\/meniconbloom.com\/it\/wp-content\/uploads\/sites\/17\/2023\/07\/Menicon-Bloom-patient-2-1536x1536.png 1536w\" sizes=\"(max-width: 1920px) 100vw, 1920px\" \/><div id=\"div_block-89-11\" class=\"ct-div-block\" ><h2 id=\"headline-87-11\" class=\"ct-headline\">Rallentare l'avanzamento della miopia attraverso il suo controllo<\/h2><div id=\"_rich_text-19-11\" class=\"oxy-rich-text\" ><p>Tenere la miopia sotto controllo - rallentando la crescita in lunghezza dell'occhio - \u00e8 esattamente quello che abbiamo intenzione di fare con il piano di trattamento Menicon Bloom\u2122.<\/p><p><br \/>Questo piano di trattamento \u00e8 stato sviluppato per consentire l'applicazione sicura ed efficace del controllo della miopia. Oltre a contrastarne lo sviluppo, il piano di trattamento Menicon Bloom\u2122 corregge anche la miopia esistente in modo da donare una visione nitida per tutto il giorno.<\/p><\/div><\/div><\/div><\/section><section id=\"section-86-11\" class=\" ct-section\" ><div class=\"ct-section-inner-wrap\"><div id=\"div_block-61-11\" class=\"ct-div-block\" ><h2 id=\"headline-33-11\" class=\"ct-headline\">Programma Menicon Bloom\u2122<\/h2><div id=\"_rich_text-60-11\" class=\"oxy-rich-text\" ><p>Il tuo professionista della visione di fiducia ti mostrer\u00e0 alcuni semplici grafici, che ti aiuteranno a comprendere perch\u00e9 il controllo della miopia \u00e8 importante. Quindi, ti saranno presentati i benefici di Menicon Bloom\u2122<\/p><\/div><\/div><div id=\"new_columns-35-11\" class=\"ct-new-columns\" ><div id=\"div_block-36-11\" class=\"ct-div-block\" ><div id=\"div_block-44-11\" class=\"ct-div-block\" ><h3 id=\"headline-41-11\" class=\"ct-headline\">App Menicon Bloom\u2122<\/h3><div id=\"_rich_text-43-11\" class=\"oxy-rich-text\" ><p>La Menicon Bloom\u2122 app si propone di essere il tuo partner durante le visite.<\/p><\/div><\/div><div id=\"div_block-56-11\" class=\"ct-div-block\" ><h3 id=\"headline-57-11\" class=\"ct-headline\">Menicon Bloom Day\u2122<\/h3><div id=\"_rich_text-58-11\" class=\"oxy-rich-text\" ><p>Le lenti Menicon Bloom Day&trade; sono lenti a contatto da indossare e sostituire ogni giorno. Facilissimo!<\/p><\/div><\/div><\/div><div id=\"div_block-37-11\" class=\"ct-div-block\" ><img decoding=\"async\"  id=\"image-39-11\" alt=\"\" src=\"https:\/\/meniconbloom.com\/it\/wp-content\/uploads\/sites\/17\/2023\/08\/menicon-bloom-lineup_updated.png\" class=\"ct-image\" srcset-disabled=\"https:\/\/meniconbloom.com\/it\/wp-content\/uploads\/sites\/17\/2023\/08\/menicon-bloom-lineup_updated.png 500w, https:\/\/meniconbloom.com\/it\/wp-content\/uploads\/sites\/17\/2023\/08\/menicon-bloom-lineup_updated-300x212.png 300w\" sizes=\"(max-width: 500px) 100vw, 500px\" \/><\/div><div id=\"div_block-38-11\" class=\"ct-div-block\" ><div id=\"div_block-46-11\" class=\"ct-div-block\" ><h3 id=\"headline-47-11\" class=\"ct-headline\">Menicon Bloom Night\u2122<\/h3><div id=\"_rich_text-48-11\" class=\"oxy-rich-text\" ><p>Le lenti Menicon Bloom Night\u2122 si indossano mentre dormi e forniscono una visione chiara dopo averle tolte al mattino!<\/p><\/div><\/div><div id=\"div_block-52-11\" class=\"ct-div-block\" ><h3 id=\"headline-53-11\" class=\"ct-headline\">Cura delle lenti<\/h3><div id=\"_rich_text-54-11\" class=\"oxy-rich-text\" ><p>Menicon Bloom Care\u2122 &amp; Menicon Bloom Progent\u2122 sono le soluzioni di manutenzione delle tue lenti Menicon Bloom Night\u2122 per mantenerle sempre pulite.<\/p><\/div><\/div><\/div><\/div><\/div><\/section><section id=\"section-20-11\" class=\" ct-section\" ><div class=\"ct-section-inner-wrap\"><div id=\"new_columns-21-11\" class=\"ct-new-columns\" ><div id=\"div_block-22-11\" class=\"ct-div-block\" ><h2 id=\"headline-23-11\" class=\"ct-headline\">VUOI SAPERNE DI PIU?<br>Scarica qui la brochure Menicon Bloom\u2122!<br><br><\/h2><div id=\"_rich_text-24-11\" class=\"oxy-rich-text\" ><p>Per ulteriori informazioni, si prega di contattare il proprio professionista di fiducia.<\/p><\/div><\/div><div id=\"div_block-25-11\" class=\"ct-div-block\" ><a id=\"link_button-26-11\" class=\"ct-link-button\" href=\"\/it\/wp-content\/uploads\/sites\/17\/2024\/05\/206107_Menicon-Bloom_B2C_Brochure_2024.pdf\" target=\"_blank\"  >Scarica la brochure<\/a><\/div><\/div><\/div><\/section>","protected":false},"excerpt":{"rendered":"","protected":false},"author":1,"featured_media":0,"parent":0,"menu_order":20,"comment_status":"closed","ping_status":"closed","template":"","meta":{"_acf_changed":false,"footnotes":""},"class_list":["post-25","page","type-page","status-publish","hentry"],"acf":[],"_links":{"self":[{"href":"https:\/\/meniconbloom.com\/it\/wp-json\/wp\/v2\/pages\/25","targetHints":{"allow":["GET"]}}],"collection":[{"href":"https:\/\/meniconbloom.com\/it\/wp-json\/wp\/v2\/pages"}],"about":[{"href":"https:\/\/meniconbloom.com\/it\/wp-json\/wp\/v2\/types\/page"}],"author":[{"embeddable":true,"href":"https:\/\/meniconbloom.com\/it\/wp-json\/wp\/v2\/users\/1"}],"replies":[{"embeddable":true,"href":"https:\/\/meniconbloom.com\/it\/wp-json\/wp\/v2\/comments?post=25"}],"version-history":[{"count":5,"href":"https:\/\/meniconbloom.com\/it\/wp-json\/wp\/v2\/pages\/25\/revisions"}],"predecessor-version":[{"id":433,"href":"https:\/\/meniconbloom.com\/it\/wp-json\/wp\/v2\/pages\/25\/revisions\/433"}],"wp:attachment":[{"href":"https:\/\/meniconbloom.com\/it\/wp-json\/wp\/v2\/media?parent=25"}],"curies":[{"name":"wp","href":"https:\/\/api.w.org\/{rel}","templated":true}]}}