{"id":319,"date":"2023-10-30T19:45:49","date_gmt":"2023-10-30T19:45:49","guid":{"rendered":"https:\/\/meniconbloom.com\/it\/?page_id=319"},"modified":"2025-10-26T12:12:04","modified_gmt":"2025-10-26T12:12:04","slug":"home","status":"publish","type":"page","link":"https:\/\/meniconbloom.com\/it\/","title":{"rendered":"Home"},"content":{"rendered":"<section id=\"section-2-25\" class=\" ct-section\" style=\"background-image:url(https:\/\/meniconbloom.com\/it\/wp-content\/uploads\/2023\/08\/Menicon-Bloom-homepage-cover.png);background-size: cover;\" ><div class=\"ct-section-inner-wrap\"><div id=\"div_block-4-25\" class=\"ct-div-block\" ><h1 id=\"headline-6-25\" class=\"ct-headline\">BENVENUTI NEL MONDO  <span id=\"span-97-25\" class=\"ct-span heading-chantal\" >MENICON BLOOM\u2122<\/span><\/h1><div id=\"div_block-9-25\" class=\"ct-div-block\" ><a id=\"link_button-10-25\" class=\"ct-link-button\" href=\"\/it\/patients\/\"   >Consumatori<\/a><a id=\"link_button-11-25\" class=\"ct-link-button\" href=\"\/it\/professionals\/\"   >Professionisti<\/a><\/div><\/div><\/div><\/section><section id=\"section-14-25\" class=\" ct-section\" style=\"background-image:url(https:\/\/meniconbloom.com\/it\/wp-content\/uploads\/2023\/07\/NIGHT-BACKGROUND.png);background-size: cover;\" ><div class=\"ct-section-inner-wrap\"><div id=\"div_block-17-25\" class=\"ct-div-block\" ><h2 id=\"headline-15-25\" class=\"ct-headline\">Menicon Bloom\u2122 \u00e8 un piano di trattamento completo per la gestione della miopia con lenti a contatto.<\/h2><div id=\"_rich_text-16-25\" class=\"oxy-rich-text\" ><p>La miopia \u00e8 una condizione \u00a0dell'occhio (errore di refrazione) che comporta una visione sfocata quando si guardano oggetti distanti (per esempio: la TV, la lavagna, i segnali stradali). La visione da vicino\u00a0 \u00e8 di solito preservata (per esempio: la lettura, i tablet, i telefonini).<\/p><\/div><div id=\"_rich_text-75-25\" class=\"oxy-rich-text\" ><p>Continuando la lettura, scoprirai perch\u00e9 la miopia <br \/>\u00e8 un argomento di grande attualit\u00e0.<\/p><\/div><\/div><\/div><\/section><section id=\"section-39-25\" class=\" ct-section\" ><div class=\"ct-section-inner-wrap\"><div id=\"div_block-42-25\" class=\"ct-div-block\" ><h2 id=\"headline-40-25\" class=\"ct-headline\">Prevalenza e cause della miopia<\/h2><div id=\"_rich_text-41-25\" class=\"oxy-rich-text\" ><p>Si stima che entro il 2050 quasi al \u00a050% della popolazione mondiale <br \/>sar\u00e0 rilevato un difetto miopico<sup>1<\/sup><\/p><\/div><\/div><div id=\"new_columns-44-25\" class=\"ct-new-columns\" ><div id=\"div_block-45-25\" class=\"ct-div-block\" ><img decoding=\"async\"  id=\"image-48-25\" alt=\"\" src=\"https:\/\/meniconbloom.com\/it\/wp-content\/uploads\/sites\/17\/2023\/12\/ICONS-01.png\" class=\"ct-image\" srcset-disabled=\"https:\/\/meniconbloom.com\/it\/wp-content\/uploads\/sites\/17\/2023\/12\/ICONS-01.png 667w, https:\/\/meniconbloom.com\/it\/wp-content\/uploads\/sites\/17\/2023\/12\/ICONS-01-300x300.png 300w, https:\/\/meniconbloom.com\/it\/wp-content\/uploads\/sites\/17\/2023\/12\/ICONS-01-150x150.png 150w\" sizes=\"(max-width: 667px) 100vw, 667px\" \/><div id=\"div_block-92-25\" class=\"ct-div-block\" ><h3 id=\"headline-49-25\" class=\"ct-headline\">LAVORO PROSSIMALE<\/h3><div id=\"_rich_text-50-25\" class=\"oxy-rich-text\" ><p>La miopia \u00e8 associata all'incremento delle ore trascorse in attivit\u00e0 a distanza prossimale.<sup>2<\/sup><\/p><p>Oggi, i bambini sono esposti a tali attivit\u00e0 a un\u2019et\u00e0 sempre pi\u00f9 precoce, il che aumenta significativamente il rischio di sviluppare la miopia. Pertanto, \u00e8 importante limitare il tempo dedicato a lavori ravvicinati.<\/p><\/div><\/div><\/div><div id=\"div_block-46-25\" class=\"ct-div-block\" ><img decoding=\"async\"  id=\"image-51-25\" alt=\"\" src=\"https:\/\/meniconbloom.com\/it\/wp-content\/uploads\/sites\/17\/2023\/12\/ICONS-03.png\" class=\"ct-image\" srcset-disabled=\"https:\/\/meniconbloom.com\/it\/wp-content\/uploads\/sites\/17\/2023\/12\/ICONS-03.png 667w, https:\/\/meniconbloom.com\/it\/wp-content\/uploads\/sites\/17\/2023\/12\/ICONS-03-300x300.png 300w, https:\/\/meniconbloom.com\/it\/wp-content\/uploads\/sites\/17\/2023\/12\/ICONS-03-150x150.png 150w\" sizes=\"(max-width: 667px) 100vw, 667px\" \/><div id=\"div_block-94-25\" class=\"ct-div-block\" ><h3 id=\"headline-52-25\" class=\"ct-headline\">GENETICA<\/h3><div id=\"_rich_text-53-25\" class=\"oxy-rich-text\" ><p>La miopia pu\u00f2 essere ereditaria.<sup>3<\/sup> Un genitore miope pu\u00f2 accrescere di 3 volte il rischio che il bambino sviluppi la miopia. Due genitori miopi potrebbero portare tale rischio a 6 volte.<\/p><p>Anche il gruppo etnico potrebbe essere un fattore di rischio, dal momento che l'etnia asiatica \u00e8 associata a una progressione pi\u00f9 rapida della miopia.<sup>4<\/sup><\/p><\/div><\/div><\/div><div id=\"div_block-47-25\" class=\"ct-div-block\" ><img decoding=\"async\"  id=\"image-54-25\" alt=\"\" src=\"https:\/\/meniconbloom.com\/it\/wp-content\/uploads\/sites\/17\/2023\/12\/ICONS-02.png\" class=\"ct-image\" srcset-disabled=\"https:\/\/meniconbloom.com\/it\/wp-content\/uploads\/sites\/17\/2023\/12\/ICONS-02.png 667w, https:\/\/meniconbloom.com\/it\/wp-content\/uploads\/sites\/17\/2023\/12\/ICONS-02-300x300.png 300w, https:\/\/meniconbloom.com\/it\/wp-content\/uploads\/sites\/17\/2023\/12\/ICONS-02-150x150.png 150w\" sizes=\"(max-width: 667px) 100vw, 667px\" \/><div id=\"div_block-96-25\" class=\"ct-div-block\" ><h3 id=\"headline-55-25\" class=\"ct-headline\"><div style=\"text-align: center;\">TEMPO TRASCORSO ALL'ARIA APERTA<\/div><\/h3><div id=\"_rich_text-56-25\" class=\"oxy-rich-text\" ><p>Ci sono evidenze<sup>5<\/sup> per sostenere che le possibilit\u00e0 di sviluppare la miopia in un bambino in via di sviluppo sono ridotte quanto maggiore \u00e8 il tempo trascorso a giocare all'aperto. Questo potrebbe essere collegato ai livelli di luce a cui il bambino \u00e8 esposto rispetto a quando sta al chiuso. Si raccomanda quindi di incoraggiare i bambini a passare molto tempo all'aperto.<\/p><\/div><\/div><\/div><\/div><\/div><\/section><section id=\"section-57-25\" class=\" ct-section\" style=\"background-image:url(https:\/\/meniconbloom.com\/it\/wp-content\/uploads\/2023\/07\/DAY-BACKGROUND.png);background-size: cover;\" ><div class=\"ct-section-inner-wrap\"><h2 id=\"headline-61-25\" class=\"ct-headline\">Perch\u00e9 \u00e8 importante?<\/h2><div id=\"new_columns-58-25\" class=\"ct-new-columns\" ><div id=\"div_block-59-25\" class=\"ct-div-block\" ><div id=\"_rich_text-63-25\" class=\"oxy-rich-text\" ><p>La miopia tende a progredire durante l'infanzia, pi\u00f9 velocemente nei bambini pi\u00f9 piccoli.<sup>6<\/sup><\/p><p>Tassi pi\u00f9 elevati di miopia possono aumentare il rischio di gravi patologie oculari in et\u00e0 adulta.<sup>7<\/sup><\/p><\/div><\/div><div id=\"div_block-60-25\" class=\"ct-div-block\" ><div id=\"_rich_text-64-25\" class=\"oxy-rich-text\" ><ul><li>Degenerazione maculare miopica<\/li><li>Distacco della retina<\/li><li>Glaucoma<\/li><li>Cataratta<\/li><\/ul><\/div><\/div><\/div><\/div><\/section><section id=\"section-65-25\" class=\" ct-section\" style=\"background-image:url(https:\/\/meniconbloom.com\/wp-content\/uploads\/2023\/07\/Background.png);background-size: cover;\" ><div class=\"ct-section-inner-wrap\"><div id=\"new_columns-67-25\" class=\"ct-new-columns\" ><div id=\"div_block-68-25\" class=\"ct-div-block\" ><img decoding=\"async\"  id=\"image-72-25\" alt=\"\" src=\"https:\/\/meniconbloom.com\/it\/wp-content\/uploads\/sites\/17\/2023\/08\/menicon-bloom-lineup_updated-2.png\" class=\"ct-image\" srcset-disabled=\"https:\/\/meniconbloom.com\/it\/wp-content\/uploads\/sites\/17\/2023\/08\/menicon-bloom-lineup_updated-2.png 1000w, https:\/\/meniconbloom.com\/it\/wp-content\/uploads\/sites\/17\/2023\/08\/menicon-bloom-lineup_updated-2-300x212.png 300w, https:\/\/meniconbloom.com\/it\/wp-content\/uploads\/sites\/17\/2023\/08\/menicon-bloom-lineup_updated-2-768x543.png 768w\" sizes=\"(max-width: 1000px) 100vw, 1000px\" \/><\/div><div id=\"div_block-69-25\" class=\"ct-div-block\" ><h2 id=\"headline-70-25\" class=\"ct-headline\">Controllo della miopia con Menicon Bloom\u2122<\/h2><div id=\"_rich_text-71-25\" class=\"oxy-rich-text\" ><p>Menicon Bloom System,\u00a0 un approccio olistico per il controllo della miopia.<\/p><p>\u00c8 stato scrupolosamente sviluppato per fornire agli specialisti della visione e ai portatori di tutto il mondo una variet\u00e0 di strumenti di elevata qualit\u00e0, ufficialmente approvati (on-label) per affrontare la diffusione della miopia.<\/p><\/div><\/div><\/div><\/div><\/section><section id=\"section-78-25\" class=\" ct-section\" ><div class=\"ct-section-inner-wrap\"><div id=\"div_block-79-25\" class=\"ct-div-block\" ><h2 id=\"headline-80-25\" class=\"ct-headline\">Scopri di pi\u00f9 su Menicon BloomTM\u2122<\/h2><div id=\"_rich_text-81-25\" class=\"oxy-rich-text\" ><p>Visita il nostro sito web per i consumatori e il sito web per i professionisti per saperne di pi\u00f9.<\/p><\/div><div id=\"div_block-82-25\" class=\"ct-div-block\" ><div id=\"div_block-83-25\" class=\"ct-div-block\" ><a id=\"link_button-84-25\" class=\"ct-link-button\" href=\"\/it\/patients\/\"   >Consumatori<\/a><\/div><div id=\"div_block-85-25\" class=\"ct-div-block\" ><a id=\"link_button-86-25\" class=\"ct-link-button\" href=\"\/it\/professionals\/\"   >Professionisti<\/a><\/div><\/div><\/div><\/div><\/section><section id=\"section-87-25\" class=\" ct-section\" ><div class=\"ct-section-inner-wrap\"><div id=\"_toggle-88-25\" class=\"oxy-toggle toggle-6463 toggle-6463-expanded\"  data-oxy-toggle-initial-state=\"closed\" data-oxy-toggle-active-class=\"toggle-6463-expanded\" >\n\t\t\t<div class='oxy-expand-collapse-icon' href='#'><\/div>\n\t\t\t<div class='oxy-toggle-content'>\n                <h6 id=\"headline-89-25\" class=\"ct-headline\">Referenze<\/h6>\t\t\t<\/div>\n\t\t<\/div><div id=\"div_block-90-25\" class=\"ct-div-block\" ><div id=\"_rich_text-91-25\" class=\"oxy-rich-text \" ><ol><li>Holden BA, Fricke TR, Wilson DA, et al. Global Prevalence of myopia and high myopia and temporal trends from 2000 through 2050.\u00a0Ophthalmology. 2016;123(5):1036-1042. doi:<a href=\"http:\/\/10.1016\/j.ophtha.2016.01.006\">10.1016\/j.ophtha.2016.01.006<\/a><\/li><li>Huang HM, Chang DS, Wu PC. The association between near work activities and myopia in children-a systematic review and meta-analysis.\u00a0PLoS One. 2015;10(10):e0140419. doi:<a href=\"http:\/\/10.1371\/journal.pone.0140419\">10.1371\/journal.pone.0140419<\/a><\/li><li>Zhang X, Qu X, Zhou X. Association between parental myopia and the risk of myopia in a child.\u00a0Exp Ther Med. 2015;9(6):2420-2428. doi:<a href=\"http:\/\/10.3892\/etm.2015.2415\">10.3892\/etm.2015.2415<\/a><\/li><li>Luong TQ, Shu YH, Modjtahedi BS, et al. Racial and ethnic differences in myopia progression in a large, diverse cohort of pediatric patients.\u00a0Invest Ophthalmol Vis Sci. 2020;61(13):20. doi:<a href=\"http:\/\/10.1167\/iovs.61.13.20\">10.1167\/iovs.61.13.20<\/a><\/li><li>Jonas JB, Ang M, Cho P, et al. IMI Prevention of myopia and its progression.\u00a0Invest Ophthalmol Vis Sci. 2021;62(5):6. doi:<a href=\"http:\/\/10.1167\/iovs.62.5.6\">10.1167\/iovs.62.5.6<\/a><\/li><li>Tricard D, Marillet S, Ingrand P, Bullimore MA, Bourne RRA, Leveziel N. Progression of myopia in children and teenagers: a nationwide longitudinal study.\u00a0Br J Ophthalmol. 2022;106(8):1104-1109. doi:<a href=\"http:\/\/10.1136\/bjophthalmol-2020-318256\">10.1136\/bjophthalmol-2020-318256<\/a><\/li><li>Flitcroft DI. The complex interactions of retinal, optical and environmental factors in myopia aetiology. Prog Retin Eye Res. 2012;31(6):622-660. doi:<a href=\"http:\/\/10.1016\/j.preteyeres.2012.06.004\">10.1016\/j.preteyeres.2012.06.004<\/a><\/li><\/ol><\/div><\/div><\/div><\/section>","protected":false},"excerpt":{"rendered":"","protected":false},"author":1,"featured_media":0,"parent":0,"menu_order":0,"comment_status":"closed","ping_status":"closed","template":"","meta":{"_acf_changed":false,"footnotes":""},"class_list":["post-319","page","type-page","status-publish","hentry"],"acf":[],"_links":{"self":[{"href":"https:\/\/meniconbloom.com\/it\/wp-json\/wp\/v2\/pages\/319","targetHints":{"allow":["GET"]}}],"collection":[{"href":"https:\/\/meniconbloom.com\/it\/wp-json\/wp\/v2\/pages"}],"about":[{"href":"https:\/\/meniconbloom.com\/it\/wp-json\/wp\/v2\/types\/page"}],"author":[{"embeddable":true,"href":"https:\/\/meniconbloom.com\/it\/wp-json\/wp\/v2\/users\/1"}],"replies":[{"embeddable":true,"href":"https:\/\/meniconbloom.com\/it\/wp-json\/wp\/v2\/comments?post=319"}],"version-history":[{"count":4,"href":"https:\/\/meniconbloom.com\/it\/wp-json\/wp\/v2\/pages\/319\/revisions"}],"predecessor-version":[{"id":463,"href":"https:\/\/meniconbloom.com\/it\/wp-json\/wp\/v2\/pages\/319\/revisions\/463"}],"wp:attachment":[{"href":"https:\/\/meniconbloom.com\/it\/wp-json\/wp\/v2\/media?parent=319"}],"curies":[{"name":"wp","href":"https:\/\/api.w.org\/{rel}","templated":true}]}}