{"id":32,"date":"2023-10-25T13:14:25","date_gmt":"2023-10-25T13:14:25","guid":{"rendered":"https:\/\/meniconbloom.com\/it\/?page_id=32"},"modified":"2024-10-02T15:55:43","modified_gmt":"2024-10-02T15:55:43","slug":"menicon-bloom-app-patient","status":"publish","type":"page","link":"https:\/\/meniconbloom.com\/it\/patients\/menicon-bloom-app-patient\/","title":{"rendered":"Menicon Bloom app: patients' support for information, tracking and communication"},"content":{"rendered":"<section id=\"section-2-97\" class=\" ct-section ct-section-with-shape-divider\" ><div class=\"ct-section-inner-wrap\"><h1 id=\"headline-3-97\" class=\"ct-headline\">Menicon Bloom\u2122 app<\/h1>\n\t\t<div id=\"-shape-divider-35-97\" class=\"oxy-shape-divider \" >        \n        <div class=\"oxy_shape_divider\" >\n            <svg  data-name=\"Layer 1\" xmlns=\"http:\/\/www.w3.org\/2000\/svg\" viewBox=\"0 0 1200 120\" preserveAspectRatio=\"none\" fill=\"currentColor\"><path  d=\"M600,112.77C268.63,112.77,0,65.52,0,7.23V120H1200V7.23C1200,65.52,931.37,112.77,600,112.77Z\" class=\"shape-fill\" fill-opacity=\"1\"><\/path><\/svg>        <\/div>\n\n        <\/div>\n\n\t\t<\/div><\/section><section id=\"section-6-97\" class=\" ct-section\" ><div class=\"ct-section-inner-wrap\"><div id=\"div_block-34-97\" class=\"ct-div-block\" ><h2 id=\"headline-31-97\" class=\"ct-headline\">Un sistema comodo per tenere il tuo bambino monitorato durante tutta la durata del trattamento di controllo della miopia<\/h2><div id=\"_rich_text-7-97\" class=\"oxy-rich-text\" ><p>L'app Menicon Bloom\u2122 \u00e8 un valore aggiunto al trattamento.<\/p><p>Dal momento che monitorare le tue prestazioni con il sistema Menicon Bloom\u2122 \u00e8 della massima importanza, l'app Menicon Bloom\u2122 \u00e8 pensata appositamente per supportare te e il tuo professionista di fiducia.<\/p><\/div><\/div><div id=\"new_columns-10-97\" class=\"ct-new-columns\" ><div id=\"div_block-11-97\" class=\"ct-div-block\" ><img decoding=\"async\"  id=\"image-20-97\" alt=\"\" src=\"https:\/\/meniconbloom.com\/it\/wp-content\/uploads\/sites\/17\/2023\/07\/Menicon-Bloom-app-patient.gif\" class=\"ct-image\" srcset-disabled=\"\" sizes=\"(max-width: 500px) 100vw, 500px\" \/><\/div><div id=\"div_block-12-97\" class=\"ct-div-block\" ><h3 id=\"headline-23-97\" class=\"ct-headline\">Brevi questionari<\/h3><div id=\"_rich_text-24-97\" class=\"oxy-rich-text\" ><p>Il monitoraggio e prendere nota delle informazioni \u00e8 essenziale per il trattamento del controllo della miopia, poich\u00e9 a volte \u00e8 difficile ricordare i risultati tra una visita all'altra.<\/p><p>In determinati momenti, la tua app ti chieder\u00e0 di completare un breve questionario sulla tua visione e sulla tua esperienza nell'applicazione delle lenti.<\/p><p>L'app potrebbe suggerire alcuni consigli basati sulle tue risposte e anche il tuo professionista di fiducia avr\u00e0 i risultati dei tuoi questionari pronti per la prossima visita.<\/p><p>Inoltre l'app ti ricorder\u00e0 anche quando sostituire le lenti!<\/p><\/div><\/div><\/div><div id=\"new_columns-13-97\" class=\"ct-new-columns\" ><div id=\"div_block-14-97\" class=\"ct-div-block\" ><h3 id=\"headline-25-97\" class=\"ct-headline\">Istruzioni a portata di mano<\/h3><div id=\"_rich_text-27-97\" class=\"oxy-rich-text\" ><p>Come puoi immaginare, per avere prestazioni ottimali delle lenti, ti verranno fornite alcune istruzioni sulla loro cura e la loro gestione. I brevi video, \u00a0saranno sempre disponibili all'interno dell'app Menicon Bloom\u2122 in modo da poterli rivedere tutte le volte che sar\u00e0 necessario.<\/p><\/div><\/div><div id=\"div_block-15-97\" class=\"ct-div-block\" ><img decoding=\"async\"  id=\"image-21-97\" alt=\"\" src=\"https:\/\/meniconbloom.com\/it\/wp-content\/uploads\/sites\/17\/2023\/07\/Menicon-Bloom-app-patient-2.gif\" class=\"ct-image\" srcset-disabled=\"\" sizes=\"(max-width: 800px) 100vw, 800px\" \/><\/div><\/div><div id=\"new_columns-16-97\" class=\"ct-new-columns\" ><div id=\"div_block-17-97\" class=\"ct-div-block\" ><img decoding=\"async\"  id=\"image-22-97\" alt=\"\" src=\"https:\/\/meniconbloom.com\/it\/wp-content\/uploads\/sites\/17\/2023\/07\/Menicon-Bloom-app-patient-3.gif\" class=\"ct-image\" srcset-disabled=\"\" sizes=\"(max-width: 500px) 100vw, 500px\" \/><\/div><div id=\"div_block-18-97\" class=\"ct-div-block\" ><h3 id=\"headline-28-97\" class=\"ct-headline\">Sempre in contatto<\/h3><div id=\"_rich_text-30-97\" class=\"oxy-rich-text\" ><p>E se hai qualche domanda? La funzione messaggio consente a te e al tuo professionista di fiducia di rimanere in contatto.<\/p><\/div><\/div><\/div><div id=\"_rich_text-19-97\" class=\"oxy-rich-text\" ><p>L'app Menicon Bloom\u2122, fa parte del trattamento Menicon Bloom\u2122System. con le lenti Menicon Bloom Night\u2122 o Menicon Bloom Day\u2122. Il tuo professionista di fiducia ti far\u00e0 sapere quando scaricare e attivare l'app. Ci\u00f2 avverr\u00e0 prima di iniziare ad usare le tue lenti.<\/p><p>L'app Menicon Bloom\u2122 ti \u00e8 di supporto fin dall'inizio.<\/p><\/div><\/div><\/section>","protected":false},"excerpt":{"rendered":"","protected":false},"author":1,"featured_media":0,"parent":25,"menu_order":23,"comment_status":"closed","ping_status":"closed","template":"","meta":{"_acf_changed":false,"footnotes":""},"class_list":["post-32","page","type-page","status-publish","hentry"],"acf":[],"_links":{"self":[{"href":"https:\/\/meniconbloom.com\/it\/wp-json\/wp\/v2\/pages\/32","targetHints":{"allow":["GET"]}}],"collection":[{"href":"https:\/\/meniconbloom.com\/it\/wp-json\/wp\/v2\/pages"}],"about":[{"href":"https:\/\/meniconbloom.com\/it\/wp-json\/wp\/v2\/types\/page"}],"author":[{"embeddable":true,"href":"https:\/\/meniconbloom.com\/it\/wp-json\/wp\/v2\/users\/1"}],"replies":[{"embeddable":true,"href":"https:\/\/meniconbloom.com\/it\/wp-json\/wp\/v2\/comments?post=32"}],"version-history":[{"count":2,"href":"https:\/\/meniconbloom.com\/it\/wp-json\/wp\/v2\/pages\/32\/revisions"}],"predecessor-version":[{"id":391,"href":"https:\/\/meniconbloom.com\/it\/wp-json\/wp\/v2\/pages\/32\/revisions\/391"}],"up":[{"embeddable":true,"href":"https:\/\/meniconbloom.com\/it\/wp-json\/wp\/v2\/pages\/25"}],"wp:attachment":[{"href":"https:\/\/meniconbloom.com\/it\/wp-json\/wp\/v2\/media?parent=32"}],"curies":[{"name":"wp","href":"https:\/\/api.w.org\/{rel}","templated":true}]}}