{"id":34,"date":"2023-10-25T13:15:09","date_gmt":"2023-10-25T13:15:09","guid":{"rendered":"https:\/\/meniconbloom.com\/it\/?page_id=34"},"modified":"2024-10-02T15:56:04","modified_gmt":"2024-10-02T15:56:04","slug":"faq","status":"publish","type":"page","link":"https:\/\/meniconbloom.com\/it\/faq\/","title":{"rendered":"FAQ"},"content":{"rendered":"<section id=\"section-3-13\" class=\" ct-section ct-section-with-shape-divider\" ><div class=\"ct-section-inner-wrap\"><h1 id=\"headline-4-13\" class=\"ct-headline\">FAQ<\/h1>\n\t\t<div id=\"-shape-divider-5-13\" class=\"oxy-shape-divider \" >        \n        <div class=\"oxy_shape_divider\" >\n            <svg  data-name=\"Layer 1\" xmlns=\"http:\/\/www.w3.org\/2000\/svg\" viewBox=\"0 0 1200 120\" preserveAspectRatio=\"none\" fill=\"currentColor\"><path  d=\"M600,112.77C268.63,112.77,0,65.52,0,7.23V120H1200V7.23C1200,65.52,931.37,112.77,600,112.77Z\" class=\"shape-fill\" fill-opacity=\"1\"><\/path><\/svg>        <\/div>\n\n        <\/div>\n\n\t\t<\/div><\/section><section id=\"section-7-13\" class=\" ct-section\" ><div class=\"ct-section-inner-wrap\"><div id=\"div_block-76-13\" class=\"ct-div-block oxel_accordion\" ><div id=\"code_block-77-13\" class=\"ct-code-block\" ><!-- --><\/div><button id=\"div_block-78-13\" class=\"ct-div-block oxel_accordion__row\"  aria-expanded=\"false\"><div id=\"div_block-79-13\" class=\"ct-div-block oxel_accordion__row_left\" ><div id=\"text_block-126-13\" class=\"ct-text-block oxel_accordion__row__bumber\" >1<\/div><div id=\"text_block-81-13\" class=\"ct-text-block oxel_accordion__row__label\" >Perch\u00e9 Menicon Bloom\u2122?<\/div><\/div><div id=\"fancy_icon-82-13\" class=\"ct-fancy-icon oxel_accordion__icon\" ><svg id=\"svg-fancy_icon-82-13\"><use xlink:href=\"#FontAwesomeicon-caret-down\"><\/use><\/svg><\/div><\/button><div id=\"div_block-83-13\" class=\"ct-div-block oxel_accordion__content oxel_accordion__content__hidden\" ><div id=\"div_block-84-13\" class=\"ct-div-block\" ><div id=\"_rich_text-103-13\" class=\"oxy-rich-text\" ><ul><li>La scienza sostiene che la miopia pu\u00f2 essere non solo corretta, ma anche trattata.<\/li><li>Menicon Bloom \u00e8 un sistema completo basato non solo sulle lenti, ma anche su incredibili strumenti digitali che mirano a sostenere i portatori durante il trattamento e gli specialisti che lo hanno offerto.<\/li><li>Presenta due opzioni di trattamento, lenti per \u00a0applicazioni notturne \u00a0e lenti \u00a0giornaliere, per soddisfare le esigenze dei portatori.<\/li><li>\u00c8 stato realizzato pensando completamente ai giovani portatori.<\/li><\/ul><\/div><\/div><\/div><button id=\"div_block-86-13\" class=\"ct-div-block oxel_accordion__row\"  aria-expanded=\"false\"><div id=\"div_block-87-13\" class=\"ct-div-block oxel_accordion__row_left\" ><div id=\"text_block-128-13\" class=\"ct-text-block oxel_accordion__row__bumber\" >2<\/div><div id=\"text_block-89-13\" class=\"ct-text-block oxel_accordion__row__label\" >Qual \u00e8 il concetto scientifico dietro l'efficacia delle lenti Menicon Bloom\u2122?<\/div><\/div><div id=\"fancy_icon-90-13\" class=\"ct-fancy-icon oxel_accordion__icon\" ><svg id=\"svg-fancy_icon-90-13\"><use xlink:href=\"#FontAwesomeicon-caret-down\"><\/use><\/svg><\/div><\/button><div id=\"div_block-91-13\" class=\"ct-div-block oxel_accordion__content oxel_accordion__content__hidden\" ><div id=\"div_block-92-13\" class=\"ct-div-block\" ><div id=\"_rich_text-104-13\" class=\"oxy-rich-text\" ><p>Menicon Bloom Night\u2122<\/p><ol><li>Cho P, Cheung SW. Retardation of myopia in Orthokeratology (ROMIO) study: a 2-year randomized clinical trial. Invest Ophthalmol Vis Sci. 2012 Oct 11;53(11):7077-85. doi:<\/li><li><span class=\"identifier doi\"><a class=\"id-link\" href=\"https:\/\/doi.org\/10.1167\/iovs.12-10565\" target=\"_blank\" rel=\"noopener\" data-ga-category=\"full_text\" data-ga-action=\"DOI\">10.1167\/iovs.12-10565<\/a><\/span><\/li><li>Santodomingo-Rubido J, Villa-Collar C, Gilmartin B, Guti\u00e9rrez-Ortega R. Myopia control with orthokeratology contact lenses in Spain: refractive and biometric changes. Invest Ophthalmol Vis Sci. 2012 Jul 31;53(8):5060-5.doi:<span class=\"identifier doi\"><a class=\"id-link\" href=\"https:\/\/doi.org\/10.1167\/iovs.11-8005\" target=\"_blank\" rel=\"noopener\" data-ga-category=\"full_text\" data-ga-action=\"DOI\">10.1167\/iovs.11-8005<\/a><\/span><\/li><li>Chen C, Cheung SW, Cho P. Myopia control using toric orthokeratology (TO-SEE study). Invest Ophthalmol Vis Sci. 2013 Oct 3;54(10):6510-7.doi:<span class=\"identifier doi\"><a class=\"id-link\" href=\"https:\/\/doi.org\/10.1167\/iovs.13-12527\" target=\"_blank\" rel=\"noopener\" data-ga-category=\"full_text\" data-ga-action=\"DOI\">10.1167\/iovs.13-12527<\/a><\/span><\/li><li>Lau JK, Vincent SJ, Cheung SW, Cho P. Higher-Order Aberrations and Axial Elongation in Myopic Children Treated With Orthokeratology. Invest Ophthalmol Vis Sci. 2020 Feb 7;61(2):22. doi:<span class=\"identifier doi\"><a class=\"id-link\" href=\"https:\/\/doi.org\/10.1167\/iovs.61.2.22\" target=\"_blank\" rel=\"noopener\" data-ga-category=\"full_text\" data-ga-action=\"DOI\">10.1167\/iovs.61.2.22<\/a><\/span><\/li><\/ol><p><br \/>Menicon Bloom Day\u2122<\/p><ol><li>Cooper J, O'Connor B, Aller T, Dillehay SM, Weibel K, Benoit D. Reduction of Myopic Progression Using a Multifocal Soft Contact Lens: A Retrospective Cohort Study. Clin Ophthalmol. 2022 Jul 4;16:2145-2155.doi:<span class=\"identifier doi\"><a class=\"id-link\" href=\"https:\/\/doi.org\/10.2147\/opth.s370041\" target=\"_blank\" rel=\"noopener\" data-ga-category=\"full_text\" data-ga-action=\"DOI\">10.2147\/OPTH.S370041<\/a><\/span><\/li><li>Visioneering Technologies Inc. The naturalvue multifocal power profile. Available <a href=\"https:\/\/vtivision.com\/wp-content\/uploads\/2020\/05\/MKTNVMWEQ1r0_NVMF_PowerProfileWeb_FNL.pdf\" target=\"_blank\" rel=\"noopener\">here<\/a> (accessed October 5, 2023)<\/li><li>Cooper J, O\u02bcConnor B, Watanabe R, Fuerst R, Berger S, Eisenberg N, Dillehay SM. Case Series Analysis of Myopic Progression Control With a Unique Extended Depth of Focus Multifocal Contact Lens. Eye Contact Lens. 2018 Sep;44(5):e16-e24. doi:<span class=\"identifier doi\"><a class=\"id-link\" href=\"https:\/\/doi.org\/10.1097\/icl.0000000000000440\" target=\"_blank\" rel=\"noopener\" data-ga-category=\"full_text\" data-ga-action=\"DOI\">10.1097\/ICL.0000000000000440<\/a><\/span><br \/><br \/><\/li><\/ol><\/div><\/div><\/div><button id=\"div_block-94-13\" class=\"ct-div-block oxel_accordion__row\"  aria-expanded=\"false\"><div id=\"div_block-95-13\" class=\"ct-div-block oxel_accordion__row_left\" ><div id=\"text_block-130-13\" class=\"ct-text-block oxel_accordion__row__bumber\" >3<\/div><div id=\"text_block-97-13\" class=\"ct-text-block oxel_accordion__row__label\" >Cos'\u00e8 la miopia e perch\u00e9 \u00e8 importante?<\/div><\/div><div id=\"fancy_icon-98-13\" class=\"ct-fancy-icon oxel_accordion__icon\" ><svg id=\"svg-fancy_icon-98-13\"><use xlink:href=\"#FontAwesomeicon-caret-down\"><\/use><\/svg><\/div><\/button><div id=\"div_block-99-13\" class=\"ct-div-block oxel_accordion__content oxel_accordion__content__hidden\" ><div id=\"div_block-100-13\" class=\"ct-div-block\" ><div id=\"_rich_text-105-13\" class=\"oxy-rich-text\" ><p>La miopia \u00e8 un difetto visivo dell'occhio caratterizzato da una visione sfocata nella visione a distanza, e che pu\u00f2 avere un impatto negativo sulla qualit\u00e0 della vita delle persone.<\/p><p>La miopia spesso si sviluppa nell'et\u00e0 infantile e la sua rapida progressione pu\u00f2 provocare un allungamento eccessivo del bulbo oculare, aumentando il rischio di gravi patologie oculari come il glaucoma, la maculopatia miopica e il distacco del vitreo e della retina, che possono portare alla perdita della vista.<\/p><p>L'applicazione di sistemi di controllo adatti a ridurre la progressione miopica nei portatori, impedendo in tal modo lo sviluppo di alti livelli di miopia, pu\u00f2 aiutare notevolmente milioni di miopi.<\/p><\/div><\/div><\/div><button id=\"div_block-106-13\" class=\"ct-div-block oxel_accordion__row\"  aria-expanded=\"false\"><div id=\"div_block-107-13\" class=\"ct-div-block oxel_accordion__row_left\" ><div id=\"text_block-132-13\" class=\"ct-text-block oxel_accordion__row__bumber\" >4<\/div><div id=\"text_block-109-13\" class=\"ct-text-block oxel_accordion__row__label\" >Che cosa \u00e8 il controllo della miopia?<\/div><\/div><div id=\"fancy_icon-110-13\" class=\"ct-fancy-icon oxel_accordion__icon\" ><svg id=\"svg-fancy_icon-110-13\"><use xlink:href=\"#FontAwesomeicon-caret-down\"><\/use><\/svg><\/div><\/button><div id=\"div_block-111-13\" class=\"ct-div-block oxel_accordion__content oxel_accordion__content__hidden\" ><div id=\"div_block-112-13\" class=\"ct-div-block\" ><div id=\"_rich_text-113-13\" class=\"oxy-rich-text\" ><p class=\"p1\">L'espressione \u201ccontrollo della miopia\u201d \u00e8 ampiamente utilizzata da associazioni optometriche e altre organizzazioni in tutto il mondo per fare riferimento in generale alle strategie utilizzate dai professionisti\u00a0 per combattere il difetto refrattivo di un paziente (per es., la correzione della miopia) cos\u00ec come la progressione a lungo termine della loro ametropia (per es., la riduzione della progressione della miopia e dell'allungamento assiale dell'occhio).<\/p><\/div><\/div><\/div><button id=\"div_block-115-13\" class=\"ct-div-block oxel_accordion__row\"  aria-expanded=\"false\"><div id=\"div_block-116-13\" class=\"ct-div-block oxel_accordion__row_left\" ><div id=\"text_block-124-13\" class=\"ct-text-block oxel_accordion__row__bumber\" >5<\/div><div id=\"text_block-118-13\" class=\"ct-text-block oxel_accordion__row__label\" >Opzioni per il controllo della miopia<\/div><\/div><div id=\"fancy_icon-119-13\" class=\"ct-fancy-icon oxel_accordion__icon\" ><svg id=\"svg-fancy_icon-119-13\"><use xlink:href=\"#FontAwesomeicon-caret-down\"><\/use><\/svg><\/div><\/button><div id=\"div_block-120-13\" class=\"ct-div-block oxel_accordion__content oxel_accordion__content__hidden\" ><div id=\"div_block-121-13\" class=\"ct-div-block\" ><div id=\"_rich_text-122-13\" class=\"oxy-rich-text\" ><ul><li>Incoraggiare l'attivit\u00e0 all'aperto pu\u00f2 prevenire o ritardare l'insorgenza della miopia.<\/li><li>Le seguenti opzioni possono rallentare la progressione miopica.<\/li><li>Lenti a contatto specifiche:<ul><li style=\"list-style-type: none;\"><ul><li style=\"list-style-type: none;\">\u00a0<\/li><\/ul><\/li><li>Ortocheratologia (OK)<\/li><li>Lenti multifocale morbide<\/li><\/ul><\/li><li>Farmaci<\/li><li>Occhiali specifici<\/li><\/ul><\/div><\/div><\/div><\/div><\/div><\/section><section id=\"section-17-13\" class=\" ct-section\" ><div class=\"ct-section-inner-wrap\"><div id=\"new_columns-18-13\" class=\"ct-new-columns\" ><div id=\"div_block-19-13\" class=\"ct-div-block\" ><h2 id=\"headline-20-13\" class=\"ct-headline\">Menicon Bloom\u2122: Tutto ci\u00f2 di cui hai bisogno per tenere sotto controllo la miopia con le lenti a contatto in modo sicuro ed efficace.<\/h2><div id=\"_rich_text-21-13\" class=\"oxy-rich-text\" ><p>Se desideri diventare un esperto Menicon Bloom\u2122, contatta il tuo distributore locale o riempi il modulo.<\/p><\/div><\/div><div id=\"div_block-22-13\" class=\"ct-div-block\" ><a id=\"link_button-23-13\" class=\"ct-link-button\" href=\"http:\/\/\" target=\"_self\"  >Contattaci<\/a><\/div><\/div><\/div><\/section>            <div tabindex=\"-1\" class=\"oxy-modal-backdrop center \"\n                style=\"background-color: rgba(0,0,0,0.5);\"\n                data-trigger=\"user_clicks_element\"                data-trigger-selector=\"#link_button-23-13\"                data-trigger-time=\"5\"                data-trigger-time-unit=\"seconds\"                data-close-automatically=\"no\"                data-close-after-time=\"10\"                data-close-after-time-unit=\"seconds\"                data-trigger_scroll_amount=\"50\"                data-trigger_scroll_direction=\"down\"\t            data-scroll_to_selector=\"\"\t            data-time_inactive=\"60\"\t            data-time-inactive-unit=\"seconds\"\t            data-number_of_clicks=\"3\"\t            data-close_on_esc=\"on\"\t            data-number_of_page_views=\"3\"                data-close-after-form-submit=\"no\"                data-open-again=\"always_show\"                data-open-again-after-days=\"3\"            >\n\n                <div id=\"modal-133-13\" class=\"ct-modal\" ><a id=\"link-134-13\" class=\"ct-link oxy-close-modal\" href=\"http:\/\/\" target=\"_self\"  ><div id=\"fancy_icon-135-13\" class=\"ct-fancy-icon\" ><svg id=\"svg-fancy_icon-135-13\"><use xlink:href=\"#FontAwesomeicon-close\"><\/use><\/svg><\/div><\/a><div id=\"code_block-136-13\" class=\"ct-code-block\" ><iframe loading=\"lazy\" src=\"https:\/\/us4.list-manage.com\/contact-form?u=97b67c1ccd637e6ee0a065884&form_id=ef6ca8780771ccfcc06a2aef54d88371\" width=\"100%\" height=\"100%\" style=\"border:none;\"><\/iframe>\n<\/div><\/div>\n            <\/div>\n        ","protected":false},"excerpt":{"rendered":"","protected":false},"author":1,"featured_media":0,"parent":0,"menu_order":30,"comment_status":"closed","ping_status":"closed","template":"","meta":{"_acf_changed":false,"footnotes":""},"class_list":["post-34","page","type-page","status-publish","hentry"],"acf":[],"_links":{"self":[{"href":"https:\/\/meniconbloom.com\/it\/wp-json\/wp\/v2\/pages\/34","targetHints":{"allow":["GET"]}}],"collection":[{"href":"https:\/\/meniconbloom.com\/it\/wp-json\/wp\/v2\/pages"}],"about":[{"href":"https:\/\/meniconbloom.com\/it\/wp-json\/wp\/v2\/types\/page"}],"author":[{"embeddable":true,"href":"https:\/\/meniconbloom.com\/it\/wp-json\/wp\/v2\/users\/1"}],"replies":[{"embeddable":true,"href":"https:\/\/meniconbloom.com\/it\/wp-json\/wp\/v2\/comments?post=34"}],"version-history":[{"count":2,"href":"https:\/\/meniconbloom.com\/it\/wp-json\/wp\/v2\/pages\/34\/revisions"}],"predecessor-version":[{"id":393,"href":"https:\/\/meniconbloom.com\/it\/wp-json\/wp\/v2\/pages\/34\/revisions\/393"}],"wp:attachment":[{"href":"https:\/\/meniconbloom.com\/it\/wp-json\/wp\/v2\/media?parent=34"}],"curies":[{"name":"wp","href":"https:\/\/api.w.org\/{rel}","templated":true}]}}